
{"id":39,"date":"2017-12-03T12:28:54","date_gmt":"2017-12-03T12:28:54","guid":{"rendered":"http:\/\/appsinmed.com\/sfog2018\/?page_id=39"},"modified":"2018-11-16T10:17:09","modified_gmt":"2018-11-16T10:17:09","slug":"hem","status":"publish","type":"page","link":"https:\/\/appsinmed.com\/sfog2018\/","title":{"rendered":"Hem"},"content":{"rendered":"<p>[et_pb_section bb_built=&#8221;1&#8243;][et_pb_row][et_pb_column type=&#8221;4_4&#8243;][et_pb_image _builder_version=&#8221;3.2.2&#8243; src=&#8221;\/wp-content\/uploads\/sites\/33\/2017\/12\/f\u00f6rstasidabild-1.png&#8221; align=&#8221;center&#8221; custom_margin=&#8221;-60px|||&#8221; \/][et_pb_text _builder_version=&#8221;3.12.1&#8243; border_style=&#8221;solid&#8221;]<\/p>\n<p style=\"text-align: center;\"><span style=\"font-family: 'Trebuchet MS', Geneva; font-size: 14pt;\">I samarbete med Kvinnokliniken vid Akademiska sjukhuset och Institutionen f\u00f6r kvinnors och barns h\u00e4lsa vid Uppsala universitet bjuder SFOG in till SFOG-veckan 2018 som kommer h\u00e5llas vid Uppsala Konsert &amp; Kongress (UKK). Ni har att se fram emot ett mycket sp\u00e4nnande vetenskapligt och socialt program<\/span><\/p>\n<p>[\/et_pb_text][\/et_pb_column][\/et_pb_row][et_pb_row _builder_version=&#8221;3.12.1&#8243; background_color=&#8221;#1f97d2&#8243;][et_pb_column type=&#8221;4_4&#8243;][et_pb_text admin_label=&#8221;Rubrik app SFOG&#8221; _builder_version=&#8221;3.12.1&#8243; text_text_color=&#8221;#ffffff&#8221; text_orientation=&#8221;center&#8221; background_layout=&#8221;dark&#8221;]<\/p>\n<h2 style=\"text-align: center;\">App till\u00a0<strong>SFOG-veckan 2018<\/strong><\/h2>\n<p>[\/et_pb_text][\/et_pb_column][\/et_pb_row][et_pb_row][et_pb_column type=&#8221;1_3&#8243;][et_pb_text _builder_version=&#8221;3.12.1&#8243;]<\/p>\n<h3>App till <strong>SFOG-veckan 2018<\/strong><\/h3>\n<p>M\u00f6tet har en egen app som kommer vara till stor anv\u00e4ndning under m\u00f6tet. D\u00e4r kommer du som deltagare ha m\u00f6jlighet att skr\u00e4ddarsy ditt eget m\u00f6te, delta aktivt p\u00e5 de f\u00f6rel\u00e4sningar d\u00e4r f\u00f6rel\u00e4sare och moderatorer valt att ha m\u00f6jlighet till omr\u00f6stningar och fr\u00e5gest\u00e4llningar, samt ta del av information som kommer l\u00f6pande under m\u00f6tets g\u00e5ng.<br \/>\n<span class=\"x_gmail-il\">Ladda<\/span>\u00a0g\u00e4rna\u00a0<span class=\"x_gmail-il\">ner<\/span>\u00a0appen redan idag genom att via mobil <a href=\"http:\/\/tiny.cc\/sfog2017\">klicka p\u00e5 denna l\u00e4nk<\/a>\u00a0eller genom att s\u00f6ka p\u00e5 SFOG-veckan 2018 p\u00e5 Google Play eller App Store.<\/p>\n<p>[\/et_pb_text][\/et_pb_column][et_pb_column type=&#8221;1_3&#8243;][et_pb_image _builder_version=&#8221;3.12.1&#8243; src=&#8221;http:\/\/www.sfogveckan.se\/wp-content\/uploads\/sites\/33\/2018\/08\/sfog2018-home_framed-400.png&#8221; show_in_lightbox=&#8221;on&#8221; align=&#8221;center&#8221; \/][\/et_pb_column][et_pb_column type=&#8221;1_3&#8243;][et_pb_image _builder_version=&#8221;3.12.1&#8243; src=&#8221;http:\/\/www.sfogveckan.se\/wp-content\/uploads\/sites\/33\/2018\/08\/sfog2018-exhib_framed-400.png&#8221; show_in_lightbox=&#8221;on&#8221; align=&#8221;center&#8221; \/][\/et_pb_column][\/et_pb_row][et_pb_row][et_pb_column type=&#8221;4_4&#8243;][et_pb_text _builder_version=&#8221;3.15&#8243; background_layout=&#8221;light&#8221; text_orientation=&#8221;left&#8221; border_style=&#8221;solid&#8221;]<\/p>\n<p><iframe src=\"https:\/\/www.youtube.com\/embed\/Cyk5WZUFzJc?rel=0\" width=\"560\" height=\"315\" frameborder=\"0\" allowfullscreen=\"allowfullscreen\"><\/iframe><\/p>\n<p>[\/et_pb_text][\/et_pb_column][\/et_pb_row][et_pb_row _builder_version=&#8221;3.0.72&#8243; background_repeat_1=&#8221;no-repeat&#8221; disabled=&#8221;on&#8221; disabled_on=&#8221;on|on|on&#8221;][et_pb_column type=&#8221;4_4&#8243;][et_pb_video _builder_version=&#8221;3.0.72&#8243; src=&#8221;https:\/\/vimeo.com\/246268856&#8243; image_src=&#8221;\/\/i.vimeocdn.com\/video\/671188448_960.jpg&#8221; \/][\/et_pb_column][\/et_pb_row][et_pb_row][et_pb_column type=&#8221;1_2&#8243;][et_pb_image _builder_version=&#8221;3.2.2&#8243; src=&#8221;\/wp-content\/uploads\/sites\/33\/2017\/12\/akademiska_logo.png&#8221; align=&#8221;right&#8221; \/][\/et_pb_column][et_pb_column type=&#8221;1_2&#8243;][et_pb_image _builder_version=&#8221;3.2.2&#8243; src=&#8221;\/wp-content\/uploads\/sites\/33\/2017\/12\/UU-logotyp.png&#8221; \/][\/et_pb_column][\/et_pb_row][\/et_pb_section]<\/p>\n","protected":false},"excerpt":{"rendered":"<p>[et_pb_section bb_built=&#8221;1&#8243;][et_pb_row][et_pb_column type=&#8221;4_4&#8243;][et_pb_image _builder_version=&#8221;3.2.2&#8243; src=&#8221;\/wp-content\/uploads\/sites\/33\/2017\/12\/f\u00f6rstasidabild-1.png&#8221; align=&#8221;center&#8221; custom_margin=&#8221;-60px|||&#8221; \/][et_pb_text _builder_version=&#8221;3.12.1&#8243; border_style=&#8221;solid&#8221;] I samarbete med Kvinnokliniken vid Akademiska sjukhuset och Institutionen f\u00f6r kvinnors och barns h\u00e4lsa vid Uppsala universitet bjuder SFOG in till SFOG-veckan 2018 som kommer h\u00e5llas vid Uppsala Konsert &amp; Kongress (UKK). Ni har att se fram emot ett mycket sp\u00e4nnande vetenskapligt och socialt program [&hellip;]<\/p>\n","protected":false},"author":1,"featured_media":0,"parent":0,"menu_order":0,"comment_status":"closed","ping_status":"closed","template":"","meta":{"_et_pb_use_builder":"on","_et_pb_old_content":"","_et_gb_content_width":""},"_links":{"self":[{"href":"https:\/\/appsinmed.com\/sfog2018\/wp-json\/wp\/v2\/pages\/39"}],"collection":[{"href":"https:\/\/appsinmed.com\/sfog2018\/wp-json\/wp\/v2\/pages"}],"about":[{"href":"https:\/\/appsinmed.com\/sfog2018\/wp-json\/wp\/v2\/types\/page"}],"author":[{"embeddable":true,"href":"https:\/\/appsinmed.com\/sfog2018\/wp-json\/wp\/v2\/users\/1"}],"replies":[{"embeddable":true,"href":"https:\/\/appsinmed.com\/sfog2018\/wp-json\/wp\/v2\/comments?post=39"}],"version-history":[{"count":24,"href":"https:\/\/appsinmed.com\/sfog2018\/wp-json\/wp\/v2\/pages\/39\/revisions"}],"predecessor-version":[{"id":3451,"href":"https:\/\/appsinmed.com\/sfog2018\/wp-json\/wp\/v2\/pages\/39\/revisions\/3451"}],"wp:attachment":[{"href":"https:\/\/appsinmed.com\/sfog2018\/wp-json\/wp\/v2\/media?parent=39"}],"curies":[{"name":"wp","href":"https:\/\/api.w.org\/{rel}","templated":true}]}}