
{"id":3311,"date":"2018-08-17T07:47:41","date_gmt":"2018-08-17T07:47:41","guid":{"rendered":"http:\/\/www.sfogveckan.se\/?page_id=3311"},"modified":"2018-08-17T07:47:41","modified_gmt":"2018-08-17T07:47:41","slug":"industrisponsrat-symposium","status":"publish","type":"page","link":"https:\/\/appsinmed.com\/sfog2018\/industrisponsrat-symposium\/","title":{"rendered":"Industrisponsrat symposium"},"content":{"rendered":"<p>[et_pb_section bb_built=&#8221;1&#8243;][et_pb_row _builder_version=&#8221;3.2.2&#8243; background_color=&#8221;#1096d4&#8243;][et_pb_column type=&#8221;4_4&#8243;][et_pb_text _builder_version=&#8221;3.2.2&#8243;]<\/p>\n<p style=\"text-align: center\"><span style=\"font-size: 18pt;color: #ffffff\"><strong>INDUSTRISPONSRAT SYMPOSIUM<\/strong><\/span><\/p>\n<p>[\/et_pb_text][\/et_pb_column][\/et_pb_row][et_pb_row][et_pb_column type=&#8221;1_2&#8243;][et_pb_text _builder_version=&#8221;3.12.1&#8243;]<\/p>\n<p><span style=\"color: #000000;font-size: medium\"><b><span style=\"font-size: 12pt\">M\u00c5N KL.12.15 &#8211; 13.30<\/span><br \/>\n<\/b><\/span><\/p>\n<p><span style=\"font-size: 12pt\"><strong><span style=\"color: #000000\">Avia Pharma<\/span><\/strong><\/span><\/p>\n<p><span style=\"color: #000000\">F\u00f6rel\u00e4sare: Angelica Lind\u00e9n Hirschberg och Stefan Arver<br \/>\n<\/span><span style=\"color: #000000\">Lokalt DHEA vid vaginal atrofi \u2013 vad tillf\u00f6r androgener?\u201d<\/span><\/p>\n<p>[\/et_pb_text][et_pb_text _builder_version=&#8221;3.12.1&#8243;]<\/p>\n<p><span style=\"font-size: 12pt;color: #000000\"><strong>ONS KL. 12.00 &#8211; 13.15<\/strong><\/span><\/p>\n<p><span style=\"font-size: 12pt\"><strong><span style=\"color: #000000\">Gedeon Richter<\/span><\/strong><\/span><\/p>\n<p><span style=\"color: #000000\">F\u00f6rel\u00e4sare:\u00a0Pablo Arriagada, MD<\/span><br \/>\n<span style=\"color: #000000\">Moderator:\u00a0<span id=\"x_ms-rterangepaste-start\"><\/span>Kristina Gemzell Danielsson<\/span><\/p>\n<p><span style=\"color: #000000\">How do we proceed with ESMYA\u00ae?<\/span><br \/>\n<span style=\"color: #000000\">Guidance of ESMYA\u00ae in clinical practice after<\/span><br \/>\n<span style=\"color: #000000\">the EMA decision.<b><\/b><\/span><\/p>\n<p>&nbsp;<\/p>\n<p>[\/et_pb_text][\/et_pb_column][et_pb_column type=&#8221;1_2&#8243;][et_pb_text _builder_version=&#8221;3.12.1&#8243;]<\/p>\n<p><span style=\"font-size: 12pt;color: #000000\"><strong>M\u00c5N KL.17.05 &#8211; 17.35<\/strong><\/span><\/p>\n<p><span style=\"font-size: 12pt;color: #000000\"><strong>Natural Cycles<\/strong><br \/>\n<\/span><\/p>\n<p><span style=\"color: #000000\">Moderator: Kristina Gemzell-Danielsson, Professor i obstetrik och gynekologi,<br \/>\nKarolinska Institutet och Karolinska Universitetssjukhuset<br \/>\n<\/span><\/p>\n<p><span style=\"color: #000000\">1705-1720\u00a0 &#8211;\u00a0<\/span><b style=\"color: #000000\">Preventivmedel &#8211; kvinnors \u00f6nskem\u00e5l och \u00f6verv\u00e4ganden<br \/>\n<\/b><span style=\"color: #000000\">Ingrid S\u00e4\u00e4v, PhD, \u00d6verl\u00e4kare, Norrt\u00e4lje sjukhus<\/span><\/p>\n<p><span style=\"color: #000000\">\u00a0<\/span><span style=\"color: #000000\">1720-1735\u00a0 &#8211;\u00a0<\/span><b style=\"color: #000000\">Evidens kring anv\u00e4ndningen av preventivmedelsappar<\/b><\/p>\n<div>\n<div>\n<div><span style=\"color: #000000\">Helena Kopp Kallner, \u00d6verl\u00e4kare, docent, Kvinnokliniken, Danderyds Sjukhus<\/span><\/div>\n<\/div>\n<\/div>\n<p>[\/et_pb_text][et_pb_text _builder_version=&#8221;3.12.1&#8243;]<\/p>\n<p><span style=\"font-size: 12pt;color: #000000\"><strong>TIS KL.17.05 &#8211; 17.35<\/strong><\/span><\/p>\n<p><span style=\"font-size: 12pt\"><strong><span style=\"color: #000000\">Peptonic Medical<\/span><\/strong><\/span><\/p>\n<p><span style=\"color: #000000\">F\u00f6rel\u00e4sare:\u00a0Docent Aino Fianu Jonasson, Karolinska Institutets kvinnoforskningsenhet.<\/span><\/p>\n<p><b><\/b><span style=\"color: #000000\">VagiVital \u2013 Ett alternativ f\u00f6r de som inte vill, kan eller f\u00e5r anv\u00e4nda hormoner f\u00f6r behandling av vaginal atrofi<br \/>\n<\/span><span style=\"color: #000000\">Resultat fr\u00e5n multicenterstudie vid Karolinska sjukhuset, Akademiska sjukhuset i Uppsala samt Norrlands universitetssjukhus.<\/span><\/p>\n<p>[\/et_pb_text][et_pb_text _builder_version=&#8221;3.12.1&#8243;]<\/p>\n<p><span style=\"font-size: 12pt;color: #000000\"><strong>ONS KL.16.50 &#8211; 17.20<\/strong><\/span><\/p>\n<p><span style=\"font-size: 12pt\"><strong><span style=\"color: #000000\">Solann<\/span><\/strong><\/span><\/p>\n<p><span style=\"color: #000000\">F\u00f6rel\u00e4sare: Dr. Ilan Baram<\/span><\/p>\n<p><span style=\"color: #000000\">&#8220;The next generation IUD:\u00a0IUB\u2122\u00a0Intrauterine Ball&#8221;\/\u00a0&#8220;N\u00e4sta generations IUD: IUB \u2122 Intrauterine Ball&#8221;<\/p>\n<p><\/span><span style=\"color: #000000\"><i>The IUB\u2122 \u00a0is the first and only 3D spherical IUD, which physiologically adapts\u00a0to the shape of the uterus. The size and shape of the IUB\u2122 minimize the\u00a0possibility of irritation to the endometrium, risk of perforation and malpositioning.<\/i><b><\/b><\/span><\/p>\n<p>[\/et_pb_text][\/et_pb_column][\/et_pb_row][\/et_pb_section]<\/p>\n","protected":false},"excerpt":{"rendered":"<p>[et_pb_section bb_built=&#8221;1&#8243;][et_pb_row _builder_version=&#8221;3.2.2&#8243; background_color=&#8221;#1096d4&#8243;][et_pb_column type=&#8221;4_4&#8243;][et_pb_text _builder_version=&#8221;3.2.2&#8243;] INDUSTRISPONSRAT SYMPOSIUM [\/et_pb_text][\/et_pb_column][\/et_pb_row][et_pb_row][et_pb_column type=&#8221;1_2&#8243;][et_pb_text _builder_version=&#8221;3.12.1&#8243;] M\u00c5N KL.12.15 &#8211; 13.30 Avia Pharma F\u00f6rel\u00e4sare: Angelica Lind\u00e9n Hirschberg och Stefan Arver Lokalt DHEA vid vaginal atrofi \u2013 vad tillf\u00f6r androgener?\u201d [\/et_pb_text][et_pb_text _builder_version=&#8221;3.12.1&#8243;] ONS KL. 12.00 &#8211; 13.15 Gedeon Richter F\u00f6rel\u00e4sare:\u00a0Pablo Arriagada, MD Moderator:\u00a0Kristina Gemzell Danielsson How do we proceed with ESMYA\u00ae? Guidance [&hellip;]<\/p>\n","protected":false},"author":34,"featured_media":0,"parent":0,"menu_order":0,"comment_status":"closed","ping_status":"closed","template":"","meta":{"_et_pb_use_builder":"on","_et_pb_old_content":"<p>[et_pb_section bb_built=\"1\"][et_pb_row][\/et_pb_row][\/et_pb_section]<\/p>","_et_gb_content_width":""},"_links":{"self":[{"href":"https:\/\/appsinmed.com\/sfog2018\/wp-json\/wp\/v2\/pages\/3311"}],"collection":[{"href":"https:\/\/appsinmed.com\/sfog2018\/wp-json\/wp\/v2\/pages"}],"about":[{"href":"https:\/\/appsinmed.com\/sfog2018\/wp-json\/wp\/v2\/types\/page"}],"author":[{"embeddable":true,"href":"https:\/\/appsinmed.com\/sfog2018\/wp-json\/wp\/v2\/users\/34"}],"replies":[{"embeddable":true,"href":"https:\/\/appsinmed.com\/sfog2018\/wp-json\/wp\/v2\/comments?post=3311"}],"version-history":[{"count":39,"href":"https:\/\/appsinmed.com\/sfog2018\/wp-json\/wp\/v2\/pages\/3311\/revisions"}],"predecessor-version":[{"id":3395,"href":"https:\/\/appsinmed.com\/sfog2018\/wp-json\/wp\/v2\/pages\/3311\/revisions\/3395"}],"wp:attachment":[{"href":"https:\/\/appsinmed.com\/sfog2018\/wp-json\/wp\/v2\/media?parent=3311"}],"curies":[{"name":"wp","href":"https:\/\/api.w.org\/{rel}","templated":true}]}}