
{"id":3263,"date":"2018-06-25T09:34:29","date_gmt":"2018-06-25T09:34:29","guid":{"rendered":"http:\/\/www.sfogveckan.se\/?page_id=3263"},"modified":"2018-08-09T09:21:12","modified_gmt":"2018-08-09T09:21:12","slug":"platsinformation","status":"publish","type":"page","link":"https:\/\/appsinmed.com\/sfog2018\/platsinformation\/","title":{"rendered":"Platsinformation"},"content":{"rendered":"<p>[et_pb_section bb_built=&#8221;1&#8243;][et_pb_row][et_pb_column type=&#8221;3_4&#8243;][et_pb_text _builder_version=&#8221;3.2.2&#8243;]<\/p>\n<h1><span style=\"font-size: 18pt\">Information f\u00f6r utst\u00e4llare<\/span><\/h1>\n<p><strong><br \/>\nPersonal, registrering &amp; biljetter<br \/>\n<\/strong>Alla deltagare, \u00e4ven utst\u00e4llare och monterpersonal, m\u00e5ste registrera\/anm\u00e4la sig via registreringsl\u00e4nken. Utst\u00e4llar- och konferensbadge finns att h\u00e4mta vid registreringen.<\/p>\n<p>Extra utst\u00e4llarregistrering inkluderar:<br \/>\n&#8211; Fritt intr\u00e4de till utst\u00e4llningen<br \/>\n&#8211; 1 kopia av programh\u00e4ftet<br \/>\n&#8211; Fria kaffepauser och luncher<\/p>\n<p>Ytterligare utst\u00e4llarregistrering kostar 1.500 kronor exkl. moms.<\/p>\n<p><strong>Adress f\u00f6r lastning &amp; lossning<br \/>\n<\/strong>All i- och urlastning sker via lastkajen mot Roslagsgatan eller entr\u00e9n mot Vaksala torg. Om du har s\u00e4rskilda behov kan du f\u00e5 tillf\u00e4lligt parkeringstillst\u00e5nd i direkt anslutning till Uppsala Konsert &amp; Kongress, kontakta 018-727 90 27.<\/p>\n<p><strong>Godsmottagning<br \/>\n<\/strong>Godsf\u00f6rs\u00e4ndelser leveransadress:<br \/>\nUppsala Konsert &amp; Kongress<br \/>\nGodsmottagning<br \/>\nSFOG 2018<br \/>\nRoslagsgatan 6<br \/>\n753 27 Uppsala<strong>\u00a0<\/strong><\/p>\n<p><strong>M\u00e4rkning av gods<br \/>\n<\/strong>Skriv ordet \u201dKonferens\u201d p\u00e5 godset<br \/>\nAnge datum f\u00f6r konferensen<br \/>\nAnge er kontaktperson och telefonnummer<\/p>\n<p>[\/et_pb_text][\/et_pb_column][et_pb_column type=&#8221;1_4&#8243;][et_pb_text _builder_version=&#8221;3.2.2&#8243; border_width_all=&#8221;1px&#8221; border_color_all=&#8221;#02bbe5&#8243; text_orientation=&#8221;center&#8221; custom_margin=&#8221;1px|1px|1px|1px&#8221; custom_margin_last_edited=&#8221;on|&#8221; custom_padding=&#8221;1px|1px|1px|1px&#8221; border_radii=&#8221;on|1px|1px|1px|1px&#8221;]<\/p>\n<p>&nbsp;<\/p>\n<p style=\"text-align: center\"><span style=\"font-size: 12pt\"><strong>Utst\u00e4llningstider<\/strong><\/span><\/p>\n<p style=\"text-align: center\"><strong>Inflyttning<\/strong><\/p>\n<p style=\"text-align: center\">S\u00f6ndag 26 augusti 2018<br \/>\n16.00 \u2013 19.00<\/p>\n<p style=\"text-align: center\">M\u00e5ndag 27 augusti 2018<br \/>\n06.00 \u2013 08.00<\/p>\n<p style=\"text-align: center\"><strong>\u00d6ppettider utst\u00e4llning<\/strong><\/p>\n<p style=\"text-align: center\">M\u00e5ndag 27 augusti 2018<br \/>\n09.00 \u2013 17.30<\/p>\n<p style=\"text-align: center\">Tisdag 28 augusti 2018<br \/>\n08.00 \u2013 17.30<\/p>\n<p style=\"text-align: center\">Onsdag 29 augusti 2018<br \/>\n08.00 \u2013 17.30<\/p>\n<p style=\"text-align: center\">Torsdag 30 augusti 2018<br \/>\n08.00 \u2013 16.00<\/p>\n<p style=\"text-align: center\"><strong>Utflyttning<\/strong><\/p>\n<p style=\"text-align: center\">Torsdag 30 augusti 2018<br \/>\n16.00 \u2013 17.00 (ev. tidigare vid behov)<\/p>\n<p>&nbsp;<\/p>\n<p>[\/et_pb_text][\/et_pb_column][\/et_pb_row][et_pb_row][et_pb_column type=&#8221;4_4&#8243;][et_pb_text _builder_version=&#8221;3.2.2&#8243;]<\/p>\n<p><strong><span style=\"font-size: 14pt\">Godshantering<\/span><br \/>\n<\/strong>F\u00f6r att l\u00f6sa lagring och f\u00f6rvaring p\u00e5 ett s\u00e4kert s\u00e4tt tar vi emot gods tidigast dagen f\u00f6re evenemanget eller annan tid efter \u00f6verenskommelse. Meddela vaktm\u00e4stare eller konferensreception i f\u00f6rv\u00e4g vilket gods som kommer, n\u00e4r det kommer och var\u00a0du vill ha det placerat.<\/p>\n<p>Vaktm\u00e4stare &#8211; 018-727 90 70, 0768-30 47 92<br \/>\nKonferensreception &#8211; 018-727 90 27<br \/>\nFax konferensreception &#8211; 018-727 90 25<\/p>\n<p><strong>Hantering av stora gods<br \/>\n<\/strong>Mottagning och returs\u00e4ndning av stora f\u00f6rs\u00e4ndelser som pall eller bur debiteras per enhet. Det g\u00e4ller b\u00e5de f\u00f6re och efter utst\u00e4llningen. Hantering av stora gods kostar 500 kr\/enhet (exkl moms). Pallyft finns att l\u00e5na p\u00e5 UKK, men d\u00e4remot inte gaffeltruck.<\/p>\n<p>Lasthissens m\u00e5tt:<br \/>\nBredd 199 cm, djup 550 cm, h\u00f6jd 249 cm.<\/p>\n<p><strong>Vi tar inte emot gods som inte \u00e4r brandklassade.<\/strong><\/p>\n<p><strong>Utst\u00e4llarmaterial\/monterinredning<br \/>\n<\/strong>Mindustry AB har ett grundutbud av monterinredning som tillhandah\u00e5lls f\u00f6r best\u00e4llning. Detta \u00e4r ett bassortiment och beh\u00f6vs ytterligare hj\u00e4lp eller om ni har fr\u00e5gor ang\u00e5ende material, g\u00e5r det fint att kontakta Mindustry AB direkt via e-post: kontakt@mindustry.se eller tel: 018-17 25 00. Vi ber er g\u00f6ra era best\u00e4llningar via best\u00e4llningsformul\u00e4ret nedan, d\u00e4r kan ni \u00e4ven se bilder och presentation av olika montermaterial som kan best\u00e4llas.<\/p>\n<p><a href=\"http:\/\/www.sfogveckan.se\/wp-content\/uploads\/sites\/33\/2018\/06\/Best\u00e4llningsformul\u00e4r-utst\u00e4llare.docx\">Klicka h\u00e4r f\u00f6r att ladda ner best\u00e4llningsformul\u00e4ret.<\/a><\/p>\n<p>Det \u00e4r inte till\u00e5tet att bygga montrar framf\u00f6r eller i anslutning till n\u00f6dutg\u00e5ngar.<br \/>\nUtrymningsskyltar f\u00e5r inte blockeras eller d\u00f6ljas. Vid s\u00e4rskilda behov kan vi s\u00e4tta upp extra skyltar.<\/p>\n<p><strong>Borttransportering<br \/>\n<\/strong>N\u00e4r utst\u00e4llningen \u00e4r slut ska godset i m\u00f6jligaste m\u00e5n transporteras bort samma dag. Om det inte g\u00e5r, st\u00e4m av med konferensavdelningen.<\/p>\n<p><strong>Sophantering<br \/>\n<\/strong>Det kommer att finnas en container till alla utst\u00e4llare att sl\u00e4nga skr\u00e4p i. Alla utst\u00e4llare ansvarar f\u00f6r att t\u00f6mma sin yta efter att utst\u00e4llningen st\u00e4nger.<\/p>\n<p><strong>Parkering<br \/>\n<\/strong>Huset har ingen egen bes\u00f6ksparkering, men parkeringshus och parkeringsplatser finns p\u00e5 g\u00e5ngavst\u00e5nd fr\u00e5n Uppsala Konsert &amp; Kongress. N\u00e4rmaste parkeringshus \u00e4r Centralgaraget. Mer information om parkering i omr\u00e5det finns hos Uppsala Parkering.<\/p>\n<p><strong>Wifi<br \/>\n<\/strong>Internetuppkoppling finns i hela huset. Kapaciteten p\u00e5 n\u00e4tverket \u00e4r dock begr\u00e4nsat d\u00e5 m\u00e5nga anv\u00e4ndare kopplar upp sig samtidigt. Har du speciella krav p\u00e5 h\u00f6g kapacitet, kontakta kongressarrang\u00f6ren Meetagain.<\/p>\n<p>N\u00e4tverk: sfog2018<br \/>\nL\u00f6senord: sfog2018<\/p>\n<p>[\/et_pb_text][\/et_pb_column][\/et_pb_row][\/et_pb_section]<\/p>\n","protected":false},"excerpt":{"rendered":"<p>[et_pb_section bb_built=&#8221;1&#8243;][et_pb_row][et_pb_column type=&#8221;3_4&#8243;][et_pb_text _builder_version=&#8221;3.2.2&#8243;] Information f\u00f6r utst\u00e4llare Personal, registrering &amp; biljetter Alla deltagare, \u00e4ven utst\u00e4llare och monterpersonal, m\u00e5ste registrera\/anm\u00e4la sig via registreringsl\u00e4nken. Utst\u00e4llar- och konferensbadge finns att h\u00e4mta vid registreringen. Extra utst\u00e4llarregistrering inkluderar: &#8211; Fritt intr\u00e4de till utst\u00e4llningen &#8211; 1 kopia av programh\u00e4ftet &#8211; Fria kaffepauser och luncher Ytterligare utst\u00e4llarregistrering kostar 1.500 kronor exkl. moms. [&hellip;]<\/p>\n","protected":false},"author":34,"featured_media":0,"parent":0,"menu_order":0,"comment_status":"closed","ping_status":"closed","template":"","meta":{"_et_pb_use_builder":"on","_et_pb_old_content":"","_et_gb_content_width":""},"_links":{"self":[{"href":"https:\/\/appsinmed.com\/sfog2018\/wp-json\/wp\/v2\/pages\/3263"}],"collection":[{"href":"https:\/\/appsinmed.com\/sfog2018\/wp-json\/wp\/v2\/pages"}],"about":[{"href":"https:\/\/appsinmed.com\/sfog2018\/wp-json\/wp\/v2\/types\/page"}],"author":[{"embeddable":true,"href":"https:\/\/appsinmed.com\/sfog2018\/wp-json\/wp\/v2\/users\/34"}],"replies":[{"embeddable":true,"href":"https:\/\/appsinmed.com\/sfog2018\/wp-json\/wp\/v2\/comments?post=3263"}],"version-history":[{"count":28,"href":"https:\/\/appsinmed.com\/sfog2018\/wp-json\/wp\/v2\/pages\/3263\/revisions"}],"predecessor-version":[{"id":3294,"href":"https:\/\/appsinmed.com\/sfog2018\/wp-json\/wp\/v2\/pages\/3263\/revisions\/3294"}],"wp:attachment":[{"href":"https:\/\/appsinmed.com\/sfog2018\/wp-json\/wp\/v2\/media?parent=3263"}],"curies":[{"name":"wp","href":"https:\/\/api.w.org\/{rel}","templated":true}]}}