
{"id":2955,"date":"2018-03-21T11:01:47","date_gmt":"2018-03-21T11:01:47","guid":{"rendered":"http:\/\/www.sfogveckan.se\/?page_id=2955"},"modified":"2018-03-26T13:20:34","modified_gmt":"2018-03-26T13:20:34","slug":"hotell","status":"publish","type":"page","link":"https:\/\/appsinmed.com\/sfog2018\/hotell\/","title":{"rendered":"Hotell"},"content":{"rendered":"<p>[et_pb_section bb_built=&#8221;1&#8243;][et_pb_row][et_pb_column type=&#8221;4_4&#8243;][et_pb_post_title _builder_version=&#8221;3.0.72&#8243; title=&#8221;on&#8221; meta=&#8221;off&#8221; author=&#8221;on&#8221; date=&#8221;on&#8221; categories=&#8221;on&#8221; comments=&#8221;on&#8221; featured_image=&#8221;off&#8221; featured_placement=&#8221;below&#8221; parallax_method=&#8221;on&#8221; text_orientation=&#8221;left&#8221; text_color=&#8221;dark&#8221; text_background=&#8221;off&#8221; border_style=&#8221;solid&#8221; \/][et_pb_text _builder_version=&#8221;3.0.72&#8243; background_layout=&#8221;light&#8221; text_orientation=&#8221;left&#8221; border_style=&#8221;solid&#8221;]<\/p>\n<p>Det finns ett antal rum reserverade till SFOG-veckan 2018\u00a0p\u00e5 n\u00e5gra v\u00e4l utvalda hotell.<br \/>\nPriserna g\u00e4ller per natt och \u00e4r angivna exkl.moms. Rummen finns tillg\u00e4ngliga fr\u00e5n den 26-30\/8 2018.\u00a0Tillg\u00e5ng p\u00e5 hotellrum \u00e4r begr\u00e4nsad och principen &#8220;f\u00f6rst till kvarn&#8221; g\u00e4ller.<\/p>\n<p>Om du beh\u00f6ver avboka ditt hotellrum \u00e4r det m\u00f6jligt utan avbokningskostnad fram till 1 m\u00e5nad innan f\u00f6rsta ankomstdag.<\/p>\n<p>[\/et_pb_text][\/et_pb_column][\/et_pb_row][et_pb_row][et_pb_column type=&#8221;4_4&#8243;][et_pb_divider _builder_version=&#8221;3.0.72&#8243; show_divider=&#8221;on&#8221; divider_style=&#8221;solid&#8221; divider_position=&#8221;top&#8221; hide_on_mobile=&#8221;on&#8221; color=&#8221;#000000&#8243; \/][et_pb_text admin_label=&#8221;Radisson Blu Hotel Uppsala&#8221; _builder_version=&#8221;3.0.72&#8243; background_layout=&#8221;light&#8221; text_orientation=&#8221;left&#8221; border_style=&#8221;solid&#8221;]<\/p>\n<p><div class='two_third'>\n\t\t\t\t\t<strong>Radisson Blu Hotel Uppsala\u00a0 \u00a0 \u00a0 \u00a0 \u00a0 \u00a0 \u00a0 \u00a0 \u00a0 \u00a0 \u00a0 \u00a0 \u00a0 \u00a0 \u00a0 \u00a0 \u00a0 \u00a0 \u00a0 \u00a0 \u00a0 \u00a0 \u00a0 \u00a0 \u00a0 \u00a0 \u00a0 \u00a0 \u00a0 \u00a0 \u00a0 \u00a0 \u00a0 \u00a0 \u00a0 \u00a0 \u00a0 \u00a0 \u00a0 \u00a0 \u00a0 \u00a0 \u00a0 \u00a0 \u00a0 \u00a0 \u00a0 \u00a0 \u00a0 \u00a0 \u00a0 \u00a0 \u00a0 \u00a0 \u00a0 \u00a0 \u00a0 \u00a0 \u00a0 \u00a0 \u00a0 \u00a0 \u00a0 \u00a0 \u00a0 \u00a0 \u00a0 \u00a0 \u00a0 <\/strong>Adress: Stationsgatan 4, 753 40, Uppsala<\/p>\n<p>Radisson Blu Hotel\u00a0\u00e4r bel\u00e4get i centrala Uppsala, h\u00e4r bor du modernt intill resecentrum med h\u00e4rlig utsikt \u00f6ver Uppsala. Med n\u00e4rhet till\u00a0 kommunikationer och sev\u00e4rdheter g\u00f6r detta till ett perfekt boende. Fr\u00e5n hotellet \u00e4r det g\u00e5ngavst\u00e5nd till Uppsala Konsert &amp; Kongress, Vaksala torg och domkyrkan.\u00a0Upplev den luftiga inredningen och allt naturligt ljus som fl\u00f6dar in i hotellrummen och njut av den unika milj\u00f6n och den fantastiska maten.<\/p>\n<p><strong>Pris Enkelrum: 1509 kr\u00a0 \u00a0 \u00a0 \u00a0 \u00a0 \u00a0 \u00a0 \u00a0 \u00a0 \u00a0 \u00a0 \u00a0 \u00a0 \u00a0 \u00a0 \u00a0 \u00a0 \u00a0 \u00a0 \u00a0 \u00a0 \u00a0 \u00a0 \u00a0 \u00a0 \u00a0 \u00a0 \u00a0 \u00a0 \u00a0 \u00a0 \u00a0 \u00a0 \u00a0 \u00a0 \u00a0 \u00a0 \u00a0 \u00a0 \u00a0 \u00a0 \u00a0 \u00a0 \u00a0 \u00a0 \u00a0 \u00a0 \u00a0 \u00a0 \u00a0 \u00a0 \u00a0 \u00a0 \u00a0 \u00a0 \u00a0 \u00a0 \u00a0 \u00a0 \u00a0 \u00a0 \u00a0 \u00a0 \u00a0 \u00a0 \u00a0 \u00a0 \u00a0 \u00a0 \u00a0 \u00a0 \u00a0 \u00a0 \u00a0 Pris Dubbelrum: 1709 kr<\/strong><\/p>\n\t\t\t\t<\/div><div class='one_third et_column_last'>\n\t\t\t\t\t<p>&nbsp;<\/p>\n<p><img loading=\"lazy\" class=\"alignnone wp-image-3005\" src=\"http:\/\/www.sfogveckan.se\/wp-content\/uploads\/sites\/33\/2018\/03\/radisson-blu-hotel-uppsala-png-300x225.png\" alt=\"\" width=\"244\" height=\"183\" srcset=\"https:\/\/appsinmed.com\/sfog2018\/wp-content\/uploads\/sites\/33\/2018\/03\/radisson-blu-hotel-uppsala-png-300x225.png 300w, https:\/\/appsinmed.com\/sfog2018\/wp-content\/uploads\/sites\/33\/2018\/03\/radisson-blu-hotel-uppsala-png-510x382.png 510w, https:\/\/appsinmed.com\/sfog2018\/wp-content\/uploads\/sites\/33\/2018\/03\/radisson-blu-hotel-uppsala-png.png 550w\" sizes=\"(max-width: 244px) 100vw, 244px\" \/>\u00a0\u00a0<img loading=\"lazy\" class=\"alignnone size-full wp-image-3032\" src=\"http:\/\/www.sfogveckan.se\/wp-content\/uploads\/sites\/33\/2018\/03\/rum-radisson.jpg\" alt=\"\" width=\"244\" height=\"172\" \/>\u00a0\n\t\t\t\t<\/div><div class='clear'><\/div><\/p>\n<p>[\/et_pb_text][\/et_pb_column][\/et_pb_row][et_pb_row][et_pb_column type=&#8221;4_4&#8243;][et_pb_divider _builder_version=&#8221;3.0.72&#8243; show_divider=&#8221;on&#8221; divider_style=&#8221;solid&#8221; divider_position=&#8221;top&#8221; hide_on_mobile=&#8221;on&#8221; color=&#8221;#000000&#8243; \/][et_pb_text admin_label=&#8221;Park Inn by Radisson&#8221; _builder_version=&#8221;3.0.72&#8243; background_layout=&#8221;light&#8221; text_orientation=&#8221;left&#8221; border_style=&#8221;solid&#8221;]<\/p>\n<p><div class='two_third'>\n\t\t\t\t\t<strong>Park Inn by Radisson\u00a0 \u00a0 \u00a0 \u00a0 \u00a0 \u00a0 \u00a0 \u00a0 \u00a0 \u00a0 \u00a0 \u00a0 \u00a0 \u00a0 \u00a0 \u00a0 \u00a0 \u00a0 \u00a0 \u00a0 \u00a0 \u00a0 \u00a0 \u00a0 \u00a0 \u00a0 \u00a0 \u00a0 \u00a0 \u00a0 \u00a0 \u00a0 \u00a0 \u00a0 \u00a0 \u00a0 \u00a0 \u00a0 \u00a0 \u00a0 \u00a0 \u00a0 \u00a0 \u00a0 \u00a0 \u00a0 \u00a0 \u00a0 \u00a0 \u00a0 \u00a0 \u00a0 \u00a0 \u00a0 \u00a0 \u00a0 \u00a0 \u00a0 \u00a0 \u00a0 \u00a0 \u00a0 \u00a0 \u00a0 \u00a0 \u00a0 \u00a0 \u00a0 \u00a0 \u00a0 \u00a0 <\/strong>Adress: Storgatan 30, 753 31. Uppsala<\/p>\n<p>Ett stenkast fr\u00e5n Radisson Blu Hotel finner man Park Inn by Radisson som \u00e4ven det ligger n\u00e4ra Uppsala Konsert &amp; Kongress, Vaksala torg och domkyrkan. Fr\u00e5n hotellet\u00a0\u00e4r det\u00a0g\u00e5ngavst\u00e5nd till centralstationen med goda kommunikationer.\nPark Inn \u00e4r ett historiskt hotell med moderna rum, ett bekv\u00e4mt och avkopplande boende med h\u00e4rlig atmosf\u00e4r. Rummen \u00e4r utrustade med sk\u00f6na DUX-s\u00e4ngar, fri WIFI och den gener\u00f6sa frukostbuff\u00e9n ing\u00e5r i alla rumspriser.<\/p>\n<p><strong>Pris Enkelrum: 1411 kr\u00a0 \u00a0 \u00a0 \u00a0 \u00a0 \u00a0 \u00a0 \u00a0 \u00a0 \u00a0 \u00a0 \u00a0 \u00a0 \u00a0 \u00a0 \u00a0 \u00a0 \u00a0 \u00a0 \u00a0 \u00a0 \u00a0 \u00a0 \u00a0 \u00a0 \u00a0 \u00a0 \u00a0 \u00a0 \u00a0 \u00a0 \u00a0 \u00a0 \u00a0 \u00a0 \u00a0 \u00a0 \u00a0 \u00a0 \u00a0 \u00a0 \u00a0 \u00a0 \u00a0 \u00a0 \u00a0 \u00a0 \u00a0 \u00a0 \u00a0 \u00a0 \u00a0 \u00a0 \u00a0 \u00a0 \u00a0 \u00a0 \u00a0 \u00a0 \u00a0 \u00a0 \u00a0 \u00a0 \u00a0 \u00a0 \u00a0 \u00a0 \u00a0 \u00a0 \u00a0 \u00a0 \u00a0 \u00a0 Pris Dubbelrum: 1611 kr<\/strong><\/p>\n\t\t\t\t<\/div><div class='one_third et_column_last'>\n\t\t\t\t\t<p><img loading=\"lazy\" class=\"alignnone wp-image-3051\" src=\"http:\/\/www.sfogveckan.se\/wp-content\/uploads\/sites\/33\/2018\/03\/park-inn-hotell.jpg\" alt=\"\" width=\"253\" height=\"190\" \/>\u00a0\u00a0<img loading=\"lazy\" class=\"alignnone wp-image-3053\" src=\"http:\/\/www.sfogveckan.se\/wp-content\/uploads\/sites\/33\/2018\/03\/rum-park-inn-2.jpg\" alt=\"\" width=\"255\" height=\"169\" \/>\u00a0\u00a0\n\t\t\t\t<\/div><div class='clear'><\/div><\/p>\n<p>&nbsp;<\/p>\n<p>[\/et_pb_text][\/et_pb_column][\/et_pb_row][et_pb_row][et_pb_column type=&#8221;4_4&#8243;][et_pb_divider _builder_version=&#8221;3.0.72&#8243; show_divider=&#8221;on&#8221; divider_style=&#8221;solid&#8221; divider_position=&#8221;top&#8221; hide_on_mobile=&#8221;on&#8221; color=&#8221;#000000&#8243; \/][et_pb_text admin_label=&#8221;Academia&#8221; _builder_version=&#8221;3.0.72&#8243; background_layout=&#8221;light&#8221; text_orientation=&#8221;left&#8221; border_style=&#8221;solid&#8221;]<\/p>\n<p><div class='two_third'>\n\t\t\t\t\t<strong>Elite Hotel Academia\u00a0 \u00a0 \u00a0 \u00a0 \u00a0 \u00a0 \u00a0 \u00a0 \u00a0 \u00a0 \u00a0 \u00a0 \u00a0 \u00a0 \u00a0 \u00a0 \u00a0 \u00a0 \u00a0 \u00a0 \u00a0 \u00a0 \u00a0 \u00a0 \u00a0 \u00a0 \u00a0 \u00a0 \u00a0 \u00a0 \u00a0 \u00a0 \u00a0 \u00a0 \u00a0 \u00a0 \u00a0 \u00a0 \u00a0 \u00a0 \u00a0 \u00a0 \u00a0 \u00a0 \u00a0 \u00a0 \u00a0 \u00a0 \u00a0 \u00a0 \u00a0 \u00a0 \u00a0 \u00a0 \u00a0 \u00a0 \u00a0 \u00a0 \u00a0 \u00a0 \u00a0 \u00a0 \u00a0 \u00a0 \u00a0 \u00a0 \u00a0 <\/strong>Adress:\u00a0Suttungs gr\u00e4nd 6, 753 19 Uppsala<\/p>\n<p>I det gamla posthuset precis intill centralstationen ligger ny\u00f6ppnade Elite Hotel Academia med absolut\u00a0toppl\u00e4ge. Hotellet ligger p\u00e5 g\u00e5ngavst\u00e5nd fr\u00e5n Uppsala Konsert &amp; Kongress.\u00a0H\u00e4r erbjuds fl\u00e4rdfullt inredda rum med mycket ljus och bekv\u00e4mt boende. Elite Hotel Academia \u00e4r en central m\u00f6tesplats f\u00f6r alla d\u00e4r det finns m\u00f6jlighet f\u00f6r umg\u00e4nge i den mysiga puben, eller varf\u00f6r inte avnjuta en middag p\u00e5 elfte v\u00e5ningen med spektakul\u00e4r utsikt.<\/p>\n<p><strong>Pris Enkelrum:1424\u00a0kr\u00a0 \u00a0 \u00a0 \u00a0 \u00a0 \u00a0 \u00a0 \u00a0 \u00a0 \u00a0 \u00a0 \u00a0 \u00a0 \u00a0 \u00a0 \u00a0 \u00a0 \u00a0 \u00a0 \u00a0 \u00a0 \u00a0 \u00a0 \u00a0 \u00a0 \u00a0 \u00a0 \u00a0 \u00a0 \u00a0 \u00a0 \u00a0 \u00a0 \u00a0 \u00a0 \u00a0 \u00a0 \u00a0 \u00a0 \u00a0 \u00a0 \u00a0 \u00a0 \u00a0 \u00a0 \u00a0 \u00a0 \u00a0 \u00a0 \u00a0 \u00a0 \u00a0 \u00a0 \u00a0 \u00a0 \u00a0 \u00a0 \u00a0 \u00a0 \u00a0 \u00a0 \u00a0 \u00a0 \u00a0 \u00a0 \u00a0 \u00a0 \u00a0 \u00a0 \u00a0 \u00a0 \u00a0 \u00a0 Pris Dubbelrum:1602\u00a0kr<\/strong><\/p>\n\t\t\t\t<\/div><div class='one_third et_column_last'>\n\t\t\t\t\t<p><img loading=\"lazy\" class=\"alignnone wp-image-3065\" src=\"http:\/\/www.sfogveckan.se\/wp-content\/uploads\/sites\/33\/2018\/03\/Academia-4.jpg\" alt=\"\" width=\"261\" height=\"174\" \/>\u00a0\u00a0<img loading=\"lazy\" class=\"alignnone wp-image-3063\" src=\"http:\/\/www.sfogveckan.se\/wp-content\/uploads\/sites\/33\/2018\/03\/Academia-2.jpg\" alt=\"\" width=\"261\" height=\"174\" \/>\u00a0 \u00a0\u00a0\n\t\t\t\t<\/div><div class='clear'><\/div><\/p>\n<p>[\/et_pb_text][\/et_pb_column][\/et_pb_row][et_pb_row][et_pb_column type=&#8221;4_4&#8243;][et_pb_divider _builder_version=&#8221;3.0.72&#8243; show_divider=&#8221;on&#8221; divider_style=&#8221;solid&#8221; divider_position=&#8221;top&#8221; hide_on_mobile=&#8221;on&#8221; color=&#8221;#000000&#8243; \/][et_pb_text admin_label=&#8221;Gillet&#8221; _builder_version=&#8221;3.0.72&#8243; background_layout=&#8221;light&#8221; text_orientation=&#8221;left&#8221; border_style=&#8221;solid&#8221;]<\/p>\n<p><div class='two_third'>\n\t\t\t\t\t<strong>Clarion Hotell Gillet\u00a0 \u00a0 \u00a0 \u00a0 \u00a0 \u00a0 \u00a0 \u00a0 \u00a0 \u00a0 \u00a0 \u00a0 \u00a0 \u00a0 \u00a0 \u00a0 \u00a0 \u00a0 \u00a0 \u00a0 \u00a0 \u00a0 \u00a0 \u00a0 \u00a0 \u00a0 \u00a0 \u00a0 \u00a0 \u00a0 \u00a0 \u00a0 \u00a0 \u00a0 \u00a0 \u00a0 \u00a0 \u00a0 \u00a0 \u00a0 \u00a0 \u00a0 \u00a0 \u00a0 \u00a0 \u00a0 \u00a0 \u00a0 \u00a0 \u00a0 \u00a0 \u00a0 \u00a0 \u00a0 \u00a0 \u00a0 \u00a0 \u00a0 \u00a0 \u00a0 \u00a0 \u00a0 \u00a0 \u00a0 \u00a0 \u00a0 \u00a0 \u00a0 \u00a0 \u00a0 \u00a0 \u00a0 <\/strong>Adress: Dragarbrunnsgatan 23, 753 20 Uppsala<\/p>\n<p>Du bor mitt i centrala Uppsala, perfekt bel\u00e4get intill Dragarbrunnstorg med n\u00e4rhet till s\u00e5v\u00e4l sev\u00e4rdheter som shopping, n\u00f6jen och Uppsala\u00a0centralstation. Clarion Hotell Gillet \u00e4r ett modernt fullservicehotell med fokus p\u00e5 personlig service. Hotellet erbjuder ljusa, luftiga rum och en h\u00e4rlig frukostbuff\u00e9 med ekologiska r\u00e5varor.\u00a0Med det nybyggda spat finns det m\u00f6jlighet till avslappning eller varf\u00f6r inte njuta av livemusik i hotellets &#8220;Living Room&#8221;<\/p>\n<p><strong>Pris Standard enkelrum: 1424 kr\u00a0 \u00a0 \u00a0 \u00a0 \u00a0 \u00a0 \u00a0 \u00a0 \u00a0 \u00a0 \u00a0 \u00a0 \u00a0 \u00a0 \u00a0 \u00a0 \u00a0 \u00a0 \u00a0 \u00a0 \u00a0 \u00a0 \u00a0 \u00a0 \u00a0 \u00a0 \u00a0 \u00a0 \u00a0 \u00a0 \u00a0 \u00a0 \u00a0 \u00a0 \u00a0 \u00a0 \u00a0 \u00a0 \u00a0 \u00a0 \u00a0 \u00a0 \u00a0 \u00a0 \u00a0 \u00a0 \u00a0 \u00a0 \u00a0 \u00a0 \u00a0 \u00a0 \u00a0 \u00a0 \u00a0 \u00a0 \u00a0 \u00a0 \u00a0 \u00a0 \u00a0 \u00a0 \u00a0 <\/strong><strong>Pris Moderate enkelrum: 1424 kr<\/strong>\n<strong>\u00a0 \u00a0 \u00a0 \u00a0 \u00a0 \u00a0 \u00a0 \u00a0 \u00a0 \u00a0 \u00a0 \u00a0 \u00a0 \u00a0 \u00a0 \u00a0 \u00a0 \u00a0 \u00a0 \u00a0 \u00a0 \u00a0 \u00a0 \u00a0 \u00a0 \u00a0 \u00a0 \u00a0 \u00a0 \u00a0 \u00a0 \u00a0 \u00a0 \u00a0 \u00a0 \u00a0 \u00a0 \u00a0 \u00a0 \u00a0 \u00a0 \u00a0 \u00a0 \u00a0 \u00a0 \u00a0 \u00a0 \u00a0 \u00a0 \u00a0 \u00a0 \u00a0 \u00a0 \u00a0 \u00a0 \u00a0 \u00a0 \u00a0 \u00a0 \u00a0 \u00a0 \u00a0 \u00a0 Pris Dubbelrum: 1624 kr<\/strong><\/p>\n\t\t\t\t<\/div><div class='one_third et_column_last'>\n\t\t\t\t\t<p><img loading=\"lazy\" class=\"alignnone wp-image-3066\" src=\"http:\/\/www.sfogveckan.se\/wp-content\/uploads\/sites\/33\/2018\/03\/bild-clarion-hotell-gillet-300x198.jpg\" alt=\"\" width=\"262\" height=\"173\" srcset=\"https:\/\/appsinmed.com\/sfog2018\/wp-content\/uploads\/sites\/33\/2018\/03\/bild-clarion-hotell-gillet-300x198.jpg 300w, https:\/\/appsinmed.com\/sfog2018\/wp-content\/uploads\/sites\/33\/2018\/03\/bild-clarion-hotell-gillet.jpg 350w\" sizes=\"(max-width: 262px) 100vw, 262px\" \/>\u00a0 <img loading=\"lazy\" class=\"alignnone wp-image-3067\" src=\"http:\/\/www.sfogveckan.se\/wp-content\/uploads\/sites\/33\/2018\/03\/Hotell-Gillet.jpg\" alt=\"\" width=\"262\" height=\"174\" \/>\n\t\t\t\t<\/div><div class='clear'><\/div><\/p>\n<p>[\/et_pb_text][\/et_pb_column][\/et_pb_row][et_pb_row][et_pb_column type=&#8221;4_4&#8243;][et_pb_divider _builder_version=&#8221;3.0.72&#8243; show_divider=&#8221;on&#8221; divider_style=&#8221;solid&#8221; divider_position=&#8221;top&#8221; hide_on_mobile=&#8221;on&#8221; color=&#8221;#000000&#8243; \/][et_pb_text admin_label=&#8221;Svava&#8221; _builder_version=&#8221;3.0.72&#8243; background_layout=&#8221;light&#8221; text_orientation=&#8221;left&#8221; border_style=&#8221;solid&#8221;]<\/p>\n<p><div class='two_third'>\n\t\t\t\t\t<strong>Best Western Hotel Svava\u00a0 \u00a0 \u00a0 \u00a0 \u00a0 \u00a0 \u00a0 \u00a0 \u00a0 \u00a0 \u00a0 \u00a0 \u00a0 \u00a0 \u00a0 \u00a0 \u00a0 \u00a0 \u00a0 \u00a0 \u00a0 \u00a0 \u00a0 \u00a0 \u00a0 \u00a0 \u00a0 \u00a0 \u00a0 \u00a0 \u00a0 \u00a0 \u00a0 \u00a0 \u00a0 \u00a0 \u00a0 \u00a0 \u00a0 \u00a0 \u00a0 \u00a0 \u00a0 \u00a0 \u00a0 \u00a0 \u00a0 \u00a0 \u00a0 \u00a0 \u00a0 \u00a0 \u00a0 \u00a0 \u00a0 \u00a0 \u00a0 \u00a0 \u00a0 \u00a0 \u00a0 \u00a0 \u00a0 \u00a0 \u00a0 \u00a0 \u00a0 \u00a0 \u00a0 \u00a0 \u00a0 <\/strong>Adress: Bang\u00e5rdsgatan 24, 753 20 Uppsala<\/p>\n<p>H\u00e4r bor du i kvarteret Svava, mitt i hj\u00e4rtat av Uppsala. Runt h\u00f6rnet hittar du centralstationen och Uppsala Konsert &amp; Kongress samt butiker, restauranger och kaf\u00e9er. Hotellet erbjuder ett bekv\u00e4mt och prisv\u00e4rt boende med nyrenoverade rum. I rumspriset ing\u00e5r fri WIFI, bastu &amp; gym samt en stor frukostbuff\u00e9.<\/p>\n<p><strong>Pris Standard enkelrum: 1295 kr\u00a0 \u00a0 \u00a0 \u00a0 \u00a0 \u00a0 \u00a0 \u00a0 \u00a0 \u00a0 \u00a0 \u00a0 \u00a0 \u00a0 \u00a0 \u00a0 \u00a0 \u00a0 \u00a0 \u00a0 \u00a0 \u00a0 \u00a0 \u00a0 \u00a0 \u00a0 \u00a0 \u00a0 \u00a0 \u00a0 \u00a0 \u00a0 \u00a0 \u00a0 \u00a0 \u00a0 \u00a0 \u00a0 \u00a0 \u00a0 \u00a0 \u00a0 \u00a0 \u00a0 \u00a0 \u00a0 \u00a0 \u00a0 \u00a0 \u00a0 \u00a0 \u00a0 \u00a0 \u00a0 \u00a0 \u00a0 \u00a0 \u00a0 \u00a0 \u00a0 \u00a0 \u00a0 \u00a0 <\/strong><strong>Pris Superior dubbelrum: 1652 kr<\/strong><\/p>\n\t\t\t\t<\/div><div class='one_third et_column_last'>\n\t\t\t\t\t<p><img loading=\"lazy\" class=\"alignnone wp-image-3074\" src=\"http:\/\/www.sfogveckan.se\/wp-content\/uploads\/sites\/33\/2018\/03\/svava-hotell-uppsala_DSC2263-300x194.jpg\" alt=\"\" width=\"248\" height=\"161\" srcset=\"https:\/\/appsinmed.com\/sfog2018\/wp-content\/uploads\/sites\/33\/2018\/03\/svava-hotell-uppsala_DSC2263-300x194.jpg 300w, https:\/\/appsinmed.com\/sfog2018\/wp-content\/uploads\/sites\/33\/2018\/03\/svava-hotell-uppsala_DSC2263.jpg 690w\" sizes=\"(max-width: 248px) 100vw, 248px\" \/><img loading=\"lazy\" class=\"alignnone wp-image-3081\" src=\"http:\/\/www.sfogveckan.se\/wp-content\/uploads\/sites\/33\/2018\/03\/svava.jpg\" alt=\"\" width=\"255\" height=\"170\" \/>\n\t\t\t\t<\/div><div class='clear'><\/div><\/p>\n<p>[\/et_pb_text][\/et_pb_column][\/et_pb_row][et_pb_row][et_pb_column type=&#8221;4_4&#8243;][et_pb_divider _builder_version=&#8221;3.0.72&#8243; show_divider=&#8221;on&#8221; divider_style=&#8221;solid&#8221; divider_position=&#8221;top&#8221; hide_on_mobile=&#8221;on&#8221; color=&#8221;#000000&#8243; \/][et_pb_text admin_label=&#8221;Scandic Uppsala Nord&#8221; _builder_version=&#8221;3.0.72&#8243; background_layout=&#8221;light&#8221; text_orientation=&#8221;left&#8221; border_style=&#8221;solid&#8221;]<\/p>\n<p style=\"text-align: left\"><div class='two_third'>\n\t\t\t\t\t<strong>Scandic Uppsala Nord\u00a0 \u00a0 \u00a0 \u00a0 \u00a0 \u00a0 \u00a0 \u00a0 \u00a0 \u00a0 \u00a0 \u00a0 \u00a0 \u00a0 \u00a0 \u00a0 \u00a0 \u00a0 \u00a0 \u00a0 \u00a0 \u00a0 \u00a0 \u00a0 \u00a0 \u00a0 \u00a0 \u00a0 \u00a0 \u00a0 \u00a0 \u00a0 \u00a0 \u00a0 \u00a0 \u00a0 \u00a0 \u00a0 \u00a0 \u00a0 \u00a0 \u00a0 \u00a0 \u00a0 \u00a0 \u00a0 \u00a0 \u00a0 \u00a0 \u00a0 \u00a0 \u00a0 \u00a0 \u00a0 \u00a0 \u00a0 \u00a0 \u00a0 \u00a0 \u00a0 \u00a0 \u00a0 \u00a0 \u00a0 \u00a0 \u00a0 \u00a0 \u00a0 \u00a0 \u00a0 \u00a0 \u00a0 \u00a0 \u00a0 \u00a0 <\/strong>Adress: Gamla Uppsalagatan 50, 754 25 Uppsala<\/p>\n<p>Med 5 minuters bilresa fr\u00e5n t\u00e5gstationen och centrum ligger renoverade Scandic Uppsala Nord. Avslappnad atmosf\u00e4r, stora och ljusa rum med fri WIFI och tv. H\u00e4r erbjuds fri tillg\u00e5ng till gym, bastu och parkering. I hotellets restaurang g\u00e5r det bra att avnjuta m\u00e5ltiden ute p\u00e5 terrassen och till frukost dukas det upp en ekologisk frukostbuff\u00e9.<\/p>\n<p><strong>Pris Enkelrum: 1490 kr\u00a0 \u00a0 \u00a0 \u00a0 \u00a0 \u00a0 \u00a0 \u00a0 \u00a0 \u00a0 \u00a0 \u00a0 \u00a0 \u00a0 \u00a0 \u00a0 \u00a0 \u00a0 \u00a0 \u00a0 \u00a0 \u00a0 \u00a0 \u00a0 \u00a0 \u00a0 \u00a0 \u00a0 \u00a0 \u00a0 \u00a0 \u00a0 \u00a0 \u00a0 \u00a0 \u00a0 \u00a0 \u00a0 \u00a0 \u00a0 \u00a0 \u00a0 \u00a0 \u00a0 \u00a0 \u00a0 \u00a0 \u00a0 \u00a0 \u00a0 \u00a0 \u00a0 \u00a0 \u00a0 \u00a0 \u00a0 \u00a0 \u00a0 \u00a0 \u00a0 \u00a0 \u00a0 \u00a0 \u00a0 \u00a0 \u00a0 \u00a0 \u00a0 \u00a0 \u00a0 \u00a0 \u00a0 \u00a0 \u00a0 \u00a0 <\/strong><strong>Pris Dubbelrum: 1690 kr<\/strong><\/p>\n\t\t\t\t<\/div><div class='one_third et_column_last'>\n\t\t\t\t\t<p><img loading=\"lazy\" class=\"alignnone wp-image-3075\" src=\"http:\/\/www.sfogveckan.se\/wp-content\/uploads\/sites\/33\/2018\/03\/Scandic-Uppsala-Nord-300x200.jpg\" alt=\"\" width=\"260\" height=\"173\" srcset=\"https:\/\/appsinmed.com\/sfog2018\/wp-content\/uploads\/sites\/33\/2018\/03\/Scandic-Uppsala-Nord-300x200.jpg 300w, https:\/\/appsinmed.com\/sfog2018\/wp-content\/uploads\/sites\/33\/2018\/03\/Scandic-Uppsala-Nord.jpg 400w\" sizes=\"(max-width: 260px) 100vw, 260px\" \/>\u00a0 <img loading=\"lazy\" class=\"alignnone size-full wp-image-3076\" src=\"http:\/\/www.sfogveckan.se\/wp-content\/uploads\/sites\/33\/2018\/03\/rum-uppsala-nord.jpg\" alt=\"\" width=\"262\" height=\"192\" \/>\n\t\t\t\t<\/div><div class='clear'><\/div><\/p>\n<p>[\/et_pb_text][\/et_pb_column][\/et_pb_row][et_pb_row][et_pb_column type=&#8221;4_4&#8243;][et_pb_divider _builder_version=&#8221;3.0.72&#8243; show_divider=&#8221;on&#8221; divider_style=&#8221;solid&#8221; divider_position=&#8221;top&#8221; hide_on_mobile=&#8221;on&#8221; color=&#8221;#000000&#8243; \/][et_pb_text admin_label=&#8221;Hotel Scandic Uplandia&#8221; _builder_version=&#8221;3.0.72&#8243; background_layout=&#8221;light&#8221; text_orientation=&#8221;left&#8221; border_style=&#8221;solid&#8221;] <div class='two_third'>\n\t\t\t\t\t<strong>Hotel Scandic Uplandia\u00a0 \u00a0 \u00a0 \u00a0 \u00a0 \u00a0 \u00a0 \u00a0 \u00a0 \u00a0 \u00a0 \u00a0 \u00a0 \u00a0 \u00a0 \u00a0 \u00a0 \u00a0 \u00a0 \u00a0 \u00a0 \u00a0 \u00a0 \u00a0 \u00a0 \u00a0 \u00a0 \u00a0 \u00a0 \u00a0 \u00a0 \u00a0 \u00a0 \u00a0 \u00a0 \u00a0 \u00a0 \u00a0 \u00a0 \u00a0 \u00a0 \u00a0 \u00a0 \u00a0 \u00a0 \u00a0 \u00a0 \u00a0 \u00a0 \u00a0 \u00a0 \u00a0 \u00a0 \u00a0 \u00a0 \u00a0 \u00a0 \u00a0 \u00a0 \u00a0 \u00a0 \u00a0 \u00a0 \u00a0 \u00a0 \u00a0 \u00a0 \u00a0 \u00a0 \u00a0 \u00a0 \u00a0 \u00a0 \u00a0 <\/strong>Adress: Dragarbrunnsgatan 32, 753 20 Uppsala<\/p>\n<p>H\u00e4r bor man mitt i stan bland charmiga shoppingstr\u00e5k, n\u00e4ra till kommunikationer, sev\u00e4rdheter och restauranger. Bekv\u00e4ma rum med luftkonditionering och fri WIFI. Avnjut en m\u00e5ltid i hotellets restaurang d\u00e4r det serveras svenska r\u00e4tter med internationella inslag. Koppla av i relaxavdelningen f\u00f6r att sedan vakna upp till en v\u00e4lsmakande buff\u00e9.<\/p>\n<p><strong>Pris Enkelrum: 1590 kr\u00a0 \u00a0 \u00a0 \u00a0 \u00a0 \u00a0 \u00a0 \u00a0 \u00a0 \u00a0 \u00a0 \u00a0 \u00a0 \u00a0 \u00a0 \u00a0 \u00a0 \u00a0 \u00a0 \u00a0 \u00a0 \u00a0 \u00a0 \u00a0 \u00a0 \u00a0 \u00a0 \u00a0 \u00a0 \u00a0 \u00a0 \u00a0 \u00a0 \u00a0 \u00a0 \u00a0 \u00a0 \u00a0 \u00a0 \u00a0 \u00a0 \u00a0 \u00a0 \u00a0 \u00a0 \u00a0 \u00a0 \u00a0 \u00a0 \u00a0 \u00a0 \u00a0 \u00a0 \u00a0 \u00a0 \u00a0 \u00a0 \u00a0 \u00a0 \u00a0 \u00a0 \u00a0 \u00a0 \u00a0 \u00a0 \u00a0 \u00a0 \u00a0 \u00a0 \u00a0 \u00a0 \u00a0 \u00a0 \u00a0 \u00a0 <\/strong><strong>Pris Dubbelrum: 1790 kr<\/strong><\/p>\n\t\t\t\t<\/div><div class='one_third et_column_last'>\n\t\t\t\t\t<p><img loading=\"lazy\" class=\"alignnone wp-image-3077\" src=\"http:\/\/www.sfogveckan.se\/wp-content\/uploads\/sites\/33\/2018\/03\/Scandic-Uplandia-300x220.jpg\" alt=\"\" width=\"261\" height=\"191\" srcset=\"https:\/\/appsinmed.com\/sfog2018\/wp-content\/uploads\/sites\/33\/2018\/03\/Scandic-Uplandia-300x220.jpg 300w, https:\/\/appsinmed.com\/sfog2018\/wp-content\/uploads\/sites\/33\/2018\/03\/Scandic-Uplandia-768x563.jpg 768w, https:\/\/appsinmed.com\/sfog2018\/wp-content\/uploads\/sites\/33\/2018\/03\/Scandic-Uplandia.jpg 1024w\" sizes=\"(max-width: 261px) 100vw, 261px\" \/>\u00a0 <img loading=\"lazy\" class=\"alignnone wp-image-3078\" src=\"http:\/\/www.sfogveckan.se\/wp-content\/uploads\/sites\/33\/2018\/03\/Scandic-Uplandia-Interior-Twin-room-floor-4-300x200.jpg\" alt=\"\" width=\"263\" height=\"175\" srcset=\"https:\/\/appsinmed.com\/sfog2018\/wp-content\/uploads\/sites\/33\/2018\/03\/Scandic-Uplandia-Interior-Twin-room-floor-4-300x200.jpg 300w, https:\/\/appsinmed.com\/sfog2018\/wp-content\/uploads\/sites\/33\/2018\/03\/Scandic-Uplandia-Interior-Twin-room-floor-4-768x512.jpg 768w, https:\/\/appsinmed.com\/sfog2018\/wp-content\/uploads\/sites\/33\/2018\/03\/Scandic-Uplandia-Interior-Twin-room-floor-4.jpg 770w\" sizes=\"(max-width: 263px) 100vw, 263px\" \/>\n\t\t\t\t<\/div><div class='clear'><\/div> [\/et_pb_text][\/et_pb_column][\/et_pb_row][et_pb_row][et_pb_column type=&#8221;4_4&#8243;][et_pb_divider _builder_version=&#8221;3.0.72&#8243; show_divider=&#8221;on&#8221; divider_style=&#8221;solid&#8221; divider_position=&#8221;top&#8221; hide_on_mobile=&#8221;on&#8221; color=&#8221;#000000&#8243; \/][et_pb_text admin_label=&#8221;Stella&#8221; _builder_version=&#8221;3.0.72&#8243; background_layout=&#8221;light&#8221; text_orientation=&#8221;left&#8221; border_style=&#8221;solid&#8221;] <div class='two_third'>\n\t\t\t\t\t<strong>Hotell Stella\u00a0 \u00a0 \u00a0 \u00a0 \u00a0 \u00a0 \u00a0 \u00a0 \u00a0 \u00a0 \u00a0 \u00a0 \u00a0 \u00a0 \u00a0 \u00a0 \u00a0 \u00a0 \u00a0 \u00a0 \u00a0 \u00a0 \u00a0 \u00a0 \u00a0 \u00a0 \u00a0 \u00a0 \u00a0 \u00a0 \u00a0 \u00a0 \u00a0 \u00a0 \u00a0 \u00a0 \u00a0 \u00a0 \u00a0 \u00a0 \u00a0 \u00a0 \u00a0 \u00a0 \u00a0 \u00a0 \u00a0 \u00a0 \u00a0 \u00a0 \u00a0 \u00a0 \u00a0 \u00a0 \u00a0 \u00a0 \u00a0 \u00a0 \u00a0 \u00a0 \u00a0 \u00a0 \u00a0 \u00a0 \u00a0 \u00a0 \u00a0 \u00a0 \u00a0 \u00a0 \u00a0 \u00a0 \u00a0 \u00a0 \u00a0 \u00a0 \u00a0 \u00a0 \u00a0 \u00a0 \u00a0 <\/strong>Adress:St: Johannesgatan 31C,\u00a0752 33\u00a0Uppsala<\/p>\n<p>Hotell Stella \u00e4r\u00a0ett prisv\u00e4rt, fr\u00e4scht hotell med stilren inredning.\u00a0N\u00e4ra Uppsalas klassiska studentkvarter,\u00a0Universitetet och Domkyrkan och det tar mindre \u00e4n tio minuter att promenera till cityk\u00e4rnan. Rummen \u00e4r rymliga, med mycket ljus och det ing\u00e5r frukost i alla rum.<\/p>\n<p><strong>Pris Enkelrum: 890 kr<\/strong><\/p>\n\t\t\t\t<\/div><div class='one_third et_column_last'>\n\t\t\t\t\t<p><img loading=\"lazy\" class=\"alignnone wp-image-3079\" src=\"http:\/\/www.sfogveckan.se\/wp-content\/uploads\/sites\/33\/2018\/03\/stella-1.jpg\" alt=\"\" width=\"266\" height=\"177\" \/>\u00a0 <img loading=\"lazy\" class=\"alignnone wp-image-3080\" src=\"http:\/\/www.sfogveckan.se\/wp-content\/uploads\/sites\/33\/2018\/03\/stella-2.jpg\" alt=\"\" width=\"265\" height=\"176\" \/>\n\t\t\t\t<\/div><div class='clear'><\/div> [\/et_pb_text][\/et_pb_column][\/et_pb_row][\/et_pb_section]<\/p>\n","protected":false},"excerpt":{"rendered":"<p>[et_pb_section bb_built=&#8221;1&#8243;][et_pb_row][et_pb_column type=&#8221;4_4&#8243;][et_pb_post_title _builder_version=&#8221;3.0.72&#8243; title=&#8221;on&#8221; meta=&#8221;off&#8221; author=&#8221;on&#8221; date=&#8221;on&#8221; categories=&#8221;on&#8221; comments=&#8221;on&#8221; featured_image=&#8221;off&#8221; featured_placement=&#8221;below&#8221; parallax_method=&#8221;on&#8221; text_orientation=&#8221;left&#8221; text_color=&#8221;dark&#8221; text_background=&#8221;off&#8221; border_style=&#8221;solid&#8221; \/][et_pb_text _builder_version=&#8221;3.0.72&#8243; background_layout=&#8221;light&#8221; text_orientation=&#8221;left&#8221; border_style=&#8221;solid&#8221;] Det finns ett antal rum reserverade till SFOG-veckan 2018\u00a0p\u00e5 n\u00e5gra v\u00e4l utvalda hotell. Priserna g\u00e4ller per natt och \u00e4r angivna exkl.moms. Rummen finns tillg\u00e4ngliga fr\u00e5n den 26-30\/8 2018.\u00a0Tillg\u00e5ng p\u00e5 hotellrum \u00e4r begr\u00e4nsad och [&hellip;]<\/p>\n","protected":false},"author":34,"featured_media":0,"parent":0,"menu_order":0,"comment_status":"closed","ping_status":"closed","template":"","meta":{"_et_pb_use_builder":"on","_et_pb_old_content":"","_et_gb_content_width":""},"_links":{"self":[{"href":"https:\/\/appsinmed.com\/sfog2018\/wp-json\/wp\/v2\/pages\/2955"}],"collection":[{"href":"https:\/\/appsinmed.com\/sfog2018\/wp-json\/wp\/v2\/pages"}],"about":[{"href":"https:\/\/appsinmed.com\/sfog2018\/wp-json\/wp\/v2\/types\/page"}],"author":[{"embeddable":true,"href":"https:\/\/appsinmed.com\/sfog2018\/wp-json\/wp\/v2\/users\/34"}],"replies":[{"embeddable":true,"href":"https:\/\/appsinmed.com\/sfog2018\/wp-json\/wp\/v2\/comments?post=2955"}],"version-history":[{"count":22,"href":"https:\/\/appsinmed.com\/sfog2018\/wp-json\/wp\/v2\/pages\/2955\/revisions"}],"predecessor-version":[{"id":3446,"href":"https:\/\/appsinmed.com\/sfog2018\/wp-json\/wp\/v2\/pages\/2955\/revisions\/3446"}],"wp:attachment":[{"href":"https:\/\/appsinmed.com\/sfog2018\/wp-json\/wp\/v2\/media?parent=2955"}],"curies":[{"name":"wp","href":"https:\/\/api.w.org\/{rel}","templated":true}]}}