
{"id":2906,"date":"2018-01-08T12:44:16","date_gmt":"2018-01-08T12:44:16","guid":{"rendered":"http:\/\/www.sfogveckan.se\/?page_id=2906"},"modified":"2021-04-13T11:23:43","modified_gmt":"2021-04-13T11:23:43","slug":"kontakt","status":"publish","type":"page","link":"https:\/\/appsinmed.com\/sfog2018\/kontakt\/","title":{"rendered":"Kontakt"},"content":{"rendered":"<p>[et_pb_section bb_built=&#8221;1&#8243; fullwidth=&#8221;on&#8221; specialty=&#8221;off&#8221; _builder_version=&#8221;3.0.72&#8243; custom_css_main_element=&#8221;max-height: 280px;&#8221; next_background_color=&#8221;#000000&#8243;][et_pb_fullwidth_image _builder_version=&#8221;3.0.72&#8243; src=&#8221;http:\/\/www.sfogveckan.se\/wp-content\/uploads\/sites\/33\/2018\/01\/phone.jpg&#8221; show_in_lightbox=&#8221;off&#8221; url_new_window=&#8221;off&#8221; use_overlay=&#8221;off&#8221; border_style=&#8221;solid&#8221; \/][\/et_pb_section][et_pb_section bb_built=&#8221;1&#8243; prev_background_color=&#8221;#000000&#8243;][et_pb_row][et_pb_column type=&#8221;4_4&#8243;][et_pb_post_title _builder_version=&#8221;3.0.72&#8243; title=&#8221;on&#8221; meta=&#8221;off&#8221; author=&#8221;on&#8221; date=&#8221;on&#8221; categories=&#8221;on&#8221; comments=&#8221;on&#8221; featured_image=&#8221;off&#8221; featured_placement=&#8221;below&#8221; parallax_method=&#8221;off&#8221; text_orientation=&#8221;left&#8221; text_color=&#8221;dark&#8221; text_background=&#8221;off&#8221; border_style=&#8221;solid&#8221; \/][et_pb_text _builder_version=&#8221;3.2.2&#8243;]<\/p>\n<p><strong>F\u00f6r praktisk information om konferensen samt fr\u00e5gor g\u00e4llande anm\u00e4lan och eventuella \u00e4ndringar:<\/strong><\/p>\n<p>Meetagain Konferens<br \/>\nE-post:\u00a0<a href=\"mailto:sfogveckan@meetagain.se\">sfogveckan@meetagain.se<\/a><br \/>\nTelefon: 08-664 58 00<\/p>\n<p>&nbsp;<\/p>\n<p><strong>Sponsorer och utst\u00e4llning:<\/strong><br \/>\nKontaktperson: Josefin Lundmark<br \/>\nE-post:\u00a0<a href=\"mailto:sfogveckan@meetagain.se\">sfogveckan@meetagain.se<\/a><br \/>\nTelefon: 08 664 58 00<\/p>\n<p>&nbsp;<\/p>\n<p><strong>Fr\u00e5gor avseende program, f\u00f6redrag, posters:<\/strong><\/p>\n<p>Ansvarig vetenskaplig kommitt\u00e9<br \/>\nMatts Olovsson, Uppsala universitet<br \/>\nEpost:\u00a0<a href=\"mailto:matts.olovsson@kbh.uu.se\">matts.olovsson@kbh.uu.se<\/a><\/p>\n<p>&nbsp;<\/p>\n<p><strong>Ansvarig kongress:<\/strong><br \/>\nMasoumeh Rezapour Isfahani, Akademiska sjukhuset, Kvinnosjukv\u00e5rden<br \/>\nEpost:\u00a0<a href=\"mailto:masoumeh.rezapour.isfahani@akademiska.se\">masoumeh.rezapour.isfahani@akademiska.se<\/a><\/p>\n<p style=\"font-weight: 400\">Monica Swensson, administrat\u00f6r Akademiska sjukhuset, Kvinnosjukv\u00e5rden<br \/>\nEpost:\u00a0<a href=\"mailto:monica.swensson@akademiska.se\">monica.swensson@akademiska.se<\/a><br \/>\nTelefon 018-611 58 72<\/p>\n<p><strong>SFOGs Kansli<\/strong><br \/>\nDrottninggatan 55, 2tr<br \/>\nStockholm 111 21<br \/>\nTelefon: 08-440 01 75\u00a0 \u00a0 \u00a0 \u00a0 \u00a0 \u00a0 \u00a0 \u00a0 \u00a0 \u00a0 \u00a0 \u00a0 \u00a0 \u00a0 \u00a0 \u00a0 \u00a0 \u00a0 \u00a0 \u00a0 \u00a0 \u00a0 \u00a0 \u00a0 \u00a0 \u00a0 \u00a0 \u00a0 \u00a0 \u00a0 \u00a0 \u00a0 \u00a0 \u00a0 \u00a0 \u00a0 \u00a0 \u00a0 \u00a0 \u00a0 \u00a0 \u00a0 \u00a0 \u00a0 \u00a0 \u00a0 \u00a0 \u00a0 \u00a0 \u00a0 \u00a0 \u00a0 \u00a0 \u00a0 \u00a0 \u00a0 \u00a0 \u00a0 \u00a0 \u00a0 \u00a0 \u00a0 \u00a0 \u00a0 \u00a0 \u00a0 \u00a0 \u00a0 \u00a0 \u00a0 \u00a0 \u00a0 \u00a0 \u00a0 \u00a0 \u00a0 \u00a0 \u00a0 \u00a0 \u00a0 \u00a0 \u00a0 \u00a0 \u00a0 \u00a0 \u00a0 \u00a0 \u00a0 \u00a0 \u00a0 \u00a0 \u00a0 \u00a0 \u00a0 \u00a0 \u00a0 \u00a0 \u00a0 \u00a0 \u00a0 \u00a0 \u00a0 \u00a0 \u00a0 \u00a0 \u00a0 \u00a0 \u00a0 \u00a0 \u00a0 \u00a0 \u00a0 \u00a0 \u00a0 \u00a0 \u00a0 \u00a0 \u00a0 \u00a0 \u00a0 \u00a0 \u00a0 \u00a0 Epost:<a href=\"mailto:kansliet@sfog.se\">kansliet@sfog.se<\/a><\/p>\n<p>[\/et_pb_text][\/et_pb_column][\/et_pb_row][\/et_pb_section]<\/p>\n","protected":false},"excerpt":{"rendered":"<p>[et_pb_section bb_built=&#8221;1&#8243; fullwidth=&#8221;on&#8221; specialty=&#8221;off&#8221; _builder_version=&#8221;3.0.72&#8243; custom_css_main_element=&#8221;max-height: 280px;&#8221; next_background_color=&#8221;#000000&#8243;][et_pb_fullwidth_image _builder_version=&#8221;3.0.72&#8243; src=&#8221;http:\/\/www.sfogveckan.se\/wp-content\/uploads\/sites\/33\/2018\/01\/phone.jpg&#8221; show_in_lightbox=&#8221;off&#8221; url_new_window=&#8221;off&#8221; use_overlay=&#8221;off&#8221; border_style=&#8221;solid&#8221; \/][\/et_pb_section][et_pb_section bb_built=&#8221;1&#8243; prev_background_color=&#8221;#000000&#8243;][et_pb_row][et_pb_column type=&#8221;4_4&#8243;][et_pb_post_title _builder_version=&#8221;3.0.72&#8243; title=&#8221;on&#8221; meta=&#8221;off&#8221; author=&#8221;on&#8221; date=&#8221;on&#8221; categories=&#8221;on&#8221; comments=&#8221;on&#8221; featured_image=&#8221;off&#8221; featured_placement=&#8221;below&#8221; parallax_method=&#8221;off&#8221; text_orientation=&#8221;left&#8221; text_color=&#8221;dark&#8221; text_background=&#8221;off&#8221; border_style=&#8221;solid&#8221; \/][et_pb_text _builder_version=&#8221;3.2.2&#8243;] F\u00f6r praktisk information om konferensen samt fr\u00e5gor g\u00e4llande anm\u00e4lan och eventuella \u00e4ndringar: Meetagain Konferens E-post:\u00a0sfogveckan@meetagain.se Telefon: 08-664 58 00 &nbsp; Sponsorer [&hellip;]<\/p>\n","protected":false},"author":1,"featured_media":0,"parent":0,"menu_order":0,"comment_status":"closed","ping_status":"closed","template":"","meta":{"_et_pb_use_builder":"on","_et_pb_old_content":"","_et_gb_content_width":""},"_links":{"self":[{"href":"https:\/\/appsinmed.com\/sfog2018\/wp-json\/wp\/v2\/pages\/2906"}],"collection":[{"href":"https:\/\/appsinmed.com\/sfog2018\/wp-json\/wp\/v2\/pages"}],"about":[{"href":"https:\/\/appsinmed.com\/sfog2018\/wp-json\/wp\/v2\/types\/page"}],"author":[{"embeddable":true,"href":"https:\/\/appsinmed.com\/sfog2018\/wp-json\/wp\/v2\/users\/1"}],"replies":[{"embeddable":true,"href":"https:\/\/appsinmed.com\/sfog2018\/wp-json\/wp\/v2\/comments?post=2906"}],"version-history":[{"count":12,"href":"https:\/\/appsinmed.com\/sfog2018\/wp-json\/wp\/v2\/pages\/2906\/revisions"}],"predecessor-version":[{"id":3463,"href":"https:\/\/appsinmed.com\/sfog2018\/wp-json\/wp\/v2\/pages\/2906\/revisions\/3463"}],"wp:attachment":[{"href":"https:\/\/appsinmed.com\/sfog2018\/wp-json\/wp\/v2\/media?parent=2906"}],"curies":[{"name":"wp","href":"https:\/\/api.w.org\/{rel}","templated":true}]}}