
{"id":2868,"date":"2017-12-06T19:59:37","date_gmt":"2017-12-06T19:59:37","guid":{"rendered":"http:\/\/appsinmed.com\/sfog2018\/?page_id=2868"},"modified":"2018-11-16T11:05:55","modified_gmt":"2018-11-16T11:05:55","slug":"information","status":"publish","type":"page","link":"https:\/\/appsinmed.com\/sfog2018\/information\/","title":{"rendered":"Information"},"content":{"rendered":"<p>[et_pb_section bb_built=&#8221;1&#8243; fullwidth=&#8221;off&#8221; specialty=&#8221;off&#8221;][et_pb_row][et_pb_column type=&#8221;4_4&#8243;][et_pb_text admin_label=&#8221;Bild&#8221; _builder_version=&#8221;3.0.72&#8243; background_layout=&#8221;light&#8221; text_orientation=&#8221;left&#8221; border_style=&#8221;solid&#8221;]<\/p>\n<p><img loading=\"lazy\" class=\"alignnone wp-image-2913 size-medium\" src=\"http:\/\/www.sfogveckan.se\/wp-content\/uploads\/sites\/33\/2017\/12\/clip_image001-231x300.jpg\" alt=\"\" width=\"231\" height=\"300\" srcset=\"https:\/\/appsinmed.com\/sfog2018\/wp-content\/uploads\/sites\/33\/2017\/12\/clip_image001-231x300.jpg 231w, https:\/\/appsinmed.com\/sfog2018\/wp-content\/uploads\/sites\/33\/2017\/12\/clip_image001.jpg 647w\" sizes=\"(max-width: 231px) 100vw, 231px\" \/><\/p>\n<p>[\/et_pb_text][et_pb_text _builder_version=&#8221;3.0.72&#8243; background_layout=&#8221;light&#8221; text_orientation=&#8221;left&#8221; border_style=&#8221;solid&#8221;]<\/p>\n<h1>Uppsala Konsert &amp; Kongress (UKK)<\/h1>\n<p>Uppsala Konsert &amp; Kongress \u00e4r en kultur och m\u00f6tesanl\u00e4ggning som ligger centralt i Uppsala, precis intill Resecentrum (t\u00e5g och busstationen). UKK har sedan invigningen 2007 etablerat sig som en av Nordens mest omtalade, uppskattade och framg\u00e5ngsrika m\u00f6tesplatser.<\/p>\n<p>Adress:<br \/>\nVaksala torg 1 (ing\u00e5ng fr\u00e5n Vaksala torg och Storgatan)<br \/>\n753 31 Uppsala<br \/>\nTelefon: +46 18\u00a0727 90 20<br \/>\n<a href=\"http:\/\/www.ukk.se\">www.ukk.se<\/a><\/p>\n<p>[\/et_pb_text][et_pb_text admin_label=&#8221;Karta&#8221; _builder_version=&#8221;3.0.72&#8243; background_layout=&#8221;light&#8221; text_orientation=&#8221;left&#8221; border_style=&#8221;solid&#8221;] <iframe style=\"border: 0;\" src=\"https:\/\/www.google.com\/maps\/embed?pb=!1m18!1m12!1m3!1d2003.2789797439775!2d17.645830599999996!3d59.861113700000004!2m3!1f0!2f0!3f0!3m2!1i1024!2i768!4f13.1!3m3!1m2!1s0x0%3A0x3a62dd12e70bc02e!2sUppsala+Concert+%26+Congress!5e0!3m2!1sen!2sse!4v1515416269590\" width=\"600\" height=\"450\" frameborder=\"0\" allowfullscreen=\"allowfullscreen\"><\/iframe> [\/et_pb_text][et_pb_text _builder_version=&#8221;3.0.72&#8243; background_layout=&#8221;light&#8221; text_orientation=&#8221;left&#8221; border_style=&#8221;solid&#8221;]<\/p>\n<h2><strong>Hitta till Uppsala Konsert &amp; Kongress (UKK)<\/strong><\/h2>\n<h3><strong>Kommunikationer<\/strong><\/h3>\n<p>Resecentrum, bussh\u00e5llplatser, parkeringar och hotell ligger inom g\u00e5ngavst\u00e5nd fr\u00e5n Uppsala Konsert &amp; Kongress. Flera t\u00e5g- och busslinjer anknyter Uppsala med resten av landet och regionen, Arlanda n\u00e5s p\u00e5 18 minuter med t\u00e5g, till Stockholms Central tar det dryga halvtimmen. Pendelt\u00e5gslinjen k\u00f6r hela str\u00e4ckan G\u00e4vle-Uppsala-\u00c4lvsj\u00f6. Via E 4:an och andra st\u00f6rre trafikleder tar du dig med bil och buss till centrala Uppsala.<\/p>\n<h3><strong>Buss- och t\u00e5gtrafik<\/strong><\/h3>\n<p>Resecentrum och bussh\u00e5llplatser ligger inom g\u00e5ngavst\u00e5nd fr\u00e5n Uppsala Konsert &amp; Kongress.<br \/>\nUpplands lokaltrafik (UL) tidtabeller och information: <a href=\"https:\/\/www.ul.se\/\">www.ul.se<\/a><br \/>\nStockholms lokaltrafik (SL) tidtabeller och information: <a href=\"https:\/\/sl.se\/\">www.sl.se\u00a0<\/a><br \/>\nSJ tidtabeller och information:\u00a0<a href=\"https:\/\/www.sj.se\/#\/\">www.sj.se<\/a><\/p>\n<h3><strong>Parkering<\/strong><\/h3>\n<p>UKK har ingen egen bes\u00f6ksparkering, men det finns parkeringshus och parkeringsplatser p\u00e5 g\u00e5ngavst\u00e5nd. N\u00e4rmaste parkeringshus \u00e4r <a href=\"http:\/\/uppsalaparkering.se\/vara-parkeringar\/centralgaraget\/\">Centralgaraget<\/a>. Mer information om parkering i omr\u00e5det finns hos <a href=\"http:\/\/uppsalaparkering.se\/\">Uppsala Parkering<\/a>.<\/p>\n<p>[\/et_pb_text][\/et_pb_column][\/et_pb_row][\/et_pb_section]<\/p>\n","protected":false},"excerpt":{"rendered":"<p>[et_pb_section bb_built=&#8221;1&#8243; fullwidth=&#8221;off&#8221; specialty=&#8221;off&#8221;][et_pb_row][et_pb_column type=&#8221;4_4&#8243;][et_pb_text admin_label=&#8221;Bild&#8221; _builder_version=&#8221;3.0.72&#8243; background_layout=&#8221;light&#8221; text_orientation=&#8221;left&#8221; border_style=&#8221;solid&#8221;] [\/et_pb_text][et_pb_text _builder_version=&#8221;3.0.72&#8243; background_layout=&#8221;light&#8221; text_orientation=&#8221;left&#8221; border_style=&#8221;solid&#8221;] Uppsala Konsert &amp; Kongress (UKK) Uppsala Konsert &amp; Kongress \u00e4r en kultur och m\u00f6tesanl\u00e4ggning som ligger centralt i Uppsala, precis intill Resecentrum (t\u00e5g och busstationen). UKK har sedan invigningen 2007 etablerat sig som en av Nordens mest omtalade, uppskattade och [&hellip;]<\/p>\n","protected":false},"author":1,"featured_media":0,"parent":0,"menu_order":0,"comment_status":"closed","ping_status":"closed","template":"","meta":{"_et_pb_use_builder":"on","_et_pb_old_content":"","_et_gb_content_width":""},"_links":{"self":[{"href":"https:\/\/appsinmed.com\/sfog2018\/wp-json\/wp\/v2\/pages\/2868"}],"collection":[{"href":"https:\/\/appsinmed.com\/sfog2018\/wp-json\/wp\/v2\/pages"}],"about":[{"href":"https:\/\/appsinmed.com\/sfog2018\/wp-json\/wp\/v2\/types\/page"}],"author":[{"embeddable":true,"href":"https:\/\/appsinmed.com\/sfog2018\/wp-json\/wp\/v2\/users\/1"}],"replies":[{"embeddable":true,"href":"https:\/\/appsinmed.com\/sfog2018\/wp-json\/wp\/v2\/comments?post=2868"}],"version-history":[{"count":4,"href":"https:\/\/appsinmed.com\/sfog2018\/wp-json\/wp\/v2\/pages\/2868\/revisions"}],"predecessor-version":[{"id":3443,"href":"https:\/\/appsinmed.com\/sfog2018\/wp-json\/wp\/v2\/pages\/2868\/revisions\/3443"}],"wp:attachment":[{"href":"https:\/\/appsinmed.com\/sfog2018\/wp-json\/wp\/v2\/media?parent=2868"}],"curies":[{"name":"wp","href":"https:\/\/api.w.org\/{rel}","templated":true}]}}