
{"id":2866,"date":"2017-12-06T19:59:07","date_gmt":"2017-12-06T19:59:07","guid":{"rendered":"http:\/\/appsinmed.com\/sfog2018\/?page_id=2866"},"modified":"2021-09-02T10:32:28","modified_gmt":"2021-09-02T10:32:28","slug":"anmalan-och-priser","status":"publish","type":"page","link":"https:\/\/appsinmed.com\/sfog2018\/anmalan-och-priser\/","title":{"rendered":"Anm\u00e4lan och priser"},"content":{"rendered":"<p>[et_pb_section bb_built=&#8221;1&#8243; fullwidth=&#8221;on&#8221; specialty=&#8221;off&#8221; _builder_version=&#8221;3.0.72&#8243; custom_css_main_element=&#8221;max-height: 280px;&#8221; next_background_color=&#8221;#000000&#8243;][et_pb_fullwidth_image _builder_version=&#8221;3.0.72&#8243; src=&#8221;http:\/\/www.sfogveckan.se\/wp-content\/uploads\/sites\/33\/2017\/12\/bild-registrering-1.jpg&#8221; show_in_lightbox=&#8221;off&#8221; url_new_window=&#8221;off&#8221; use_overlay=&#8221;off&#8221; border_style=&#8221;solid&#8221; \/][\/et_pb_section][et_pb_section bb_built=&#8221;1&#8243; fullwidth=&#8221;off&#8221; specialty=&#8221;off&#8221; prev_background_color=&#8221;#000000&#8243;][et_pb_row][et_pb_column type=&#8221;4_4&#8243;][et_pb_text _builder_version=&#8221;3.0.72&#8243; background_layout=&#8221;light&#8221; text_orientation=&#8221;left&#8221; border_style=&#8221;solid&#8221;]<\/p>\n<h2 style=\"text-align: center\"><\/h2>\n<p>[\/et_pb_text][et_pb_text _builder_version=&#8221;3.2.2&#8243;]<\/p>\n<h4><strong>Deltagaravgift SFOG-veckan 2018<\/strong><\/h4>\n<p>&nbsp;<\/p>\n<h4>Konferensavgift<\/h4>\n<p>Deltagaravgiften g\u00e4ller per dag och det ing\u00e5r konferensprogram, f\u00f6rmiddagsfika, lunch och eftermiddagsfika.<\/p>\n<p>Pris per dag t o m den 15 juni: 1600 kr exklusive moms<br \/>\nPris per dag fr\u00e5n den 16 juni: 2100 kr exklusive moms<\/p>\n<p>&nbsp;<\/p>\n<h4>Kv\u00e4llsaktiviteter<\/h4>\n<p>Bokas i samband med din anm\u00e4lan. Antalet platser \u00e4r begr\u00e4nsade. Boka i god tid f\u00f6r att f\u00f6rs\u00e4kra dig om en plats!<\/p>\n<ul>\n<li>M\u00e5ndag 27 augusti\u00a0\u2013 Get-together p\u00e5 UKK \u00a0 \u2013 150 kr exklusive moms<\/li>\n<li>Tisdag 28 augusti \u2013 Studentikos afton, arrangeras i samarbete med OGU \u2013 400 kr exklusive moms<\/li>\n<li>Onsdag 29 augusti \u2013 Konferensmiddag p\u00e5 Uppsala Slott \u2013 650 kr exklusive moms<\/li>\n<\/ul>\n<p>&nbsp;<\/p>\n<h4>Hotell<\/h4>\n<p>Det finns ett antal rum reserverade f\u00f6r deltagare p\u00e5 SFOG-veckan p\u00e5 n\u00e5gra v\u00e4l utvalda hotell i Uppsala under perioden\u00a026-30 augusti\u00a02018.\u00a0Tillg\u00e5ng p\u00e5 hotellrum \u00e4r begr\u00e4nsad och principen \u201df\u00f6rst till kvarn\u201d g\u00e4ller.<\/p>\n<p>L\u00e4s\u00a0<a id=\"m_8605613870954226951LPlnk755312\" href=\"https:\/\/www.delegia.com\/app\/attendee\/default.asp?PageId=70192&amp;MenuItemId=69892&amp;ProjectId=12051\" target=\"_blank\" rel=\"noopener noreferrer\">mer om hotellen samt priser\u00a0<\/a><\/p>\n<p>Hotellrum bokas i samband med din anm\u00e4lan.<\/p>\n<p>&nbsp;<\/p>\n<h4>Avbokningsvillkor<\/h4>\n<p>Det \u00e4r m\u00f6jligt att avboka ditt konferensdeltagande fram till den 31 maj 2018 mot en avbokningskostnad p\u00e5 300 kronor exklusive moms. Efter detta datum \u00e4r bokningen bindande men kan \u00f6verl\u00e5tas till en kollega. Namnbyte ska meddelas till konferensbyr\u00e5n\u00a0Meetagain innan konferensen. Dessa avbokningsvillkor g\u00e4ller \u00e4ven f\u00f6r de sociala aktiviteterna. S\u00e4rskilda avbokningsvillkor g\u00e4ller f\u00f6r bokad logi.<\/p>\n<p>&nbsp;<\/p>\n<h4>Fr\u00e5gor?<\/h4>\n<p>Om du har fr\u00e5gor g\u00e4llande priser,\u00a0anm\u00e4lan, hotell v\u00e4nligen kontakta konferensbyr\u00e5n Meetagain.<\/p>\n<p>Telefon: 08-664 58 00<br \/>\nEpost:\u00a0<a href=\"mailto:sfogveckan@meetagain.se\">sfogveckan@meetagain.se<\/a><\/p>\n<p>[\/et_pb_text][et_pb_button _builder_version=&#8221;3.0.72&#8243; button_text=&#8221;Anm\u00e4lan \u00e4r \u00f6ppen &#8211; registrera dig h\u00e4r!&#8221; button_url=&#8221;https:\/\/www.delegia.com\/app\/attendee\/new_registration.asp?ProjectId=12051&amp;reglineNo=20&amp;ReglineId=60271&amp;ReglinePageNo=1&amp;edit=off&amp;clear=yes&amp;LanguageId=1&#8243; url_new_window=&#8221;on&#8221; button_alignment=&#8221;left&#8221; background_layout=&#8221;light&#8221; custom_button=&#8221;on&#8221; button_letter_spacing=&#8221;0&#8243; button_icon_placement=&#8221;right&#8221; button_letter_spacing_hover=&#8221;0&#8243; button_text_color=&#8221;#ffffff&#8221; button_bg_color=&#8221;#0099d1&#8243; disabled=&#8221;off&#8221; disabled_on=&#8221;off|off|off&#8221; \/][\/et_pb_column][\/et_pb_row][et_pb_row _builder_version=&#8221;3.0.72&#8243; background_repeat_1=&#8221;no-repeat&#8221; disabled=&#8221;on&#8221; disabled_on=&#8221;on|on|on&#8221;][et_pb_column type=&#8221;4_4&#8243;][et_pb_button _builder_version=&#8221;3.0.72&#8243; button_text=&#8221;Anm\u00e4lan \u00e4r \u00f6ppen &#8211; registrera dig h\u00e4r!&#8221; button_url=&#8221;https:\/\/www.delegia.com\/app\/attendee\/new_registration.asp?ProjectId=12051&amp;reglineNo=20&amp;ReglineId=60271&amp;ReglinePageNo=1&amp;edit=off&amp;clear=yes&amp;LanguageId=1&#8243; url_new_window=&#8221;on&#8221; button_alignment=&#8221;left&#8221; background_layout=&#8221;light&#8221; custom_button=&#8221;off&#8221; button_letter_spacing=&#8221;0&#8243; button_icon_placement=&#8221;right&#8221; button_letter_spacing_hover=&#8221;0&#8243; \/][\/et_pb_column][\/et_pb_row][\/et_pb_section]<\/p>\n","protected":false},"excerpt":{"rendered":"<p>[et_pb_section bb_built=&#8221;1&#8243; fullwidth=&#8221;on&#8221; specialty=&#8221;off&#8221; _builder_version=&#8221;3.0.72&#8243; custom_css_main_element=&#8221;max-height: 280px;&#8221; next_background_color=&#8221;#000000&#8243;][et_pb_fullwidth_image _builder_version=&#8221;3.0.72&#8243; src=&#8221;http:\/\/www.sfogveckan.se\/wp-content\/uploads\/sites\/33\/2017\/12\/bild-registrering-1.jpg&#8221; show_in_lightbox=&#8221;off&#8221; url_new_window=&#8221;off&#8221; use_overlay=&#8221;off&#8221; border_style=&#8221;solid&#8221; \/][\/et_pb_section][et_pb_section bb_built=&#8221;1&#8243; fullwidth=&#8221;off&#8221; specialty=&#8221;off&#8221; prev_background_color=&#8221;#000000&#8243;][et_pb_row][et_pb_column type=&#8221;4_4&#8243;][et_pb_text _builder_version=&#8221;3.0.72&#8243; background_layout=&#8221;light&#8221; text_orientation=&#8221;left&#8221; border_style=&#8221;solid&#8221;] [\/et_pb_text][et_pb_text _builder_version=&#8221;3.2.2&#8243;] Deltagaravgift SFOG-veckan 2018 &nbsp; Konferensavgift Deltagaravgiften g\u00e4ller per dag och det ing\u00e5r konferensprogram, f\u00f6rmiddagsfika, lunch och eftermiddagsfika. Pris per dag t o m den 15 juni: 1600 kr exklusive [&hellip;]<\/p>\n","protected":false},"author":1,"featured_media":0,"parent":0,"menu_order":0,"comment_status":"closed","ping_status":"closed","template":"","meta":{"_et_pb_use_builder":"on","_et_pb_old_content":"","_et_gb_content_width":""},"_links":{"self":[{"href":"https:\/\/appsinmed.com\/sfog2018\/wp-json\/wp\/v2\/pages\/2866"}],"collection":[{"href":"https:\/\/appsinmed.com\/sfog2018\/wp-json\/wp\/v2\/pages"}],"about":[{"href":"https:\/\/appsinmed.com\/sfog2018\/wp-json\/wp\/v2\/types\/page"}],"author":[{"embeddable":true,"href":"https:\/\/appsinmed.com\/sfog2018\/wp-json\/wp\/v2\/users\/1"}],"replies":[{"embeddable":true,"href":"https:\/\/appsinmed.com\/sfog2018\/wp-json\/wp\/v2\/comments?post=2866"}],"version-history":[{"count":22,"href":"https:\/\/appsinmed.com\/sfog2018\/wp-json\/wp\/v2\/pages\/2866\/revisions"}],"predecessor-version":[{"id":3465,"href":"https:\/\/appsinmed.com\/sfog2018\/wp-json\/wp\/v2\/pages\/2866\/revisions\/3465"}],"wp:attachment":[{"href":"https:\/\/appsinmed.com\/sfog2018\/wp-json\/wp\/v2\/media?parent=2866"}],"curies":[{"name":"wp","href":"https:\/\/api.w.org\/{rel}","templated":true}]}}