
{"id":2864,"date":"2017-12-06T19:58:36","date_gmt":"2017-12-06T19:58:36","guid":{"rendered":"http:\/\/appsinmed.com\/sfog2018\/?page_id=2864"},"modified":"2018-11-16T10:48:17","modified_gmt":"2018-11-16T10:48:17","slug":"abstract","status":"publish","type":"page","link":"https:\/\/appsinmed.com\/sfog2018\/abstract\/","title":{"rendered":"Abstract"},"content":{"rendered":"<p>[et_pb_section bb_built=&#8221;1&#8243; fullwidth=&#8221;off&#8221; specialty=&#8221;off&#8221; _builder_version=&#8221;3.0.72&#8243; disabled=&#8221;off&#8221; disabled_on=&#8221;off|off|off&#8221;][et_pb_row][et_pb_column type=&#8221;4_4&#8243;][et_pb_post_title _builder_version=&#8221;3.0.72&#8243; title=&#8221;on&#8221; meta=&#8221;off&#8221; author=&#8221;on&#8221; date=&#8221;on&#8221; categories=&#8221;on&#8221; comments=&#8221;on&#8221; featured_image=&#8221;off&#8221; featured_placement=&#8221;below&#8221; parallax_method=&#8221;on&#8221; text_orientation=&#8221;left&#8221; text_color=&#8221;dark&#8221; text_background=&#8221;off&#8221; border_style=&#8221;solid&#8221; saved_tabs=&#8221;all&#8221; global_module=&#8221;2989&#8243; \/][et_pb_button _builder_version=&#8221;3.0.72&#8243; button_text=&#8221;Skicka in abstract&#8221; button_url=&#8221;http:\/\/www.appinconf.com\/kas\/Abstract?projectName=sfog2018&#8243; url_new_window=&#8221;on&#8221; button_alignment=&#8221;left&#8221; background_layout=&#8221;dark&#8221; custom_button=&#8221;on&#8221; button_bg_color=&#8221;#2097d2&#8243; button_border_color=&#8221;#2097d2&#8243; button_letter_spacing=&#8221;0&#8243; button_icon_placement=&#8221;right&#8221; button_letter_spacing_hover=&#8221;0&#8243; \/][et_pb_text admin_label=&#8221;Datum&#8221; _builder_version=&#8221;3.0.72&#8243; background_layout=&#8221;light&#8221; text_orientation=&#8221;left&#8221; border_style=&#8221;solid&#8221;]<\/p>\n<p><strong>Viktiga datum<\/strong><br \/>\n9 maj 2018 &#8211; Deadline abstractinskickning<br \/>\n25 maj 2018 &#8211; Besked skickas ut<\/p>\n<p>[\/et_pb_text][et_pb_text _builder_version=&#8221;3.0.72&#8243; background_layout=&#8221;light&#8221; text_orientation=&#8221;left&#8221; border_style=&#8221;solid&#8221;]<\/p>\n<p>Alla medlemmar i SFOG kan skicka in abstrakt till SFOG veckan. S\u00e5 kan \u00e4ven barnmorskor g\u00f6ra. Andra som inte \u00e4r medlemmar, men som har en medf\u00f6rfattare som \u00e4r medlem i SFOG, har r\u00e4tt att skicka in abstrakt. Om ingen \u00e4r medlem i SFOG b\u00f6r vederb\u00f6rande ta kontakt med vetenskapliga sekreteraren f\u00f6r att diskutera detta.<\/p>\n<p>Abstrakten kan skrivas p\u00e5 engelska eller svenska.<\/p>\n<p>Bed\u00f6mning av abstrakten g\u00f6rs av Vetenskapsn\u00e4mnden som best\u00e5r av\u00a0\u00e5tta medlemmar, en fr\u00e5n varje universitet, f\u00f6rutom den vetenskapliga sekreteraren i SFOG. Medlemmarna \u00e4r idag; Christina Bergh G\u00f6teborg, Kristina Gemzell Danielsson Stockholm (KI), Matts Olovsson Uppsala, Kerstin Nilsson \u00d6rebro, Stefan Hansson Malm\u00f6\/Lund, Preben Kj\u00f6lhede Link\u00f6ping och Ingrid Mogren Ume\u00e5.<\/p>\n<p>I bed\u00f6mningen ges abstraktet po\u00e4ng f\u00f6r vetenskaplig kvalitet (0\u20135 po\u00e4ng), klinisk relevans (0\u20133 po\u00e4ng) och originalitet\/nyt\u00e4nkande (0\u20133 po\u00e4ng). Varje abstrakt kan maximalt f\u00e5 11 po\u00e4ng. \u00a0Arbeten som inte kan presentera n\u00e5gra resultat eller i annat avseende \u00e4r ofullst\u00e4ndiga kan inte bed\u00f6mas enligt detta och kommer d\u00e4rf\u00f6r inte accepteras. Bed\u00f6mningen g\u00f6rs anonymt p\u00e5 s\u00e5 vis att namn och ort p\u00e5 f\u00f6rfattarna inte syns vid bed\u00f6mningen.<\/p>\n<p>Vid inl\u00e4mnandet ska anges om man vill ha sin presentation som fritt f\u00f6redrag eller poster.<\/p>\n<p>Vetenskapsn\u00e4mnden avg\u00f6r vilka som erbjuds m\u00f6jligheten att presentera sitt arbete som ett fritt f\u00f6redrag utifr\u00e5n \u00e4mne, kvalitet och nyhetsv\u00e4rde.\u00a0 Detta erbjudande ges till sex arbeten inom obstetrik och sex arbeten inom gynekologi\/reproduktionsmedicin. Obstetrik kommer att presenteras p\u00e5 m\u00e5ndag och gynekologi\/reproduktionsmedicin p\u00e5 tisdag.\u00a0 Den f\u00f6rsta bilden efter rubriken skall vara en bild som visar eventuella j\u00e4v, bilden finns att h\u00e4mta p\u00e5 SFOG\u2019s hemsida under j\u00e4v, <a href=\"https:\/\/www.sfog.se\/media\/230912\/javsw.pptx\">h\u00e4r<\/a>.<\/p>\n<p>De \u00f6vriga abstrakten kommer att erbjudas m\u00f6jlighet att presenteras som poster. Dessa kan med f\u00f6rdel sitta uppe hela veckan, men postervisning har tilldelats en timme i programmet under tisdagen d\u00e5 ingen annan parallell aktivitet p\u00e5g\u00e5r. Det f\u00f6ruts\u00e4tts att alla posterf\u00f6rfattare n\u00e4rvarar vid sin poster f\u00f6r diskussion under postervisningen som \u00e4r efter lunch p\u00e5 tisdagen. Enligt planeringen skall det finnas gott om plats runt varje poster. N\u00e5gon post-presentation kommer inte att f\u00f6rekomma. Det sker heller ingen uppdelning i gynekologi\/obstetrik. Det inneb\u00e4r att skickar ni in ett abstrakt skall ni planera att vara p\u00e5 plats under tisdag.\u00a0 Posterns max-storlek \u00e4r 95 cm bred och 120 cm h\u00f6g. Material f\u00f6r upps\u00e4ttning av poster tillhandah\u00e5lls av organisat\u00f6rerna.\u00a0F\u00f6r att visa p\u00e5 eventuella j\u00e4v finns en\u00a0bild p\u00e5 SFOG\u2019s hemsida som kan s\u00e4ttas i ett h\u00f6rn av postern.<\/p>\n<p>Abstrakten f\u00e5r inneh\u00e5lla max 250 ord och skall skrivas med rubriker:<\/p>\n<ul>\n<li>Inledning<\/li>\n<li>Metod<\/li>\n<li>Resultat<\/li>\n<li>Diskussion<\/li>\n<\/ul>\n<p>Varje \u00e5r utses b\u00e4sta poster och b\u00e4sta f\u00f6redrag som erh\u00e5ller ett pris. F\u00f6r att kunna vinna detta m\u00e5ste vederb\u00f6rande vara medlem i SFOG eller medlem av barnmorskef\u00f6rbundet.<\/p>\n<p>Till skillnad fr\u00e5n tidigare \u00e5r skall ST-l\u00e4kare som har gjort ett ST-projekt skicka in abstrakt i abstrakt-hanterings-systemet som alla andra, dock skall det anges att det \u00e4r ett ST-arbete. Skulle ST-arbetet bli utvalt som b\u00e4sta ST-arbete kommer detta att presenteras under en speciell programpunkt. 2\u00a0andra arbeten kommer att presenteras m\u00e5ndag och tisdag.<\/p>\n<p><strong>Deadline f\u00f6r inskickade abstrakt \u00e4r den 9 maj<\/strong> (inga abstrakt kan tas emot efter detta datum) Senast fredagen den 25 maj f\u00e5r ni besked om abstraktet har accepterats. Den 15 juni \u00e4r sista dagen f\u00f6r att anm\u00e4la sig till SFOG veckan med reducerad avgift.<\/p>\n<p>P-G Larsson<br \/>\nVetenskaplig sekreterare i SFOG<\/p>\n<p>&nbsp;<\/p>\n<p>[\/et_pb_text][\/et_pb_column][\/et_pb_row][\/et_pb_section][et_pb_section bb_built=&#8221;1&#8243; fullwidth=&#8221;off&#8221; specialty=&#8221;off&#8221; _builder_version=&#8221;3.0.72&#8243; disabled=&#8221;on&#8221; disabled_on=&#8221;on|on|on&#8221;][et_pb_row][et_pb_column type=&#8221;4_4&#8243;][et_pb_blurb _builder_version=&#8221;3.0.72&#8243; title=&#8221;Mer information kommer&#8221; url_new_window=&#8221;off&#8221; use_icon=&#8221;on&#8221; font_icon=&#8221;%%138%%&#8221; use_circle=&#8221;off&#8221; use_circle_border=&#8221;off&#8221; icon_placement=&#8221;top&#8221; use_icon_font_size=&#8221;off&#8221; background_layout=&#8221;light&#8221; border_style=&#8221;solid&#8221; saved_tabs=&#8221;all&#8221; use_background_color_gradient=&#8221;off&#8221; background_color_gradient_start=&#8221;#2b87da&#8221; background_color_gradient_end=&#8221;#29c4a9&#8243; background_color_gradient_type=&#8221;linear&#8221; background_color_gradient_direction=&#8221;180deg&#8221; background_color_gradient_direction_radial=&#8221;center&#8221; background_color_gradient_start_position=&#8221;0%&#8221; background_color_gradient_end_position=&#8221;100%&#8221; parallax=&#8221;off&#8221; parallax_method=&#8221;on&#8221; background_size=&#8221;cover&#8221; background_position=&#8221;center&#8221; background_repeat=&#8221;no-repeat&#8221; background_blend=&#8221;normal&#8221; allow_player_pause=&#8221;off&#8221; icon_color=&#8221;#1096d4&#8243; circle_color=&#8221;#7EBEC5&#8243; circle_border_color=&#8221;#7EBEC5&#8243; icon_font_size=&#8221;96px&#8221; icon_font_size_tablet=&#8221;96px&#8221; icon_font_size_phone=&#8221;96px&#8221; text_orientation=&#8221;center&#8221; header_font=&#8221;||||&#8221; header_font_size=&#8221;18&#8243; header_font_size_tablet=&#8221;18&#8243; header_font_size_phone=&#8221;18&#8243; header_text_color=&#8221;#00234f&#8221; header_letter_spacing=&#8221;0px&#8221; header_letter_spacing_tablet=&#8221;0px&#8221; header_letter_spacing_phone=&#8221;0px&#8221; header_line_height=&#8221;1em&#8221; header_line_height_tablet=&#8221;1em&#8221; header_line_height_phone=&#8221;1em&#8221; body_font=&#8221;||||&#8221; body_font_size=&#8221;14&#8243; body_font_size_tablet=&#8221;14&#8243; body_font_size_phone=&#8221;14&#8243; body_letter_spacing=&#8221;0px&#8221; body_letter_spacing_tablet=&#8221;0px&#8221; body_letter_spacing_phone=&#8221;0px&#8221; body_line_height=&#8221;1.7em&#8221; body_line_height_tablet=&#8221;1.7em&#8221; body_line_height_phone=&#8221;1.7em&#8221; use_border_color=&#8221;off&#8221; border_color=&#8221;#ffffff&#8221; border_width=&#8221;1px&#8221; animation_style=&#8221;none&#8221; animation_repeat=&#8221;once&#8221; animation_direction=&#8221;center&#8221; animation_duration=&#8221;1000ms&#8221; animation_delay=&#8221;0ms&#8221; animation_intensity_slide=&#8221;50%&#8221; animation_intensity_zoom=&#8221;50%&#8221; animation_intensity_flip=&#8221;50%&#8221; animation_intensity_fold=&#8221;50%&#8221; animation_intensity_roll=&#8221;50%&#8221; animation_starting_opacity=&#8221;0%&#8221; animation_speed_curve=&#8221;ease-in-out&#8221; animation=&#8221;off&#8221; global_module=&#8221;2860&#8243; \/][\/et_pb_column][\/et_pb_row][\/et_pb_section]<\/p>\n","protected":false},"excerpt":{"rendered":"<p>[et_pb_section bb_built=&#8221;1&#8243; fullwidth=&#8221;off&#8221; specialty=&#8221;off&#8221; _builder_version=&#8221;3.0.72&#8243; disabled=&#8221;off&#8221; disabled_on=&#8221;off|off|off&#8221;][et_pb_row][et_pb_column type=&#8221;4_4&#8243;][et_pb_post_title _builder_version=&#8221;3.0.72&#8243; title=&#8221;on&#8221; meta=&#8221;off&#8221; author=&#8221;on&#8221; date=&#8221;on&#8221; categories=&#8221;on&#8221; comments=&#8221;on&#8221; featured_image=&#8221;off&#8221; featured_placement=&#8221;below&#8221; parallax_method=&#8221;on&#8221; text_orientation=&#8221;left&#8221; text_color=&#8221;dark&#8221; text_background=&#8221;off&#8221; border_style=&#8221;solid&#8221; saved_tabs=&#8221;all&#8221; global_module=&#8221;2989&#8243; \/][et_pb_button _builder_version=&#8221;3.0.72&#8243; button_text=&#8221;Skicka in abstract&#8221; button_url=&#8221;http:\/\/www.appinconf.com\/kas\/Abstract?projectName=sfog2018&#8243; url_new_window=&#8221;on&#8221; button_alignment=&#8221;left&#8221; background_layout=&#8221;dark&#8221; custom_button=&#8221;on&#8221; button_bg_color=&#8221;#2097d2&#8243; button_border_color=&#8221;#2097d2&#8243; button_letter_spacing=&#8221;0&#8243; button_icon_placement=&#8221;right&#8221; button_letter_spacing_hover=&#8221;0&#8243; \/][et_pb_text admin_label=&#8221;Datum&#8221; _builder_version=&#8221;3.0.72&#8243; background_layout=&#8221;light&#8221; text_orientation=&#8221;left&#8221; border_style=&#8221;solid&#8221;] Viktiga datum 9 maj 2018 &#8211; Deadline abstractinskickning 25 maj [&hellip;]<\/p>\n","protected":false},"author":1,"featured_media":0,"parent":0,"menu_order":0,"comment_status":"closed","ping_status":"closed","template":"","meta":{"_et_pb_use_builder":"on","_et_pb_old_content":"","_et_gb_content_width":""},"_links":{"self":[{"href":"https:\/\/appsinmed.com\/sfog2018\/wp-json\/wp\/v2\/pages\/2864"}],"collection":[{"href":"https:\/\/appsinmed.com\/sfog2018\/wp-json\/wp\/v2\/pages"}],"about":[{"href":"https:\/\/appsinmed.com\/sfog2018\/wp-json\/wp\/v2\/types\/page"}],"author":[{"embeddable":true,"href":"https:\/\/appsinmed.com\/sfog2018\/wp-json\/wp\/v2\/users\/1"}],"replies":[{"embeddable":true,"href":"https:\/\/appsinmed.com\/sfog2018\/wp-json\/wp\/v2\/comments?post=2864"}],"version-history":[{"count":13,"href":"https:\/\/appsinmed.com\/sfog2018\/wp-json\/wp\/v2\/pages\/2864\/revisions"}],"predecessor-version":[{"id":3441,"href":"https:\/\/appsinmed.com\/sfog2018\/wp-json\/wp\/v2\/pages\/2864\/revisions\/3441"}],"wp:attachment":[{"href":"https:\/\/appsinmed.com\/sfog2018\/wp-json\/wp\/v2\/media?parent=2864"}],"curies":[{"name":"wp","href":"https:\/\/api.w.org\/{rel}","templated":true}]}}