
{"id":2862,"date":"2017-12-06T19:58:12","date_gmt":"2017-12-06T19:58:12","guid":{"rendered":"http:\/\/appsinmed.com\/sfog2018\/?page_id=2862"},"modified":"2018-12-07T09:10:04","modified_gmt":"2018-12-07T09:10:04","slug":"sociala-aktiviteter","status":"publish","type":"page","link":"https:\/\/appsinmed.com\/sfog2018\/sociala-aktiviteter\/","title":{"rendered":"Sociala aktiviteter"},"content":{"rendered":"<p>[et_pb_section bb_built=&#8221;1&#8243; _builder_version=&#8221;3.0.72&#8243; background_image=&#8221;http:\/\/www.sfogveckan.se\/wp-content\/uploads\/sites\/33\/2017\/12\/bild-uppsala-2196.jpg&#8221; next_background_color=&#8221;#ffffff&#8221;][et_pb_row _builder_version=&#8221;3.0.47&#8243; background_size=&#8221;initial&#8221; background_position=&#8221;top_left&#8221; background_repeat=&#8221;repeat&#8221;][et_pb_column type=&#8221;4_4&#8243;][et_pb_text background_layout=&#8221;dark&#8221; text_orientation=&#8221;center&#8221; _builder_version=&#8221;3.0.72&#8243; background_size=&#8221;initial&#8221; background_position=&#8221;top_left&#8221; background_repeat=&#8221;repeat&#8221; module_alignment=&#8221;center&#8221;]<\/p>\n<h1 style=\"text-align: center\">Sociala<span style=\"font-size: 36pt;font-family: Georgia, Palatino;color: #ffffff\">\u00a0<\/span>aktiviteter<\/h1>\n<p>[\/et_pb_text][\/et_pb_column][\/et_pb_row][\/et_pb_section][et_pb_section bb_built=&#8221;1&#8243; disabled_on=&#8221;off||&#8221; _builder_version=&#8221;3.0.72&#8243; custom_padding=&#8221;54px|0px|0px|0px&#8221; disabled=&#8221;off&#8221; prev_background_color=&#8221;#000000&#8243; next_background_color=&#8221;#000000&#8243;][et_pb_row _builder_version=&#8221;3.0.47&#8243; background_size=&#8221;initial&#8221; background_position=&#8221;top_left&#8221; background_repeat=&#8221;repeat&#8221;][et_pb_column type=&#8221;4_4&#8243;][et_pb_text admin_label=&#8221;Tabell&#8221; _builder_version=&#8221;3.0.72&#8243; background_layout=&#8221;light&#8221; text_orientation=&#8221;left&#8221; border_style=&#8221;solid&#8221; disabled=&#8221;off&#8221; disabled_on=&#8221;on||&#8221;]<\/p>\n<table style=\"max-width: 100%\">\n<tbody>\n<tr style=\"background-color: #1096d4;color: white\">\n<td>DAG<\/td>\n<td>TID<\/td>\n<td>PLATS<\/td>\n<td>AKTIVITET<\/td>\n<td>INFORMATION<\/td>\n<\/tr>\n<tr>\n<td>M\u00e5ndag<\/td>\n<td>17.30-20.00<\/td>\n<td>Uppsala Konsert &amp; Kongress<\/td>\n<td>Get together<\/td>\n<td>Biljett k\u00f6pes till minglet<\/td>\n<\/tr>\n<tr style=\"background-color: #c5e7f7;height: 30px\">\n<td><\/td>\n<td><\/td>\n<td><\/td>\n<td><\/td>\n<td><\/td>\n<\/tr>\n<tr>\n<td>Tisdag<\/td>\n<td>07.00-07.45<\/td>\n<td>Stadsparken<\/td>\n<td>Yoga<\/td>\n<td>Kostnadsfritt<\/td>\n<\/tr>\n<tr>\n<td><\/td>\n<td>19.00-01.00<\/td>\n<td>\u00d6stg\u00f6ta nation<\/td>\n<td>Studentikos afton<br \/>\nAlla v\u00e4lkomna!<\/td>\n<td>Biljett k\u00f6pes till middag.<\/td>\n<\/tr>\n<tr style=\"background-color: #c5e7f7;height: 30px\">\n<td><\/td>\n<td><\/td>\n<td><\/td>\n<td><\/td>\n<td><\/td>\n<\/tr>\n<tr>\n<td>Onsdag<\/td>\n<td>07.00-07.45<\/td>\n<td>Uppsala city<\/td>\n<td>Joggingtur<\/td>\n<td>Kostnadsfritt<\/td>\n<\/tr>\n<tr>\n<td><\/td>\n<td>19.00-23.59<\/td>\n<td>Rikssalen, Uppsala slott<\/td>\n<td>Middag med dans<\/td>\n<td>Biljett k\u00f6pes till middag<\/td>\n<\/tr>\n<\/tbody>\n<\/table>\n<p>[\/et_pb_text][et_pb_text admin_label=&#8221;Tabell telefon&#8221; _builder_version=&#8221;3.0.72&#8243; background_layout=&#8221;light&#8221; text_orientation=&#8221;left&#8221; border_style=&#8221;solid&#8221; disabled=&#8221;off&#8221; disabled_on=&#8221;|on|on&#8221;]<\/p>\n<p><strong>M\u00e5ndag<br \/>\n<\/strong>17.30-20.00, UKK<br \/>\nGet together mingel, Bubbel och mingelmat<\/p>\n<p><strong>Tisdag<br \/>\n<\/strong>07.00-07.45, Stadsparken<br \/>\nYoga, Kostnadsfritt<\/p>\n<p>19.00-01.00, \u00d6stg\u00f6ta nation<br \/>\nStudentikos afton &#8211; Alla v\u00e4lkomna!, Biljett k\u00f6pes till middag.<\/p>\n<p><strong>Onsdag<br \/>\n<\/strong>07.00-07.45, Uppsala city<br \/>\nJoggingtur, Kostnadsfritt<strong><br \/>\n<\/strong><\/p>\n<p>19.00-23.59,\u00a0Rikssalen, Uppsala slott<br \/>\nMiddag med dans,\u00a0Biljett k\u00f6pes till middag<\/p>\n<p>[\/et_pb_text][\/et_pb_column][\/et_pb_row][\/et_pb_section][et_pb_section bb_built=&#8221;1&#8243; _builder_version=&#8221;3.0.47&#8243; custom_padding=&#8221;0px|0px|54px|0px&#8221; prev_background_color=&#8221;#000000&#8243; next_background_color=&#8221;rgba(12,113,195,0.46)&#8221;][et_pb_row _builder_version=&#8221;3.0.47&#8243; background_size=&#8221;initial&#8221; background_position=&#8221;top_left&#8221; background_repeat=&#8221;repeat&#8221;][et_pb_column type=&#8221;4_4&#8243;][et_pb_text admin_label=&#8221;M\u00c5NDAG 27 AUG&#8221; _builder_version=&#8221;3.0.72&#8243; background_layout=&#8221;light&#8221; text_orientation=&#8221;left&#8221; border_style=&#8221;solid&#8221;]<\/p>\n<p><strong><span style=\"font-size: 24pt\">M\u00c5NDAG 27 AUG<\/span><\/strong><\/p>\n<p>[\/et_pb_text][\/et_pb_column][\/et_pb_row][et_pb_row _builder_version=&#8221;3.0.47&#8243; background_size=&#8221;initial&#8221; background_position=&#8221;top_left&#8221; background_repeat=&#8221;repeat&#8221;][et_pb_column type=&#8221;2_3&#8243;][et_pb_text _builder_version=&#8221;3.2.2&#8243; background_size=&#8221;initial&#8221; background_position=&#8221;top_left&#8221; background_repeat=&#8221;repeat&#8221;]<\/p>\n<p><span style=\"font-size: 18pt\">Get together<\/span><br \/>\nVi avslutar den f\u00f6rsta dagen tillsammans med mingel till utsikten av Uppsalas skyline. En avslappnad kv\u00e4ll till tonerna fr\u00e5n Musikh\u00f6gskolans jazzungdomar. Pris: 150 kr<\/p>\n<p>[\/et_pb_text][\/et_pb_column][et_pb_column type=&#8221;1_3&#8243;][et_pb_image src=&#8221;http:\/\/www.sfogveckan.se\/wp-content\/uploads\/sites\/33\/2018\/03\/\u00e4ndrad-bild.jpg&#8221; _builder_version=&#8221;3.0.72&#8243; animation_direction=&#8221;left&#8221; animation=&#8221;left&#8221; show_in_lightbox=&#8221;off&#8221; url_new_window=&#8221;off&#8221; use_overlay=&#8221;off&#8221; sticky=&#8221;off&#8221; align=&#8221;left&#8221; always_center_on_mobile=&#8221;on&#8221; border_style=&#8221;solid&#8221; force_fullwidth=&#8221;off&#8221; show_bottom_space=&#8221;on&#8221; \/][\/et_pb_column][\/et_pb_row][\/et_pb_section][et_pb_section bb_built=&#8221;1&#8243; background_color=&#8221;rgba(12,113,195,0.46)&#8221; _builder_version=&#8221;3.0.47&#8243; prev_background_color=&#8221;#ffffff&#8221; next_background_color=&#8221;#ffffff&#8221;][et_pb_row _builder_version=&#8221;3.0.47&#8243; background_size=&#8221;initial&#8221; background_position=&#8221;top_left&#8221; background_repeat=&#8221;repeat&#8221;][et_pb_column type=&#8221;4_4&#8243;][et_pb_text admin_label=&#8221;TISDAG 28 AUG&#8221; _builder_version=&#8221;3.0.72&#8243; background_layout=&#8221;light&#8221; text_orientation=&#8221;left&#8221; border_style=&#8221;solid&#8221;]<\/p>\n<p style=\"text-align: left\"><span style=\"color: #ffffff;font-size: 24pt\"><strong>TISDAG 28 AUG<\/strong><\/span><\/p>\n<p>[\/et_pb_text][\/et_pb_column][\/et_pb_row][et_pb_row padding_right_1=&#8221;0px&#8221; padding_left_1=&#8221;0px&#8221; padding_right_2=&#8221;0px&#8221; padding_left_2=&#8221;0px&#8221; padding_right_3=&#8221;0px&#8221; padding_left_3=&#8221;0px&#8221; padding_right_4=&#8221;0px&#8221; padding_left_4=&#8221;0px&#8221; parallax_method_1=&#8221;off&#8221; parallax_method_2=&#8221;off&#8221; parallax_method_3=&#8221;off&#8221; parallax_method_4=&#8221;off&#8221; _builder_version=&#8221;3.0.47&#8243; background_size=&#8221;initial&#8221; background_position=&#8221;top_left&#8221; background_repeat=&#8221;repeat&#8221;][et_pb_column type=&#8221;1_3&#8243;][et_pb_image src=&#8221;http:\/\/www.sfogveckan.se\/wp-content\/uploads\/sites\/33\/2017\/12\/sfog2018_soc_2.png&#8221; _builder_version=&#8221;3.0.72&#8243; animation_direction=&#8221;left&#8221; animation=&#8221;left&#8221; show_bottom_space=&#8221;on&#8221; \/][\/et_pb_column][et_pb_column type=&#8221;2_3&#8243;][et_pb_text _builder_version=&#8221;3.0.72&#8243; background_size=&#8221;initial&#8221; background_position=&#8221;top_left&#8221; background_repeat=&#8221;repeat&#8221;]<\/p>\n<p style=\"text-align: left\"><span style=\"color: #ffffff;font-size: 18pt\">Yoga i stadsparken<\/span><\/p>\n<p style=\"text-align: left\"><span style=\"color: #ffffff\">Starta dagen mjukt, v\u00e4ck kropp och sinne tillsammans med Julia Ilke, yogal\u00e4rare och coach. Yoga reducerar stress, minskar sm\u00e4rta, lugnar sinnet. Kom och ta del av yogans h\u00e4lsof\u00f6rdelar du ocks\u00e5. Ta g\u00e4rna med egen matta om du har m\u00f6jlighet. L\u00e5nematta finns.<\/span><\/p>\n<p>[\/et_pb_text][\/et_pb_column][\/et_pb_row][et_pb_row _builder_version=&#8221;3.0.47&#8243; background_size=&#8221;initial&#8221; background_position=&#8221;top_left&#8221; background_repeat=&#8221;repeat&#8221;][et_pb_column type=&#8221;2_3&#8243;][et_pb_text _builder_version=&#8221;3.0.72&#8243; background_size=&#8221;initial&#8221; background_position=&#8221;top_left&#8221; background_repeat=&#8221;repeat&#8221; background_layout=&#8221;light&#8221; text_orientation=&#8221;left&#8221; border_style=&#8221;solid&#8221;]<\/p>\n<p style=\"text-align: left\"><span style=\"font-size: 18pt;color: #ffffff\">Studentikos afton <\/span><\/p>\n<p style=\"text-align: left\"><span style=\"color: #ffffff\">OGU ordnar en helkv\u00e4ll p\u00e5 anrika \u00d6stg\u00f6ta nation mitt i stan. Middag och nationsgasque utlovas! Kom och upplev en riktig studentafton i studentstaden Uppsala. Alla \u00e4r varmt v\u00e4lkomna! \u00a0 \u00a0 \u00a0 \u00a0 \u00a0 \u00a0 \u00a0 \u00a0 \u00a0 \u00a0 \u00a0 \u00a0 \u00a0 \u00a0 \u00a0 \u00a0 \u00a0 \u00a0 Pris: 450 kr<\/span><\/p>\n<p>[\/et_pb_text][\/et_pb_column][et_pb_column type=&#8221;1_3&#8243;][et_pb_image src=&#8221;http:\/\/www.sfogveckan.se\/wp-content\/uploads\/sites\/33\/2018\/03\/\u00e4ndrad-bild-2.jpg&#8221; _builder_version=&#8221;3.0.72&#8243; animation_direction=&#8221;left&#8221; animation=&#8221;left&#8221; show_in_lightbox=&#8221;off&#8221; url_new_window=&#8221;off&#8221; use_overlay=&#8221;off&#8221; sticky=&#8221;off&#8221; align=&#8221;left&#8221; always_center_on_mobile=&#8221;on&#8221; border_style=&#8221;solid&#8221; force_fullwidth=&#8221;off&#8221; show_bottom_space=&#8221;on&#8221; \/][\/et_pb_column][\/et_pb_row][\/et_pb_section][et_pb_section bb_built=&#8221;1&#8243; _builder_version=&#8221;3.0.47&#8243; prev_background_color=&#8221;rgba(12,113,195,0.46)&#8221;][et_pb_row _builder_version=&#8221;3.0.47&#8243; background_size=&#8221;initial&#8221; background_position=&#8221;top_left&#8221; background_repeat=&#8221;repeat&#8221;][et_pb_column type=&#8221;4_4&#8243;][et_pb_text admin_label=&#8221;ONSDAG 29 AUG&#8221; _builder_version=&#8221;3.0.72&#8243; background_layout=&#8221;light&#8221; text_orientation=&#8221;left&#8221; border_style=&#8221;solid&#8221;]<\/p>\n<p><strong><span style=\"font-size: 24pt\">ONSDAG 29 AUG<\/span><\/strong><\/p>\n<p>[\/et_pb_text][\/et_pb_column][\/et_pb_row][et_pb_row _builder_version=&#8221;3.0.72&#8243; background_size=&#8221;initial&#8221; background_position=&#8221;top_left&#8221; background_repeat=&#8221;repeat&#8221;][et_pb_column type=&#8221;2_3&#8243;][et_pb_text _builder_version=&#8221;3.0.72&#8243; background_size=&#8221;initial&#8221; background_position=&#8221;top_left&#8221; background_repeat=&#8221;repeat&#8221;]<\/p>\n<p><span style=\"font-size: 18pt\">Joggingtur<\/span><\/p>\n<p>Upplev Uppsala i morgonljuset genom en joggingtur tillsammans med Anna-Karin Wikstr\u00f6m, professor, \u00f6verl\u00e4kare och l\u00f6pare. Spring genom Pelle Svansl\u00f6s kvarter, se morgonljuset p\u00e5 Domkyrkan, rusa ner f\u00f6r Carolinabacken och stretcha ut i Engelska parken.<\/p>\n<p>[\/et_pb_text][\/et_pb_column][et_pb_column type=&#8221;1_3&#8243;][et_pb_image src=&#8221;http:\/\/www.sfogveckan.se\/wp-content\/uploads\/sites\/33\/2018\/03\/uppsala-milj\u00f6-e1522148409583.jpg&#8221; _builder_version=&#8221;3.0.72&#8243; animation_direction=&#8221;left&#8221; animation=&#8221;left&#8221; show_in_lightbox=&#8221;off&#8221; url_new_window=&#8221;off&#8221; use_overlay=&#8221;off&#8221; sticky=&#8221;off&#8221; align=&#8221;left&#8221; always_center_on_mobile=&#8221;on&#8221; border_style=&#8221;solid&#8221; force_fullwidth=&#8221;off&#8221; show_bottom_space=&#8221;on&#8221; \/][\/et_pb_column][\/et_pb_row][et_pb_row _builder_version=&#8221;3.0.47&#8243; background_size=&#8221;initial&#8221; background_position=&#8221;top_left&#8221; background_repeat=&#8221;repeat&#8221;][et_pb_column type=&#8221;1_3&#8243;][et_pb_image src=&#8221;http:\/\/www.sfogveckan.se\/wp-content\/uploads\/sites\/33\/2018\/03\/\u00e4ndrad-bild-4.jpg&#8221; _builder_version=&#8221;3.0.72&#8243; animation_direction=&#8221;left&#8221; animation=&#8221;left&#8221; show_in_lightbox=&#8221;off&#8221; url_new_window=&#8221;off&#8221; use_overlay=&#8221;off&#8221; sticky=&#8221;off&#8221; align=&#8221;left&#8221; always_center_on_mobile=&#8221;on&#8221; border_style=&#8221;solid&#8221; force_fullwidth=&#8221;off&#8221; show_bottom_space=&#8221;on&#8221; \/][\/et_pb_column][et_pb_column type=&#8221;2_3&#8243;][et_pb_text _builder_version=&#8221;3.0.72&#8243; background_size=&#8221;initial&#8221; background_position=&#8221;top_left&#8221; background_repeat=&#8221;repeat&#8221; background_layout=&#8221;light&#8221; text_orientation=&#8221;left&#8221; border_style=&#8221;solid&#8221;]<\/p>\n<p><span style=\"font-size: 18pt\">Middag<\/span><\/p>\n<p>Vad \u00e4r v\u00e4l en bal p\u00e5 slottet? V\u00e4lkommen in till Uppsala slott och Rikssalen. Middagen leds av Jacke Sj\u00f6din, k\u00e5s\u00f6r och underh\u00e5llare. Jacke \u00e4r en omtyckt Uppsala-profil som skriver k\u00e5serier, ger egna f\u00f6rest\u00e4llningar och tar uppdrag som detta. Efter middagen dansar vi loss till gruppen Rockford Big Band. Kl\u00e4dsel: Festfin \u00a0 \u00a0 \u00a0 \u00a0 \u00a0 \u00a0 \u00a0 \u00a0 \u00a0 \u00a0 \u00a0 \u00a0 \u00a0 \u00a0 \u00a0 \u00a0 \u00a0 \u00a0 \u00a0 \u00a0 \u00a0 \u00a0 \u00a0 \u00a0 \u00a0 \u00a0 \u00a0 \u00a0 \u00a0 \u00a0 \u00a0 \u00a0 \u00a0 \u00a0 \u00a0 \u00a0 \u00a0 \u00a0 \u00a0 \u00a0 \u00a0 \u00a0 \u00a0 \u00a0 \u00a0 \u00a0 \u00a0 \u00a0 \u00a0 \u00a0 \u00a0 \u00a0 \u00a0 \u00a0 \u00a0 \u00a0 \u00a0 \u00a0 \u00a0 \u00a0 \u00a0 \u00a0 \u00a0 \u00a0 \u00a0 \u00a0 \u00a0 \u00a0 \u00a0 \u00a0 \u00a0 \u00a0 \u00a0 Pris: 650 kr<\/p>\n<p>[\/et_pb_text][\/et_pb_column][\/et_pb_row][\/et_pb_section]<\/p>\n","protected":false},"excerpt":{"rendered":"<p>[et_pb_section bb_built=&#8221;1&#8243; _builder_version=&#8221;3.0.72&#8243; background_image=&#8221;http:\/\/www.sfogveckan.se\/wp-content\/uploads\/sites\/33\/2017\/12\/bild-uppsala-2196.jpg&#8221; next_background_color=&#8221;#ffffff&#8221;][et_pb_row _builder_version=&#8221;3.0.47&#8243; background_size=&#8221;initial&#8221; background_position=&#8221;top_left&#8221; background_repeat=&#8221;repeat&#8221;][et_pb_column type=&#8221;4_4&#8243;][et_pb_text background_layout=&#8221;dark&#8221; text_orientation=&#8221;center&#8221; _builder_version=&#8221;3.0.72&#8243; background_size=&#8221;initial&#8221; background_position=&#8221;top_left&#8221; background_repeat=&#8221;repeat&#8221; module_alignment=&#8221;center&#8221;] Sociala\u00a0aktiviteter [\/et_pb_text][\/et_pb_column][\/et_pb_row][\/et_pb_section][et_pb_section bb_built=&#8221;1&#8243; disabled_on=&#8221;off||&#8221; _builder_version=&#8221;3.0.72&#8243; custom_padding=&#8221;54px|0px|0px|0px&#8221; disabled=&#8221;off&#8221; prev_background_color=&#8221;#000000&#8243; next_background_color=&#8221;#000000&#8243;][et_pb_row _builder_version=&#8221;3.0.47&#8243; background_size=&#8221;initial&#8221; background_position=&#8221;top_left&#8221; background_repeat=&#8221;repeat&#8221;][et_pb_column type=&#8221;4_4&#8243;][et_pb_text admin_label=&#8221;Tabell&#8221; _builder_version=&#8221;3.0.72&#8243; background_layout=&#8221;light&#8221; text_orientation=&#8221;left&#8221; border_style=&#8221;solid&#8221; disabled=&#8221;off&#8221; disabled_on=&#8221;on||&#8221;] DAG TID PLATS AKTIVITET INFORMATION M\u00e5ndag 17.30-20.00 Uppsala Konsert &amp; Kongress Get together Biljett k\u00f6pes till minglet [&hellip;]<\/p>\n","protected":false},"author":1,"featured_media":0,"parent":0,"menu_order":0,"comment_status":"closed","ping_status":"closed","template":"","meta":{"_et_pb_use_builder":"on","_et_pb_old_content":"","_et_gb_content_width":""},"_links":{"self":[{"href":"https:\/\/appsinmed.com\/sfog2018\/wp-json\/wp\/v2\/pages\/2862"}],"collection":[{"href":"https:\/\/appsinmed.com\/sfog2018\/wp-json\/wp\/v2\/pages"}],"about":[{"href":"https:\/\/appsinmed.com\/sfog2018\/wp-json\/wp\/v2\/types\/page"}],"author":[{"embeddable":true,"href":"https:\/\/appsinmed.com\/sfog2018\/wp-json\/wp\/v2\/users\/1"}],"replies":[{"embeddable":true,"href":"https:\/\/appsinmed.com\/sfog2018\/wp-json\/wp\/v2\/comments?post=2862"}],"version-history":[{"count":42,"href":"https:\/\/appsinmed.com\/sfog2018\/wp-json\/wp\/v2\/pages\/2862\/revisions"}],"predecessor-version":[{"id":3453,"href":"https:\/\/appsinmed.com\/sfog2018\/wp-json\/wp\/v2\/pages\/2862\/revisions\/3453"}],"wp:attachment":[{"href":"https:\/\/appsinmed.com\/sfog2018\/wp-json\/wp\/v2\/media?parent=2862"}],"curies":[{"name":"wp","href":"https:\/\/api.w.org\/{rel}","templated":true}]}}