
{"id":2851,"date":"2017-12-04T19:57:00","date_gmt":"2017-12-04T19:57:00","guid":{"rendered":"http:\/\/appsinmed.com\/sfog2018\/?page_id=2851"},"modified":"2018-03-21T11:09:42","modified_gmt":"2018-03-21T11:09:42","slug":"utstallning-och-sponsorskap","status":"publish","type":"page","link":"https:\/\/appsinmed.com\/sfog2018\/utstallning-och-sponsorskap\/","title":{"rendered":"Utst\u00e4llning och sponsorskap"},"content":{"rendered":"<p>[et_pb_section bb_built=&#8221;1&#8243; fullwidth=&#8221;off&#8221; specialty=&#8221;off&#8221;][et_pb_row][et_pb_column type=&#8221;4_4&#8243;][et_pb_post_title _builder_version=&#8221;3.0.72&#8243; title=&#8221;on&#8221; meta=&#8221;off&#8221; author=&#8221;on&#8221; date=&#8221;on&#8221; categories=&#8221;on&#8221; comments=&#8221;on&#8221; featured_image=&#8221;off&#8221; featured_placement=&#8221;below&#8221; parallax_method=&#8221;on&#8221; text_orientation=&#8221;left&#8221; text_color=&#8221;dark&#8221; text_background=&#8221;off&#8221; border_style=&#8221;solid&#8221; \/][et_pb_text _builder_version=&#8221;3.0.72&#8243; background_layout=&#8221;light&#8221; text_orientation=&#8221;left&#8221; border_style=&#8221;solid&#8221;]<\/p>\n<p>I samarbete med Kvinnokliniken vid Akademiska sjukhuset och Institutionen f\u00f6r kvinnors och barns h\u00e4lsa vid Uppsala universitet bjuder SFOG in till SFOG-vecka, 27-30 augusti 2018 som kommer h\u00e5llas vid Uppsala Konsert &amp; Kongress (UKK).<\/p>\n<p>Ni har att se fram emot ett mycket sp\u00e4nnande vetenskapligt och socialt program. Utst\u00e4llningen koncentreras till tv\u00e5 plan som erbjuder stora m\u00f6jligheter till m\u00f6ten med alla deltagare och d\u00e4r b\u00e5de fika samt lunch serveras.<\/p>\n<p><strong>F\u00f6r information om sponsor och utst\u00e4llarpaket se Sponsor och utst\u00e4llarinbjudan (klicka p\u00e5 bilden nedan).<\/strong><\/p>\n<p><a href=\"\/wp-content\/uploads\/sites\/33\/2017\/12\/sponsor-och-ustallarinbjudan-SFOG-veckan-2018.pdf\" target=\"_blank\" rel=\"noopener\"><strong><img loading=\"lazy\" class=\"alignnone size-full wp-image-2935\" src=\"http:\/\/www.sfogveckan.se\/wp-content\/uploads\/sites\/33\/2017\/12\/sfog2018_utstallarinbjudan.jpg\" alt=\"\" width=\"216\" height=\"305\" \/><\/strong><\/a><\/p>\n<p><strong>F\u00f6r att registrera er som sponsor eller utst\u00e4llare <a href=\"https:\/\/www.delegia.com\/sfog2018\/sponsorerochutstallare\">Klicka h\u00e4r!<\/a><\/strong><\/p>\n<p>&nbsp;<\/p>\n<p>Kontakt:<br \/>\nMeetagain Konferens<br \/>\nJosefin Lundmark<br \/>\nE-post:\u00a0<a href=\"mailto:sfogveckan@meetagain.se\" target=\"_blank\" rel=\"noopener\">sfogveckan@meetagain.se<br \/>\n<\/a>Telefon: 08-664 58 00<\/p>\n<p>[\/et_pb_text][\/et_pb_column][\/et_pb_row][\/et_pb_section][et_pb_section bb_built=&#8221;1&#8243; admin_label=&#8221;section&#8221; _builder_version=&#8221;3.0.72&#8243; disabled=&#8221;on&#8221; disabled_on=&#8221;on|on|on&#8221;][et_pb_row admin_label=&#8221;row&#8221; background_position=&#8221;top_left&#8221; background_repeat=&#8221;repeat&#8221; background_size=&#8221;initial&#8221;][et_pb_column type=&#8221;4_4&#8243;][et_pb_text background_layout=&#8221;light&#8221; text_orientation=&#8221;left&#8221; use_border_color=&#8221;off&#8221; border_color=&#8221;#ffffff&#8221; border_style=&#8221;solid&#8221; background_position=&#8221;top_left&#8221; background_repeat=&#8221;repeat&#8221; background_size=&#8221;initial&#8221;]<\/p>\n<h1><strong>Utst\u00e4llning och sponsorskap<\/strong><\/h1>\n<p>SFOG tillsammans\u00a0med Stockholms Kvinnokliniker, v\u00e4lkomnar er som partner och utst\u00e4llare till SFOG-Veckan 28-31 augusti 2017 p\u00e5 M\u00fcnchenbryggeriet i Stockholm.<\/p>\n<p>SFOG-Veckan \u00e4r Sveriges kanske viktigaste m\u00f6tesplats f\u00f6r svenska gynekologer, obstetriker och andra f\u00f6r obstetrik och gynekologiintresserade l\u00e4kare. Syftet \u00e4r att samla branschens alla viktiga intressenter och skapa ett l\u00e4rorik, inspirerande och givande m\u00f6tesprogram. <strong>Intresset f\u00f6r att delta under SFOG veckan har varit v\u00e4ldigt stort och utst\u00e4llningen \u00e4r fullbokad.<\/strong><\/p>\n<p>&nbsp;<\/p>\n<p><a href=\"http:\/\/www.sfogveckan.se\/wp-content\/uploads\/sites\/14\/2016\/11\/Utst%C3%A4llarinbjudan-SFOG.pdf\"><img loading=\"lazy\" class=\"alignnone size-medium wp-image-222\" src=\"https:\/\/appsinmed.com\/sfog2018\/wp-content\/uploads\/sites\/33\/2017\/12\/sfog-exhibitor-1-216x300.png\" alt=\"sfog-exhibitor\" width=\"216\" height=\"300\" \/><\/a><\/p>\n<p>Kontakt:<\/p>\n<p>Meetagain Konferens<br \/>\nCaroline Knies<br \/>\nEpost: <a href=\"mailto:sfogveckan2017@meetagain.se\">sfogveckan2017@meetagain.se<\/a><br \/>\nTelefon: 08-664 58 00<\/p>\n<p>[\/et_pb_text][\/et_pb_column][\/et_pb_row][\/et_pb_section][et_pb_section bb_built=&#8221;1&#8243; fullwidth=&#8221;off&#8221; specialty=&#8221;off&#8221; _builder_version=&#8221;3.0.72&#8243; disabled=&#8221;on&#8221; disabled_on=&#8221;on|on|on&#8221;][et_pb_row][et_pb_column type=&#8221;4_4&#8243;][et_pb_blurb _builder_version=&#8221;3.0.72&#8243; title=&#8221;Mer information kommer&#8221; url_new_window=&#8221;off&#8221; use_icon=&#8221;on&#8221; font_icon=&#8221;%%138%%&#8221; use_circle=&#8221;off&#8221; use_circle_border=&#8221;off&#8221; icon_placement=&#8221;top&#8221; use_icon_font_size=&#8221;off&#8221; background_layout=&#8221;light&#8221; border_style=&#8221;solid&#8221; saved_tabs=&#8221;all&#8221; use_background_color_gradient=&#8221;off&#8221; background_color_gradient_start=&#8221;#2b87da&#8221; background_color_gradient_end=&#8221;#29c4a9&#8243; background_color_gradient_type=&#8221;linear&#8221; background_color_gradient_direction=&#8221;180deg&#8221; background_color_gradient_direction_radial=&#8221;center&#8221; background_color_gradient_start_position=&#8221;0%&#8221; background_color_gradient_end_position=&#8221;100%&#8221; parallax=&#8221;off&#8221; parallax_method=&#8221;on&#8221; background_size=&#8221;cover&#8221; background_position=&#8221;center&#8221; background_repeat=&#8221;no-repeat&#8221; background_blend=&#8221;normal&#8221; allow_player_pause=&#8221;off&#8221; icon_color=&#8221;#1096d4&#8243; circle_color=&#8221;#7EBEC5&#8243; circle_border_color=&#8221;#7EBEC5&#8243; icon_font_size=&#8221;96px&#8221; icon_font_size_tablet=&#8221;96px&#8221; icon_font_size_phone=&#8221;96px&#8221; text_orientation=&#8221;center&#8221; header_font=&#8221;||||&#8221; header_font_size=&#8221;18&#8243; header_font_size_tablet=&#8221;18&#8243; header_font_size_phone=&#8221;18&#8243; header_text_color=&#8221;#00234f&#8221; header_letter_spacing=&#8221;0px&#8221; header_letter_spacing_tablet=&#8221;0px&#8221; header_letter_spacing_phone=&#8221;0px&#8221; header_line_height=&#8221;1em&#8221; header_line_height_tablet=&#8221;1em&#8221; header_line_height_phone=&#8221;1em&#8221; body_font=&#8221;||||&#8221; body_font_size=&#8221;14&#8243; body_font_size_tablet=&#8221;14&#8243; body_font_size_phone=&#8221;14&#8243; body_letter_spacing=&#8221;0px&#8221; body_letter_spacing_tablet=&#8221;0px&#8221; body_letter_spacing_phone=&#8221;0px&#8221; body_line_height=&#8221;1.7em&#8221; body_line_height_tablet=&#8221;1.7em&#8221; body_line_height_phone=&#8221;1.7em&#8221; use_border_color=&#8221;off&#8221; border_color=&#8221;#ffffff&#8221; border_width=&#8221;1px&#8221; animation_style=&#8221;none&#8221; animation_repeat=&#8221;once&#8221; animation_direction=&#8221;center&#8221; animation_duration=&#8221;1000ms&#8221; animation_delay=&#8221;0ms&#8221; animation_intensity_slide=&#8221;50%&#8221; animation_intensity_zoom=&#8221;50%&#8221; animation_intensity_flip=&#8221;50%&#8221; animation_intensity_fold=&#8221;50%&#8221; animation_intensity_roll=&#8221;50%&#8221; animation_starting_opacity=&#8221;0%&#8221; animation_speed_curve=&#8221;ease-in-out&#8221; animation=&#8221;off&#8221; global_module=&#8221;2860&#8243; \/][\/et_pb_column][\/et_pb_row][\/et_pb_section]<\/p>\n","protected":false},"excerpt":{"rendered":"<p>[et_pb_section bb_built=&#8221;1&#8243; fullwidth=&#8221;off&#8221; specialty=&#8221;off&#8221;][et_pb_row][et_pb_column type=&#8221;4_4&#8243;][et_pb_post_title _builder_version=&#8221;3.0.72&#8243; title=&#8221;on&#8221; meta=&#8221;off&#8221; author=&#8221;on&#8221; date=&#8221;on&#8221; categories=&#8221;on&#8221; comments=&#8221;on&#8221; featured_image=&#8221;off&#8221; featured_placement=&#8221;below&#8221; parallax_method=&#8221;on&#8221; text_orientation=&#8221;left&#8221; text_color=&#8221;dark&#8221; text_background=&#8221;off&#8221; border_style=&#8221;solid&#8221; \/][et_pb_text _builder_version=&#8221;3.0.72&#8243; background_layout=&#8221;light&#8221; text_orientation=&#8221;left&#8221; border_style=&#8221;solid&#8221;] I samarbete med Kvinnokliniken vid Akademiska sjukhuset och Institutionen f\u00f6r kvinnors och barns h\u00e4lsa vid Uppsala universitet bjuder SFOG in till SFOG-vecka, 27-30 augusti 2018 som kommer h\u00e5llas vid Uppsala Konsert [&hellip;]<\/p>\n","protected":false},"author":1,"featured_media":0,"parent":0,"menu_order":0,"comment_status":"closed","ping_status":"closed","template":"","meta":{"_et_pb_use_builder":"on","_et_pb_old_content":"","_et_gb_content_width":""},"_links":{"self":[{"href":"https:\/\/appsinmed.com\/sfog2018\/wp-json\/wp\/v2\/pages\/2851"}],"collection":[{"href":"https:\/\/appsinmed.com\/sfog2018\/wp-json\/wp\/v2\/pages"}],"about":[{"href":"https:\/\/appsinmed.com\/sfog2018\/wp-json\/wp\/v2\/types\/page"}],"author":[{"embeddable":true,"href":"https:\/\/appsinmed.com\/sfog2018\/wp-json\/wp\/v2\/users\/1"}],"replies":[{"embeddable":true,"href":"https:\/\/appsinmed.com\/sfog2018\/wp-json\/wp\/v2\/comments?post=2851"}],"version-history":[{"count":7,"href":"https:\/\/appsinmed.com\/sfog2018\/wp-json\/wp\/v2\/pages\/2851\/revisions"}],"predecessor-version":[{"id":3365,"href":"https:\/\/appsinmed.com\/sfog2018\/wp-json\/wp\/v2\/pages\/2851\/revisions\/3365"}],"wp:attachment":[{"href":"https:\/\/appsinmed.com\/sfog2018\/wp-json\/wp\/v2\/media?parent=2851"}],"curies":[{"name":"wp","href":"https:\/\/api.w.org\/{rel}","templated":true}]}}