{"id":733,"date":"2019-07-25T11:34:04","date_gmt":"2019-07-25T11:34:04","guid":{"rendered":"http:\/\/www.ortopediveckan.se\/?page_id=733"},"modified":"2019-08-24T09:32:33","modified_gmt":"2019-08-24T09:32:33","slug":"restauranger","status":"publish","type":"page","link":"https:\/\/appsinmed.com\/ortopediveckan2019\/restauranger\/","title":{"rendered":"Restauranger"},"content":{"rendered":"<p>[et_pb_section bb_built=&#8221;1&#8243;][et_pb_row][et_pb_column type=&#8221;4_4&#8243;][et_pb_text _builder_version=&#8221;3.15&#8243;]<\/p>\n<p style=\"text-align: center\"><strong><span style=\"font-size: 14pt\">Ett urval av restauranger i och kring Norrk\u00f6ping<\/span><\/strong><\/p>\n<p>&nbsp;<\/p>\n<p><a href=\"http:\/\/www.villafridhem.se\">http:\/\/www.villafridhem.se<\/a><br \/>\n<a href=\"http:\/\/www.thelamphotel.se\">http:\/\/www.thelamphotel.se<\/a><br \/>\n<a href=\"http:\/\/www.scandichotels.se\/hotell\/sverige\/norrkoping\/scandic-strommen\/restaurang-bar\">http:\/\/www.scandichotels.se\/hotell\/sverige\/norrkoping\/scandic-strommen\/restaurang-bar<\/a><br \/>\n<a href=\"http:\/\/www.sjostugankolmarden.se\">http:\/\/www.sjostugankolmarden.se<\/a><br \/>\n<a href=\"http:\/\/www.restaurangstadsvakten.com\">http:\/\/www.restaurangstadsvakten.com<\/a><br \/>\n<a href=\"http:\/\/www.butlersnorrkoping.se\">http:\/\/www.butlersnorrkoping.se<\/a><br \/>\n<a href=\"http:\/\/www.restaurangvila.se\">http:\/\/www.restaurangvila.se<\/a><br \/>\n<a href=\"http:\/\/www.knappingen.se\">http:\/\/www.knappingen.se<\/a><br \/>\n<a href=\"http:\/\/www.urbanegoat.se\">http:\/\/www.urbanegoat.se<\/a><br \/>\n<a href=\"http:\/\/www.restaurangsantorini.se\">http:\/\/www.restaurangsantorini.se<\/a><br \/>\n<a href=\"http:\/\/www.tapasbar.se\">http:\/\/www.tapasbar.se<\/a><\/p>\n<p>Med bidrag fr\u00e5n Kr\u00f6garf\u00f6reningen i Norrk\u00f6ping<\/p>\n<p>[\/et_pb_text][\/et_pb_column][\/et_pb_row][\/et_pb_section]<\/p>\n","protected":false},"excerpt":{"rendered":"<p>[et_pb_section bb_built=&#8221;1&#8243;][et_pb_row][et_pb_column type=&#8221;4_4&#8243;][et_pb_text _builder_version=&#8221;3.15&#8243;] Ett urval av restauranger i och kring Norrk\u00f6ping &nbsp; http:\/\/www.villafridhem.se http:\/\/www.thelamphotel.se http:\/\/www.scandichotels.se\/hotell\/sverige\/norrkoping\/scandic-strommen\/restaurang-bar http:\/\/www.sjostugankolmarden.se http:\/\/www.restaurangstadsvakten.com http:\/\/www.butlersnorrkoping.se http:\/\/www.restaurangvila.se http:\/\/www.knappingen.se http:\/\/www.urbanegoat.se http:\/\/www.restaurangsantorini.se http:\/\/www.tapasbar.se Med bidrag fr\u00e5n Kr\u00f6garf\u00f6reningen i Norrk\u00f6ping [\/et_pb_text][\/et_pb_column][\/et_pb_row][\/et_pb_section]<\/p>\n","protected":false},"author":46,"featured_media":0,"parent":0,"menu_order":0,"comment_status":"closed","ping_status":"closed","template":"","meta":{"_et_pb_use_builder":"on","_et_pb_old_content":"","_et_gb_content_width":""},"_links":{"self":[{"href":"https:\/\/appsinmed.com\/ortopediveckan2019\/wp-json\/wp\/v2\/pages\/733"}],"collection":[{"href":"https:\/\/appsinmed.com\/ortopediveckan2019\/wp-json\/wp\/v2\/pages"}],"about":[{"href":"https:\/\/appsinmed.com\/ortopediveckan2019\/wp-json\/wp\/v2\/types\/page"}],"author":[{"embeddable":true,"href":"https:\/\/appsinmed.com\/ortopediveckan2019\/wp-json\/wp\/v2\/users\/46"}],"replies":[{"embeddable":true,"href":"https:\/\/appsinmed.com\/ortopediveckan2019\/wp-json\/wp\/v2\/comments?post=733"}],"version-history":[{"count":5,"href":"https:\/\/appsinmed.com\/ortopediveckan2019\/wp-json\/wp\/v2\/pages\/733\/revisions"}],"predecessor-version":[{"id":777,"href":"https:\/\/appsinmed.com\/ortopediveckan2019\/wp-json\/wp\/v2\/pages\/733\/revisions\/777"}],"wp:attachment":[{"href":"https:\/\/appsinmed.com\/ortopediveckan2019\/wp-json\/wp\/v2\/media?parent=733"}],"curies":[{"name":"wp","href":"https:\/\/api.w.org\/{rel}","templated":true}]}}