{"id":4,"date":"2018-11-21T13:19:56","date_gmt":"2018-11-21T13:19:56","guid":{"rendered":"http:\/\/appsinmed.com\/ortopediveckan2019\/?page_id=4"},"modified":"2020-04-28T08:27:19","modified_gmt":"2020-04-28T08:27:19","slug":"hem","status":"publish","type":"page","link":"https:\/\/appsinmed.com\/ortopediveckan2019\/","title":{"rendered":"Hem"},"content":{"rendered":"<p>[et_pb_section bb_built=&#8221;1&#8243; fullwidth=&#8221;on&#8221; disabled_on=&#8221;on|on|on&#8221; _builder_version=&#8221;3.15&#8243; disabled=&#8221;on&#8221; next_background_color=&#8221;#000000&#8243;][et_pb_fullwidth_image src=&#8221;https:\/\/appsinmed.com\/ortopediveckan2019\/wp-content\/uploads\/sites\/48\/2018\/11\/logotyp_stadssiluett-utan-text-norrkoping.png&#8221; _builder_version=&#8221;3.15&#8243;]<\/p>\n<p>&nbsp;<\/p>\n<p>[\/et_pb_fullwidth_image][\/et_pb_section][et_pb_section bb_built=&#8221;1&#8243; _builder_version=&#8221;3.15&#8243; custom_padding=&#8221;54px|0px|3px|0px|false|false&#8221; prev_background_color=&#8221;#000000&#8243; next_background_color=&#8221;#000000&#8243;][et_pb_row custom_padding=&#8221;27px|0px|27px|0px|false|false&#8221; _builder_version=&#8221;3.0.48&#8243; background_size=&#8221;initial&#8221; background_position=&#8221;top_left&#8221; background_repeat=&#8221;repeat&#8221;][et_pb_column type=&#8221;4_4&#8243;][et_pb_text admin_label=&#8221;Norrk\u00f6ping 2019&#8243; _builder_version=&#8221;3.15&#8243; text_font_size=&#8221;20pt&#8221; text_font_size_tablet=&#8221;16pt&#8221; text_font_size_phone=&#8221;14pt&#8221; text_font_size_last_edited=&#8221;on|phone&#8221;]<\/p>\n<p style=\"text-align: center;\"><span class=\"header\" style=\"color: #000000;\">NORRK\u00d6PING 2019<\/span><\/p>\n<p>[\/et_pb_text][et_pb_text admin_label=&#8221;Datum&#8221; _builder_version=&#8221;3.15&#8243;]<\/p>\n<p style=\"text-align: center;\"><em><span style=\"font-family: 'Book Antiqua', Palatino; font-size: 12pt;\">26-30 Augusti<\/span><\/em><\/p>\n<p>[\/et_pb_text][\/et_pb_column][\/et_pb_row][et_pb_row disabled_on=&#8221;on|on|on&#8221; _builder_version=&#8221;3.15&#8243; background_size=&#8221;initial&#8221; background_position=&#8221;top_left&#8221; background_repeat=&#8221;repeat&#8221; disabled=&#8221;on&#8221;][et_pb_column type=&#8221;4_4&#8243;][et_pb_image src=&#8221;\/wp-content\/uploads\/sites\/48\/2018\/11\/footer-1080.png&#8221; _builder_version=&#8221;3.15&#8243;]<\/p>\n<p>&nbsp;<\/p>\n<p>[\/et_pb_image][\/et_pb_column][\/et_pb_row][\/et_pb_section][et_pb_section bb_built=&#8221;1&#8243; fullwidth=&#8221;on&#8221; _builder_version=&#8221;3.0.47&#8243; prev_background_color=&#8221;#000000&#8243; next_background_color=&#8221;#000000&#8243;][et_pb_fullwidth_image src=&#8221;https:\/\/www.ortopediveckan.se\/wp-content\/uploads\/sites\/48\/2019\/03\/flygbild-tonad.jpg&#8221; _builder_version=&#8221;3.15&#8243;]<\/p>\n<p>&nbsp;<\/p>\n<p>[\/et_pb_fullwidth_image][\/et_pb_section][et_pb_section bb_built=&#8221;1&#8243; _builder_version=&#8221;3.0.47&#8243; custom_padding=&#8221;4px|0px|54px|0px|false|false&#8221; prev_background_color=&#8221;#000000&#8243; next_background_color=&#8221;#000000&#8243;][et_pb_row custom_padding=&#8221;27px|30px|50px|24px|false|false&#8221; _builder_version=&#8221;3.15&#8243; background_size=&#8221;initial&#8221; background_position=&#8221;top_left&#8221; background_repeat=&#8221;repeat&#8221;][et_pb_column type=&#8221;1_2&#8243;][et_pb_text _builder_version=&#8221;3.15&#8243;]<\/p>\n<p>Vi \u00e4r glada att kunna bjuda in till Ortopediveckan 2019 i Norrk\u00f6ping!\u00a0M\u00f6tet kommer bli det 75:e i ordningen f\u00f6r Svensk Ortopedisk F\u00f6rening. Vi i Norrk\u00f6ping hade senast gl\u00e4djen att arrangera Ortopediveckan 2001.<\/p>\n<p>M\u00f6tet kommer arrangeras i kongressanl\u00e4ggningen Louis De Geer,\u00a0vackert bel\u00e4gen i de gamla industriomr\u00e5det\u00a0centralt i stan med g\u00e5ngavst\u00e5nd till de centrala hotellen.<\/p>\n<p>Med temat \u201c4 r\u00e4tt\u201d (R\u00e4tt patient, i R\u00e4tt tid, p\u00e5 R\u00e4tt plats och p\u00e5 R\u00e4tt s\u00e4tt) hoppas vi kunna inbjuda till ett sp\u00e4nnande och l\u00e4rorikt m\u00f6te f\u00f6r yrkesverksamma fr\u00e5n olika personalkategorier, alla med en gemensam anknytning till Ortopedi.<\/p>\n<p>[\/et_pb_text][\/et_pb_column][et_pb_column type=&#8221;1_2&#8243;][et_pb_text _builder_version=&#8221;3.15&#8243;]<\/p>\n<p>Vi ser fram emot att kunna presentera ett brett utbud med tyngdpunkt p\u00e5 de omr\u00e5den som \u00e4r vanligt f\u00f6rekommande, exempelvis artros och trauma. Vi kommer \u00e4ven kunna erbjuda symposier inom ortopedisk handkirurgi, fotkirurgi, barnortopedi, axelkirurgi, tum\u00f6r- och ryggkirurgi.<\/p>\n<p>Vi vill \u00e4ven i \u00e5r satsa p\u00e5 ST-utbildningsdelen och kan presentera ett bra utbud av kurser under Ortopediveckan.<\/p>\n<p>Varmt v\u00e4lkomna till Norrk\u00f6ping i augusti!<\/p>\n<p>[\/et_pb_text][\/et_pb_column][\/et_pb_row][et_pb_row _builder_version=&#8221;3.0.48&#8243; background_size=&#8221;initial&#8221; background_position=&#8221;top_left&#8221; background_repeat=&#8221;repeat&#8221;][et_pb_column type=&#8221;1_5&#8243;][\/et_pb_column][et_pb_column type=&#8221;3_5&#8243;][et_pb_code admin_label=&#8221;Video %22R\u00e4tt plats%22&#8243; _builder_version=&#8221;3.15&#8243;]<style type=\"text\/css\">\r\n       .errordiv { padding:10px; margin:10px; border: 1px solid #555555;color: #000000;background-color: #f8f8f8; width:500px; }#advanced_iframe {visibility:visible;opacity:1;}#ai-layer-div-advanced_iframe p {height:100%;margin:0;padding:0}<\/style><script type=\"text\/javascript\">   var ai_iframe_width_advanced_iframe = 0;   var ai_iframe_height_advanced_iframe = 0;var aiIsIe8=false;\r\nif (typeof aiReadyCallbacks === 'undefined') {\r\n    var aiReadyCallbacks = [];  \r\n} else if (!(aiReadyCallbacks instanceof Array)) {\r\n    var aiReadyCallbacks = [];\r\n}var onloadFiredadvanced_iframe = false;     function aiShowIframe() { jQuery(\"#advanced_iframe\").css(\"visibility\", \"visible\");    }    function aiShowIframeId(id_iframe) { jQuery(\"#\"+id_iframe).css(\"visibility\", \"visible\");    }    function aiResizeIframeHeight(height) { aiResizeIframeHeight(height,advanced_iframe); }    function aiResizeIframeHeightId(height,width,id) {aiResizeIframeHeightById(id,height);}<\/script><iframe id='advanced_iframe'  name='advanced_iframe'  src='https:\/\/player.vimeo.com\/video\/342137821'  width='640'  height='360'  frameborder='0'  border='0'  allowtransparency='true'  allowfullscreen ><\/iframe><script type=\"text\/javascript\">\r\n          var ifrm_advanced_iframe = document.getElementById(\"advanced_iframe\");var hiddenTabsDoneadvanced_iframe = false;\r\nfunction resizeCallbackadvanced_iframe() {}function aiChangeUrl(loc) {}<\/script>&lt;!&#8211; [et_pb_line_break_holder] &#8211;&gt;&lt;!&#8211; [et_pb_line_break_holder] &#8211;&gt;[\/et_pb_code][\/et_pb_column][et_pb_column type=&#8221;1_5&#8243;][\/et_pb_column][\/et_pb_row][et_pb_row _builder_version=&#8221;3.0.48&#8243; background_size=&#8221;initial&#8221; background_position=&#8221;top_left&#8221; background_repeat=&#8221;repeat&#8221;][et_pb_column type=&#8221;1_5&#8243;][\/et_pb_column][et_pb_column type=&#8221;3_5&#8243;][et_pb_code admin_label=&#8221;Video %22R\u00e4tt s\u00e4tt%22&#8243; _builder_version=&#8221;3.15&#8243;]<style type=\"text\/css\">\r\n       .errordiv { padding:10px; margin:10px; border: 1px solid #555555;color: #000000;background-color: #f8f8f8; width:500px; }#advanced_iframe_2 {visibility:visible;opacity:1;}#ai-layer-div-advanced_iframe_2 p {height:100%;margin:0;padding:0}<\/style><script type=\"text\/javascript\">   var ai_iframe_width_advanced_iframe_2 = 0;   var ai_iframe_height_advanced_iframe_2 = 0;var aiIsIe8=false;\r\nif (typeof aiReadyCallbacks === 'undefined') {\r\n    var aiReadyCallbacks = [];  \r\n} else if (!(aiReadyCallbacks instanceof Array)) {\r\n    var aiReadyCallbacks = [];\r\n}var onloadFiredadvanced_iframe_2 = false;     function aiShowIframe() { jQuery(\"#advanced_iframe_2\").css(\"visibility\", \"visible\");    }    function aiShowIframeId(id_iframe) { jQuery(\"#\"+id_iframe).css(\"visibility\", \"visible\");    }    function aiResizeIframeHeight(height) { aiResizeIframeHeight(height,advanced_iframe_2); }    function aiResizeIframeHeightId(height,width,id) {aiResizeIframeHeightById(id,height);}<\/script><iframe id='advanced_iframe_2'  name='advanced_iframe_2'  src='https:\/\/player.vimeo.com\/video\/340187415'  width='640'  height='360'  frameborder='0'  border='0'  allowtransparency='true'  allowfullscreen ><\/iframe><script type=\"text\/javascript\">\r\n          var ifrm_advanced_iframe_2 = document.getElementById(\"advanced_iframe_2\");var hiddenTabsDoneadvanced_iframe_2 = false;\r\nfunction resizeCallbackadvanced_iframe_2() {}function aiChangeUrl(loc) {}<\/script>&lt;!&#8211; [et_pb_line_break_holder] &#8211;&gt;&lt;!&#8211; [et_pb_line_break_holder] &#8211;&gt;[\/et_pb_code][\/et_pb_column][et_pb_column type=&#8221;1_5&#8243;][\/et_pb_column][\/et_pb_row][et_pb_row _builder_version=&#8221;3.0.48&#8243; background_size=&#8221;initial&#8221; background_position=&#8221;top_left&#8221; background_repeat=&#8221;repeat&#8221;][et_pb_column type=&#8221;1_5&#8243;][\/et_pb_column][et_pb_column type=&#8221;3_5&#8243;][et_pb_code admin_label=&#8221;Video %22R\u00e4tt tid%22&#8243; _builder_version=&#8221;3.15&#8243;]<style type=\"text\/css\">\r\n       .errordiv { padding:10px; margin:10px; border: 1px solid #555555;color: #000000;background-color: #f8f8f8; width:500px; }#advanced_iframe_3 {visibility:visible;opacity:1;}#ai-layer-div-advanced_iframe_3 p {height:100%;margin:0;padding:0}<\/style><script type=\"text\/javascript\">   var ai_iframe_width_advanced_iframe_3 = 0;   var ai_iframe_height_advanced_iframe_3 = 0;var aiIsIe8=false;\r\nif (typeof aiReadyCallbacks === 'undefined') {\r\n    var aiReadyCallbacks = [];  \r\n} else if (!(aiReadyCallbacks instanceof Array)) {\r\n    var aiReadyCallbacks = [];\r\n}var onloadFiredadvanced_iframe_3 = false;     function aiShowIframe() { jQuery(\"#advanced_iframe_3\").css(\"visibility\", \"visible\");    }    function aiShowIframeId(id_iframe) { jQuery(\"#\"+id_iframe).css(\"visibility\", \"visible\");    }    function aiResizeIframeHeight(height) { aiResizeIframeHeight(height,advanced_iframe_3); }    function aiResizeIframeHeightId(height,width,id) {aiResizeIframeHeightById(id,height);}<\/script><iframe id='advanced_iframe_3'  name='advanced_iframe_3'  src='https:\/\/player.vimeo.com\/video\/339708834'  width='640'  height='360'  frameborder='0'  border='0'  allowtransparency='true'  allowfullscreen ><\/iframe><script type=\"text\/javascript\">\r\n          var ifrm_advanced_iframe_3 = document.getElementById(\"advanced_iframe_3\");var hiddenTabsDoneadvanced_iframe_3 = false;\r\nfunction resizeCallbackadvanced_iframe_3() {}function aiChangeUrl(loc) {}<\/script>&lt;!&#8211; [et_pb_line_break_holder] &#8211;&gt;&lt;!&#8211; [et_pb_line_break_holder] &#8211;&gt;[\/et_pb_code][\/et_pb_column][et_pb_column type=&#8221;1_5&#8243;][\/et_pb_column][\/et_pb_row][et_pb_row _builder_version=&#8221;3.0.48&#8243; background_size=&#8221;initial&#8221; background_position=&#8221;top_left&#8221; background_repeat=&#8221;repeat&#8221;][et_pb_column type=&#8221;1_5&#8243;][\/et_pb_column][et_pb_column type=&#8221;3_5&#8243;][et_pb_code admin_label=&#8221;Video %22R\u00e4tt patient%22&#8243; _builder_version=&#8221;3.15&#8243;]<style type=\"text\/css\">\r\n       .errordiv { padding:10px; margin:10px; border: 1px solid #555555;color: #000000;background-color: #f8f8f8; width:500px; }#advanced_iframe_4 {visibility:visible;opacity:1;}#ai-layer-div-advanced_iframe_4 p {height:100%;margin:0;padding:0}<\/style><script type=\"text\/javascript\">   var ai_iframe_width_advanced_iframe_4 = 0;   var ai_iframe_height_advanced_iframe_4 = 0;var aiIsIe8=false;\r\nif (typeof aiReadyCallbacks === 'undefined') {\r\n    var aiReadyCallbacks = [];  \r\n} else if (!(aiReadyCallbacks instanceof Array)) {\r\n    var aiReadyCallbacks = [];\r\n}var onloadFiredadvanced_iframe_4 = false;     function aiShowIframe() { jQuery(\"#advanced_iframe_4\").css(\"visibility\", \"visible\");    }    function aiShowIframeId(id_iframe) { jQuery(\"#\"+id_iframe).css(\"visibility\", \"visible\");    }    function aiResizeIframeHeight(height) { aiResizeIframeHeight(height,advanced_iframe_4); }    function aiResizeIframeHeightId(height,width,id) {aiResizeIframeHeightById(id,height);}<\/script><iframe id='advanced_iframe_4'  name='advanced_iframe_4'  src='https:\/\/player.vimeo.com\/video\/339706687'  width='640'  height='360'  frameborder='0'  border='0'  allowtransparency='true'  allowfullscreen ><\/iframe><script type=\"text\/javascript\">\r\n          var ifrm_advanced_iframe_4 = document.getElementById(\"advanced_iframe_4\");var hiddenTabsDoneadvanced_iframe_4 = false;\r\nfunction resizeCallbackadvanced_iframe_4() {}function aiChangeUrl(loc) {}<\/script>&lt;!&#8211; [et_pb_line_break_holder] &#8211;&gt;&lt;!&#8211; [et_pb_line_break_holder] &#8211;&gt;[\/et_pb_code][\/et_pb_column][et_pb_column type=&#8221;1_5&#8243;][\/et_pb_column][\/et_pb_row][et_pb_row _builder_version=&#8221;3.0.48&#8243; background_size=&#8221;initial&#8221; background_position=&#8221;top_left&#8221; background_repeat=&#8221;repeat&#8221;][et_pb_column type=&#8221;1_5&#8243;][\/et_pb_column][et_pb_column type=&#8221;3_5&#8243;][et_pb_code admin_label=&#8221;Video %22Norrk\u00f6ping%22&#8243; _builder_version=&#8221;3.15&#8243;]<style type=\"text\/css\">\r\n       .errordiv { padding:10px; margin:10px; border: 1px solid #555555;color: #000000;background-color: #f8f8f8; width:500px; }#advanced_iframe_5 {visibility:visible;opacity:1;}#ai-layer-div-advanced_iframe_5 p {height:100%;margin:0;padding:0}<\/style><script type=\"text\/javascript\">   var ai_iframe_width_advanced_iframe_5 = 0;   var ai_iframe_height_advanced_iframe_5 = 0;var aiIsIe8=false;\r\nif (typeof aiReadyCallbacks === 'undefined') {\r\n    var aiReadyCallbacks = [];  \r\n} else if (!(aiReadyCallbacks instanceof Array)) {\r\n    var aiReadyCallbacks = [];\r\n}var onloadFiredadvanced_iframe_5 = false;     function aiShowIframe() { jQuery(\"#advanced_iframe_5\").css(\"visibility\", \"visible\");    }    function aiShowIframeId(id_iframe) { jQuery(\"#\"+id_iframe).css(\"visibility\", \"visible\");    }    function aiResizeIframeHeight(height) { aiResizeIframeHeight(height,advanced_iframe_5); }    function aiResizeIframeHeightId(height,width,id) {aiResizeIframeHeightById(id,height);}<\/script><iframe id='advanced_iframe_5'  name='advanced_iframe_5'  src='https:\/\/www.youtube.com\/embed\/K7m-YkEsazU?rel=0'  width='560'  height='315'  frameborder='0'  border='0'  allowtransparency='true'  allowfullscreen ><\/iframe><script type=\"text\/javascript\">\r\n          var ifrm_advanced_iframe_5 = document.getElementById(\"advanced_iframe_5\");var hiddenTabsDoneadvanced_iframe_5 = false;\r\nfunction resizeCallbackadvanced_iframe_5() {}function aiChangeUrl(loc) {}<\/script>&lt;!&#8211; [et_pb_line_break_holder] &#8211;&gt;&lt;!&#8211; [et_pb_line_break_holder] &#8211;&gt;[\/et_pb_code][\/et_pb_column][et_pb_column type=&#8221;1_5&#8243;][\/et_pb_column][\/et_pb_row][\/et_pb_section][et_pb_section bb_built=&#8221;1&#8243; disabled_on=&#8221;off|off|off&#8221; _builder_version=&#8221;3.15&#8243; prev_background_color=&#8221;#000000&#8243; next_background_color=&#8221;#000000&#8243;][et_pb_row _builder_version=&#8221;3.0.48&#8243; background_size=&#8221;initial&#8221; background_position=&#8221;top_left&#8221; background_repeat=&#8221;repeat&#8221;][et_pb_column type=&#8221;4_4&#8243;][et_pb_divider color=&#8221;#000000&#8243; height=&#8221;13px&#8221; _builder_version=&#8221;3.15&#8243; max_width=&#8221;75%&#8221; max_width_last_edited=&#8221;on|phone&#8221; module_alignment=&#8221;center&#8221;]<\/p>\n<p>&nbsp;<\/p>\n<p>[\/et_pb_divider][\/et_pb_column][\/et_pb_row][et_pb_row _builder_version=&#8221;3.0.48&#8243; background_size=&#8221;initial&#8221; background_position=&#8221;top_left&#8221; background_repeat=&#8221;repeat&#8221;][et_pb_column type=&#8221;4_4&#8243;][et_pb_text admin_label=&#8221;Instagramfl\u00f6de&#8221; _builder_version=&#8221;3.15&#8243;]         <div id=\"sbi_mod_error\" >\r\n            <span>This error message is only visible to WordPress admins<\/span><br \/>\r\n            <p><b>Error: No connected account.<\/b>\r\n            <p>Please go to the Instagram Feed settings page to connect an account.<\/p>\r\n        <\/div>\r\n\t\t [\/et_pb_text][\/et_pb_column][\/et_pb_row][\/et_pb_section][et_pb_section bb_built=&#8221;1&#8243; _builder_version=&#8221;3.0.47&#8243; prev_background_color=&#8221;#000000&#8243; next_background_color=&#8221;#616265&#8243;][et_pb_row _builder_version=&#8221;3.0.48&#8243; background_size=&#8221;initial&#8221; background_position=&#8221;top_left&#8221; background_repeat=&#8221;repeat&#8221;][et_pb_column type=&#8221;4_4&#8243;][et_pb_divider color=&#8221;#000000&#8243; height=&#8221;13px&#8221; _builder_version=&#8221;3.15&#8243; max_width=&#8221;75%&#8221; max_width_last_edited=&#8221;on|phone&#8221; module_alignment=&#8221;center&#8221;]<\/p>\n<p>&nbsp;<\/p>\n<p>[\/et_pb_divider][\/et_pb_column][\/et_pb_row][et_pb_row _builder_version=&#8221;3.0.48&#8243; background_size=&#8221;initial&#8221; background_position=&#8221;top_left&#8221; background_repeat=&#8221;repeat&#8221;][et_pb_column type=&#8221;4_4&#8243;][et_pb_text _builder_version=&#8221;3.15&#8243;]<\/p>\n<p style=\"text-align: center;\">F\u00f6lj oss p\u00e5 sociala medier!<\/p>\n<p>[\/et_pb_text][\/et_pb_column][\/et_pb_row][et_pb_row _builder_version=&#8221;3.0.48&#8243; background_size=&#8221;initial&#8221; background_position=&#8221;top_left&#8221; background_repeat=&#8221;repeat&#8221;][et_pb_column type=&#8221;1_2&#8243;][et_pb_social_media_follow _builder_version=&#8221;3.15&#8243; text_orientation=&#8221;center&#8221;][et_pb_social_media_follow_network social_network=&#8221;facebook&#8221; url=&#8221;https:\/\/facebook.com\/ortopediveckan2019\/&#8221; _builder_version=&#8221;3.15&#8243; background_color=&#8221;#3b5998&#8243; follow_button=&#8221;off&#8221; url_new_window=&#8221;on&#8221;] Facebook [\/et_pb_social_media_follow_network][\/et_pb_social_media_follow][\/et_pb_column][et_pb_column type=&#8221;1_2&#8243;][et_pb_social_media_follow _builder_version=&#8221;3.15&#8243; text_orientation=&#8221;center&#8221;][et_pb_social_media_follow_network social_network=&#8221;instagram&#8221; url=&#8221;https:\/\/instagram.com\/ortopediveckan2019\/&#8221; _builder_version=&#8221;3.15&#8243; background_color=&#8221;#ea2c59&#8243; follow_button=&#8221;off&#8221; url_new_window=&#8221;on&#8221;] Instagram [\/et_pb_social_media_follow_network][\/et_pb_social_media_follow][\/et_pb_column][\/et_pb_row][\/et_pb_section][et_pb_section bb_built=&#8221;1&#8243; _builder_version=&#8221;3.15&#8243; background_color=&#8221;#616265&#8243; custom_padding=&#8221;29px|0px|26px|0px|false|false&#8221; prev_background_color=&#8221;#ffffff&#8221; global_module=&#8221;18&#8243;][et_pb_row global_parent=&#8221;18&#8243; _builder_version=&#8221;3.15&#8243; background_size=&#8221;initial&#8221; background_position=&#8221;top_left&#8221; background_repeat=&#8221;repeat&#8221;][et_pb_column type=&#8221;1_3&#8243;][et_pb_text admin_label=&#8221;Kontakt&#8221; global_parent=&#8221;18&#8243; _builder_version=&#8221;3.15&#8243; background_layout=&#8221;dark&#8221; text_font_size=&#8221;12px&#8221; text_font_size_last_edited=&#8221;on|desktop&#8221;]<\/p>\n<h3><b>Kontakt<\/b><\/h3>\n<div dir=\"auto\"><span style=\"font-size: 11pt;\">Peter Rockborn <\/span><\/div>\n<div dir=\"auto\"><em><span style=\"font-size: 11pt;\">M\u00f6tesgeneral<\/span><\/em><\/div>\n<div><span style=\"font-size: 11pt;\"><a style=\"color: #ffffff;\" href=\"mailto:peter.rockborn@regionostergotland.se\">peter.rockborn@regionostergotland.se<\/a><\/span><\/div>\n<div><\/div>\n<div><\/div>\n<div>\n<div dir=\"auto\"><span style=\"font-size: 11pt;\">Martin Gusmark <\/span><\/div>\n<div dir=\"auto\"><em><span style=\"font-size: 11pt;\">Ansvarig f\u00f6r hemsida och Sociala medier<\/span><\/em><\/div>\n<div><span style=\"font-size: 11pt;\"><a style=\"color: #ffffff;\" href=\"mailto:martin.gusmark@regionostergotland.se\">martin.gusmark@regionostergotland.se<\/a><\/span><\/div>\n<\/div>\n<div><\/div>\n<p>[\/et_pb_text][\/et_pb_column][et_pb_column type=&#8221;1_3&#8243;][et_pb_divider global_parent=&#8221;18&#8243; color=&#8221;#ffffff&#8221; disabled_on=&#8221;off||on&#8221; _builder_version=&#8221;3.15&#8243; \/][et_pb_text global_parent=&#8221;18&#8243; _builder_version=&#8221;3.15&#8243; background_layout=&#8221;dark&#8221;]<\/p>\n<h3><strong>Viktiga datum<\/strong><\/h3>\n<p style=\"text-align: left;\">F\u00f6rl\u00e4ngd deadline f\u00f6r inskick av abstract<br \/>\n9 Maj, 2019.<\/p>\n<p>[\/et_pb_text][\/et_pb_column][et_pb_column type=&#8221;1_3&#8243;][et_pb_divider global_parent=&#8221;18&#8243; color=&#8221;#ffffff&#8221; disabled_on=&#8221;off||on&#8221; _builder_version=&#8221;3.15&#8243; \/][et_pb_text global_parent=&#8221;18&#8243; _builder_version=&#8221;3.15&#8243; background_layout=&#8221;dark&#8221;]<\/p>\n<h3><strong>Arrangeras av<\/strong><\/h3>\n<p>[\/et_pb_text][et_pb_image global_parent=&#8221;18&#8243; src=&#8221;\/wp-content\/uploads\/sites\/48\/2018\/11\/sof_logga_black-150.png&#8221; always_center_on_mobile=&#8221;off&#8221; _builder_version=&#8221;3.15&#8243; border_radii=&#8221;on|10px|10px|10px|10px&#8221; url=&#8221;http:\/\/www.ortopedi.se&#8221; url_new_window=&#8221;on&#8221; \/][\/et_pb_column][\/et_pb_row][\/et_pb_section]<\/p>\n","protected":false},"excerpt":{"rendered":"<p>[et_pb_section bb_built=&#8221;1&#8243; fullwidth=&#8221;on&#8221; disabled_on=&#8221;on|on|on&#8221; _builder_version=&#8221;3.15&#8243; disabled=&#8221;on&#8221; next_background_color=&#8221;#000000&#8243;][et_pb_fullwidth_image src=&#8221;https:\/\/appsinmed.com\/ortopediveckan2019\/wp-content\/uploads\/sites\/48\/2018\/11\/logotyp_stadssiluett-utan-text-norrkoping.png&#8221; _builder_version=&#8221;3.15&#8243;] &nbsp; [\/et_pb_fullwidth_image][\/et_pb_section][et_pb_section bb_built=&#8221;1&#8243; _builder_version=&#8221;3.15&#8243; custom_padding=&#8221;54px|0px|3px|0px|false|false&#8221; prev_background_color=&#8221;#000000&#8243; next_background_color=&#8221;#000000&#8243;][et_pb_row custom_padding=&#8221;27px|0px|27px|0px|false|false&#8221; _builder_version=&#8221;3.0.48&#8243; background_size=&#8221;initial&#8221; background_position=&#8221;top_left&#8221; background_repeat=&#8221;repeat&#8221;][et_pb_column type=&#8221;4_4&#8243;][et_pb_text admin_label=&#8221;Norrk\u00f6ping 2019&#8243; _builder_version=&#8221;3.15&#8243; text_font_size=&#8221;20pt&#8221; text_font_size_tablet=&#8221;16pt&#8221; text_font_size_phone=&#8221;14pt&#8221; text_font_size_last_edited=&#8221;on|phone&#8221;] NORRK\u00d6PING 2019 [\/et_pb_text][et_pb_text admin_label=&#8221;Datum&#8221; _builder_version=&#8221;3.15&#8243;] 26-30 Augusti [\/et_pb_text][\/et_pb_column][\/et_pb_row][et_pb_row disabled_on=&#8221;on|on|on&#8221; _builder_version=&#8221;3.15&#8243; background_size=&#8221;initial&#8221; background_position=&#8221;top_left&#8221; background_repeat=&#8221;repeat&#8221; disabled=&#8221;on&#8221;][et_pb_column type=&#8221;4_4&#8243;][et_pb_image src=&#8221;\/wp-content\/uploads\/sites\/48\/2018\/11\/footer-1080.png&#8221; _builder_version=&#8221;3.15&#8243;] &nbsp; [\/et_pb_image][\/et_pb_column][\/et_pb_row][\/et_pb_section][et_pb_section bb_built=&#8221;1&#8243; fullwidth=&#8221;on&#8221; _builder_version=&#8221;3.0.47&#8243; prev_background_color=&#8221;#000000&#8243; next_background_color=&#8221;#000000&#8243;][et_pb_fullwidth_image src=&#8221;https:\/\/www.ortopediveckan.se\/wp-content\/uploads\/sites\/48\/2019\/03\/flygbild-tonad.jpg&#8221; _builder_version=&#8221;3.15&#8243;] [&hellip;]<\/p>\n","protected":false},"author":1,"featured_media":0,"parent":0,"menu_order":0,"comment_status":"closed","ping_status":"closed","template":"","meta":{"_et_pb_use_builder":"on","_et_pb_old_content":"","_et_gb_content_width":""},"_links":{"self":[{"href":"https:\/\/appsinmed.com\/ortopediveckan2019\/wp-json\/wp\/v2\/pages\/4"}],"collection":[{"href":"https:\/\/appsinmed.com\/ortopediveckan2019\/wp-json\/wp\/v2\/pages"}],"about":[{"href":"https:\/\/appsinmed.com\/ortopediveckan2019\/wp-json\/wp\/v2\/types\/page"}],"author":[{"embeddable":true,"href":"https:\/\/appsinmed.com\/ortopediveckan2019\/wp-json\/wp\/v2\/users\/1"}],"replies":[{"embeddable":true,"href":"https:\/\/appsinmed.com\/ortopediveckan2019\/wp-json\/wp\/v2\/comments?post=4"}],"version-history":[{"count":60,"href":"https:\/\/appsinmed.com\/ortopediveckan2019\/wp-json\/wp\/v2\/pages\/4\/revisions"}],"predecessor-version":[{"id":810,"href":"https:\/\/appsinmed.com\/ortopediveckan2019\/wp-json\/wp\/v2\/pages\/4\/revisions\/810"}],"wp:attachment":[{"href":"https:\/\/appsinmed.com\/ortopediveckan2019\/wp-json\/wp\/v2\/media?parent=4"}],"curies":[{"name":"wp","href":"https:\/\/api.w.org\/{rel}","templated":true}]}}