{"id":327,"date":"2019-02-09T21:50:45","date_gmt":"2019-02-09T21:50:45","guid":{"rendered":"http:\/\/www.ortopediveckan.se\/?page_id=327"},"modified":"2019-08-04T07:07:59","modified_gmt":"2019-08-04T07:07:59","slug":"regelverk-inklusive-jav","status":"publish","type":"page","link":"https:\/\/appsinmed.com\/ortopediveckan2019\/regelverk-inklusive-jav\/","title":{"rendered":"Regelverk inklusive j\u00e4v"},"content":{"rendered":"<p>[et_pb_section bb_built=&#8221;1&#8243; _builder_version=&#8221;3.0.47&#8243; custom_padding=&#8221;90px|0px|54px|0px|false|false&#8221;][et_pb_row custom_padding=&#8221;27px|0px|45px|0px|false|false&#8221; _builder_version=&#8221;3.0.48&#8243; background_size=&#8221;initial&#8221; background_position=&#8221;top_left&#8221; background_repeat=&#8221;repeat&#8221;][et_pb_column type=&#8221;4_4&#8243;][et_pb_text _builder_version=&#8221;3.15&#8243;]<\/p>\n<p style=\"text-align: center\"><span style=\"font-size: 18pt;color: #000000\">Regelverk inklusive j\u00e4v<\/span><\/p>\n<p>[\/et_pb_text][et_pb_text _builder_version=&#8221;3.15&#8243;]<\/p>\n<p><strong>Ers\u00e4ttningsregler f\u00f6r inbjudna f\u00f6rel\u00e4sare\/symposiedeltagare\/moderatorer\/\u00f6vriga m\u00f6tesdeltagare:<\/strong><\/p>\n<p><strong>Inbjuden g\u00e4stf\u00f6rel\u00e4sare (huvudf\u00f6rel\u00e4sare, \u201dkeynote lecturer\u201d) ej medlem i SOF:<\/strong><br \/>\nDessa f\u00f6rel\u00e4sare skall f\u00f6rst godk\u00e4nnas av vetenskaplig sekreterare. Inget arvode. Ortopediveckan st\u00e5r f\u00f6r resa ekonomiklass, boende under kongressen och kongressavgift samt bankett och ev. \u00f6vrig kv\u00e4llsaktivitet. Antalet inbjudna g\u00e4stf\u00f6rel\u00e4sare b\u00f6r inte \u00f6verstiga 7 individer. Dessa f\u00f6rel\u00e4sare anm\u00e4ls separat av arrang\u00f6rskommitt\u00e9n. Detta g\u00e4ller \u00e4ven g\u00e4stf\u00f6rel\u00e4sare inbjudna av delf\u00f6reningarna. \u00c4ven dessa skall f\u00f6rst ha godk\u00e4nts av vetenskaplig sekreterare.<\/p>\n<p><strong>Inbjuden f\u00f6rel\u00e4sare\/symposiedeltagare\/moderator annan yrkeskategori \u00e4n ortoped:<\/strong><br \/>\nInga arvoden. Ortopediveckan st\u00e5r f\u00f6r resa ekonomiklass, boende en natt och kongressavgift den aktuella dagen.<\/p>\n<p><strong>Inbjuden f\u00f6rel\u00e4sare\/symposiedeltagare\/symposiearrang\u00f6r\/moderator som \u00e4r medlem i SOF:<\/strong><br \/>\nInga arvoden. F\u00f6r medlem som enbart deltar den aktuella dagen f\u00f6r en specifik session, fri kongressavgift. Ingen ers\u00e4ttning f\u00f6r resa eller boende.<\/p>\n<p><strong>Instrukt\u00f6rer vid f\u00f6retagssponsrad instruktionskurs:<\/strong><br \/>\nInga arvoden eller andra ers\u00e4ttningar utbetalas fr\u00e5n ortopediveckan.<\/p>\n<p><strong>Deltagare med fria f\u00f6redrag\/poster:<\/strong><br \/>\nBetalar kongressavgift, resa och boende som vanlig deltagare. Inga arvoden.<\/p>\n<p><strong>Examinator p\u00e5 ortopedexamen:<\/strong><br \/>\nInga arvoden. Bjuds p\u00e5 examensmiddag p\u00e5 kv\u00e4llen. Om ortopedexamen \u00e4r vederb\u00f6randes enda uppdrag under veckan (s\u00e5 deltagaren endast befinner sig p\u00e5 plats f\u00f6r examen), st\u00e5r SOF f\u00f6r resa ekonomiklass och boende i anslutning till examinationen.<\/p>\n<p>[\/et_pb_text][\/et_pb_column][\/et_pb_row][et_pb_row custom_padding=&#8221;27px|0px|45px|0px|false|false&#8221; _builder_version=&#8221;3.0.48&#8243; background_size=&#8221;initial&#8221; background_position=&#8221;top_left&#8221; background_repeat=&#8221;repeat&#8221;][et_pb_column type=&#8221;4_4&#8243;][et_pb_text _builder_version=&#8221;3.15&#8243;]<\/p>\n<h2 style=\"text-align: center\"><span style=\"font-size: 18pt\">SOF:s regelverk f\u00f6r moderatorer<\/span><\/h2>\n<p>[\/et_pb_text][et_pb_text _builder_version=&#8221;3.15&#8243;]<\/p>\n<ul>\n<li>Moderatorer b\u00f6r f\u00f6rdelas s\u00e5 att m\u00e5ngfaldsaspekten av SOFs medlemmar och d\u00e4rmed auditoriet \u00e5terspeglas.<br \/>\nDen egna klinikens kollegor \u00e4r en viktig rekryteringsbas f\u00f6r moderatorer.<\/li>\n<li>Att vara moderator \u00e4r ett hedersuppdrag varf\u00f6r ingen ers\u00e4ttning utg\u00e5r.<\/li>\n<li>Moderator skall i likhet med f\u00f6redragsh\u00e5llare presentera eventuellt j\u00e4v avseende kommersiella intressen samt<br \/>\neventuellt j\u00e4v i f\u00f6rh\u00e5llande till f\u00f6redragsh\u00e5llare i aktuell session.<\/li>\n<li>Moderator tillser att en professionell st\u00e4mning och atmosf\u00e4r r\u00e5der under sessionen.<\/li>\n<li>Moderator tillser att alla talare kommer till tals.<\/li>\n<li>Moderator tillser att diskussionen h\u00e5lls saklig.<\/li>\n<li>Moderator beaktar tidsaspekter s\u00e5 att sessionen kan avslutas inom stipulerad tid.<\/li>\n<\/ul>\n<p>[\/et_pb_text][\/et_pb_column][\/et_pb_row][et_pb_row custom_padding=&#8221;27px|0px|75px|0px|false|false&#8221; _builder_version=&#8221;3.0.48&#8243; background_size=&#8221;initial&#8221; background_position=&#8221;top_left&#8221; background_repeat=&#8221;repeat&#8221;][et_pb_column type=&#8221;4_4&#8243;][et_pb_text _builder_version=&#8221;3.15&#8243;]<\/p>\n<h2 style=\"text-align: center\"><span style=\"font-size: 18pt\">Regelverk SOF Ortopediveckan \u2013bindningar<\/span><\/h2>\n<p>[\/et_pb_text][et_pb_text _builder_version=&#8221;3.15&#8243;]<\/p>\n<p>Best\u00e4mmelser avseende intressekonflikter\/j\u00e4v f\u00f6r inbjudna f\u00f6rel\u00e4sare, deltagare i paneldebatter, f\u00f6redragsh\u00e5llare och posterpresentat\u00f6rer. Anges i text p\u00e5 bild eller muntligt i presentationen:<\/p>\n<p>1. Deklaration av intressekonflikt och j\u00e4v f\u00f6r inbjudna f\u00f6rel\u00e4sare, deltagare i paneldebatter, f\u00f6redragsh\u00e5llare och posterpresentat\u00f6rer: Exempel: \u201dJag har f\u00f6r n\u00e4rvarande eller har de senaste 5 \u00e5ren haft arvode, uppdrag, befattning, forskningsanslag eller forskningsbidrag fr\u00e5n f\u00f6retag eller annan intressent\u201d (t ex forskningsfinansi\u00e4r). Ange k\u00e4lla\/k\u00e4llor.<\/p>\n<p>2. Deklaration av andra former av bindningar f\u00f6r inbjudna f\u00f6rel\u00e4sare, deltagare i paneldebatter, f\u00f6redragsh\u00e5llare och posterpresentat\u00f6rer: Exempel: \u201dJag har bindning till f\u00f6retag i form av sl\u00e4ktskap eller n\u00e4ra relation till person i f\u00f6retag eller intressent, aktier i f\u00f6retag, l\u00e5n i f\u00f6retag eller annan typ av bindning till f\u00f6retag eller intressent.\u201d<\/p>\n<p>3. Deklaration av intressekonflikt och j\u00e4v avseende forskning som presenteras p\u00e5 Ortopediveckan: F\u00f6r alla forskningsrapporter som presenteras skall anges vilken\/vilka parter som bidragit till finansieringen av studien.<\/p>\n<p>[\/et_pb_text][\/et_pb_column][\/et_pb_row][et_pb_row custom_padding=&#8221;27px|0px|75px|0px|false|false&#8221; _builder_version=&#8221;3.0.48&#8243; background_size=&#8221;initial&#8221; background_position=&#8221;top_left&#8221; background_repeat=&#8221;repeat&#8221;][et_pb_column type=&#8221;4_4&#8243;][et_pb_text admin_label=&#8221;COI&#8221; _builder_version=&#8221;3.15&#8243;]<\/p>\n<h2 style=\"text-align: center\"><span style=\"font-size: 18pt\">Conflict of interest (COI)<\/span><\/h2>\n<p>[\/et_pb_text][et_pb_text admin_label=&#8221;COID filer&#8221; _builder_version=&#8221;3.15&#8243;]<\/p>\n<p>Conflict of interest disclosure form\u00a0 &#8211;\u00a0 Nils Hailer<\/p>\n<p><a href=\"https:\/\/www.ortopediveckan.se\/wp-content\/uploads\/sites\/48\/2019\/08\/COID-Nils-Hailer.pdf\" target=\"_blank\" rel=\"noopener\">COID &#8211; Nils Hailer<\/a><\/p>\n<p>Conflict of interest disclosure form\u00a0 &#8211;\u00a0 Ann Hertzman &amp; Peter Rockborn<\/p>\n<p><a href=\"https:\/\/www.ortopediveckan.se\/wp-content\/uploads\/sites\/48\/2019\/08\/COID-Hertzman-Rockborn.pdf\" target=\"_blank\" rel=\"noopener\">COID &#8211; Hertzman, Rockborn<\/a><\/p>\n<p>[\/et_pb_text][\/et_pb_column][\/et_pb_row][\/et_pb_section]<\/p>\n","protected":false},"excerpt":{"rendered":"<p>[et_pb_section bb_built=&#8221;1&#8243; _builder_version=&#8221;3.0.47&#8243; custom_padding=&#8221;90px|0px|54px|0px|false|false&#8221;][et_pb_row custom_padding=&#8221;27px|0px|45px|0px|false|false&#8221; _builder_version=&#8221;3.0.48&#8243; background_size=&#8221;initial&#8221; background_position=&#8221;top_left&#8221; background_repeat=&#8221;repeat&#8221;][et_pb_column type=&#8221;4_4&#8243;][et_pb_text _builder_version=&#8221;3.15&#8243;] Regelverk inklusive j\u00e4v [\/et_pb_text][et_pb_text _builder_version=&#8221;3.15&#8243;] Ers\u00e4ttningsregler f\u00f6r inbjudna f\u00f6rel\u00e4sare\/symposiedeltagare\/moderatorer\/\u00f6vriga m\u00f6tesdeltagare: Inbjuden g\u00e4stf\u00f6rel\u00e4sare (huvudf\u00f6rel\u00e4sare, \u201dkeynote lecturer\u201d) ej medlem i SOF: Dessa f\u00f6rel\u00e4sare skall f\u00f6rst godk\u00e4nnas av vetenskaplig sekreterare. Inget arvode. Ortopediveckan st\u00e5r f\u00f6r resa ekonomiklass, boende under kongressen och kongressavgift samt bankett och ev. \u00f6vrig [&hellip;]<\/p>\n","protected":false},"author":46,"featured_media":0,"parent":0,"menu_order":0,"comment_status":"closed","ping_status":"closed","template":"","meta":{"_et_pb_use_builder":"on","_et_pb_old_content":"","_et_gb_content_width":""},"_links":{"self":[{"href":"https:\/\/appsinmed.com\/ortopediveckan2019\/wp-json\/wp\/v2\/pages\/327"}],"collection":[{"href":"https:\/\/appsinmed.com\/ortopediveckan2019\/wp-json\/wp\/v2\/pages"}],"about":[{"href":"https:\/\/appsinmed.com\/ortopediveckan2019\/wp-json\/wp\/v2\/types\/page"}],"author":[{"embeddable":true,"href":"https:\/\/appsinmed.com\/ortopediveckan2019\/wp-json\/wp\/v2\/users\/46"}],"replies":[{"embeddable":true,"href":"https:\/\/appsinmed.com\/ortopediveckan2019\/wp-json\/wp\/v2\/comments?post=327"}],"version-history":[{"count":11,"href":"https:\/\/appsinmed.com\/ortopediveckan2019\/wp-json\/wp\/v2\/pages\/327\/revisions"}],"predecessor-version":[{"id":796,"href":"https:\/\/appsinmed.com\/ortopediveckan2019\/wp-json\/wp\/v2\/pages\/327\/revisions\/796"}],"wp:attachment":[{"href":"https:\/\/appsinmed.com\/ortopediveckan2019\/wp-json\/wp\/v2\/media?parent=327"}],"curies":[{"name":"wp","href":"https:\/\/api.w.org\/{rel}","templated":true}]}}