{"id":313,"date":"2019-02-09T21:29:08","date_gmt":"2019-02-09T21:29:08","guid":{"rendered":"http:\/\/www.ortopediveckan.se\/?page_id=313"},"modified":"2019-02-09T21:29:08","modified_gmt":"2019-02-09T21:29:08","slug":"upplev-norrkoping","status":"publish","type":"page","link":"https:\/\/appsinmed.com\/ortopediveckan2019\/upplev-norrkoping\/","title":{"rendered":"Upplev Norrk\u00f6ping"},"content":{"rendered":"<p>[et_pb_section bb_built=&#8221;1&#8243;][et_pb_row][et_pb_column type=&#8221;3_5&#8243;][et_pb_text _builder_version=&#8221;3.15&#8243;]<\/p>\n<p>Nyfiken p\u00e5 vad som h\u00e4nder i Norrk\u00f6ping?<br \/>\nF\u00e5 information om olika evenemang, restauranger och sev\u00e4rdheter i stan.<br \/>\nBes\u00f6k Upplev Norrk\u00f6pings hemsida.<\/p>\n<p>[\/et_pb_text][\/et_pb_column][et_pb_column type=&#8221;2_5&#8243;][et_pb_button _builder_version=&#8221;3.15&#8243; button_text=&#8221;Upplev Norrk\u00f6pings hemsida&#8221; button_url=&#8221;https:\/\/www.upplev.norrkoping.se\/sv&#8221; url_new_window=&#8221;on&#8221; custom_button=&#8221;on&#8221; button_text_size=&#8221;16&#8243; button_text_color=&#8221;#0c71c3&#8243; \/][\/et_pb_column][\/et_pb_row][\/et_pb_section]<\/p>\n","protected":false},"excerpt":{"rendered":"<p>[et_pb_section bb_built=&#8221;1&#8243;][et_pb_row][et_pb_column type=&#8221;3_5&#8243;][et_pb_text _builder_version=&#8221;3.15&#8243;] Nyfiken p\u00e5 vad som h\u00e4nder i Norrk\u00f6ping? F\u00e5 information om olika evenemang, restauranger och sev\u00e4rdheter i stan. Bes\u00f6k Upplev Norrk\u00f6pings hemsida. [\/et_pb_text][\/et_pb_column][et_pb_column type=&#8221;2_5&#8243;][et_pb_button _builder_version=&#8221;3.15&#8243; button_text=&#8221;Upplev Norrk\u00f6pings hemsida&#8221; button_url=&#8221;https:\/\/www.upplev.norrkoping.se\/sv&#8221; url_new_window=&#8221;on&#8221; custom_button=&#8221;on&#8221; button_text_size=&#8221;16&#8243; button_text_color=&#8221;#0c71c3&#8243; \/][\/et_pb_column][\/et_pb_row][\/et_pb_section]<\/p>\n","protected":false},"author":46,"featured_media":0,"parent":0,"menu_order":0,"comment_status":"closed","ping_status":"closed","template":"","meta":{"_et_pb_use_builder":"on","_et_pb_old_content":"","_et_gb_content_width":""},"_links":{"self":[{"href":"https:\/\/appsinmed.com\/ortopediveckan2019\/wp-json\/wp\/v2\/pages\/313"}],"collection":[{"href":"https:\/\/appsinmed.com\/ortopediveckan2019\/wp-json\/wp\/v2\/pages"}],"about":[{"href":"https:\/\/appsinmed.com\/ortopediveckan2019\/wp-json\/wp\/v2\/types\/page"}],"author":[{"embeddable":true,"href":"https:\/\/appsinmed.com\/ortopediveckan2019\/wp-json\/wp\/v2\/users\/46"}],"replies":[{"embeddable":true,"href":"https:\/\/appsinmed.com\/ortopediveckan2019\/wp-json\/wp\/v2\/comments?post=313"}],"version-history":[{"count":7,"href":"https:\/\/appsinmed.com\/ortopediveckan2019\/wp-json\/wp\/v2\/pages\/313\/revisions"}],"predecessor-version":[{"id":320,"href":"https:\/\/appsinmed.com\/ortopediveckan2019\/wp-json\/wp\/v2\/pages\/313\/revisions\/320"}],"wp:attachment":[{"href":"https:\/\/appsinmed.com\/ortopediveckan2019\/wp-json\/wp\/v2\/media?parent=313"}],"curies":[{"name":"wp","href":"https:\/\/api.w.org\/{rel}","templated":true}]}}