{"id":292,"date":"2019-02-09T20:45:39","date_gmt":"2019-02-09T20:45:39","guid":{"rendered":"http:\/\/www.ortopediveckan.se\/?page_id=292"},"modified":"2019-07-17T07:28:03","modified_gmt":"2019-07-17T07:28:03","slug":"posterinstruktioner","status":"publish","type":"page","link":"https:\/\/appsinmed.com\/ortopediveckan2019\/posterinstruktioner\/","title":{"rendered":"Posterinstruktioner"},"content":{"rendered":"<p>[et_pb_section bb_built=&#8221;1&#8243; _builder_version=&#8221;3.0.47&#8243; custom_padding=&#8221;75px|0px|30px|0px|false|false&#8221; next_background_color=&#8221;#000000&#8243;][et_pb_row custom_padding=&#8221;27px|0px|7px|0px|false|false&#8221; _builder_version=&#8221;3.0.48&#8243; background_size=&#8221;initial&#8221; background_position=&#8221;top_left&#8221; background_repeat=&#8221;repeat&#8221;][et_pb_column type=&#8221;4_4&#8243;][et_pb_text _builder_version=&#8221;3.15&#8243;]<\/p>\n<p style=\"text-align: center;\"><span style=\"font-size: 18pt; color: #000000;\">Posterinstruktioner<\/span><\/p>\n<p>[\/et_pb_text][\/et_pb_column][\/et_pb_row][\/et_pb_section][et_pb_section bb_built=&#8221;1&#8243; _builder_version=&#8221;3.0.47&#8243; custom_padding=&#8221;11px|0px|54px|0px|false|false&#8221; prev_background_color=&#8221;#000000&#8243; next_background_color=&#8221;#000000&#8243;][et_pb_row custom_padding=&#8221;15px|0px|27px|0px|false|false&#8221; _builder_version=&#8221;3.0.48&#8243; background_size=&#8221;initial&#8221; background_position=&#8221;top_left&#8221; background_repeat=&#8221;repeat&#8221;][et_pb_column type=&#8221;4_4&#8243;][et_pb_text _builder_version=&#8221;3.15&#8243;]<\/p>\n<p>Postern ska vara skriven p\u00e5 svenska eller engelska och vara av storleken A1 st\u00e5ende=841x594mm. Vid tre tillf\u00e4llen under ortopediveckan kommer det att h\u00e5llas postervandringar. Din poster ska presenteras vid ett av dessa tillf\u00e4llen, se tid ovan.<br \/>\nInformation om din presentationstid kommer ocks\u00e5 att vara tillg\u00e4ngligt p\u00e5 <a href=\"http:\/\/www.ortopediveckan.se\">www.ortopediveckan.se<\/a>, under Vetenskapligt Program, samt i appen. <em>V\u00e4nligen notera att \u00e4ndringar i schemat kan p\u00e5verka din presentationstid och du f\u00f6rv\u00e4ntas kolla upp detta via hemsidan eller i appen.<\/em><\/p>\n<p>Varje posterpresentation f\u00f6rv\u00e4ntas vara som l\u00e4ngst 3 minuter, d\u00e4refter f\u00f6ljer 1 minut f\u00f6r fr\u00e5gor. Var noggrann med att h\u00e5lla den utsatta tiden. Du f\u00f6rv\u00e4ntas vara p\u00e5 plats i god tid innan Din schemalagda slot.<\/p>\n<p>[\/et_pb_text][\/et_pb_column][\/et_pb_row][\/et_pb_section][et_pb_section bb_built=&#8221;1&#8243; _builder_version=&#8221;3.15&#8243; custom_padding=&#8221;11px|0px|54px|0px|false|false&#8221; prev_background_color=&#8221;#000000&#8243; disabled=&#8221;on&#8221; disabled_on=&#8221;on|on|on&#8221;][et_pb_row custom_padding=&#8221;15px|0px|27px|0px|false|false&#8221; _builder_version=&#8221;3.0.48&#8243; background_size=&#8221;initial&#8221; background_position=&#8221;top_left&#8221; background_repeat=&#8221;repeat&#8221;][et_pb_column type=&#8221;4_4&#8243;][et_pb_text _builder_version=&#8221;3.15&#8243;]<\/p>\n<p><strong>Instruktioner<\/strong><br \/>\nDin poster ska skrivas p\u00e5 svenska, f\u00f6r utl\u00e4ndska f\u00f6rfattare engelska.<br \/>\nPostern ska vara av storleken A1 st\u00e5ende = (841 x 594 mm).<br \/>\nDu som posterf\u00f6rfattare f\u00f6rv\u00e4ntas vara p\u00e5 plats under den postersession i form av postervandring d\u00e4r du \u00e4r schemalagd p\u00e5 inklusive minst aktuell halvdag.<\/p>\n<p>V\u00e4nligen notera att \u00e4ndringar i schemat kan p\u00e5verka tiden f\u00f6r postersession och du f\u00f6rv\u00e4ntas kolla upp detta via hemsidan eller i appen.<\/p>\n<p><strong><br \/>\nVideo<\/strong><br \/>\nF\u00f6r dig som posterf\u00f6rfattare erbjuder vi \u00e4ven att spela in en muntlig videopresentation av ditt forskningsarbete. Tid f\u00f6r denna presentation \u00e4r max\u00a0<strong>5 minuter<\/strong>\u00a0och videoformatet ska vara\u00a0<strong>mpeg-4<\/strong>. Videopresentationerna kommer vara tillg\u00e4ngliga f\u00f6r samtliga m\u00f6tesdeltagare via hemsida och app, och eventuellt kommer videopresentationer \u00e4ven kunna ses vid s\u00e4rskilda stationer p\u00e5 Louis De Geer under Ortopediveckan. F\u00f6r att skicka in din video g\u00f6r du f\u00f6ljande:<\/p>\n<ol>\n<li>G\u00e5 till\u00a0<a href=\"https:\/\/wetransfer.com\/\">https:\/\/wetransfer.com\/<\/a><\/li>\n<li>Tryck p\u00e5 \u201cL\u00e4gg till dina filer\u201d<\/li>\n<li>I f\u00e4ltet \u201cSkicka till\u201d skriver du:\u00a0abstracts.sof2019@appinconf.com<\/li>\n<li>I f\u00e4ltet \u201cDin e-postadress\u201d anger du din email<\/li>\n<li>I meddelande skriver du ID f\u00f6r din poster<\/li>\n<li>Du \u00e4r nu klar. N\u00e4r vi mottaigt och h\u00e4mtat din video f\u00e5r du ett mail av Wetransfer som bekfr\u00e4ftar detta.<\/li>\n<\/ol>\n<p>[\/et_pb_text][\/et_pb_column][\/et_pb_row][\/et_pb_section]<\/p>\n","protected":false},"excerpt":{"rendered":"<p>[et_pb_section bb_built=&#8221;1&#8243; _builder_version=&#8221;3.0.47&#8243; custom_padding=&#8221;75px|0px|30px|0px|false|false&#8221; next_background_color=&#8221;#000000&#8243;][et_pb_row custom_padding=&#8221;27px|0px|7px|0px|false|false&#8221; _builder_version=&#8221;3.0.48&#8243; background_size=&#8221;initial&#8221; background_position=&#8221;top_left&#8221; background_repeat=&#8221;repeat&#8221;][et_pb_column type=&#8221;4_4&#8243;][et_pb_text _builder_version=&#8221;3.15&#8243;] Posterinstruktioner [\/et_pb_text][\/et_pb_column][\/et_pb_row][\/et_pb_section][et_pb_section bb_built=&#8221;1&#8243; _builder_version=&#8221;3.0.47&#8243; custom_padding=&#8221;11px|0px|54px|0px|false|false&#8221; prev_background_color=&#8221;#000000&#8243; next_background_color=&#8221;#000000&#8243;][et_pb_row custom_padding=&#8221;15px|0px|27px|0px|false|false&#8221; _builder_version=&#8221;3.0.48&#8243; background_size=&#8221;initial&#8221; background_position=&#8221;top_left&#8221; background_repeat=&#8221;repeat&#8221;][et_pb_column type=&#8221;4_4&#8243;][et_pb_text _builder_version=&#8221;3.15&#8243;] Postern ska vara skriven p\u00e5 svenska eller engelska och vara av storleken A1 st\u00e5ende=841x594mm. Vid tre tillf\u00e4llen under ortopediveckan kommer det att h\u00e5llas postervandringar. Din poster ska presenteras vid [&hellip;]<\/p>\n","protected":false},"author":46,"featured_media":0,"parent":0,"menu_order":0,"comment_status":"closed","ping_status":"closed","template":"","meta":{"_et_pb_use_builder":"on","_et_pb_old_content":"","_et_gb_content_width":""},"_links":{"self":[{"href":"https:\/\/appsinmed.com\/ortopediveckan2019\/wp-json\/wp\/v2\/pages\/292"}],"collection":[{"href":"https:\/\/appsinmed.com\/ortopediveckan2019\/wp-json\/wp\/v2\/pages"}],"about":[{"href":"https:\/\/appsinmed.com\/ortopediveckan2019\/wp-json\/wp\/v2\/types\/page"}],"author":[{"embeddable":true,"href":"https:\/\/appsinmed.com\/ortopediveckan2019\/wp-json\/wp\/v2\/users\/46"}],"replies":[{"embeddable":true,"href":"https:\/\/appsinmed.com\/ortopediveckan2019\/wp-json\/wp\/v2\/comments?post=292"}],"version-history":[{"count":12,"href":"https:\/\/appsinmed.com\/ortopediveckan2019\/wp-json\/wp\/v2\/pages\/292\/revisions"}],"predecessor-version":[{"id":718,"href":"https:\/\/appsinmed.com\/ortopediveckan2019\/wp-json\/wp\/v2\/pages\/292\/revisions\/718"}],"wp:attachment":[{"href":"https:\/\/appsinmed.com\/ortopediveckan2019\/wp-json\/wp\/v2\/media?parent=292"}],"curies":[{"name":"wp","href":"https:\/\/api.w.org\/{rel}","templated":true}]}}