{"id":259,"date":"2019-02-09T12:10:34","date_gmt":"2019-02-09T12:10:34","guid":{"rendered":"http:\/\/www.ortopediveckan.se\/?page_id=259"},"modified":"2019-08-04T06:58:18","modified_gmt":"2019-08-04T06:58:18","slug":"karta","status":"publish","type":"page","link":"https:\/\/appsinmed.com\/ortopediveckan2019\/karta\/","title":{"rendered":"Karta"},"content":{"rendered":"<p>[et_pb_section bb_built=&#8221;1&#8243; _builder_version=&#8221;3.0.47&#8243; custom_padding=&#8221;54px|0px|4px|0px|false|false&#8221; next_background_color=&#8221;#000000&#8243;][et_pb_row custom_padding=&#8221;27px|0px|4px|0px|false|false&#8221; _builder_version=&#8221;3.15&#8243; background_size=&#8221;initial&#8221; background_position=&#8221;top_left&#8221; background_repeat=&#8221;repeat&#8221;][et_pb_column type=&#8221;4_4&#8243;][et_pb_text _builder_version=&#8221;3.15&#8243;]<\/p>\n<p style=\"text-align: center\"><span style=\"color: #000000;font-size: 18pt\">Karta<\/span><\/p>\n<p>&nbsp;<\/p>\n<p style=\"text-align: center\">Anv\u00e4nd ikonen i \u00f6vre v\u00e4nstra h\u00f6rnet f\u00f6r att expandera ut en list-meny d\u00e4r du kan klicka fram de olika Hotellen och andra viktiga platser.<\/p>\n<p>[\/et_pb_text][et_pb_text admin_label=&#8221;Karta&#8221; _builder_version=&#8221;3.15&#8243;]<\/p>\n<style type=\"text\/css\">\r\n       .errordiv { padding:10px; margin:10px; border: 1px solid #555555;color: #000000;background-color: #f8f8f8; width:500px; }#advanced_iframe {visibility:visible;opacity:1;}#ai-layer-div-advanced_iframe p {height:100%;margin:0;padding:0}<\/style><script type=\"text\/javascript\">   var ai_iframe_width_advanced_iframe = 0;   var ai_iframe_height_advanced_iframe = 0;var aiIsIe8=false;\r\nif (typeof aiReadyCallbacks === 'undefined') {\r\n    var aiReadyCallbacks = [];  \r\n} else if (!(aiReadyCallbacks instanceof Array)) {\r\n    var aiReadyCallbacks = [];\r\n}var onloadFiredadvanced_iframe = false;     function aiShowIframe() { jQuery(\"#advanced_iframe\").css(\"visibility\", \"visible\");    }    function aiShowIframeId(id_iframe) { jQuery(\"#\"+id_iframe).css(\"visibility\", \"visible\");    }    function aiResizeIframeHeight(height) { aiResizeIframeHeight(height,advanced_iframe); }    function aiResizeIframeHeightId(height,width,id) {aiResizeIframeHeightById(id,height);}<\/script><iframe id='advanced_iframe'  name='advanced_iframe'  src='https:\/\/www.google.com\/maps\/d\/u\/1\/embed?mid=1lZvpIZxc8mDuzKi-1s0WM3Ks0dC13Fx5'  width='100%'  height='600'  frameborder='0'  border='0'  allowtransparency='true' ><\/iframe><script type=\"text\/javascript\">\r\n          var ifrm_advanced_iframe = document.getElementById(\"advanced_iframe\");var hiddenTabsDoneadvanced_iframe = false;\r\nfunction resizeCallbackadvanced_iframe() {}function aiChangeUrl(loc) {}<\/script>\n<p>[\/et_pb_text][\/et_pb_column][\/et_pb_row][et_pb_row custom_padding=&#8221;27px|0px|4px|0px|false|false&#8221; _builder_version=&#8221;3.15&#8243; background_size=&#8221;initial&#8221; background_position=&#8221;top_left&#8221; background_repeat=&#8221;repeat&#8221;][et_pb_column type=&#8221;4_4&#8243;][et_pb_text _builder_version=&#8221;3.15&#8243;]<\/p>\n<p style=\"text-align: center\">\n<p>&nbsp;<\/p>\n<p style=\"text-align: center\">Nedan finns karta till kursen &#8220;Frakturbehandling i underarm och handled&#8221;<\/p>\n<p>&nbsp;<\/p>\n<p>[\/et_pb_text][et_pb_image _builder_version=&#8221;3.15&#8243; src=&#8221;https:\/\/www.ortopediveckan.se\/wp-content\/uploads\/sites\/48\/2019\/08\/swemac_karta-2019-SOF.png&#8221; \/][\/et_pb_column][\/et_pb_row][\/et_pb_section][et_pb_section bb_built=&#8221;1&#8243; fullwidth=&#8221;off&#8221; specialty=&#8221;off&#8221; prev_background_color=&#8221;#000000&#8243;][et_pb_row][et_pb_column type=&#8221;4_4&#8243;][et_pb_text admin_label=&#8221;Tom &#8221; _builder_version=&#8221;3.15&#8243; \/][\/et_pb_column][\/et_pb_row][\/et_pb_section]<\/p>\n","protected":false},"excerpt":{"rendered":"<p>[et_pb_section bb_built=&#8221;1&#8243; _builder_version=&#8221;3.0.47&#8243; custom_padding=&#8221;54px|0px|4px|0px|false|false&#8221; next_background_color=&#8221;#000000&#8243;][et_pb_row custom_padding=&#8221;27px|0px|4px|0px|false|false&#8221; _builder_version=&#8221;3.15&#8243; background_size=&#8221;initial&#8221; background_position=&#8221;top_left&#8221; background_repeat=&#8221;repeat&#8221;][et_pb_column type=&#8221;4_4&#8243;][et_pb_text _builder_version=&#8221;3.15&#8243;] Karta &nbsp; Anv\u00e4nd ikonen i \u00f6vre v\u00e4nstra h\u00f6rnet f\u00f6r att expandera ut en list-meny d\u00e4r du kan klicka fram de olika Hotellen och andra viktiga platser. [\/et_pb_text][et_pb_text admin_label=&#8221;Karta&#8221; _builder_version=&#8221;3.15&#8243;] [\/et_pb_text][\/et_pb_column][\/et_pb_row][et_pb_row custom_padding=&#8221;27px|0px|4px|0px|false|false&#8221; _builder_version=&#8221;3.15&#8243; background_size=&#8221;initial&#8221; background_position=&#8221;top_left&#8221; background_repeat=&#8221;repeat&#8221;][et_pb_column type=&#8221;4_4&#8243;][et_pb_text _builder_version=&#8221;3.15&#8243;] &nbsp; Nedan finns karta till kursen [&hellip;]<\/p>\n","protected":false},"author":46,"featured_media":0,"parent":0,"menu_order":0,"comment_status":"closed","ping_status":"closed","template":"","meta":{"_et_pb_use_builder":"on","_et_pb_old_content":"","_et_gb_content_width":""},"_links":{"self":[{"href":"https:\/\/appsinmed.com\/ortopediveckan2019\/wp-json\/wp\/v2\/pages\/259"}],"collection":[{"href":"https:\/\/appsinmed.com\/ortopediveckan2019\/wp-json\/wp\/v2\/pages"}],"about":[{"href":"https:\/\/appsinmed.com\/ortopediveckan2019\/wp-json\/wp\/v2\/types\/page"}],"author":[{"embeddable":true,"href":"https:\/\/appsinmed.com\/ortopediveckan2019\/wp-json\/wp\/v2\/users\/46"}],"replies":[{"embeddable":true,"href":"https:\/\/appsinmed.com\/ortopediveckan2019\/wp-json\/wp\/v2\/comments?post=259"}],"version-history":[{"count":26,"href":"https:\/\/appsinmed.com\/ortopediveckan2019\/wp-json\/wp\/v2\/pages\/259\/revisions"}],"predecessor-version":[{"id":753,"href":"https:\/\/appsinmed.com\/ortopediveckan2019\/wp-json\/wp\/v2\/pages\/259\/revisions\/753"}],"wp:attachment":[{"href":"https:\/\/appsinmed.com\/ortopediveckan2019\/wp-json\/wp\/v2\/media?parent=259"}],"curies":[{"name":"wp","href":"https:\/\/api.w.org\/{rel}","templated":true}]}}