{"id":143,"date":"2018-12-19T09:32:58","date_gmt":"2018-12-19T09:32:58","guid":{"rendered":"http:\/\/appsinmed.com\/ortopediveckan2019\/?page_id=143"},"modified":"2019-04-08T19:18:49","modified_gmt":"2019-04-08T19:18:49","slug":"sponsorer","status":"publish","type":"page","link":"https:\/\/appsinmed.com\/ortopediveckan2019\/sponsorer\/","title":{"rendered":"Sponsorer"},"content":{"rendered":"<p>[et_pb_section bb_built=&#8221;1&#8243; specialty=&#8221;off&#8221; _builder_version=&#8221;3.15&#8243;][et_pb_row][et_pb_column type=&#8221;4_4&#8243;][et_pb_text admin_label=&#8221;Huvudsponsorer&#8221; _builder_version=&#8221;3.15&#8243;]<\/p>\n<h1 style=\"text-align: center;\" class=\"header\">Huvudsponsorer<\/h1>\n<p>[\/et_pb_text][et_pb_text admin_label=&#8221;Huvudsponsorer &#8211; loggor&#8221; _builder_version=&#8221;3.15&#8243; disabled=&#8221;off&#8221; disabled_on=&#8221;on||&#8221;]<\/p>\n<div id=\"logooos415\" class=\"logooos_container logooos_notready\"><div class=\"logooos logooos_grid logooos_responsive logooos_withtooltip logooos_border logooos_listborder logooos_no_radius effect1 \" data-columnsnum=\"3\" data-marginbetweenitems=\"25px\" data-itemsheightpercentage=\"0.80\" data-hovereffect=\"effect1\" data-hovereffectcolor=\"#DCDCDC\" data-bordercolor=\"#DCDCDC\"  ><div class=\"logooos_item\" data-id=\"407\" data-title=\"Arthrex\" style=\"background-color:transparent; border-color:#DCDCDC\">\n\t\t\t\t\t\t<a rel=\"nofollow\" href=\"https:\/\/www.arthrex.com\/sv\" target=\"_blank\"><img src=\"https:\/\/appsinmed.com\/ortopediveckan2019\/wp-content\/uploads\/sites\/48\/2019\/02\/arthrex-600.png\" title=\"\" style=\"max-width:80% !important; max-height:80% !important;\" alt=\"Arthrex\" \/><\/a><\/div><div class=\"logooos_item\" data-id=\"404\" data-title=\"DePuy Synthes\" style=\"background-color:transparent; border-color:#DCDCDC\">\n\t\t\t\t\t\t<a rel=\"nofollow\" href=\"https:\/\/www.depuysynthes.com\/\" target=\"_blank\"><img src=\"https:\/\/appsinmed.com\/ortopediveckan2019\/wp-content\/uploads\/sites\/48\/2019\/02\/DPS-600-trim.png\" title=\"\" style=\"max-width:80% !important; max-height:80% !important;\" alt=\"DePuy Synthes\" \/><\/a><\/div><div class=\"logooos_item\" data-id=\"402\" data-title=\"Link\" style=\"background-color:transparent; border-color:#DCDCDC\">\n\t\t\t\t\t\t<a rel=\"nofollow\" href=\"http:\/\/www.linksweden.se\" target=\"_blank\"><img src=\"https:\/\/appsinmed.com\/ortopediveckan2019\/wp-content\/uploads\/sites\/48\/2019\/02\/LINK-600.png\" title=\"\" style=\"max-width:80% !important; max-height:80% !important;\" alt=\"Link\" \/><\/a><\/div><div class=\"logooos_item\" data-id=\"410\" data-title=\"Smith & Nephew\" style=\"background-color:transparent; border-color:#DCDCDC\">\n\t\t\t\t\t\t<a rel=\"nofollow\" href=\"https:\/\/www.smith-nephew.com\/sverige\/\" target=\"_blank\"><img src=\"https:\/\/appsinmed.com\/ortopediveckan2019\/wp-content\/uploads\/sites\/48\/2019\/02\/smith-600.png\" title=\"\" style=\"max-width:80% !important; max-height:80% !important;\" alt=\"Smith & Nephew\" \/><\/a><\/div><div class=\"logooos_item\" data-id=\"427\" data-title=\"Swemac\" style=\"background-color:transparent; border-color:#DCDCDC\">\n\t\t\t\t\t\t<a rel=\"nofollow\" href=\"http:\/\/www.swemac.com\/\" target=\"_blank\"><img src=\"https:\/\/appsinmed.com\/ortopediveckan2019\/wp-content\/uploads\/sites\/48\/2019\/02\/swemac-600.png\" title=\"\" style=\"max-width:70% !important; max-height:70% !important;\" alt=\"Swemac\" \/><\/a><\/div><\/div><\/div>\n<p>[\/et_pb_text][et_pb_text admin_label=&#8221;Huvudsponsorer &#8211; loggor &#8211; lista&#8221; _builder_version=&#8221;3.15&#8243; disabled=&#8221;off&#8221; disabled_on=&#8221;off|on|on&#8221;]<\/p>\n<div id=\"logooos423\" class=\"logooos_container logooos_notready\"><div class=\"logooos logooos_grid logooos_responsive logooos_withtooltip logooos_border logooos_listborder logooos_no_radius effect1 \" data-columnsnum=\"1\" data-marginbetweenitems=\"25px\" data-itemsheightpercentage=\"0.80\" data-hovereffect=\"effect1\" data-hovereffectcolor=\"#DCDCDC\" data-bordercolor=\"#DCDCDC\"  ><div class=\"logooos_item\" data-id=\"407\" data-title=\"Arthrex\" style=\"background-color:transparent; border-color:#DCDCDC\">\n\t\t\t\t\t\t<a rel=\"nofollow\" href=\"https:\/\/www.arthrex.com\/sv\" target=\"_blank\"><img src=\"https:\/\/appsinmed.com\/ortopediveckan2019\/wp-content\/uploads\/sites\/48\/2019\/02\/arthrex-600.png\" title=\"\" style=\"max-width:80% !important; max-height:80% !important;\" alt=\"Arthrex\" \/><\/a><\/div><div class=\"logooos_item\" data-id=\"404\" data-title=\"DePuy Synthes\" style=\"background-color:transparent; border-color:#DCDCDC\">\n\t\t\t\t\t\t<a rel=\"nofollow\" href=\"https:\/\/www.depuysynthes.com\/\" target=\"_blank\"><img src=\"https:\/\/appsinmed.com\/ortopediveckan2019\/wp-content\/uploads\/sites\/48\/2019\/02\/DPS-600-trim.png\" title=\"\" style=\"max-width:80% !important; max-height:80% !important;\" alt=\"DePuy Synthes\" \/><\/a><\/div><div class=\"logooos_item\" data-id=\"402\" data-title=\"Link\" style=\"background-color:transparent; border-color:#DCDCDC\">\n\t\t\t\t\t\t<a rel=\"nofollow\" href=\"http:\/\/www.linksweden.se\" target=\"_blank\"><img src=\"https:\/\/appsinmed.com\/ortopediveckan2019\/wp-content\/uploads\/sites\/48\/2019\/02\/LINK-600.png\" title=\"\" style=\"max-width:80% !important; max-height:80% !important;\" alt=\"Link\" \/><\/a><\/div><div class=\"logooos_item\" data-id=\"410\" data-title=\"Smith & Nephew\" style=\"background-color:transparent; border-color:#DCDCDC\">\n\t\t\t\t\t\t<a rel=\"nofollow\" href=\"https:\/\/www.smith-nephew.com\/sverige\/\" target=\"_blank\"><img src=\"https:\/\/appsinmed.com\/ortopediveckan2019\/wp-content\/uploads\/sites\/48\/2019\/02\/smith-600.png\" title=\"\" style=\"max-width:80% !important; max-height:80% !important;\" alt=\"Smith & Nephew\" \/><\/a><\/div><div class=\"logooos_item\" data-id=\"427\" data-title=\"Swemac\" style=\"background-color:transparent; border-color:#DCDCDC\">\n\t\t\t\t\t\t<a rel=\"nofollow\" href=\"http:\/\/www.swemac.com\/\" target=\"_blank\"><img src=\"https:\/\/appsinmed.com\/ortopediveckan2019\/wp-content\/uploads\/sites\/48\/2019\/02\/swemac-600.png\" title=\"\" style=\"max-width:70% !important; max-height:70% !important;\" alt=\"Swemac\" \/><\/a><\/div><\/div><\/div>\n<p>[\/et_pb_text][\/et_pb_column][\/et_pb_row][et_pb_row _builder_version=&#8221;3.15&#8243; custom_padding=&#8221;7em||1em|&#8221;][et_pb_column type=&#8221;4_4&#8243;][et_pb_text admin_label=&#8221;Sponsor&#8221; _builder_version=&#8221;3.15&#8243;]<\/p>\n<h1 style=\"text-align: center;\" class=\"header\">Sponsor<\/h1>\n<p>[\/et_pb_text][\/et_pb_column][\/et_pb_row][et_pb_row][et_pb_column type=&#8221;1_3&#8243;][\/et_pb_column][et_pb_column type=&#8221;1_3&#8243;][et_pb_text admin_label=&#8221;Sponsor &#8211; logos&#8221; _builder_version=&#8221;3.15&#8243;]<\/p>\n<div id=\"logooos649\" class=\"logooos_container logooos_notready\"><div class=\"logooos logooos_grid logooos_responsive logooos_withtooltip logooos_border logooos_listborder logooos_no_radius effect1 \" data-columnsnum=\"1\" data-marginbetweenitems=\"25px\" data-itemsheightpercentage=\"0.80\" data-hovereffect=\"effect1\" data-hovereffectcolor=\"#DCDCDC\" data-bordercolor=\"#DCDCDC\"  ><div class=\"logooos_item\" data-id=\"647\" data-title=\"Zimmer Biomet\" style=\"background-color:transparent; border-color:#DCDCDC\">\n\t\t\t\t\t\t<a rel=\"nofollow\" href=\"http:\/\/www.zimmerbiomet.com\" target=\"_blank\"><img src=\"https:\/\/appsinmed.com\/ortopediveckan2019\/wp-content\/uploads\/sites\/48\/2019\/04\/zb_v_tag_r.png\" title=\"\" style=\"max-width:70% !important; max-height:70% !important;\" alt=\"Zimmer Biomet\" \/><\/a><\/div><\/div><\/div>\n<p>[\/et_pb_text][\/et_pb_column][et_pb_column type=&#8221;1_3&#8243;][\/et_pb_column][\/et_pb_row][et_pb_row _builder_version=&#8221;3.15&#8243; custom_padding=&#8221;7em||1em|&#8221;][et_pb_column type=&#8221;4_4&#8243;][et_pb_text admin_label=&#8221;St\u00f6df\u00f6retag&#8221; _builder_version=&#8221;3.15&#8243;]<\/p>\n<h1 style=\"text-align: center;\" class=\"header\">St\u00f6df\u00f6retag<\/h1>\n<p>[\/et_pb_text][\/et_pb_column][\/et_pb_row][et_pb_row][et_pb_column type=&#8221;1_4&#8243;][\/et_pb_column][et_pb_column type=&#8221;1_2&#8243;][et_pb_text admin_label=&#8221;St\u00f6df\u00f6retag &#8211; loggor&#8221; _builder_version=&#8221;3.15&#8243; disabled=&#8221;off&#8221; disabled_on=&#8221;on||&#8221;]<\/p>\n<div id=\"logooos418\" class=\"logooos_container logooos_notready\"><div class=\"logooos logooos_grid logooos_responsive logooos_withtooltip logooos_border logooos_listborder logooos_no_radius effect1 \" data-columnsnum=\"2\" data-marginbetweenitems=\"25px\" data-itemsheightpercentage=\"0.80\" data-hovereffect=\"effect1\" data-hovereffectcolor=\"#DCDCDC\" data-bordercolor=\"#DCDCDC\"  ><div class=\"logooos_item\" data-id=\"416\" data-title=\"Conmed\" style=\"background-color:transparent; border-color:#DCDCDC\">\n\t\t\t\t\t\t<a rel=\"nofollow\" href=\"http:\/\/www.conmed.com\/en\" target=\"_blank\"><img src=\"https:\/\/appsinmed.com\/ortopediveckan2019\/wp-content\/uploads\/sites\/48\/2019\/02\/conmed-600.png\" title=\"\" style=\"max-width:80% !important; max-height:80% !important;\" alt=\"Conmed\" \/><\/a><\/div><div class=\"logooos_item\" data-id=\"395\" data-title=\"Heraeus\" style=\"background-color:transparent; border-color:#DCDCDC\">\n\t\t\t\t\t\t<a rel=\"nofollow\"  target=\"_blank\"><img src=\"https:\/\/appsinmed.com\/ortopediveckan2019\/wp-content\/uploads\/sites\/48\/2019\/02\/heraeus-600.png\" title=\"\" style=\"max-width:80% !important; max-height:80% !important;\" alt=\"Heraeus\" \/><\/a><\/div><\/div><\/div>\n<p>[\/et_pb_text][et_pb_text admin_label=&#8221;St\u00f6df\u00f6retag &#8211; loggor &#8211; Lista&#8221; _builder_version=&#8221;3.15&#8243; disabled=&#8221;off&#8221; disabled_on=&#8221;|on|on&#8221;]<\/p>\n<div id=\"logooos424\" class=\"logooos_container logooos_notready\"><div class=\"logooos logooos_grid logooos_responsive logooos_withtooltip logooos_border logooos_listborder logooos_no_radius effect1 \" data-columnsnum=\"1\" data-marginbetweenitems=\"25px\" data-itemsheightpercentage=\"0.65\" data-hovereffect=\"effect1\" data-hovereffectcolor=\"#DCDCDC\" data-bordercolor=\"#DCDCDC\"  ><div class=\"logooos_item\" data-id=\"416\" data-title=\"Conmed\" style=\"background-color:transparent; border-color:#DCDCDC\">\n\t\t\t\t\t\t<a rel=\"nofollow\" href=\"http:\/\/www.conmed.com\/en\" target=\"_blank\"><img src=\"https:\/\/appsinmed.com\/ortopediveckan2019\/wp-content\/uploads\/sites\/48\/2019\/02\/conmed-600.png\" title=\"\" style=\"max-width:80% !important; max-height:80% !important;\" alt=\"Conmed\" \/><\/a><\/div><div class=\"logooos_item\" data-id=\"395\" data-title=\"Heraeus\" style=\"background-color:transparent; border-color:#DCDCDC\">\n\t\t\t\t\t\t<a rel=\"nofollow\"  target=\"_blank\"><img src=\"https:\/\/appsinmed.com\/ortopediveckan2019\/wp-content\/uploads\/sites\/48\/2019\/02\/heraeus-600.png\" title=\"\" style=\"max-width:80% !important; max-height:80% !important;\" alt=\"Heraeus\" \/><\/a><\/div><\/div><\/div>\n<p>[\/et_pb_text][\/et_pb_column][et_pb_column type=&#8221;1_4&#8243;][\/et_pb_column][\/et_pb_row][\/et_pb_section]<\/p>\n","protected":false},"excerpt":{"rendered":"<p>[et_pb_section bb_built=&#8221;1&#8243; specialty=&#8221;off&#8221; _builder_version=&#8221;3.15&#8243;][et_pb_row][et_pb_column type=&#8221;4_4&#8243;][et_pb_text admin_label=&#8221;Huvudsponsorer&#8221; _builder_version=&#8221;3.15&#8243;] Huvudsponsorer [\/et_pb_text][et_pb_text admin_label=&#8221;Huvudsponsorer &#8211; loggor&#8221; _builder_version=&#8221;3.15&#8243; disabled=&#8221;off&#8221; disabled_on=&#8221;on||&#8221;] [\/et_pb_text][et_pb_text admin_label=&#8221;Huvudsponsorer &#8211; loggor &#8211; lista&#8221; _builder_version=&#8221;3.15&#8243; disabled=&#8221;off&#8221; disabled_on=&#8221;off|on|on&#8221;] [\/et_pb_text][\/et_pb_column][\/et_pb_row][et_pb_row _builder_version=&#8221;3.15&#8243; custom_padding=&#8221;7em||1em|&#8221;][et_pb_column type=&#8221;4_4&#8243;][et_pb_text admin_label=&#8221;Sponsor&#8221; _builder_version=&#8221;3.15&#8243;] Sponsor [\/et_pb_text][\/et_pb_column][\/et_pb_row][et_pb_row][et_pb_column type=&#8221;1_3&#8243;][\/et_pb_column][et_pb_column type=&#8221;1_3&#8243;][et_pb_text admin_label=&#8221;Sponsor &#8211; logos&#8221; _builder_version=&#8221;3.15&#8243;] [\/et_pb_text][\/et_pb_column][et_pb_column type=&#8221;1_3&#8243;][\/et_pb_column][\/et_pb_row][et_pb_row _builder_version=&#8221;3.15&#8243; custom_padding=&#8221;7em||1em|&#8221;][et_pb_column type=&#8221;4_4&#8243;][et_pb_text admin_label=&#8221;St\u00f6df\u00f6retag&#8221; _builder_version=&#8221;3.15&#8243;] St\u00f6df\u00f6retag [\/et_pb_text][\/et_pb_column][\/et_pb_row][et_pb_row][et_pb_column type=&#8221;1_4&#8243;][\/et_pb_column][et_pb_column type=&#8221;1_2&#8243;][et_pb_text admin_label=&#8221;St\u00f6df\u00f6retag &#8211; loggor&#8221; _builder_version=&#8221;3.15&#8243; disabled=&#8221;off&#8221; disabled_on=&#8221;on||&#8221;] [&hellip;]<\/p>\n","protected":false},"author":46,"featured_media":0,"parent":0,"menu_order":0,"comment_status":"closed","ping_status":"closed","template":"","meta":{"_et_pb_use_builder":"on","_et_pb_old_content":"","_et_gb_content_width":""},"_links":{"self":[{"href":"https:\/\/appsinmed.com\/ortopediveckan2019\/wp-json\/wp\/v2\/pages\/143"}],"collection":[{"href":"https:\/\/appsinmed.com\/ortopediveckan2019\/wp-json\/wp\/v2\/pages"}],"about":[{"href":"https:\/\/appsinmed.com\/ortopediveckan2019\/wp-json\/wp\/v2\/types\/page"}],"author":[{"embeddable":true,"href":"https:\/\/appsinmed.com\/ortopediveckan2019\/wp-json\/wp\/v2\/users\/46"}],"replies":[{"embeddable":true,"href":"https:\/\/appsinmed.com\/ortopediveckan2019\/wp-json\/wp\/v2\/comments?post=143"}],"version-history":[{"count":8,"href":"https:\/\/appsinmed.com\/ortopediveckan2019\/wp-json\/wp\/v2\/pages\/143\/revisions"}],"predecessor-version":[{"id":650,"href":"https:\/\/appsinmed.com\/ortopediveckan2019\/wp-json\/wp\/v2\/pages\/143\/revisions\/650"}],"wp:attachment":[{"href":"https:\/\/appsinmed.com\/ortopediveckan2019\/wp-json\/wp\/v2\/media?parent=143"}],"curies":[{"name":"wp","href":"https:\/\/api.w.org\/{rel}","templated":true}]}}