
{"id":993,"date":"2018-03-21T13:25:55","date_gmt":"2018-03-21T13:25:55","guid":{"rendered":"http:\/\/www.ortopediveckan.se\/?page_id=993"},"modified":"2018-06-21T11:30:44","modified_gmt":"2018-06-21T11:30:44","slug":"extremitetsfrakturer-hos-barn","status":"publish","type":"page","link":"https:\/\/appsinmed.com\/ortopediveckan2018\/kurser\/extremitetsfrakturer-hos-barn\/","title":{"rendered":"Extremitetsfrakturer hos barn"},"content":{"rendered":"<p>[et_pb_section fb_built=&#8221;1&#8243; _builder_version=&#8221;3.0.47&#8243;][et_pb_row _builder_version=&#8221;3.0.47&#8243; background_size=&#8221;initial&#8221; background_position=&#8221;top_left&#8221; background_repeat=&#8221;repeat&#8221;][et_pb_column type=&#8221;4_4&#8243; _builder_version=&#8221;3.0.47&#8243; parallax=&#8221;off&#8221; parallax_method=&#8221;on&#8221;][et_pb_post_title meta=&#8221;off&#8221; featured_image=&#8221;off&#8221; _builder_version=&#8221;3.0.72&#8243; title_font_size=&#8221;35px&#8221;][\/et_pb_post_title][et_pb_text _builder_version=&#8221;3.0.72&#8243;]<\/p>\n<p><strong>Titel:<\/strong><br \/> Extremitetsfrakturer hos barn<\/p>\n<p><strong>Delm\u00e5l:<br \/> <\/strong>Del av delm\u00e5l c5.<strong><br \/> <\/strong><\/p>\n<p><strong>Omfattning:<\/strong><br \/> 4 timmar.<\/p>\n<p><strong>Tid:<\/strong><br \/>Kurs &#8220;Extremitetsfrakturer hos barn&#8221;. Tisdag 28\/8, kl 08.00-12.00<\/p>\n<p>Lunch. Tisdag 28\/8, kl 12.00-1300<\/p>\n<p><strong style=\"font-size: 14px\">Ansvarig:<\/strong><\/p>\n<p>Kursansvarig: Richard Marsell, UAS, Uppsala<\/p>\n<p>F\u00f6rel\u00e4sare: Einar Hellquist, UAS, Uppsala<\/p>\n<p><strong>Inneh\u00e5ll:<\/strong><\/p>\n<p>Extremitetsfrakturer hos barn i\u00a0 teori och praktik. F\u00f6rel\u00e4sningar om olika \u00f6vre och nedre extremitetsfrakturer hos barn. Fokus f\u00f6r kursen ligger p\u00e5 det praktiskt kirurgiska samt tips och tricks att ta med dig hem och applicera i din kliniska vardag.<\/p>\n<p>I samarbete med DePuySynthes erbjuder kursen \u00e4ven workshops i form av elastisk intramedull\u00e4r spikning (TEN) av underarmsfraktur\u00a0samt stiftning av suprakondyl\u00e4r humerusfraktur.<\/p>\n<p>Vi v\u00e4nder oss med denna kurs i f\u00f6rsta hand till ST-l\u00e4kare och nyblivna specialister, men inneh\u00e5llet passar \u00e4ven utm\u00e4rkt f\u00f6r mer erfarna kollegor som vill uppdatera sina kunskaper i barnfrakturkirurgi.<\/p>\n<p>ST-l\u00e4kare erh\u00e5ller ett intyg f\u00f6r del av delm\u00e5l c5.<\/p>\n<p><strong>Schema<\/strong><\/p>\n<p>08:00-08:20\u00a0\u00a0\u00a0\u00a0 \u00d6verarmsfrakturer\u00a0\u00a0\u00a0\u00a0\u00a0\u00a0\u00a0\u00a0\u00a0\u00a0\u00a0\u00a0\u00a0\u00a0\u00a0\u00a0\u00a0\u00a0\u00a0\u00a0\u00a0\u00a0\u00a0\u00a0\u00a0\u00a0\u00a0\u00a0\u00a0\u00a0\u00a0\u00a0\u00a0\u00a0\u00a0\u00a0\u00a0\u00a0\u00a0\u00a0\u00a0\u00a0\u00a0\u00a0\u00a0\u00a0\u00a0 Marsell<\/p>\n<p>08:20-08:40\u00a0\u00a0\u00a0\u00a0 Underarmsfrakturer\u00a0\u00a0\u00a0\u00a0\u00a0\u00a0\u00a0\u00a0\u00a0\u00a0\u00a0\u00a0\u00a0\u00a0\u00a0\u00a0\u00a0\u00a0\u00a0\u00a0\u00a0\u00a0\u00a0\u00a0\u00a0\u00a0\u00a0\u00a0\u00a0\u00a0\u00a0\u00a0\u00a0\u00a0\u00a0\u00a0\u00a0\u00a0\u00a0\u00a0\u00a0\u00a0\u00a0\u00a0 Marsell<\/p>\n<p>08:40-09:00 \u00a0\u00a0\u00a0 Handledsfrakturer\u00a0\u00a0\u00a0\u00a0\u00a0\u00a0\u00a0\u00a0\u00a0\u00a0\u00a0\u00a0\u00a0\u00a0\u00a0\u00a0\u00a0\u00a0\u00a0\u00a0\u00a0\u00a0\u00a0\u00a0\u00a0\u00a0\u00a0\u00a0\u00a0\u00a0\u00a0\u00a0\u00a0\u00a0\u00a0\u00a0\u00a0\u00a0\u00a0\u00a0\u00a0\u00a0\u00a0\u00a0\u00a0\u00a0\u00a0\u00a0 Marsell<\/p>\n<p>09:00-09:10\u00a0\u00a0\u00a0\u00a0 KAFFE<\/p>\n<p>09:10-09:30\u00a0\u00a0\u00a0\u00a0 L\u00e5rbensfrakturer\u00a0\u00a0\u00a0\u00a0\u00a0\u00a0\u00a0\u00a0\u00a0\u00a0\u00a0\u00a0\u00a0\u00a0\u00a0\u00a0\u00a0\u00a0\u00a0\u00a0\u00a0\u00a0\u00a0\u00a0\u00a0\u00a0\u00a0\u00a0\u00a0\u00a0\u00a0\u00a0\u00a0\u00a0\u00a0\u00a0\u00a0\u00a0\u00a0\u00a0\u00a0\u00a0\u00a0\u00a0\u00a0\u00a0\u00a0\u00a0\u00a0\u00a0 Hellquist<\/p>\n<p>09:30-09:50 \u00a0\u00a0\u00a0 Underbensfrakturer\u00a0\u00a0\u00a0\u00a0\u00a0\u00a0\u00a0\u00a0\u00a0\u00a0\u00a0\u00a0\u00a0\u00a0\u00a0\u00a0\u00a0\u00a0\u00a0\u00a0\u00a0\u00a0\u00a0\u00a0\u00a0\u00a0\u00a0\u00a0\u00a0\u00a0\u00a0\u00a0\u00a0\u00a0\u00a0\u00a0\u00a0\u00a0\u00a0\u00a0\u00a0\u00a0\u00a0\u00a0\u00a0 Hellquist<\/p>\n<p>09:50-10:10\u00a0\u00a0\u00a0\u00a0 Fotledsfrakturer\u00a0\u00a0\u00a0\u00a0\u00a0\u00a0\u00a0\u00a0\u00a0\u00a0\u00a0\u00a0\u00a0\u00a0\u00a0\u00a0\u00a0\u00a0\u00a0\u00a0\u00a0\u00a0\u00a0\u00a0\u00a0\u00a0\u00a0\u00a0\u00a0\u00a0\u00a0\u00a0\u00a0\u00a0\u00a0\u00a0\u00a0\u00a0\u00a0\u00a0\u00a0\u00a0\u00a0\u00a0\u00a0\u00a0\u00a0\u00a0\u00a0\u00a0\u00a0 Hellquist<\/p>\n<p>10:10-10:15\u00a0\u00a0\u00a0\u00a0 PAUS<\/p>\n<p>10:15-11:00\u00a0\u00a0\u00a0\u00a0 Workshop TEN Underarm\u00a0\u00a0\u00a0\u00a0\u00a0\u00a0 Grupp A\u00a0\u00a0\u00a0\u00a0\u00a0\u00a0\u00a0\u00a0\u00a0\u00a0\u00a0 Hellquist<\/p>\n<p>10:15-11:00\u00a0\u00a0\u00a0\u00a0 Workshop Stifta Supra\u00a0\u00a0\u00a0\u00a0\u00a0\u00a0\u00a0\u00a0\u00a0\u00a0\u00a0\u00a0 Grupp B\u00a0\u00a0\u00a0\u00a0\u00a0\u00a0\u00a0\u00a0\u00a0\u00a0\u00a0 Marsell<\/p>\n<p>11:00-11:45 \u00a0\u00a0\u00a0 Workshop TEN Underarm\u00a0\u00a0\u00a0\u00a0\u00a0\u00a0 Grupp B\u00a0\u00a0\u00a0\u00a0\u00a0\u00a0\u00a0\u00a0\u00a0\u00a0\u00a0 Hellquist<\/p>\n<p>11:00-11:45 \u00a0\u00a0\u00a0 Workshop Stifta Supra\u00a0\u00a0\u00a0\u00a0\u00a0\u00a0\u00a0\u00a0\u00a0\u00a0\u00a0\u00a0 Grupp A\u00a0\u00a0\u00a0\u00a0\u00a0\u00a0\u00a0\u00a0\u00a0\u00a0\u00a0 Marsell<\/p>\n<p>&nbsp;<\/p>\n<p><strong>Pris:<\/strong><\/p>\n<p>750 kr exkl moms<\/p>\n<p><strong>Kurssponsor:<\/strong><br \/> DePuySynthes<\/p>\n<p>[\/et_pb_text][\/et_pb_column][\/et_pb_row][\/et_pb_section][et_pb_section fb_built=&#8221;1&#8243; fullwidth=&#8221;on&#8221; _builder_version=&#8221;3.0.47&#8243;][et_pb_fullwidth_image src=&#8221;http:\/\/www.ortopediveckan.se\/wp-content\/uploads\/sites\/37\/2018\/01\/sof_wave_high_res.png&#8221; _builder_version=&#8221;3.0.72&#8243; border_style=&#8221;solid&#8221; global_module=&#8221;445&#8243; saved_tabs=&#8221;all&#8221;][\/et_pb_fullwidth_image][\/et_pb_section]<\/p>\n","protected":false},"excerpt":{"rendered":"<p>[et_pb_section fb_built=&#8221;1&#8243; _builder_version=&#8221;3.0.47&#8243;][et_pb_row _builder_version=&#8221;3.0.47&#8243; background_size=&#8221;initial&#8221; background_position=&#8221;top_left&#8221; background_repeat=&#8221;repeat&#8221;][et_pb_column type=&#8221;4_4&#8243; _builder_version=&#8221;3.0.47&#8243; parallax=&#8221;off&#8221; parallax_method=&#8221;on&#8221;][et_pb_post_title meta=&#8221;off&#8221; featured_image=&#8221;off&#8221; _builder_version=&#8221;3.0.72&#8243; title_font_size=&#8221;35px&#8221;][\/et_pb_post_title][et_pb_text _builder_version=&#8221;3.0.72&#8243;] Titel: Extremitetsfrakturer hos barn Delm\u00e5l: Del av delm\u00e5l c5. Omfattning: 4 timmar. Tid:Kurs &#8220;Extremitetsfrakturer hos barn&#8221;. Tisdag 28\/8, kl 08.00-12.00 Lunch. Tisdag 28\/8, kl 12.00-1300 Ansvarig: Kursansvarig: Richard Marsell, UAS, Uppsala F\u00f6rel\u00e4sare: Einar Hellquist, UAS, Uppsala Inneh\u00e5ll: Extremitetsfrakturer hos [&hellip;]<\/p>\n","protected":false},"author":1,"featured_media":0,"parent":724,"menu_order":0,"comment_status":"closed","ping_status":"closed","template":"","meta":{"_et_pb_use_builder":"on","_et_pb_old_content":"","_et_gb_content_width":""},"_links":{"self":[{"href":"https:\/\/appsinmed.com\/ortopediveckan2018\/wp-json\/wp\/v2\/pages\/993"}],"collection":[{"href":"https:\/\/appsinmed.com\/ortopediveckan2018\/wp-json\/wp\/v2\/pages"}],"about":[{"href":"https:\/\/appsinmed.com\/ortopediveckan2018\/wp-json\/wp\/v2\/types\/page"}],"author":[{"embeddable":true,"href":"https:\/\/appsinmed.com\/ortopediveckan2018\/wp-json\/wp\/v2\/users\/1"}],"replies":[{"embeddable":true,"href":"https:\/\/appsinmed.com\/ortopediveckan2018\/wp-json\/wp\/v2\/comments?post=993"}],"version-history":[{"count":11,"href":"https:\/\/appsinmed.com\/ortopediveckan2018\/wp-json\/wp\/v2\/pages\/993\/revisions"}],"predecessor-version":[{"id":1255,"href":"https:\/\/appsinmed.com\/ortopediveckan2018\/wp-json\/wp\/v2\/pages\/993\/revisions\/1255"}],"up":[{"embeddable":true,"href":"https:\/\/appsinmed.com\/ortopediveckan2018\/wp-json\/wp\/v2\/pages\/724"}],"wp:attachment":[{"href":"https:\/\/appsinmed.com\/ortopediveckan2018\/wp-json\/wp\/v2\/media?parent=993"}],"curies":[{"name":"wp","href":"https:\/\/api.w.org\/{rel}","templated":true}]}}