
{"id":990,"date":"2018-03-21T13:24:35","date_gmt":"2018-03-21T13:24:35","guid":{"rendered":"http:\/\/www.ortopediveckan.se\/?page_id=990"},"modified":"2018-03-22T13:33:24","modified_gmt":"2018-03-22T13:33:24","slug":"femurfrakturer","status":"publish","type":"page","link":"https:\/\/appsinmed.com\/ortopediveckan2018\/kurser\/femurfrakturer\/","title":{"rendered":"Femurfrakturer"},"content":{"rendered":"<p>[et_pb_section fb_built=&#8221;1&#8243; _builder_version=&#8221;3.0.47&#8243;][et_pb_row _builder_version=&#8221;3.0.47&#8243; background_size=&#8221;initial&#8221; background_position=&#8221;top_left&#8221; background_repeat=&#8221;repeat&#8221;][et_pb_column type=&#8221;4_4&#8243; _builder_version=&#8221;3.0.47&#8243; parallax=&#8221;off&#8221; parallax_method=&#8221;on&#8221;][et_pb_post_title meta=&#8221;off&#8221; featured_image=&#8221;off&#8221; _builder_version=&#8221;3.0.72&#8243; title_font_size=&#8221;35px&#8221;][\/et_pb_post_title][et_pb_text _builder_version=&#8221;3.0.72&#8243;]<\/p>\n<p><strong>Titel:<\/strong><br \/> Femurfrakturer<\/p>\n<p><strong>Delm\u00e5l:<\/strong><br \/> Del av delm\u00e5l c4.<\/p>\n<p><strong>Omfattning:<\/strong><br \/> 4 timmar<\/p>\n<p><strong>Tid:<\/strong><br \/>Kurs &#8220;Femurfrakturer&#8221;. Tisdag 28\/8, kl 08.00\u201312.00<\/p>\n<p>Lunch. Tisdag 28\/8, kl 12.00<\/p>\n<p><strong style=\"font-size: 14px\">Ansvarig:<\/strong><\/p>\n<p>Kursansvarig: Anders Enocson, Karolinska Sjukhuset, Stockholm<\/p>\n<p>F\u00f6rel\u00e4sare: Anna Ekman, S\u00d6S, Stockholm. Peter Str\u00f6m, UAS, Uppsala<\/p>\n<p><strong>Inneh\u00e5ll:<\/strong><\/p>\n<p>Femurfrakturer i teori och praktik. F\u00f6rel\u00e4sningar om femurfrakturer distalt om trochanteromr\u00e5det, men \u00e4ven h\u00f6ftfrakturer tangeras. Fokus f\u00f6r kursen ligger p\u00e5 det praktiskt kirurgiska samt tips och tricks att ta med dig hem och applicera i din kliniska vardag. Hur f\u00e5r man ett optimalt resultat vid m\u00e4rgspikning av femurdiafysfrakturer? Hur opererar man distala femurfrakturer?<\/p>\n<p>I samarbete med DePuySynthes erbjuder kursen \u00e4ven workshops i form av m\u00e4rgspikning f\u00f6r diafys\u00e4ra femurfrakturer och vinkelstabil plattosteosyntes f\u00f6r distala femurfrakturer.<\/p>\n<p>Vi v\u00e4nder oss med denna kurs i f\u00f6rsta hand till ST-l\u00e4kare och nyblivna specialister, men kursinneh\u00e5llet passar \u00e4ven utm\u00e4rkt f\u00f6r mer erfarna kollegor som vill uppdatera sina kunskaper i frakturkirurgi.<\/p>\n<p>Deltagande ST-l\u00e4kare erh\u00e5ller intyg f\u00f6r del av delm\u00e5l c4.<\/p>\n<p><strong>Pris:<\/strong><\/p>\n<p>750 kr exkl moms<\/p>\n<p><strong>Kurssponsor:<\/strong><br \/><span>DePuySynthes<\/span><\/p>\n<p>[\/et_pb_text][\/et_pb_column][\/et_pb_row][\/et_pb_section][et_pb_section fb_built=&#8221;1&#8243; fullwidth=&#8221;on&#8221; _builder_version=&#8221;3.0.47&#8243;][et_pb_fullwidth_image src=&#8221;http:\/\/www.ortopediveckan.se\/wp-content\/uploads\/sites\/37\/2018\/01\/sof_wave_high_res.png&#8221; _builder_version=&#8221;3.0.72&#8243; global_module=&#8221;445&#8243; saved_tabs=&#8221;all&#8221;][\/et_pb_fullwidth_image][\/et_pb_section]<\/p>\n","protected":false},"excerpt":{"rendered":"<p>[et_pb_section fb_built=&#8221;1&#8243; _builder_version=&#8221;3.0.47&#8243;][et_pb_row _builder_version=&#8221;3.0.47&#8243; background_size=&#8221;initial&#8221; background_position=&#8221;top_left&#8221; background_repeat=&#8221;repeat&#8221;][et_pb_column type=&#8221;4_4&#8243; _builder_version=&#8221;3.0.47&#8243; parallax=&#8221;off&#8221; parallax_method=&#8221;on&#8221;][et_pb_post_title meta=&#8221;off&#8221; featured_image=&#8221;off&#8221; _builder_version=&#8221;3.0.72&#8243; title_font_size=&#8221;35px&#8221;][\/et_pb_post_title][et_pb_text _builder_version=&#8221;3.0.72&#8243;] Titel: Femurfrakturer Delm\u00e5l: Del av delm\u00e5l c4. Omfattning: 4 timmar Tid:Kurs &#8220;Femurfrakturer&#8221;. Tisdag 28\/8, kl 08.00\u201312.00 Lunch. Tisdag 28\/8, kl 12.00 Ansvarig: Kursansvarig: Anders Enocson, Karolinska Sjukhuset, Stockholm F\u00f6rel\u00e4sare: Anna Ekman, S\u00d6S, Stockholm. Peter Str\u00f6m, UAS, Uppsala Inneh\u00e5ll: Femurfrakturer [&hellip;]<\/p>\n","protected":false},"author":1,"featured_media":0,"parent":724,"menu_order":0,"comment_status":"closed","ping_status":"closed","template":"","meta":{"_et_pb_use_builder":"on","_et_pb_old_content":"","_et_gb_content_width":""},"_links":{"self":[{"href":"https:\/\/appsinmed.com\/ortopediveckan2018\/wp-json\/wp\/v2\/pages\/990"}],"collection":[{"href":"https:\/\/appsinmed.com\/ortopediveckan2018\/wp-json\/wp\/v2\/pages"}],"about":[{"href":"https:\/\/appsinmed.com\/ortopediveckan2018\/wp-json\/wp\/v2\/types\/page"}],"author":[{"embeddable":true,"href":"https:\/\/appsinmed.com\/ortopediveckan2018\/wp-json\/wp\/v2\/users\/1"}],"replies":[{"embeddable":true,"href":"https:\/\/appsinmed.com\/ortopediveckan2018\/wp-json\/wp\/v2\/comments?post=990"}],"version-history":[{"count":11,"href":"https:\/\/appsinmed.com\/ortopediveckan2018\/wp-json\/wp\/v2\/pages\/990\/revisions"}],"predecessor-version":[{"id":1106,"href":"https:\/\/appsinmed.com\/ortopediveckan2018\/wp-json\/wp\/v2\/pages\/990\/revisions\/1106"}],"up":[{"embeddable":true,"href":"https:\/\/appsinmed.com\/ortopediveckan2018\/wp-json\/wp\/v2\/pages\/724"}],"wp:attachment":[{"href":"https:\/\/appsinmed.com\/ortopediveckan2018\/wp-json\/wp\/v2\/media?parent=990"}],"curies":[{"name":"wp","href":"https:\/\/api.w.org\/{rel}","templated":true}]}}