
{"id":980,"date":"2018-03-21T13:15:21","date_gmt":"2018-03-21T13:15:21","guid":{"rendered":"http:\/\/www.ortopediveckan.se\/?page_id=980"},"modified":"2018-06-18T06:55:56","modified_gmt":"2018-06-18T06:55:56","slug":"metabola","status":"publish","type":"page","link":"https:\/\/appsinmed.com\/ortopediveckan2018\/kurser\/metabola\/","title":{"rendered":"Metabola och cirkulatoriska sjukdomar med ortopediska konsekvenser samt muskuloskeletala infektionstillst\u00e5nd"},"content":{"rendered":"<p>[et_pb_section fb_built=&#8221;1&#8243; _builder_version=&#8221;3.0.47&#8243;][et_pb_row _builder_version=&#8221;3.0.47&#8243; background_size=&#8221;initial&#8221; background_position=&#8221;top_left&#8221; background_repeat=&#8221;repeat&#8221;][et_pb_column type=&#8221;4_4&#8243; _builder_version=&#8221;3.0.47&#8243; parallax=&#8221;off&#8221; parallax_method=&#8221;on&#8221;][et_pb_post_title meta=&#8221;off&#8221; featured_image=&#8221;off&#8221; _builder_version=&#8221;3.0.72&#8243; title_font_size=&#8221;35px&#8221;][\/et_pb_post_title][et_pb_text _builder_version=&#8221;3.0.72&#8243;]<\/p>\n<p><strong>Titel:<\/strong><br \/> Metabola och cirkulatoriska sjukdomar med ortopediska konsekvenser samt muskuloskeletala infektionstillst\u00e5nd.<\/p>\n<p><strong>Delm\u00e5l:<\/strong><br \/>Uppfyller hela teoretiska delen av delm\u00e5l 11\/c11.<\/p>\n<p><strong>Omfattning:<\/strong><br \/> 5+3 timmar<\/p>\n<p><strong>Tid:<\/strong><br \/>F\u00f6rel\u00e4sning &#8220;Kurs Metabola &amp; cirkulatoriska sjukdomar&#8221;. M\u00e5ndag 27\/8, kl 13.00\u201318.00<\/p>\n<p>Middag. M\u00e5ndag kv\u00e4ll 27\/8.<\/p>\n<p>Sessionen &#8220;Frakturprevention&#8221;<em>.<\/em>\u00a0Onsdag 29\/8, 08.00-09.00<\/p>\n<p>Sessionen &#8220;Ortopediska infektioner&#8221;. Onsdag 29\/8, kl 09.45\u201311.45<\/p>\n<p>&nbsp;<\/p>\n<p><strong style=\"font-size: 14px\">Inneh\u00e5ll:<\/strong><\/p>\n<p>Osteoporos, ortopediska infektioner, arterioskleros, amputationer och diabetes.<\/p>\n<p>F\u00f6r godk\u00e4nd kurs avseende delm\u00e5l c11 kr\u00e4vs n\u00e4rvaro p\u00e5 samtliga f\u00f6rel\u00e4sningar och sessioner under veckan enligt ovan.<\/p>\n<p><strong>Pris:<\/strong><\/p>\n<p>750 kr exkl moms<\/p>\n<p><strong>Kurssponsor:<\/strong><br \/> ZimmerBiometh, Amgen<\/p>\n<p>[\/et_pb_text][\/et_pb_column][\/et_pb_row][\/et_pb_section][et_pb_section fb_built=&#8221;1&#8243; fullwidth=&#8221;on&#8221; _builder_version=&#8221;3.0.47&#8243;][et_pb_fullwidth_image src=&#8221;http:\/\/www.ortopediveckan.se\/wp-content\/uploads\/sites\/37\/2018\/01\/sof_wave_high_res.png&#8221; _builder_version=&#8221;3.0.72&#8243; border_style=&#8221;solid&#8221; global_module=&#8221;445&#8243; saved_tabs=&#8221;all&#8221;][\/et_pb_fullwidth_image][\/et_pb_section]<\/p>\n","protected":false},"excerpt":{"rendered":"<p>[et_pb_section fb_built=&#8221;1&#8243; _builder_version=&#8221;3.0.47&#8243;][et_pb_row _builder_version=&#8221;3.0.47&#8243; background_size=&#8221;initial&#8221; background_position=&#8221;top_left&#8221; background_repeat=&#8221;repeat&#8221;][et_pb_column type=&#8221;4_4&#8243; _builder_version=&#8221;3.0.47&#8243; parallax=&#8221;off&#8221; parallax_method=&#8221;on&#8221;][et_pb_post_title meta=&#8221;off&#8221; featured_image=&#8221;off&#8221; _builder_version=&#8221;3.0.72&#8243; title_font_size=&#8221;35px&#8221;][\/et_pb_post_title][et_pb_text _builder_version=&#8221;3.0.72&#8243;] Titel: Metabola och cirkulatoriska sjukdomar med ortopediska konsekvenser samt muskuloskeletala infektionstillst\u00e5nd. Delm\u00e5l:Uppfyller hela teoretiska delen av delm\u00e5l 11\/c11. Omfattning: 5+3 timmar Tid:F\u00f6rel\u00e4sning &#8220;Kurs Metabola &amp; cirkulatoriska sjukdomar&#8221;. M\u00e5ndag 27\/8, kl 13.00\u201318.00 Middag. M\u00e5ndag kv\u00e4ll 27\/8. Sessionen &#8220;Frakturprevention&#8221;.\u00a0Onsdag 29\/8, 08.00-09.00 [&hellip;]<\/p>\n","protected":false},"author":1,"featured_media":0,"parent":724,"menu_order":0,"comment_status":"closed","ping_status":"closed","template":"","meta":{"_et_pb_use_builder":"on","_et_pb_old_content":"","_et_gb_content_width":""},"_links":{"self":[{"href":"https:\/\/appsinmed.com\/ortopediveckan2018\/wp-json\/wp\/v2\/pages\/980"}],"collection":[{"href":"https:\/\/appsinmed.com\/ortopediveckan2018\/wp-json\/wp\/v2\/pages"}],"about":[{"href":"https:\/\/appsinmed.com\/ortopediveckan2018\/wp-json\/wp\/v2\/types\/page"}],"author":[{"embeddable":true,"href":"https:\/\/appsinmed.com\/ortopediveckan2018\/wp-json\/wp\/v2\/users\/1"}],"replies":[{"embeddable":true,"href":"https:\/\/appsinmed.com\/ortopediveckan2018\/wp-json\/wp\/v2\/comments?post=980"}],"version-history":[{"count":8,"href":"https:\/\/appsinmed.com\/ortopediveckan2018\/wp-json\/wp\/v2\/pages\/980\/revisions"}],"predecessor-version":[{"id":1243,"href":"https:\/\/appsinmed.com\/ortopediveckan2018\/wp-json\/wp\/v2\/pages\/980\/revisions\/1243"}],"up":[{"embeddable":true,"href":"https:\/\/appsinmed.com\/ortopediveckan2018\/wp-json\/wp\/v2\/pages\/724"}],"wp:attachment":[{"href":"https:\/\/appsinmed.com\/ortopediveckan2018\/wp-json\/wp\/v2\/media?parent=980"}],"curies":[{"name":"wp","href":"https:\/\/api.w.org\/{rel}","templated":true}]}}