
{"id":921,"date":"2018-03-20T23:03:05","date_gmt":"2018-03-20T23:03:05","guid":{"rendered":"http:\/\/www.ortopediveckan.se\/?page_id=921"},"modified":"2018-03-21T09:02:35","modified_gmt":"2018-03-21T09:02:35","slug":"vardadministratorer","status":"publish","type":"page","link":"https:\/\/appsinmed.com\/ortopediveckan2018\/vetenskapligt-program-2-2\/vardadministratorer\/","title":{"rendered":"V\u00e5rdadministrat\u00f6rer"},"content":{"rendered":"<p>[et_pb_section fb_built=&#8221;1&#8243; _builder_version=&#8221;3.0.47&#8243;][et_pb_row _builder_version=&#8221;3.0.47&#8243; background_size=&#8221;initial&#8221; background_position=&#8221;top_left&#8221; background_repeat=&#8221;repeat&#8221;][et_pb_column type=&#8221;4_4&#8243; _builder_version=&#8221;3.0.47&#8243; parallax=&#8221;off&#8221; parallax_method=&#8221;on&#8221;][et_pb_post_title meta=&#8221;off&#8221; featured_image=&#8221;off&#8221; _builder_version=&#8221;3.0.72&#8243; title_font_size=&#8221;35px&#8221;][\/et_pb_post_title][et_pb_text _builder_version=&#8221;3.0.72&#8243;]<\/p>\n<p><span style=\"font-size: 14px\">F\u00f6r dig har vi planerat en rad intressanta f\u00f6rel\u00e4sningar. Bland annat r\u00f6r det \u00e4mnen som stress och h\u00e5llbara arbetsplatser, kommunikation, h\u00e4lsostrategier, ergonomi, h\u00e4lso- och sjukdomsklassifikation och patientber\u00e4ttelser direkt ur verkligheten.<\/span><\/p>\n<p>Programmet \u00e4r s\u00e5klart helt \u00f6ppet f\u00f6r eget val, botanisera bland de tillg\u00e4ngliga f\u00f6rel\u00e4sningarna och bygg det schema som tilltalar dig mest. Missa inte heller att ta del av det sociala programmet!<\/p>\n<p>[\/et_pb_text][\/et_pb_column][\/et_pb_row][\/et_pb_section][et_pb_section fb_built=&#8221;1&#8243; fullwidth=&#8221;on&#8221; _builder_version=&#8221;3.0.47&#8243;][et_pb_fullwidth_image src=&#8221;http:\/\/www.ortopediveckan.se\/wp-content\/uploads\/sites\/37\/2018\/01\/sof_wave_high_res.png&#8221; _builder_version=&#8221;3.0.72&#8243; global_module=&#8221;445&#8243; saved_tabs=&#8221;all&#8221;][\/et_pb_fullwidth_image][\/et_pb_section]<\/p>\n","protected":false},"excerpt":{"rendered":"<p>[et_pb_section fb_built=&#8221;1&#8243; _builder_version=&#8221;3.0.47&#8243;][et_pb_row _builder_version=&#8221;3.0.47&#8243; background_size=&#8221;initial&#8221; background_position=&#8221;top_left&#8221; background_repeat=&#8221;repeat&#8221;][et_pb_column type=&#8221;4_4&#8243; _builder_version=&#8221;3.0.47&#8243; parallax=&#8221;off&#8221; parallax_method=&#8221;on&#8221;][et_pb_post_title meta=&#8221;off&#8221; featured_image=&#8221;off&#8221; _builder_version=&#8221;3.0.72&#8243; title_font_size=&#8221;35px&#8221;][\/et_pb_post_title][et_pb_text _builder_version=&#8221;3.0.72&#8243;] F\u00f6r dig har vi planerat en rad intressanta f\u00f6rel\u00e4sningar. Bland annat r\u00f6r det \u00e4mnen som stress och h\u00e5llbara arbetsplatser, kommunikation, h\u00e4lsostrategier, ergonomi, h\u00e4lso- och sjukdomsklassifikation och patientber\u00e4ttelser direkt ur verkligheten. Programmet \u00e4r s\u00e5klart helt \u00f6ppet f\u00f6r eget val, botanisera [&hellip;]<\/p>\n","protected":false},"author":1,"featured_media":0,"parent":350,"menu_order":0,"comment_status":"closed","ping_status":"closed","template":"","meta":{"_et_pb_use_builder":"on","_et_pb_old_content":"","_et_gb_content_width":""},"_links":{"self":[{"href":"https:\/\/appsinmed.com\/ortopediveckan2018\/wp-json\/wp\/v2\/pages\/921"}],"collection":[{"href":"https:\/\/appsinmed.com\/ortopediveckan2018\/wp-json\/wp\/v2\/pages"}],"about":[{"href":"https:\/\/appsinmed.com\/ortopediveckan2018\/wp-json\/wp\/v2\/types\/page"}],"author":[{"embeddable":true,"href":"https:\/\/appsinmed.com\/ortopediveckan2018\/wp-json\/wp\/v2\/users\/1"}],"replies":[{"embeddable":true,"href":"https:\/\/appsinmed.com\/ortopediveckan2018\/wp-json\/wp\/v2\/comments?post=921"}],"version-history":[{"count":6,"href":"https:\/\/appsinmed.com\/ortopediveckan2018\/wp-json\/wp\/v2\/pages\/921\/revisions"}],"predecessor-version":[{"id":963,"href":"https:\/\/appsinmed.com\/ortopediveckan2018\/wp-json\/wp\/v2\/pages\/921\/revisions\/963"}],"up":[{"embeddable":true,"href":"https:\/\/appsinmed.com\/ortopediveckan2018\/wp-json\/wp\/v2\/pages\/350"}],"wp:attachment":[{"href":"https:\/\/appsinmed.com\/ortopediveckan2018\/wp-json\/wp\/v2\/media?parent=921"}],"curies":[{"name":"wp","href":"https:\/\/api.w.org\/{rel}","templated":true}]}}