
{"id":919,"date":"2018-03-20T23:02:27","date_gmt":"2018-03-20T23:02:27","guid":{"rendered":"http:\/\/www.ortopediveckan.se\/?page_id=919"},"modified":"2018-03-22T12:49:38","modified_gmt":"2018-03-22T12:49:38","slug":"fysioterapeuter","status":"publish","type":"page","link":"https:\/\/appsinmed.com\/ortopediveckan2018\/vetenskapligt-program-2-2\/fysioterapeuter\/","title":{"rendered":"Fysioterapeuter"},"content":{"rendered":"<p>[et_pb_section fb_built=&#8221;1&#8243; _builder_version=&#8221;3.0.47&#8243;][et_pb_row _builder_version=&#8221;3.0.47&#8243; background_size=&#8221;initial&#8221; background_position=&#8221;top_left&#8221; background_repeat=&#8221;repeat&#8221;][et_pb_column type=&#8221;4_4&#8243; _builder_version=&#8221;3.0.47&#8243; parallax=&#8221;off&#8221; parallax_method=&#8221;on&#8221;][et_pb_post_title meta=&#8221;off&#8221; featured_image=&#8221;off&#8221; _builder_version=&#8221;3.0.72&#8243; title_font_size=&#8221;35px&#8221;][\/et_pb_post_title][et_pb_text _builder_version=&#8221;3.0.72&#8243;]<\/p>\n<p>F\u00f6r dig \u00e4r programmet som mest matnyttigt fr\u00e5n tisdag lunch till torsdag lunch. Vi kommer att g\u00f6ra en djupdykning i r\u00f6relsekontroll av h\u00f6ft och rygg, samt axelledens funktion och funktionsproblem.<\/p>\n<p>Det finns m\u00f6jlighet att delta i en hel f\u00f6rmiddag med f\u00f6rel\u00e4sningar om mjuka kn\u00e4n, som f\u00f6ljs av en workshop med manuell unders\u00f6kning av kn\u00e4 kombinerat med ultraljudsdiagnostik. F\u00f6r dig som \u00e4r intresserad av f\u00f6tter finns ett liknande sp\u00e5r med f\u00f6rel\u00e4sningar och workshop.\u00a0<span style=\"font-size: 14px\">Vi passar \u00e4ven p\u00e5 att ha en n\u00e4tverkstr\u00e4ff f\u00f6r fysioterapeuter, med lite praktisk touch d\u00e4r vi bland annat pratar om hur vi hanterar svullnader efter frakturer.<\/span><\/p>\n<p><span style=\"font-size: 14px\">Programmet \u00e4r s\u00e5klart helt \u00f6ppet f\u00f6r eget val, botanisera bland de tillg\u00e4ngliga f\u00f6rel\u00e4sningarna och bygg det schema som tilltalar dig mest. Missa inte heller att ta del av det sociala programmet!<\/span><\/p>\n<p>[\/et_pb_text][\/et_pb_column][\/et_pb_row][\/et_pb_section][et_pb_section fb_built=&#8221;1&#8243; fullwidth=&#8221;on&#8221; _builder_version=&#8221;3.0.47&#8243;][et_pb_fullwidth_image src=&#8221;http:\/\/www.ortopediveckan.se\/wp-content\/uploads\/sites\/37\/2018\/01\/sof_wave_high_res.png&#8221; _builder_version=&#8221;3.0.72&#8243; global_module=&#8221;445&#8243; saved_tabs=&#8221;all&#8221;][\/et_pb_fullwidth_image][\/et_pb_section]<\/p>\n","protected":false},"excerpt":{"rendered":"<p>[et_pb_section fb_built=&#8221;1&#8243; _builder_version=&#8221;3.0.47&#8243;][et_pb_row _builder_version=&#8221;3.0.47&#8243; background_size=&#8221;initial&#8221; background_position=&#8221;top_left&#8221; background_repeat=&#8221;repeat&#8221;][et_pb_column type=&#8221;4_4&#8243; _builder_version=&#8221;3.0.47&#8243; parallax=&#8221;off&#8221; parallax_method=&#8221;on&#8221;][et_pb_post_title meta=&#8221;off&#8221; featured_image=&#8221;off&#8221; _builder_version=&#8221;3.0.72&#8243; title_font_size=&#8221;35px&#8221;][\/et_pb_post_title][et_pb_text _builder_version=&#8221;3.0.72&#8243;] F\u00f6r dig \u00e4r programmet som mest matnyttigt fr\u00e5n tisdag lunch till torsdag lunch. Vi kommer att g\u00f6ra en djupdykning i r\u00f6relsekontroll av h\u00f6ft och rygg, samt axelledens funktion och funktionsproblem. Det finns m\u00f6jlighet att delta i en hel f\u00f6rmiddag [&hellip;]<\/p>\n","protected":false},"author":1,"featured_media":0,"parent":350,"menu_order":0,"comment_status":"closed","ping_status":"closed","template":"","meta":{"_et_pb_use_builder":"on","_et_pb_old_content":"","_et_gb_content_width":""},"_links":{"self":[{"href":"https:\/\/appsinmed.com\/ortopediveckan2018\/wp-json\/wp\/v2\/pages\/919"}],"collection":[{"href":"https:\/\/appsinmed.com\/ortopediveckan2018\/wp-json\/wp\/v2\/pages"}],"about":[{"href":"https:\/\/appsinmed.com\/ortopediveckan2018\/wp-json\/wp\/v2\/types\/page"}],"author":[{"embeddable":true,"href":"https:\/\/appsinmed.com\/ortopediveckan2018\/wp-json\/wp\/v2\/users\/1"}],"replies":[{"embeddable":true,"href":"https:\/\/appsinmed.com\/ortopediveckan2018\/wp-json\/wp\/v2\/comments?post=919"}],"version-history":[{"count":8,"href":"https:\/\/appsinmed.com\/ortopediveckan2018\/wp-json\/wp\/v2\/pages\/919\/revisions"}],"predecessor-version":[{"id":1083,"href":"https:\/\/appsinmed.com\/ortopediveckan2018\/wp-json\/wp\/v2\/pages\/919\/revisions\/1083"}],"up":[{"embeddable":true,"href":"https:\/\/appsinmed.com\/ortopediveckan2018\/wp-json\/wp\/v2\/pages\/350"}],"wp:attachment":[{"href":"https:\/\/appsinmed.com\/ortopediveckan2018\/wp-json\/wp\/v2\/media?parent=919"}],"curies":[{"name":"wp","href":"https:\/\/api.w.org\/{rel}","templated":true}]}}