
{"id":917,"date":"2018-03-20T23:01:44","date_gmt":"2018-03-20T23:01:44","guid":{"rendered":"http:\/\/www.ortopediveckan.se\/?page_id=917"},"modified":"2018-03-21T14:08:10","modified_gmt":"2018-03-21T14:08:10","slug":"sjukskoterskor","status":"publish","type":"page","link":"https:\/\/appsinmed.com\/ortopediveckan2018\/vetenskapligt-program-2-2\/sjukskoterskor\/","title":{"rendered":"Sjuksk\u00f6terskor"},"content":{"rendered":"<p>[et_pb_section fb_built=&#8221;1&#8243; _builder_version=&#8221;3.0.47&#8243;][et_pb_row _builder_version=&#8221;3.0.47&#8243; background_size=&#8221;initial&#8221; background_position=&#8221;top_left&#8221; background_repeat=&#8221;repeat&#8221;][et_pb_column type=&#8221;4_4&#8243; _builder_version=&#8221;3.0.47&#8243; parallax=&#8221;off&#8221; parallax_method=&#8221;on&#8221;][et_pb_post_title meta=&#8221;off&#8221; featured_image=&#8221;off&#8221; _builder_version=&#8221;3.0.72&#8243; title_font_size=&#8221;35px&#8221;][\/et_pb_post_title][et_pb_text _builder_version=&#8221;3.0.72&#8243;]<\/p>\n<p>F\u00f6r dig finns en rad givande och intressanta f\u00f6rel\u00e4sningar att ta del av. Fr\u00e5n sm\u00e4rta och individuell l\u00e4kemedelsnedtrappning till m\u00e5let med noll trycks\u00e5r i samband med v\u00e5rd. Lyssna bland annat p\u00e5 hur du blir stark f\u00f6r livet och stark f\u00f6r kirurgi, om amputationer, patients\u00e4kerhetsarbete och vilka strategier som \u00e4r bra f\u00f6r att lyckas med rehabilitering efter en h\u00f6ftfraktur. Missa inte heller de gripande och intressanta ber\u00e4ttelserna om Anders &#8220;J\u00e4rnmannen&#8221; Olsson, Caroline Larsson och Lina Watz och deras fl\u00f6de via Ortopedins v\u00e4rld genom livet. Vi passar ocks\u00e5 p\u00e5 att ha \u00e5rsm\u00f6te med OSIS.<\/p>\n<p>Programmet \u00e4r s\u00e5klart helt \u00f6ppet f\u00f6r eget val, botanisera bland de tillg\u00e4ngliga f\u00f6rel\u00e4sningarna och bygg det schema som tilltalar dig mest. Missa inte heller att ta del av det sociala programmet!<\/p>\n<p>[\/et_pb_text][\/et_pb_column][\/et_pb_row][\/et_pb_section][et_pb_section fb_built=&#8221;1&#8243; fullwidth=&#8221;on&#8221; _builder_version=&#8221;3.0.47&#8243;][et_pb_fullwidth_image src=&#8221;http:\/\/www.ortopediveckan.se\/wp-content\/uploads\/sites\/37\/2018\/01\/sof_wave_high_res.png&#8221; _builder_version=&#8221;3.0.72&#8243; global_module=&#8221;445&#8243; saved_tabs=&#8221;all&#8221;][\/et_pb_fullwidth_image][\/et_pb_section]<\/p>\n","protected":false},"excerpt":{"rendered":"<p>[et_pb_section fb_built=&#8221;1&#8243; _builder_version=&#8221;3.0.47&#8243;][et_pb_row _builder_version=&#8221;3.0.47&#8243; background_size=&#8221;initial&#8221; background_position=&#8221;top_left&#8221; background_repeat=&#8221;repeat&#8221;][et_pb_column type=&#8221;4_4&#8243; _builder_version=&#8221;3.0.47&#8243; parallax=&#8221;off&#8221; parallax_method=&#8221;on&#8221;][et_pb_post_title meta=&#8221;off&#8221; featured_image=&#8221;off&#8221; _builder_version=&#8221;3.0.72&#8243; title_font_size=&#8221;35px&#8221;][\/et_pb_post_title][et_pb_text _builder_version=&#8221;3.0.72&#8243;] F\u00f6r dig finns en rad givande och intressanta f\u00f6rel\u00e4sningar att ta del av. Fr\u00e5n sm\u00e4rta och individuell l\u00e4kemedelsnedtrappning till m\u00e5let med noll trycks\u00e5r i samband med v\u00e5rd. Lyssna bland annat p\u00e5 hur du blir stark f\u00f6r livet och stark [&hellip;]<\/p>\n","protected":false},"author":1,"featured_media":0,"parent":350,"menu_order":0,"comment_status":"closed","ping_status":"closed","template":"","meta":{"_et_pb_use_builder":"on","_et_pb_old_content":"","_et_gb_content_width":""},"_links":{"self":[{"href":"https:\/\/appsinmed.com\/ortopediveckan2018\/wp-json\/wp\/v2\/pages\/917"}],"collection":[{"href":"https:\/\/appsinmed.com\/ortopediveckan2018\/wp-json\/wp\/v2\/pages"}],"about":[{"href":"https:\/\/appsinmed.com\/ortopediveckan2018\/wp-json\/wp\/v2\/types\/page"}],"author":[{"embeddable":true,"href":"https:\/\/appsinmed.com\/ortopediveckan2018\/wp-json\/wp\/v2\/users\/1"}],"replies":[{"embeddable":true,"href":"https:\/\/appsinmed.com\/ortopediveckan2018\/wp-json\/wp\/v2\/comments?post=917"}],"version-history":[{"count":5,"href":"https:\/\/appsinmed.com\/ortopediveckan2018\/wp-json\/wp\/v2\/pages\/917\/revisions"}],"predecessor-version":[{"id":1012,"href":"https:\/\/appsinmed.com\/ortopediveckan2018\/wp-json\/wp\/v2\/pages\/917\/revisions\/1012"}],"up":[{"embeddable":true,"href":"https:\/\/appsinmed.com\/ortopediveckan2018\/wp-json\/wp\/v2\/pages\/350"}],"wp:attachment":[{"href":"https:\/\/appsinmed.com\/ortopediveckan2018\/wp-json\/wp\/v2\/media?parent=917"}],"curies":[{"name":"wp","href":"https:\/\/api.w.org\/{rel}","templated":true}]}}