
{"id":874,"date":"2018-03-20T20:50:58","date_gmt":"2018-03-20T20:50:58","guid":{"rendered":"http:\/\/www.ortopediveckan.se\/?page_id=874"},"modified":"2018-03-21T10:40:38","modified_gmt":"2018-03-21T10:40:38","slug":"motet-i-motet","status":"publish","type":"page","link":"https:\/\/appsinmed.com\/ortopediveckan2018\/motet-i-motet\/","title":{"rendered":"M\u00f6ten i m\u00f6tet"},"content":{"rendered":"<p>[et_pb_section fb_built=&#8221;1&#8243; _builder_version=&#8221;3.0.47&#8243;][et_pb_row _builder_version=&#8221;3.0.47&#8243; background_size=&#8221;initial&#8221; background_position=&#8221;top_left&#8221; background_repeat=&#8221;repeat&#8221;][et_pb_column type=&#8221;4_4&#8243; _builder_version=&#8221;3.0.47&#8243; parallax=&#8221;off&#8221; parallax_method=&#8221;on&#8221;][et_pb_post_title meta=&#8221;off&#8221; featured_image=&#8221;off&#8221; text_orientation=&#8221;center&#8221; _builder_version=&#8221;3.0.72&#8243; title_font_size=&#8221;35px&#8221;][\/et_pb_post_title][et_pb_text _builder_version=&#8221;3.0.72&#8243;]<\/p>\n<p>Samtliga m\u00f6ten \u00e4r p\u00e5 KCCC. Lokal meddelas senare.<\/p>\n<ul>\n<li>Verksamhetschefs- och professorsm\u00f6te: Tisdag 28\/8, 09:00-11:45. Anm\u00e4lan kr\u00e4vs.<\/li>\n<li>OSTRIX: Tisdag 28\/8, 09:00-11:45. Anm\u00e4lan kr\u00e4vs.<\/li>\n<li>OSIS \u00c5rsm\u00f6te. Tisdag 28\/8, 11:00-11:45.<\/li>\n<li>ACTA: Onsdag 29\/8, 11:45-13:00. Anm\u00e4lan kr\u00e4vs.<\/li>\n<li>H\u00f6ft- och kn\u00e4f\u00f6reningen: Torsdag 30\/8, 11:45-13:00. Anm\u00e4lan kr\u00e4vs.<\/li>\n<li>Epifysen: Torsdag 30\/8, 18:00-19:00. Middag 19:30, plats meddelas senare. Anm\u00e4lan kr\u00e4vs.<\/li>\n<li>Fysioterapeuter, n\u00e4tverkstr\u00e4ff. Torsdag 30\/8, 08:00-09:30 enligt schema.<\/li>\n<\/ul>\n<p>&nbsp;<\/p>\n<p>[\/et_pb_text][\/et_pb_column][\/et_pb_row][\/et_pb_section][et_pb_section fb_built=&#8221;1&#8243; fullwidth=&#8221;on&#8221; _builder_version=&#8221;3.0.47&#8243;][et_pb_fullwidth_image src=&#8221;http:\/\/www.ortopediveckan.se\/wp-content\/uploads\/sites\/37\/2018\/01\/sof_wave_high_res.png&#8221; _builder_version=&#8221;3.0.72&#8243; global_module=&#8221;445&#8243; saved_tabs=&#8221;all&#8221;][\/et_pb_fullwidth_image][\/et_pb_section]<\/p>\n","protected":false},"excerpt":{"rendered":"<p>[et_pb_section fb_built=&#8221;1&#8243; _builder_version=&#8221;3.0.47&#8243;][et_pb_row _builder_version=&#8221;3.0.47&#8243; background_size=&#8221;initial&#8221; background_position=&#8221;top_left&#8221; background_repeat=&#8221;repeat&#8221;][et_pb_column type=&#8221;4_4&#8243; _builder_version=&#8221;3.0.47&#8243; parallax=&#8221;off&#8221; parallax_method=&#8221;on&#8221;][et_pb_post_title meta=&#8221;off&#8221; featured_image=&#8221;off&#8221; text_orientation=&#8221;center&#8221; _builder_version=&#8221;3.0.72&#8243; title_font_size=&#8221;35px&#8221;][\/et_pb_post_title][et_pb_text _builder_version=&#8221;3.0.72&#8243;] Samtliga m\u00f6ten \u00e4r p\u00e5 KCCC. Lokal meddelas senare. Verksamhetschefs- och professorsm\u00f6te: Tisdag 28\/8, 09:00-11:45. Anm\u00e4lan kr\u00e4vs. OSTRIX: Tisdag 28\/8, 09:00-11:45. Anm\u00e4lan kr\u00e4vs. OSIS \u00c5rsm\u00f6te. Tisdag 28\/8, 11:00-11:45. ACTA: Onsdag 29\/8, 11:45-13:00. Anm\u00e4lan kr\u00e4vs. H\u00f6ft- och kn\u00e4f\u00f6reningen: Torsdag 30\/8, [&hellip;]<\/p>\n","protected":false},"author":1,"featured_media":0,"parent":0,"menu_order":0,"comment_status":"closed","ping_status":"closed","template":"","meta":{"_et_pb_use_builder":"on","_et_pb_old_content":"","_et_gb_content_width":""},"_links":{"self":[{"href":"https:\/\/appsinmed.com\/ortopediveckan2018\/wp-json\/wp\/v2\/pages\/874"}],"collection":[{"href":"https:\/\/appsinmed.com\/ortopediveckan2018\/wp-json\/wp\/v2\/pages"}],"about":[{"href":"https:\/\/appsinmed.com\/ortopediveckan2018\/wp-json\/wp\/v2\/types\/page"}],"author":[{"embeddable":true,"href":"https:\/\/appsinmed.com\/ortopediveckan2018\/wp-json\/wp\/v2\/users\/1"}],"replies":[{"embeddable":true,"href":"https:\/\/appsinmed.com\/ortopediveckan2018\/wp-json\/wp\/v2\/comments?post=874"}],"version-history":[{"count":4,"href":"https:\/\/appsinmed.com\/ortopediveckan2018\/wp-json\/wp\/v2\/pages\/874\/revisions"}],"predecessor-version":[{"id":974,"href":"https:\/\/appsinmed.com\/ortopediveckan2018\/wp-json\/wp\/v2\/pages\/874\/revisions\/974"}],"wp:attachment":[{"href":"https:\/\/appsinmed.com\/ortopediveckan2018\/wp-json\/wp\/v2\/media?parent=874"}],"curies":[{"name":"wp","href":"https:\/\/api.w.org\/{rel}","templated":true}]}}