
{"id":869,"date":"2018-03-20T18:18:31","date_gmt":"2018-03-20T18:18:31","guid":{"rendered":"http:\/\/www.ortopediveckan.se\/?page_id=869"},"modified":"2018-03-21T12:55:09","modified_gmt":"2018-03-21T12:55:09","slug":"regelverk-inklusive-jav","status":"publish","type":"page","link":"https:\/\/appsinmed.com\/ortopediveckan2018\/regelverk-inklusive-jav\/","title":{"rendered":"Regelverk inklusive j\u00e4v"},"content":{"rendered":"<p>[et_pb_section fb_built=&#8221;1&#8243; _builder_version=&#8221;3.0.47&#8243;][et_pb_row _builder_version=&#8221;3.0.47&#8243; background_size=&#8221;initial&#8221; background_position=&#8221;top_left&#8221; background_repeat=&#8221;repeat&#8221;][et_pb_column type=&#8221;4_4&#8243; _builder_version=&#8221;3.0.47&#8243; parallax=&#8221;off&#8221; parallax_method=&#8221;on&#8221;][et_pb_post_title meta=&#8221;off&#8221; featured_image=&#8221;off&#8221; text_orientation=&#8221;center&#8221; _builder_version=&#8221;3.0.72&#8243; title_font_size=&#8221;35px&#8221;][\/et_pb_post_title][et_pb_text _builder_version=&#8221;3.0.72&#8243;]<\/p>\n<div class=\"et_pb_text et_pb_module et_pb_bg_layout_light et_pb_text_align_left  et_pb_text_1\">\n<p><strong>Inbjuden g\u00e4stf\u00f6rel\u00e4sare<\/strong><span>\u00a0<\/span>(huvudf\u00f6rel\u00e4sare) svensk eller utl\u00e4ndsk (godk\u00e4nns av vetenskaplige sekreteraren): Inget arvode. M\u00f6tet st\u00e5r f\u00f6r resa i ekonomiklass, boende under kongressen, kongressavgift samt bankett och ev \u00f6vrig kv\u00e4llsaktivitet.<br \/>Dessa f\u00f6rel\u00e4sare anm\u00e4ls separat av arrang\u00f6rskommitt\u00e9n. Detta g\u00e4ller \u00e4ven g\u00e4stf\u00f6rel\u00e4sare inbjudna av delf\u00f6reningarna.<\/p>\n<p><strong>Inbjuden f\u00f6rel\u00e4sare\/symposiedeltagare\/moderator<\/strong><span>\u00a0<\/span>ej medlem i SOF (annan yrkeskategori \u00e4n<br \/>ortoped) som endast deltar vid enstaka tillf\u00e4lle under veckan: Inga arvoden. M\u00f6tet st\u00e5r f\u00f6r<br \/>rimliga resekostnader, ev boende och kongressavgift den aktuella dagen. Kontakta respektive<br \/>programansvarig.<\/p>\n<p><strong>Inbjuden f\u00f6rel\u00e4sare\/symposiedeltagare\/symposiearrang\u00f6r<\/strong><span>\u00a0<\/span>som \u00e4r medlem i SOF:<br \/>Fri kongressavgift aktuell dag. Om deltagande flera dagar, 1500 kr rabatt p\u00e5 totala kongressavgiften.<\/p>\n<p><strong>Moderator som \u00e4r medlem i SOF<\/strong>: Inga arvoden. Huvudman f\u00f6rv\u00e4ntas st\u00e5 f\u00f6r resa, boende och<br \/>kongressavgift. Vid fr\u00e5gor kontakta respektive programansvarig.<\/p>\n<p><strong>Instrukt\u00f6rer vid instruktionskurs:<\/strong><span>\u00a0<\/span>Eventuellt arvode av firman som h\u00e5ller kursen. Firman st\u00e5r f\u00f6r<br \/>kongressavgift den aktuella dagen, resa och eventuellt boende.<\/p>\n<p><strong>Deltagare med fria f\u00f6redrag\/poster<\/strong>: Betalar kongressavgift, resa och boende som vanlig deltagare.<\/p>\n<p><strong>Examinator p\u00e5 ortopedexamen<\/strong>: Inga arvoden. Examensmiddag p\u00e5 kv\u00e4llen. Om enda uppdrag under<br \/>veckan st\u00e5r f\u00f6reningen f\u00f6r rimliga resekostnader och eventuellt boende den aktuella dagen.<\/p>\n<\/div>\n<div class=\"et_pb_text et_pb_module et_pb_bg_layout_light et_pb_text_align_center  et_pb_text_2\">\n<h2><\/h2>\n<h2>SOF:s regelverk f\u00f6r moderatorer<\/h2>\n<\/div>\n<div class=\"et_pb_text et_pb_module et_pb_bg_layout_light et_pb_text_align_left  et_pb_text_3\">\n<ul>\n<li>Moderatorer b\u00f6r f\u00f6rdelas s\u00e5 att m\u00e5ngfaldsaspekten av SOFs medlemmar och d\u00e4rmed auditoriet \u00e5terspeglas.<br \/>Den egna klinikens kollegor \u00e4r en viktig rekryteringsbas f\u00f6r moderatorer.<\/li>\n<li>Att vara moderator \u00e4r ett hedersuppdrag varf\u00f6r ingen ers\u00e4ttning utg\u00e5r.<\/li>\n<li>Moderator skall i likhet med f\u00f6redragsh\u00e5llare presentera eventuellt j\u00e4v avseende kommersiella intressen samt<br \/>eventuellt j\u00e4v i f\u00f6rh\u00e5llande till f\u00f6redragsh\u00e5llare i aktuell session.<\/li>\n<li>Moderator tillser att en professionell st\u00e4mning och atmosf\u00e4r r\u00e5der under sessionen.<\/li>\n<li>Moderator tillser att alla talare kommer till tals.<\/li>\n<li>Moderator tillser att diskussionen h\u00e5lls saklig.<\/li>\n<li>Moderator beaktar tidsaspekter s\u00e5 att sessionen kan avslutas inom stipulerad tid.<\/li>\n<\/ul>\n<\/div>\n<div class=\"et_pb_text et_pb_module et_pb_bg_layout_light et_pb_text_align_center  et_pb_text_4\">\n<h2>Regelverk SOF Ortopediveckan \u2013bindningar<\/h2>\n<\/div>\n<div class=\"et_pb_text et_pb_module et_pb_bg_layout_light et_pb_text_align_left  et_pb_text_5\">\n<div id=\"page-post\" class=\"shell clearfix\">\n<article class=\"full page-content post-54 page type-page status-publish hentry\">\n<p>Best\u00e4mmelser avseende intressekonflikter\/j\u00e4v f\u00f6r inbjudna f\u00f6rel\u00e4sare, deltagare i paneldebatter, f\u00f6redragsh\u00e5llare och posterpresentat\u00f6rer. Anges i text p\u00e5 bild eller muntligt i presentationen:<\/p>\n<p>1. Deklaration av intressekonflikt och j\u00e4v f\u00f6r inbjudna f\u00f6rel\u00e4sare, deltagare i paneldebatter, f\u00f6redragsh\u00e5llare och posterpresentat\u00f6rer: Exempel: \u201dJag har f\u00f6r n\u00e4rvarande eller har de senaste 5 \u00e5ren haft arvode, uppdrag, befattning, forskningsanslag eller forskningsbidrag fr\u00e5n f\u00f6retag eller annan intressent\u201d (t ex forskningsfinansi\u00e4r). Ange k\u00e4lla\/k\u00e4llor.<\/p>\n<p>2. Deklaration av andra former av bindningar f\u00f6r inbjudna f\u00f6rel\u00e4sare, deltagare i paneldebatter, f\u00f6redragsh\u00e5llare och posterpresentat\u00f6rer: Exempel: \u201dJag har bindning till f\u00f6retag i form av sl\u00e4ktskap eller n\u00e4ra relation till person i f\u00f6retag eller intressent, aktier i f\u00f6retag, l\u00e5n i f\u00f6retag eller annan typ av bindning till f\u00f6retag eller intressent.\u201d<\/p>\n<p>3. Deklaration av intressekonflikt och j\u00e4v avseende forskning som presenteras p\u00e5 Ortopediveckan: F\u00f6r alla forskningsrapporter som presenteras skall anges vilken\/vilka parter som bidragit till finansieringen av studien.<\/p>\n<\/article>\n<\/div>\n<\/div>\n<p>[\/et_pb_text][\/et_pb_column][\/et_pb_row][\/et_pb_section][et_pb_section fb_built=&#8221;1&#8243; fullwidth=&#8221;on&#8221; _builder_version=&#8221;3.0.47&#8243;][et_pb_fullwidth_image src=&#8221;http:\/\/www.ortopediveckan.se\/wp-content\/uploads\/sites\/37\/2018\/01\/sof_wave_high_res.png&#8221; _builder_version=&#8221;3.0.72&#8243; global_module=&#8221;445&#8243; saved_tabs=&#8221;all&#8221;][\/et_pb_fullwidth_image][\/et_pb_section]<\/p>\n","protected":false},"excerpt":{"rendered":"<p>[et_pb_section fb_built=&#8221;1&#8243; _builder_version=&#8221;3.0.47&#8243;][et_pb_row _builder_version=&#8221;3.0.47&#8243; background_size=&#8221;initial&#8221; background_position=&#8221;top_left&#8221; background_repeat=&#8221;repeat&#8221;][et_pb_column type=&#8221;4_4&#8243; _builder_version=&#8221;3.0.47&#8243; parallax=&#8221;off&#8221; parallax_method=&#8221;on&#8221;][et_pb_post_title meta=&#8221;off&#8221; featured_image=&#8221;off&#8221; text_orientation=&#8221;center&#8221; _builder_version=&#8221;3.0.72&#8243; title_font_size=&#8221;35px&#8221;][\/et_pb_post_title][et_pb_text _builder_version=&#8221;3.0.72&#8243;] Inbjuden g\u00e4stf\u00f6rel\u00e4sare\u00a0(huvudf\u00f6rel\u00e4sare) svensk eller utl\u00e4ndsk (godk\u00e4nns av vetenskaplige sekreteraren): Inget arvode. M\u00f6tet st\u00e5r f\u00f6r resa i ekonomiklass, boende under kongressen, kongressavgift samt bankett och ev \u00f6vrig kv\u00e4llsaktivitet.Dessa f\u00f6rel\u00e4sare anm\u00e4ls separat av arrang\u00f6rskommitt\u00e9n. Detta g\u00e4ller \u00e4ven g\u00e4stf\u00f6rel\u00e4sare inbjudna av [&hellip;]<\/p>\n","protected":false},"author":1,"featured_media":0,"parent":0,"menu_order":0,"comment_status":"closed","ping_status":"closed","template":"","meta":{"_et_pb_use_builder":"on","_et_pb_old_content":"","_et_gb_content_width":""},"_links":{"self":[{"href":"https:\/\/appsinmed.com\/ortopediveckan2018\/wp-json\/wp\/v2\/pages\/869"}],"collection":[{"href":"https:\/\/appsinmed.com\/ortopediveckan2018\/wp-json\/wp\/v2\/pages"}],"about":[{"href":"https:\/\/appsinmed.com\/ortopediveckan2018\/wp-json\/wp\/v2\/types\/page"}],"author":[{"embeddable":true,"href":"https:\/\/appsinmed.com\/ortopediveckan2018\/wp-json\/wp\/v2\/users\/1"}],"replies":[{"embeddable":true,"href":"https:\/\/appsinmed.com\/ortopediveckan2018\/wp-json\/wp\/v2\/comments?post=869"}],"version-history":[{"count":5,"href":"https:\/\/appsinmed.com\/ortopediveckan2018\/wp-json\/wp\/v2\/pages\/869\/revisions"}],"predecessor-version":[{"id":976,"href":"https:\/\/appsinmed.com\/ortopediveckan2018\/wp-json\/wp\/v2\/pages\/869\/revisions\/976"}],"wp:attachment":[{"href":"https:\/\/appsinmed.com\/ortopediveckan2018\/wp-json\/wp\/v2\/media?parent=869"}],"curies":[{"name":"wp","href":"https:\/\/api.w.org\/{rel}","templated":true}]}}