
{"id":864,"date":"2018-03-20T18:11:08","date_gmt":"2018-03-20T18:11:08","guid":{"rendered":"http:\/\/www.ortopediveckan.se\/?page_id=864"},"modified":"2018-03-21T07:38:17","modified_gmt":"2018-03-21T07:38:17","slug":"karlstad-ccc","status":"publish","type":"page","link":"https:\/\/appsinmed.com\/ortopediveckan2018\/karlstad-ccc\/","title":{"rendered":"Karlstad CCC"},"content":{"rendered":"<p>[et_pb_section bb_built=&#8221;1&#8243;][et_pb_row][et_pb_column type=&#8221;4_4&#8243;][et_pb_post_title _builder_version=&#8221;3.0.72&#8243; title=&#8221;on&#8221; meta=&#8221;off&#8221; author=&#8221;on&#8221; date=&#8221;on&#8221; categories=&#8221;on&#8221; comments=&#8221;on&#8221; featured_image=&#8221;off&#8221; featured_placement=&#8221;below&#8221; parallax_method=&#8221;on&#8221; text_orientation=&#8221;center&#8221; text_color=&#8221;dark&#8221; text_background=&#8221;off&#8221; title_font_size=&#8221;35px&#8221; border_style=&#8221;solid&#8221; \/][et_pb_text _builder_version=&#8221;3.0.72&#8243; background_layout=&#8221;light&#8221; text_orientation=&#8221;left&#8221; border_style=&#8221;solid&#8221;]<\/p>\n<p style=\"text-align: center\">KONFERENS OCH KONGRESS<br \/>\nV\u00e5rt toppmoderna och flexibla kongress- och kulturhus \u00f6ppnar f\u00f6r kreativitet och nyt\u00e4nkande. Vi ger de r\u00e4tta f\u00f6ruts\u00e4ttningarna att f\u00f6ra den v\u00e4rml\u00e4ndska ber\u00e4ttartraditionen vidare och ut i v\u00e4rlden.<\/p>\n<p style=\"text-align: center\">Karlstad CCC \u00e4r en plats f\u00f6r alla typer av m\u00f6ten och arrangemang. Stora som sm\u00e5. Vi \u00e4r en av f\u00e5 Svanenm\u00e4rkta konferensanl\u00e4ggningar i Sverige och vi arbetar med h\u00e5llbarhet i flera olika led. B\u00e4sta v\u00e4rdskap \u00e4r en sj\u00e4lvklarhet f\u00f6r oss och vi kan stoltsera med 97 % kundn\u00f6jdhet.<\/p>\n<p style=\"text-align: center\">Varmt v\u00e4lkommen till oss!<br \/>\n<a href=\"https:\/\/karlstadccc.se\/\">https:\/\/karlstadccc.se\/<\/a><\/p>\n<p>[\/et_pb_text][et_pb_image _builder_version=&#8221;3.0.72&#8243; src=&#8221;http:\/\/www.ortopediveckan.se\/wp-content\/uploads\/sites\/37\/2018\/03\/Karlstad-Congress-Culture-Centre.jpg&#8221; show_in_lightbox=&#8221;off&#8221; url_new_window=&#8221;off&#8221; use_overlay=&#8221;off&#8221; sticky=&#8221;off&#8221; align=&#8221;center&#8221; always_center_on_mobile=&#8221;on&#8221; border_style=&#8221;solid&#8221; force_fullwidth=&#8221;off&#8221; \/][\/et_pb_column][\/et_pb_row][\/et_pb_section][et_pb_section bb_built=&#8221;1&#8243; fullwidth=&#8221;on&#8221; specialty=&#8221;off&#8221;][et_pb_fullwidth_image _builder_version=&#8221;3.0.72&#8243; src=&#8221;http:\/\/www.ortopediveckan.se\/wp-content\/uploads\/sites\/37\/2018\/01\/sof_wave_high_res.png&#8221; show_in_lightbox=&#8221;off&#8221; url_new_window=&#8221;off&#8221; use_overlay=&#8221;off&#8221; border_style=&#8221;solid&#8221; saved_tabs=&#8221;all&#8221; global_module=&#8221;445&#8243; \/][\/et_pb_section]<\/p>\n","protected":false},"excerpt":{"rendered":"<p>[et_pb_section bb_built=&#8221;1&#8243;][et_pb_row][et_pb_column type=&#8221;4_4&#8243;][et_pb_post_title _builder_version=&#8221;3.0.72&#8243; title=&#8221;on&#8221; meta=&#8221;off&#8221; author=&#8221;on&#8221; date=&#8221;on&#8221; categories=&#8221;on&#8221; comments=&#8221;on&#8221; featured_image=&#8221;off&#8221; featured_placement=&#8221;below&#8221; parallax_method=&#8221;on&#8221; text_orientation=&#8221;center&#8221; text_color=&#8221;dark&#8221; text_background=&#8221;off&#8221; title_font_size=&#8221;35px&#8221; border_style=&#8221;solid&#8221; \/][et_pb_text _builder_version=&#8221;3.0.72&#8243; background_layout=&#8221;light&#8221; text_orientation=&#8221;left&#8221; border_style=&#8221;solid&#8221;] KONFERENS OCH KONGRESS V\u00e5rt toppmoderna och flexibla kongress- och kulturhus \u00f6ppnar f\u00f6r kreativitet och nyt\u00e4nkande. Vi ger de r\u00e4tta f\u00f6ruts\u00e4ttningarna att f\u00f6ra den v\u00e4rml\u00e4ndska ber\u00e4ttartraditionen vidare och ut i v\u00e4rlden. Karlstad CCC [&hellip;]<\/p>\n","protected":false},"author":1,"featured_media":0,"parent":0,"menu_order":0,"comment_status":"closed","ping_status":"closed","template":"","meta":{"_et_pb_use_builder":"on","_et_pb_old_content":"","_et_gb_content_width":""},"_links":{"self":[{"href":"https:\/\/appsinmed.com\/ortopediveckan2018\/wp-json\/wp\/v2\/pages\/864"}],"collection":[{"href":"https:\/\/appsinmed.com\/ortopediveckan2018\/wp-json\/wp\/v2\/pages"}],"about":[{"href":"https:\/\/appsinmed.com\/ortopediveckan2018\/wp-json\/wp\/v2\/types\/page"}],"author":[{"embeddable":true,"href":"https:\/\/appsinmed.com\/ortopediveckan2018\/wp-json\/wp\/v2\/users\/1"}],"replies":[{"embeddable":true,"href":"https:\/\/appsinmed.com\/ortopediveckan2018\/wp-json\/wp\/v2\/comments?post=864"}],"version-history":[{"count":5,"href":"https:\/\/appsinmed.com\/ortopediveckan2018\/wp-json\/wp\/v2\/pages\/864\/revisions"}],"predecessor-version":[{"id":1392,"href":"https:\/\/appsinmed.com\/ortopediveckan2018\/wp-json\/wp\/v2\/pages\/864\/revisions\/1392"}],"wp:attachment":[{"href":"https:\/\/appsinmed.com\/ortopediveckan2018\/wp-json\/wp\/v2\/media?parent=864"}],"curies":[{"name":"wp","href":"https:\/\/api.w.org\/{rel}","templated":true}]}}