
{"id":862,"date":"2018-03-20T18:06:55","date_gmt":"2018-03-20T18:06:55","guid":{"rendered":"http:\/\/www.ortopediveckan.se\/?page_id=862"},"modified":"2018-03-21T09:26:13","modified_gmt":"2018-03-21T09:26:13","slug":"nyttiga-appar","status":"publish","type":"page","link":"https:\/\/appsinmed.com\/ortopediveckan2018\/nyttiga-appar\/","title":{"rendered":"Nyttiga appar"},"content":{"rendered":"<p>[et_pb_section fb_built=&#8221;1&#8243; _builder_version=&#8221;3.0.47&#8243;][et_pb_row _builder_version=&#8221;3.0.47&#8243; background_size=&#8221;initial&#8221; background_position=&#8221;top_left&#8221; background_repeat=&#8221;repeat&#8221;][et_pb_column type=&#8221;4_4&#8243; _builder_version=&#8221;3.0.47&#8243; parallax=&#8221;off&#8221; parallax_method=&#8221;on&#8221;][et_pb_text _builder_version=&#8221;3.0.72&#8243;]<\/p>\n<p>Visit Karlstad har gjort en sammanst\u00e4llning \u00f6ver appar som underl\u00e4ttar och f\u00f6rh\u00f6jer ditt bes\u00f6k hos oss i Karlstad. Det finns bland annat en karta \u00f6ver Karlstad, busstidtabeller (som \u00e4ven visar b\u00e5tbussarna), en app specifikt f\u00f6r b\u00e5tbussarna som bjuder p\u00e5 historier om de platser som passeras och en app som \u00e4r framtagen f\u00f6r att bjuda p\u00e5 en stadsvandring d\u00e4r du f\u00e5r l\u00e4ra dig mer om v\u00e5r stad. L\u00e4nkar till de respektive apparna hittar du genom att g\u00e5 in p\u00e5 f\u00f6ljande sida:<\/p>\n<p><a href=\"https:\/\/www.visitkarlstad.se\/sv\/upptack\/appar-mobiltelefoner\">https:\/\/www.visitkarlstad.se\/sv\/upptack\/appar-mobiltelefoner<\/a><\/p>\n<p>[\/et_pb_text][\/et_pb_column][\/et_pb_row][\/et_pb_section][et_pb_section fb_built=&#8221;1&#8243; fullwidth=&#8221;on&#8221; _builder_version=&#8221;3.0.47&#8243;][et_pb_fullwidth_image src=&#8221;http:\/\/www.ortopediveckan.se\/wp-content\/uploads\/sites\/37\/2018\/01\/sof_wave_high_res.png&#8221; _builder_version=&#8221;3.0.72&#8243; global_module=&#8221;445&#8243; saved_tabs=&#8221;all&#8221;][\/et_pb_fullwidth_image][\/et_pb_section]<\/p>\n","protected":false},"excerpt":{"rendered":"<p>[et_pb_section fb_built=&#8221;1&#8243; _builder_version=&#8221;3.0.47&#8243;][et_pb_row _builder_version=&#8221;3.0.47&#8243; background_size=&#8221;initial&#8221; background_position=&#8221;top_left&#8221; background_repeat=&#8221;repeat&#8221;][et_pb_column type=&#8221;4_4&#8243; _builder_version=&#8221;3.0.47&#8243; parallax=&#8221;off&#8221; parallax_method=&#8221;on&#8221;][et_pb_text _builder_version=&#8221;3.0.72&#8243;] Visit Karlstad har gjort en sammanst\u00e4llning \u00f6ver appar som underl\u00e4ttar och f\u00f6rh\u00f6jer ditt bes\u00f6k hos oss i Karlstad. Det finns bland annat en karta \u00f6ver Karlstad, busstidtabeller (som \u00e4ven visar b\u00e5tbussarna), en app specifikt f\u00f6r b\u00e5tbussarna som bjuder p\u00e5 historier om de platser [&hellip;]<\/p>\n","protected":false},"author":1,"featured_media":0,"parent":0,"menu_order":0,"comment_status":"closed","ping_status":"closed","template":"","meta":{"_et_pb_use_builder":"on","_et_pb_old_content":"","_et_gb_content_width":""},"_links":{"self":[{"href":"https:\/\/appsinmed.com\/ortopediveckan2018\/wp-json\/wp\/v2\/pages\/862"}],"collection":[{"href":"https:\/\/appsinmed.com\/ortopediveckan2018\/wp-json\/wp\/v2\/pages"}],"about":[{"href":"https:\/\/appsinmed.com\/ortopediveckan2018\/wp-json\/wp\/v2\/types\/page"}],"author":[{"embeddable":true,"href":"https:\/\/appsinmed.com\/ortopediveckan2018\/wp-json\/wp\/v2\/users\/1"}],"replies":[{"embeddable":true,"href":"https:\/\/appsinmed.com\/ortopediveckan2018\/wp-json\/wp\/v2\/comments?post=862"}],"version-history":[{"count":2,"href":"https:\/\/appsinmed.com\/ortopediveckan2018\/wp-json\/wp\/v2\/pages\/862\/revisions"}],"predecessor-version":[{"id":967,"href":"https:\/\/appsinmed.com\/ortopediveckan2018\/wp-json\/wp\/v2\/pages\/862\/revisions\/967"}],"wp:attachment":[{"href":"https:\/\/appsinmed.com\/ortopediveckan2018\/wp-json\/wp\/v2\/media?parent=862"}],"curies":[{"name":"wp","href":"https:\/\/api.w.org\/{rel}","templated":true}]}}