
{"id":724,"date":"2018-03-18T20:35:49","date_gmt":"2018-03-18T20:35:49","guid":{"rendered":"http:\/\/www.ortopediveckan.se\/?page_id=724"},"modified":"2022-11-07T15:24:06","modified_gmt":"2022-11-07T15:24:06","slug":"kurser","status":"publish","type":"page","link":"https:\/\/appsinmed.com\/ortopediveckan2018\/kurser\/","title":{"rendered":"Kurser"},"content":{"rendered":"<p>[et_pb_section fb_built=&#8221;1&#8243; _builder_version=&#8221;3.22&#8243;][et_pb_row _builder_version=&#8221;3.25&#8243; background_size=&#8221;initial&#8221; background_position=&#8221;top_left&#8221; background_repeat=&#8221;repeat&#8221;][et_pb_column type=&#8221;4_4&#8243; _builder_version=&#8221;3.25&#8243; custom_padding=&#8221;|||&#8221; custom_padding__hover=&#8221;|||&#8221;][et_pb_post_title meta=&#8221;off&#8221; featured_image=&#8221;off&#8221; _builder_version=&#8221;3.0.74&#8243; title_font_size=&#8221;35px&#8221;][\/et_pb_post_title][et_pb_text _builder_version=&#8221;4.9.2&#8243; hover_enabled=&#8221;0&#8243; sticky_enabled=&#8221;0&#8243;]<\/p>\n<p><span style=\"font-size: 14pt;\">Klicka p\u00e5 respektive kurs f\u00f6r mer information.<\/span><\/p>\n<p>&nbsp;<\/p>\n<p><span style=\"font-size: 14pt;\"><a href=\"https:\/\/appsinmed.com\/ortopediveckan2018\/kurser\/metabola\/\">* Metabola och cirkulatoriska sjukdomar med ortopediska konsekvenser samt muskuloskeletala infektionstillst\u00e5nd (Hela delm\u00e5l c11)<\/a><\/span><\/p>\n<p>&nbsp;<\/p>\n<p><span style=\"font-size: 14pt;\"><a href=\"https:\/\/appsinmed.com\/ortopediveckan2018\/kurser\/underbensfrakturer\/\">* Underbensfrakturer (Del av delm\u00e5l c4)<\/a><\/span><\/p>\n<p>&nbsp;<\/p>\n<p><span style=\"font-size: 14pt;\"><a href=\"https:\/\/appsinmed.com\/ortopediveckan2018\/kurser\/femurfrakturer\/\">* Femurfrakturer (Del av delm\u00e5l c4)<\/a><\/span><\/p>\n<p>&nbsp;<\/p>\n<p><span style=\"font-size: 14pt;\"><a href=\"https:\/\/appsinmed.com\/ortopediveckan2018\/kurser\/extremitetsfrakturer-hos-barn\/\">* Extremitetsfrakturer hos barn (Del av delm\u00e5l c5)<\/a><\/span><\/p>\n<p>&nbsp;<\/p>\n<p><span style=\"font-size: 14pt;\"><a href=\"https:\/\/appsinmed.com\/ortopediveckan2018\/kurser\/patientsakerhet-for-st-lakare\/\">* Patients\u00e4kerhet f\u00f6r ST-l\u00e4kare (Del av delm\u00e5l a3, a4 och c13)<\/a><\/span><\/p>\n<p>&nbsp;<\/p>\n<p><span style=\"font-size: 14pt;\"><a href=\"https:\/\/appsinmed.com\/ortopediveckan2018\/kurser\/skador-och-infektiosa-tillstand-i-rorelseapparaten-hos-barn\/\">* Skador och infekti\u00f6sa tillst\u00e5nd i r\u00f6relseapparaten hos barn (Del av delm\u00e5l c5)<\/a><\/span><\/p>\n<p>[\/et_pb_text][\/et_pb_column][\/et_pb_row][\/et_pb_section][et_pb_section fb_built=&#8221;1&#8243; fullwidth=&#8221;on&#8221; _builder_version=&#8221;3.22&#8243;][et_pb_fullwidth_image src=&#8221;\/wp-content\/uploads\/sites\/37\/2018\/01\/sof_wave_high_res.png&#8221; _builder_version=&#8221;3.2.2&#8243; global_module=&#8221;445&#8243; saved_tabs=&#8221;all&#8221;][\/et_pb_fullwidth_image][\/et_pb_section]<\/p>\n","protected":false},"excerpt":{"rendered":"<p>[et_pb_section fb_built=&#8221;1&#8243; _builder_version=&#8221;3.22&#8243;][et_pb_row _builder_version=&#8221;3.25&#8243; background_size=&#8221;initial&#8221; background_position=&#8221;top_left&#8221; background_repeat=&#8221;repeat&#8221;][et_pb_column type=&#8221;4_4&#8243; _builder_version=&#8221;3.25&#8243; custom_padding=&#8221;|||&#8221; custom_padding__hover=&#8221;|||&#8221;][et_pb_post_title meta=&#8221;off&#8221; featured_image=&#8221;off&#8221; _builder_version=&#8221;3.0.74&#8243; title_font_size=&#8221;35px&#8221;][\/et_pb_post_title][et_pb_text _builder_version=&#8221;4.9.2&#8243; hover_enabled=&#8221;0&#8243; sticky_enabled=&#8221;0&#8243;] Klicka p\u00e5 respektive kurs f\u00f6r mer information. &nbsp; * Metabola och cirkulatoriska sjukdomar med ortopediska konsekvenser samt muskuloskeletala infektionstillst\u00e5nd (Hela delm\u00e5l c11) &nbsp; * Underbensfrakturer (Del av delm\u00e5l c4) &nbsp; * Femurfrakturer (Del av delm\u00e5l c4) &nbsp; [&hellip;]<\/p>\n","protected":false},"author":1,"featured_media":0,"parent":0,"menu_order":0,"comment_status":"closed","ping_status":"closed","template":"","meta":{"_et_pb_use_builder":"on","_et_pb_old_content":"","_et_gb_content_width":""},"_links":{"self":[{"href":"https:\/\/appsinmed.com\/ortopediveckan2018\/wp-json\/wp\/v2\/pages\/724"}],"collection":[{"href":"https:\/\/appsinmed.com\/ortopediveckan2018\/wp-json\/wp\/v2\/pages"}],"about":[{"href":"https:\/\/appsinmed.com\/ortopediveckan2018\/wp-json\/wp\/v2\/types\/page"}],"author":[{"embeddable":true,"href":"https:\/\/appsinmed.com\/ortopediveckan2018\/wp-json\/wp\/v2\/users\/1"}],"replies":[{"embeddable":true,"href":"https:\/\/appsinmed.com\/ortopediveckan2018\/wp-json\/wp\/v2\/comments?post=724"}],"version-history":[{"count":28,"href":"https:\/\/appsinmed.com\/ortopediveckan2018\/wp-json\/wp\/v2\/pages\/724\/revisions"}],"predecessor-version":[{"id":1408,"href":"https:\/\/appsinmed.com\/ortopediveckan2018\/wp-json\/wp\/v2\/pages\/724\/revisions\/1408"}],"wp:attachment":[{"href":"https:\/\/appsinmed.com\/ortopediveckan2018\/wp-json\/wp\/v2\/media?parent=724"}],"curies":[{"name":"wp","href":"https:\/\/api.w.org\/{rel}","templated":true}]}}