
{"id":677,"date":"2018-03-17T14:29:54","date_gmt":"2018-03-17T14:29:54","guid":{"rendered":"http:\/\/www.ortopediveckan.se\/?page_id=677"},"modified":"2018-03-21T07:34:16","modified_gmt":"2018-03-21T07:34:16","slug":"hotellbokning","status":"publish","type":"page","link":"https:\/\/appsinmed.com\/ortopediveckan2018\/hotellbokning\/","title":{"rendered":"Hotellbokning"},"content":{"rendered":"<p>[et_pb_section bb_built=&#8221;1&#8243; _builder_version=&#8221;3.0.47&#8243;][et_pb_row _builder_version=&#8221;3.0.47&#8243; background_size=&#8221;initial&#8221; background_position=&#8221;top_left&#8221; background_repeat=&#8221;repeat&#8221;][et_pb_column type=&#8221;4_4&#8243;][et_pb_post_title meta=&#8221;off&#8221; featured_image=&#8221;off&#8221; _builder_version=&#8221;3.0.72&#8243; title_font_size=&#8221;35px&#8221; \/][et_pb_text _builder_version=&#8221;3.0.72&#8243;]<\/p>\n<p>De flesta av hotellen ligger centralt placerade med g\u00e5ngavst\u00e5nd till CCC d\u00e4r det mesta under Ortopediveckan kommer att ske.<br \/>\nObservera att priserna g\u00e4ller under f\u00f6ruts\u00e4ttning att Ortopediveckans bokningskod anges till hotellet, koden erh\u00e5lles i bekr\u00e4ftelsemejlet efter fullgjord anm\u00e4lan.<\/p>\n<p>[\/et_pb_text][et_pb_code admin_label=&#8221;Hotellkarta&#8221; _builder_version=&#8221;3.0.72&#8243;]&lt;iframe src=&#8221;https:\/\/www.google.com\/maps\/d\/embed?mid=1sjfKDQx3xzEyn9O2JVdHaBqEt50xyepN&#8221; width=&#8221;1200&#8243; height=&#8221;600&#8243;&gt;&lt;\/iframe&gt;[\/et_pb_code][\/et_pb_column][\/et_pb_row][et_pb_row _builder_version=&#8221;3.0.47&#8243; background_size=&#8221;initial&#8221; background_position=&#8221;top_left&#8221; background_repeat=&#8221;repeat&#8221;][et_pb_column type=&#8221;4_4&#8243;][et_pb_text admin_label=&#8221;River C&#8221; _builder_version=&#8221;3.0.72&#8243; custom_css_main_element=&#8221;border-radius: 25px;||border: 2px solid;||padding: 25px;&#8221;] <div class='two_third'>\n\t\t\t\t\t<h3>River C<\/h3>\n<p>Granne med CCC vilket ger ett perfekt l\u00e4ge.<\/p>\n<p>Enkelrum: 1540:-\/natt<\/p>\n<p>Dubbelrum: 1740:-\/natt<\/p>\n<p>Boka p\u00e5 <a href=\"tel:054-22 22 20\">054-22 22 20<\/a> alternativt <a href=\"mailto:info@riverc.se\">info@riverc.se <\/a><\/p>\n\t\t\t\t<\/div> <div class='one_third et_column_last'>\n\t\t\t\t\t<img loading=\"lazy\" class=\"alignnone size-medium wp-image-687\" src=\"\/wp-content\/uploads\/sites\/37\/2018\/03\/river-c-300x213.png\" alt=\"\" width=\"300\" height=\"213\" srcset=\"https:\/\/appsinmed.com\/ortopediveckan2018\/wp-content\/uploads\/sites\/37\/2018\/03\/river-c-300x213.png 300w, https:\/\/appsinmed.com\/ortopediveckan2018\/wp-content\/uploads\/sites\/37\/2018\/03\/river-c-400x284.png 400w, https:\/\/appsinmed.com\/ortopediveckan2018\/wp-content\/uploads\/sites\/37\/2018\/03\/river-c.png 495w\" sizes=\"(max-width: 300px) 100vw, 300px\" \/><\/p>\n<p><a href=\"http:\/\/www.firsthotels.se\/riverc\">www.firsthotels.se\/riverc<\/a>\n\t\t\t\t<\/div><div class='clear'><\/div> [\/et_pb_text][\/et_pb_column][\/et_pb_row][et_pb_row _builder_version=&#8221;3.0.47&#8243; background_size=&#8221;initial&#8221; background_position=&#8221;top_left&#8221; background_repeat=&#8221;repeat&#8221;][et_pb_column type=&#8221;4_4&#8243;][et_pb_text admin_label=&#8221;Scandic Winn&#8221; _builder_version=&#8221;3.0.72&#8243; custom_css_main_element=&#8221;border-radius: 25px;||border: 2px solid;||padding: 25px;&#8221;]<\/p>\n<div class='two_third'>\n\t\t\t\t\t<h3>Scandic Winn<\/h3>\n<p>Karlstads st\u00f6rsta hotell som ligger p\u00e5 samma gata som CCC.<\/p>\n<p>Enkelrum: 1890:-\/natt<\/p>\n<p>Dubbelrum: 1990:-\/natt<\/p>\n<p>Boka p\u00e5 <a href=\"tel:054-776 47 13\">054-776 47 13<\/a> alternativt <a href=\"mailto:karlstadwinn@scandichotels.com\">karlstadwinn@scandichotels.com<\/a>\n\t\t\t\t<\/div><div class='one_third et_column_last'>\n\t\t\t\t\t<img loading=\"lazy\" class=\"alignnone size-medium wp-image-690\" src=\"http:\/\/www.ortopediveckan.se\/wp-content\/uploads\/sites\/37\/2018\/03\/ScandicWinn-300x200.png\" alt=\"\" width=\"300\" height=\"200\" srcset=\"https:\/\/appsinmed.com\/ortopediveckan2018\/wp-content\/uploads\/sites\/37\/2018\/03\/ScandicWinn-300x200.png 300w, https:\/\/appsinmed.com\/ortopediveckan2018\/wp-content\/uploads\/sites\/37\/2018\/03\/ScandicWinn.png 481w\" sizes=\"(max-width: 300px) 100vw, 300px\" \/><\/p>\n<p>Mer info p\u00e5 <a href=\"http:\/\/www.scandichotels.se\">www.scandichotels.se<\/a><\/p>\n\t\t\t\t<\/div><div class='clear'><\/div><\/p>\n<p>[\/et_pb_text][\/et_pb_column][\/et_pb_row][et_pb_row _builder_version=&#8221;3.0.47&#8243; background_size=&#8221;initial&#8221; background_position=&#8221;top_left&#8221; background_repeat=&#8221;repeat&#8221;][et_pb_column type=&#8221;4_4&#8243;][et_pb_text admin_label=&#8221;Scandic Karlstad City&#8221; _builder_version=&#8221;3.0.72&#8243; custom_css_main_element=&#8221;border-radius: 25px;||border: 2px solid;||padding: 25px;&#8221;]<\/p>\n<div class='two_third'>\n\t\t\t\t\t<h3>Scandic Karlstad City<\/h3>\n<p>Mitt i stan endast en kort promenad fr\u00e5n CCC.<\/p>\n<p>Enkelrum: 1790:-\/natt<\/p>\n<p>Dubbelrum:1890:-\/natt<\/p>\n<p>Boka p\u00e5 <a href=\"tel:054-776 47 13\">054-776 47 13<\/a> alternativt <a href=\"mailto:karlstadcity@scandichotels.com\">karlstadcity@scandichotels.com<\/a>\n\t\t\t\t<\/div><div class='one_third et_column_last'>\n\t\t\t\t\t<img loading=\"lazy\" class=\"alignnone size-medium wp-image-688\" src=\"http:\/\/www.ortopediveckan.se\/wp-content\/uploads\/sites\/37\/2018\/03\/Scandic-Karlstad-City-300x200.png\" alt=\"\" width=\"300\" height=\"200\" srcset=\"https:\/\/appsinmed.com\/ortopediveckan2018\/wp-content\/uploads\/sites\/37\/2018\/03\/Scandic-Karlstad-City-300x200.png 300w, https:\/\/appsinmed.com\/ortopediveckan2018\/wp-content\/uploads\/sites\/37\/2018\/03\/Scandic-Karlstad-City.png 481w\" sizes=\"(max-width: 300px) 100vw, 300px\" \/><\/p>\n<p>Mer info p\u00e5 <a href=\"http:\/\/www.scandichotels.se\">www.scandichotels.se<\/a>\n\t\t\t\t<\/div><div class='clear'><\/div><\/p>\n<p>[\/et_pb_text][\/et_pb_column][\/et_pb_row][et_pb_row _builder_version=&#8221;3.0.47&#8243; background_size=&#8221;initial&#8221; background_position=&#8221;top_left&#8221; background_repeat=&#8221;repeat&#8221;][et_pb_column type=&#8221;4_4&#8243;][et_pb_text admin_label=&#8221;Scandic Klar\u00e4lven&#8221; _builder_version=&#8221;3.0.72&#8243; custom_css_main_element=&#8221;border-radius: 25px;||border: 2px solid;||padding: 25px;&#8221;]<\/p>\n<div class='two_third'>\n\t\t\t\t\t<h3>Scandic Klar\u00e4lven<\/h3>\n<p>Enkelt tillg\u00e4ngligt f\u00f6r dig som kommer med bil, direkt vid E18 med fri parkering. Fantastisk utsikt \u00f6ver Klar\u00e4lven.<\/p>\n<p>Enkelrum: 1590:-\/natt<\/p>\n<p>Dubbelrum: 1690:-\/natt<\/p>\n<p>Boka p\u00e5 <a href=\"tel:054-776 47 13\">054-776 47 13<\/a> alternativt <a href=\"mailto:klaralven@scandichotels.com\">klaralven@scandichotels.com<\/a>\n\t\t\t\t<\/div><div class='one_third et_column_last'>\n\t\t\t\t\t<img loading=\"lazy\" class=\"alignnone size-medium wp-image-689\" src=\"http:\/\/www.ortopediveckan.se\/wp-content\/uploads\/sites\/37\/2018\/03\/Scandic-Klar\u00e4lven-300x198.png\" alt=\"\" width=\"300\" height=\"198\" srcset=\"https:\/\/appsinmed.com\/ortopediveckan2018\/wp-content\/uploads\/sites\/37\/2018\/03\/Scandic-Klar\u00e4lven-300x198.png 300w, https:\/\/appsinmed.com\/ortopediveckan2018\/wp-content\/uploads\/sites\/37\/2018\/03\/Scandic-Klar\u00e4lven.png 475w\" sizes=\"(max-width: 300px) 100vw, 300px\" \/><\/p>\n<p>Mer info p\u00e5 <a href=\"http:\/\/www.scandichotels.se\">www.scandichotels.se<\/a>\n\t\t\t\t<\/div><div class='clear'><\/div><\/p>\n<p>[\/et_pb_text][\/et_pb_column][\/et_pb_row][et_pb_row _builder_version=&#8221;3.0.47&#8243; background_size=&#8221;initial&#8221; background_position=&#8221;top_left&#8221; background_repeat=&#8221;repeat&#8221;][et_pb_column type=&#8221;4_4&#8243;][et_pb_text admin_label=&#8221;Elite Stadshotellet&#8221; _builder_version=&#8221;3.0.72&#8243; custom_css_main_element=&#8221;border-radius: 25px;||border: 2px solid;||padding: 25px;&#8221;]<\/p>\n<div class='two_third'>\n\t\t\t\t\t<h3>Elite Stadshotellet<\/h3>\n<p>Centralt bel\u00e4get vid Klar\u00e4lvens strand.<\/p>\n<p>Enkelrum:1500 :-\/natt<\/p>\n<p>Dubbelrum: 1800:-\/natt (vid en person 1600:-\/natt)<\/p>\n<p>Boka via l\u00e4nken:\n<a href=\"https:\/\/www.elite.se\/sv\/conference-reservations\/karlstad\/411a29af-1a9c-4b13-b4d7-5b34fd2c792a\/\">https:\/\/www.elite.se\/sv\/conference-reservations\/karlstad\/411a29af-1a9c-4b13-b4d7-5b34fd2c792a\/<\/a>\n\t\t\t\t<\/div><div class='one_third et_column_last'>\n\t\t\t\t\t<img loading=\"lazy\" class=\"alignnone size-medium wp-image-683\" src=\"http:\/\/www.ortopediveckan.se\/wp-content\/uploads\/sites\/37\/2018\/03\/Elite-Stadshotellet-300x200.png\" alt=\"\" width=\"300\" height=\"200\" srcset=\"https:\/\/appsinmed.com\/ortopediveckan2018\/wp-content\/uploads\/sites\/37\/2018\/03\/Elite-Stadshotellet-300x200.png 300w, https:\/\/appsinmed.com\/ortopediveckan2018\/wp-content\/uploads\/sites\/37\/2018\/03\/Elite-Stadshotellet-510x341.png 510w, https:\/\/appsinmed.com\/ortopediveckan2018\/wp-content\/uploads\/sites\/37\/2018\/03\/Elite-Stadshotellet.png 511w\" sizes=\"(max-width: 300px) 100vw, 300px\" \/><\/p>\n<p>Mer info p\u00e5 <a href=\"http:\/\/www.elite.se\">www.elite.se<\/a>\n\t\t\t\t<\/div><div class='clear'><\/div><\/p>\n<p>[\/et_pb_text][\/et_pb_column][\/et_pb_row][et_pb_row _builder_version=&#8221;3.0.47&#8243; background_size=&#8221;initial&#8221; background_position=&#8221;top_left&#8221; background_repeat=&#8221;repeat&#8221;][et_pb_column type=&#8221;4_4&#8243;][et_pb_text admin_label=&#8221;Hotell Savoy&#8221; _builder_version=&#8221;3.0.72&#8243; custom_css_main_element=&#8221;border-radius: 25px;||border: 2px solid;||padding: 25px;&#8221;]<\/p>\n<div class='two_third'>\n\t\t\t\t\t<h3>Hotell Savoy<\/h3>\n<p>Hotell Savoy \u2013 Sure Hotel by Best Western ligger mitt i h\u00e4ndelsernas centrum.<\/p>\n<p>Enkelrum: 1125:-\/natt<\/p>\n<p>Dubbelrum:1325:-\/natt<\/p>\n<p>Boka p\u00e5 <a href=\"tel:054-15 66 40\">054-15 66 40<\/a> alternativt <a href=\"mailto:info@savoy-karlstad.se\">info@savoy-karlstad.se<\/a><\/p>\n\t\t\t\t<\/div><div class='one_third et_column_last'>\n\t\t\t\t\t<img loading=\"lazy\" class=\"alignnone size-medium wp-image-686\" src=\"http:\/\/www.ortopediveckan.se\/wp-content\/uploads\/sites\/37\/2018\/03\/Hotell-Savoy-300x222.jpg\" alt=\"\" width=\"300\" height=\"222\" srcset=\"https:\/\/appsinmed.com\/ortopediveckan2018\/wp-content\/uploads\/sites\/37\/2018\/03\/Hotell-Savoy-300x222.jpg 300w, https:\/\/appsinmed.com\/ortopediveckan2018\/wp-content\/uploads\/sites\/37\/2018\/03\/Hotell-Savoy.jpg 488w\" sizes=\"(max-width: 300px) 100vw, 300px\" \/><\/p>\n<p>Mer info p\u00e5 <a href=\"http:\/\/www.savoy-karlstad.se\">www.savoy-karlstad.se<\/a>\n\t\t\t\t<\/div><div class='clear'><\/div><\/p>\n<p>[\/et_pb_text][\/et_pb_column][\/et_pb_row][et_pb_row _builder_version=&#8221;3.0.47&#8243; background_size=&#8221;initial&#8221; background_position=&#8221;top_left&#8221; background_repeat=&#8221;repeat&#8221;][et_pb_column type=&#8221;4_4&#8243;][et_pb_text admin_label=&#8221;Hotell Gustaf Fr\u00f6ding&#8221; _builder_version=&#8221;3.0.72&#8243; custom_css_main_element=&#8221;border-radius: 25px;||border: 2px solid;||padding: 25px;&#8221;]<\/p>\n<div class='two_third'>\n\t\t\t\t\t<h3>Hotell Gustaf Fr\u00f6ding<\/h3>\n<p>Best Western Gustaf Fr\u00f6ding \u00e4r vackert bel\u00e4get mellan t\u00e4t skog och vackra V\u00e4nern, p\u00e5 h\u00f6jden strax norr om Karlstads cityk\u00e4rna.<\/p>\n<p>Enkelrum: 995:-\/natt<\/p>\n<p>Dubbelrum: 1195:-\/natt<\/p>\n<p>Trippelrum: 1395:-\/natt<\/p>\n<p>Boka p\u00e5 <a href=\"tel:054-67 00 00\">054-67 00 00<\/a> alternativt <a href=\"mailto:info@gustaffroding.se\">info@gustaffroding.se<\/a><\/p>\n\t\t\t\t<\/div><div class='one_third et_column_last'>\n\t\t\t\t\t<img loading=\"lazy\" class=\"alignnone size-medium wp-image-685\" src=\"http:\/\/www.ortopediveckan.se\/wp-content\/uploads\/sites\/37\/2018\/03\/Hotell-Gustaf-Fr\u00f6ding-300x177.png\" alt=\"\" width=\"300\" height=\"177\" srcset=\"https:\/\/appsinmed.com\/ortopediveckan2018\/wp-content\/uploads\/sites\/37\/2018\/03\/Hotell-Gustaf-Fr\u00f6ding-300x177.png 300w, https:\/\/appsinmed.com\/ortopediveckan2018\/wp-content\/uploads\/sites\/37\/2018\/03\/Hotell-Gustaf-Fr\u00f6ding.png 552w\" sizes=\"(max-width: 300px) 100vw, 300px\" \/><\/p>\n<p>Mer info p\u00e5 <a href=\"http:\/\/www.gustaffroding.se\">www.gustaffroding.se<\/a>\n\t\t\t\t<\/div><div class='clear'><\/div><\/p>\n<p>[\/et_pb_text][\/et_pb_column][\/et_pb_row][et_pb_row _builder_version=&#8221;3.0.47&#8243; background_size=&#8221;initial&#8221; background_position=&#8221;top_left&#8221; background_repeat=&#8221;repeat&#8221;][et_pb_column type=&#8221;4_4&#8243;][et_pb_text admin_label=&#8221;Good morning hotel&#8221; _builder_version=&#8221;3.0.72&#8243; custom_css_main_element=&#8221;border-radius: 25px;||border: 2px solid;||padding: 25px;&#8221;]<\/p>\n<div class='two_third'>\n\t\t\t\t\t<h3>Good morning hotel<\/h3>\n<p>Good Morning Karlstad ligger mitt i city, med shopping och sev\u00e4rdheter runt h\u00f6rnet.<\/p>\n<p>Enkelrum: 1105:-\/natt<\/p>\n<p>Dubbelrum: 1255:-\/natt<\/p>\n<p>Boka p\u00e5 <a href=\"tel:054-17 28 30\">054-17 28 30<\/a> (knappval 3) alternativt <a href=\"mailto:karlstad@gmorninghotels.se\">karlstad@gmorninghotels.se<\/a>\n\t\t\t\t<\/div><div class='one_third et_column_last'>\n\t\t\t\t\t<img loading=\"lazy\" class=\"alignnone size-medium wp-image-684\" src=\"http:\/\/www.ortopediveckan.se\/wp-content\/uploads\/sites\/37\/2018\/03\/Good-morning-hotel-300x189.png\" alt=\"\" width=\"300\" height=\"189\" srcset=\"https:\/\/appsinmed.com\/ortopediveckan2018\/wp-content\/uploads\/sites\/37\/2018\/03\/Good-morning-hotel-300x189.png 300w, https:\/\/appsinmed.com\/ortopediveckan2018\/wp-content\/uploads\/sites\/37\/2018\/03\/Good-morning-hotel-400x250.png 400w, https:\/\/appsinmed.com\/ortopediveckan2018\/wp-content\/uploads\/sites\/37\/2018\/03\/Good-morning-hotel.png 531w\" sizes=\"(max-width: 300px) 100vw, 300px\" \/><\/p>\n<p>Mer info p\u00e5 <a href=\"http:\/\/www.ligula.se\">www.ligula.se<\/a>\n\t\t\t\t<\/div><div class='clear'><\/div><\/p>\n<p>[\/et_pb_text][\/et_pb_column][\/et_pb_row][et_pb_row _builder_version=&#8221;3.0.47&#8243; background_size=&#8221;initial&#8221; background_position=&#8221;top_left&#8221; background_repeat=&#8221;repeat&#8221;][et_pb_column type=&#8221;4_4&#8243;][et_pb_text admin_label=&#8221;Clarion Collection Hotel Bilan&#8221; _builder_version=&#8221;3.0.72&#8243; custom_css_main_element=&#8221;border-radius: 25px;||border: 2px solid;||padding: 25px;&#8221;]<\/p>\n<div class='two_third'>\n\t\t\t\t\t<h3>Clarion Collection Hotel Bilan<\/h3>\n<p>Bilan ligger i V\u00e4rmlands gamla l\u00e4nsf\u00e4ngelse, ett av Karlstads minnesm\u00e4rken. En kort promenad tar dig till CCC.<\/p>\n<p>Enkelrum: 1450:-\/natt<\/p>\n<p>Dubbelrum: 1650:-\/natt.<\/p>\n<p>Boka via <a href=\"tel:054-10 03 00\">054-10 03 00<\/a>, val 2 alternativt\u00a0<a style=\"font-size: 14px;\" href=\"mailto:cc.bilan@choice.se\">cc.bilan@choice.se<\/a><span style=\"font-size: 14px;\">\n\t\t\t\t<\/div><div class='one_third et_column_last'>\n\t\t\t\t\t<\/span><\/p>\n<p><img loading=\"lazy\" class=\"alignnone size-medium wp-image-680\" src=\"http:\/\/www.ortopediveckan.se\/wp-content\/uploads\/sites\/37\/2018\/03\/Clarion-Collection-Hotel-Bilan-300x167.jpg\" alt=\"\" width=\"300\" height=\"167\" srcset=\"https:\/\/appsinmed.com\/ortopediveckan2018\/wp-content\/uploads\/sites\/37\/2018\/03\/Clarion-Collection-Hotel-Bilan-300x167.jpg 300w, https:\/\/appsinmed.com\/ortopediveckan2018\/wp-content\/uploads\/sites\/37\/2018\/03\/Clarion-Collection-Hotel-Bilan.jpg 695w\" sizes=\"(max-width: 300px) 100vw, 300px\" \/><\/p>\n<p>Mer info p\u00e5 <a href=\"http:\/\/www.nordicchoicehotels.se\">www.nordicchoicehotels.se<\/a><\/p>\n\t\t\t\t<\/div><div class='clear'><\/div><\/p>\n<p>&nbsp;<\/p>\n<p>[\/et_pb_text][\/et_pb_column][\/et_pb_row][et_pb_row _builder_version=&#8221;3.0.47&#8243; background_size=&#8221;initial&#8221; background_position=&#8221;top_left&#8221; background_repeat=&#8221;repeat&#8221;][et_pb_column type=&#8221;4_4&#8243;][et_pb_text admin_label=&#8221;Clarion Collection Hotel Drott&#8221; _builder_version=&#8221;3.0.72&#8243; custom_css_main_element=&#8221;border-radius: 25px;||border: 2px solid;||padding: 25px;&#8221;]<\/p>\n<div class='two_third'>\n\t\t\t\t\t<h3>Clarion Collection Hotel Drott<\/h3>\n<p>Drott \u00e4r en lugn oas i Karlstad centrum, endast 50 meter fr\u00e5n centralstationen.<\/p>\n<p>Enkelrum: 1525:-\/natt<\/p>\n<p>Dubbelrum: 1730:-\/natt<\/p>\n<p>Boka p\u00e5 <a href=\"tel:054-10 10 10\">054-10 10 10<\/a> alternativt <a href=\"mailto:cc.drott@choice.se\">cc.drott@choice.se<\/a><\/p>\n\t\t\t\t<\/div><div class='one_third et_column_last'>\n\t\t\t\t\t<img loading=\"lazy\" class=\"alignnone size-medium wp-image-681\" src=\"http:\/\/www.ortopediveckan.se\/wp-content\/uploads\/sites\/37\/2018\/03\/Clarion-Collection-Hotel-Drott-300x200.png\" alt=\"\" width=\"300\" height=\"200\" srcset=\"https:\/\/appsinmed.com\/ortopediveckan2018\/wp-content\/uploads\/sites\/37\/2018\/03\/Clarion-Collection-Hotel-Drott-300x200.png 300w, https:\/\/appsinmed.com\/ortopediveckan2018\/wp-content\/uploads\/sites\/37\/2018\/03\/Clarion-Collection-Hotel-Drott.png 562w\" sizes=\"(max-width: 300px) 100vw, 300px\" \/><\/p>\n<p>Mer info p\u00e5 <a href=\"http:\/\/www.nordicchoicehotels.se\">www.nordicchoicehotels.se<\/a>\n\t\t\t\t<\/div><div class='clear'><\/div><\/p>\n<p>[\/et_pb_text][\/et_pb_column][\/et_pb_row][et_pb_row _builder_version=&#8221;3.0.47&#8243; background_size=&#8221;initial&#8221; background_position=&#8221;top_left&#8221; background_repeat=&#8221;repeat&#8221;][et_pb_column type=&#8221;4_4&#8243;][et_pb_text admin_label=&#8221;Clarion Collection Hotel Plaza&#8221; _builder_version=&#8221;3.0.72&#8243; custom_css_main_element=&#8221;border-radius: 25px;||border: 2px solid;||padding: 25px;&#8221;]<\/p>\n<div class='two_third'>\n\t\t\t\t\t<h3>Clarion Collection Hotel Plaza<\/h3>\n<p>Centralt bel\u00e4get hotell med g\u00e5ngavst\u00e5nd till s\u00e5v\u00e4l CCC som centralstationen.<\/p>\n<p>Enkelrum: 1523:-\/natt<\/p>\n<p>Dubbelrum: 1733:-\/natt<\/p>\n<p>Boka p\u00e5 <a href=\"tel:054-10 02 00\">054-10 02 00<\/a> alternativt <a href=\"mailto:reservations.plaza@choice.se\">reservations.plaza@choice.se<\/a>\n\t\t\t\t<\/div><div class='one_third et_column_last'>\n\t\t\t\t\t<img loading=\"lazy\" class=\"alignnone size-medium wp-image-682\" src=\"http:\/\/www.ortopediveckan.se\/wp-content\/uploads\/sites\/37\/2018\/03\/Clarion-Collection-Hotel-Plaza-300x167.jpg\" alt=\"\" width=\"300\" height=\"167\" srcset=\"https:\/\/appsinmed.com\/ortopediveckan2018\/wp-content\/uploads\/sites\/37\/2018\/03\/Clarion-Collection-Hotel-Plaza-300x167.jpg 300w, https:\/\/appsinmed.com\/ortopediveckan2018\/wp-content\/uploads\/sites\/37\/2018\/03\/Clarion-Collection-Hotel-Plaza.jpg 706w\" sizes=\"(max-width: 300px) 100vw, 300px\" \/><\/p>\n<p>Mer info p\u00e5 <a href=\"http:\/\/www.nordicchoicehotels.se\">www.nordicchoicehotels.se<\/a>\n\t\t\t\t<\/div><div class='clear'><\/div><\/p>\n<p>[\/et_pb_text][\/et_pb_column][\/et_pb_row][\/et_pb_section][et_pb_section bb_built=&#8221;1&#8243; _builder_version=&#8221;3.0.47&#8243;][et_pb_row _builder_version=&#8221;3.0.47&#8243; background_size=&#8221;initial&#8221; background_position=&#8221;top_left&#8221; background_repeat=&#8221;repeat&#8221;][et_pb_column type=&#8221;4_4&#8243;][\/et_pb_column][\/et_pb_row][\/et_pb_section][et_pb_section bb_built=&#8221;1&#8243; fullwidth=&#8221;on&#8221; _builder_version=&#8221;3.0.47&#8243;][et_pb_fullwidth_image src=&#8221;http:\/\/www.ortopediveckan.se\/wp-content\/uploads\/sites\/37\/2018\/01\/sof_wave_high_res.png&#8221; _builder_version=&#8221;3.0.72&#8243; global_module=&#8221;445&#8243; saved_tabs=&#8221;all&#8221; \/][\/et_pb_section]<\/p>\n","protected":false},"excerpt":{"rendered":"<p>[et_pb_section bb_built=&#8221;1&#8243; _builder_version=&#8221;3.0.47&#8243;][et_pb_row _builder_version=&#8221;3.0.47&#8243; background_size=&#8221;initial&#8221; background_position=&#8221;top_left&#8221; background_repeat=&#8221;repeat&#8221;][et_pb_column type=&#8221;4_4&#8243;][et_pb_post_title meta=&#8221;off&#8221; featured_image=&#8221;off&#8221; _builder_version=&#8221;3.0.72&#8243; title_font_size=&#8221;35px&#8221; \/][et_pb_text _builder_version=&#8221;3.0.72&#8243;] De flesta av hotellen ligger centralt placerade med g\u00e5ngavst\u00e5nd till CCC d\u00e4r det mesta under Ortopediveckan kommer att ske. Observera att priserna g\u00e4ller under f\u00f6ruts\u00e4ttning att Ortopediveckans bokningskod anges till hotellet, koden erh\u00e5lles i bekr\u00e4ftelsemejlet efter fullgjord anm\u00e4lan. [\/et_pb_text][et_pb_code admin_label=&#8221;Hotellkarta&#8221; _builder_version=&#8221;3.0.72&#8243;]&lt;iframe [&hellip;]<\/p>\n","protected":false},"author":1,"featured_media":0,"parent":0,"menu_order":0,"comment_status":"closed","ping_status":"closed","template":"","meta":{"_et_pb_use_builder":"on","_et_pb_old_content":"","_et_gb_content_width":""},"_links":{"self":[{"href":"https:\/\/appsinmed.com\/ortopediveckan2018\/wp-json\/wp\/v2\/pages\/677"}],"collection":[{"href":"https:\/\/appsinmed.com\/ortopediveckan2018\/wp-json\/wp\/v2\/pages"}],"about":[{"href":"https:\/\/appsinmed.com\/ortopediveckan2018\/wp-json\/wp\/v2\/types\/page"}],"author":[{"embeddable":true,"href":"https:\/\/appsinmed.com\/ortopediveckan2018\/wp-json\/wp\/v2\/users\/1"}],"replies":[{"embeddable":true,"href":"https:\/\/appsinmed.com\/ortopediveckan2018\/wp-json\/wp\/v2\/comments?post=677"}],"version-history":[{"count":31,"href":"https:\/\/appsinmed.com\/ortopediveckan2018\/wp-json\/wp\/v2\/pages\/677\/revisions"}],"predecessor-version":[{"id":949,"href":"https:\/\/appsinmed.com\/ortopediveckan2018\/wp-json\/wp\/v2\/pages\/677\/revisions\/949"}],"wp:attachment":[{"href":"https:\/\/appsinmed.com\/ortopediveckan2018\/wp-json\/wp\/v2\/media?parent=677"}],"curies":[{"name":"wp","href":"https:\/\/api.w.org\/{rel}","templated":true}]}}