
{"id":369,"date":"2018-01-18T12:41:39","date_gmt":"2018-01-18T12:41:39","guid":{"rendered":"http:\/\/appsinmed.com\/sof2018\/?page_id=369"},"modified":"2018-05-12T15:18:40","modified_gmt":"2018-05-12T15:18:40","slug":"anmalan","status":"publish","type":"page","link":"https:\/\/appsinmed.com\/ortopediveckan2018\/anmalan\/","title":{"rendered":"Anm\u00e4lan"},"content":{"rendered":"<p>[et_pb_section bb_built=&#8221;1&#8243; _builder_version=&#8221;3.0.47&#8243; next_background_color=&#8221;#000000&#8243;][et_pb_row _builder_version=&#8221;3.0.72&#8243;][et_pb_column type=&#8221;1_3&#8243;][et_pb_text admin_label=&#8221;Anm\u00e4lan konferens &#8221; text_orientation=&#8221;justified&#8221; _builder_version=&#8221;3.0.72&#8243;]<\/p>\n<p style=\"text-align: center\"><a class=\"maxbutton-1 maxbutton maxbutton-anmalan-konferens\" target=\"_blank\" rel=\"noopener\" href=\"http:\/\/www.trippus.net\/startkonf18\"><span class='mb-text'>Anm\u00e4lan Konferens<\/span><\/a><\/p>\n<p>[\/et_pb_text][\/et_pb_column][et_pb_column type=&#8221;1_3&#8243;][et_pb_text admin_label=&#8221;Anm\u00e4lan socialt program &#8221; text_orientation=&#8221;justified&#8221; _builder_version=&#8221;3.0.72&#8243;]<\/p>\n<p style=\"text-align: center\"><a class=\"maxbutton-2 maxbutton maxbutton-anmalan-socialt-program\" target=\"_blank\" rel=\"noopener\" href=\"http:\/\/www.trippus.net\/socialt18\"><span class='mb-text'>Anm\u00e4lan Socialt Program<\/span><\/a><\/p>\n<p>[\/et_pb_text][et_pb_text admin_label=&#8221;Anm\u00e4lan socialt program &#8221; text_orientation=&#8221;justified&#8221; _builder_version=&#8221;3.2.2&#8243;]<\/p>\n<p style=\"text-align: center\"><a class=\"maxbutton-5 maxbutton maxbutton-anmalan-socialt-program-for-hedersmedlemmar-styrelsemedlemmar-och-revisor\" target=\"_blank\" rel=\"noopener\" href=\"http:\/\/www.trippus.net\/socialt18bankett\"><span class='mb-text'>Anm\u00e4lan Socialt Program f\u00f6r hedersmedlemmar, styrelsemedlemmar och revisor.<\/span><\/a>\n<\/p>\n<p>[\/et_pb_text][\/et_pb_column][et_pb_column type=&#8221;1_3&#8243;][et_pb_text admin_label=&#8221;Anm\u00e4lan inbjuden f\u00f6rel\u00e4sare &#8221; text_orientation=&#8221;justified&#8221; _builder_version=&#8221;3.0.72&#8243;]<\/p>\n<p style=\"text-align: center\"><a class=\"maxbutton-3 maxbutton maxbutton-anmalan-inbjuden-forelasare\" target=\"_blank\" rel=\"noopener\" href=\"http:\/\/www.trippus.net\/forelas18\"><span class='mb-text'>Anm\u00e4lan Inbjuden f\u00f6rel\u00e4sare\/ moderator\/symposiedeltagare\/ arrang\u00f6r<\/span><\/a><\/p>\n<p>[\/et_pb_text][\/et_pb_column][\/et_pb_row][et_pb_row _builder_version=&#8221;3.0.47&#8243; background_size=&#8221;initial&#8221; background_position=&#8221;top_left&#8221; background_repeat=&#8221;repeat&#8221;][et_pb_column type=&#8221;4_4&#8243;][et_pb_post_title meta=&#8221;off&#8221; featured_image=&#8221;off&#8221; _builder_version=&#8221;3.0.72&#8243; parallax_method=&#8221;off&#8221; \/][et_pb_text admin_label=&#8221;Tabell&#8221; _builder_version=&#8221;3.0.72&#8243;]<\/p>\n\n<table id=\"tablepress-2\" class=\"tablepress tablepress-id-2\">\n<thead>\n<tr class=\"row-1 odd\">\n\t<th class=\"column-1\">PRISER &amp; AVBOKNING<\/th><th class=\"column-2\">&nbsp;<\/th><th class=\"column-3\">&nbsp;<\/th><th class=\"column-4\">&nbsp;<\/th>\n<\/tr>\n<\/thead>\n<tbody class=\"row-hover\">\n<tr class=\"row-2 even\">\n\t<td class=\"column-1\">Samtliga priser \u00e4r exklusive moms.<\/td><td class=\"column-2\"><\/td><td class=\"column-3\"><\/td><td class=\"column-4\"><\/td>\n<\/tr>\n<tr class=\"row-3 odd\">\n\t<td class=\"column-1\"><\/td><td class=\"column-2\"><\/td><td class=\"column-3\"><\/td><td class=\"column-4\"><\/td>\n<\/tr>\n<tr class=\"row-4 even\">\n\t<td class=\"column-1\">Kongressavgift f\u00f6r l\u00e4kare<\/td><td class=\"column-2\"><\/td><td class=\"column-3\"><\/td><td class=\"column-4\"><\/td>\n<\/tr>\n<tr class=\"row-5 odd\">\n\t<td class=\"column-1\"><\/td><td class=\"column-2\">Anm\u00e4lan t.o.m. 24 juni<\/td><td class=\"column-3\">Anm\u00e4lan 25 juni- 20 augusti<\/td><td class=\"column-4\">Anm\u00e4lan fr.o.m. 21 augusti och p\u00e5 plats<\/td>\n<\/tr>\n<tr class=\"row-6 even\">\n\t<td class=\"column-1\">1 dag<\/td><td class=\"column-2\">2 000 kr<\/td><td class=\"column-3\">3 000kr<\/td><td class=\"column-4\">4 000 kr<\/td>\n<\/tr>\n<tr class=\"row-7 odd\">\n\t<td class=\"column-1\">2 dagar<\/td><td class=\"column-2\">3 500 kr<\/td><td class=\"column-3\">5 000 kr<\/td><td class=\"column-4\">7 000 kr<\/td>\n<\/tr>\n<tr class=\"row-8 even\">\n\t<td class=\"column-1\">Hela veckan<\/td><td class=\"column-2\">4 500 kr<\/td><td class=\"column-3\">6 500 kr<\/td><td class=\"column-4\">9 000 kr<\/td>\n<\/tr>\n<tr class=\"row-9 odd\">\n\t<td class=\"column-1\">Endast fredag<\/td><td class=\"column-2\">900 kr<\/td><td class=\"column-3\">1 000 kr<\/td><td class=\"column-4\">1 000 kr<\/td>\n<\/tr>\n<tr class=\"row-10 even\">\n\t<td class=\"column-1\">Ej medlem i SOF<\/td><td class=\"column-2\">Till\u00e4gg 1 400 kr<\/td><td class=\"column-3\">Till\u00e4gg 1 400 kr<\/td><td class=\"column-4\">Till\u00e4gg 1 400 kr<\/td>\n<\/tr>\n<tr class=\"row-11 odd\">\n\t<td class=\"column-1\"><\/td><td class=\"column-2\"><\/td><td class=\"column-3\"><\/td><td class=\"column-4\"><\/td>\n<\/tr>\n<tr class=\"row-12 even\">\n\t<td class=\"column-1\">Kongressavgift f\u00f6r \u00f6vriga yrkeskategorier<\/td><td class=\"column-2\"><\/td><td class=\"column-3\"><\/td><td class=\"column-4\"><\/td>\n<\/tr>\n<tr class=\"row-13 odd\">\n\t<td class=\"column-1\"><\/td><td class=\"column-2\">Anm\u00e4lan t.o.m. 24 juni<\/td><td class=\"column-3\">Anm\u00e4lan 25 juni- 20 augusti<\/td><td class=\"column-4\">Anm\u00e4lan fr.o.m. 21 augusti och p\u00e5 plats<\/td>\n<\/tr>\n<tr class=\"row-14 even\">\n\t<td class=\"column-1\">1 dag<\/td><td class=\"column-2\">1 500 kr<\/td><td class=\"column-3\">2 000 kr<\/td><td class=\"column-4\">2 500 kr<\/td>\n<\/tr>\n<tr class=\"row-15 odd\">\n\t<td class=\"column-1\">3 dagar<\/td><td class=\"column-2\">4 000 kr<\/td><td class=\"column-3\">5 500 kr<\/td><td class=\"column-4\">7 000 kr<\/td>\n<\/tr>\n<tr class=\"row-16 even\">\n\t<td class=\"column-1\">Hela veckan<\/td><td class=\"column-2\">4 500 kr<\/td><td class=\"column-3\">6 500 kr<\/td><td class=\"column-4\">9 000 kr<\/td>\n<\/tr>\n<tr class=\"row-17 odd\">\n\t<td class=\"column-1\"><\/td><td class=\"column-2\"><\/td><td class=\"column-3\"><\/td><td class=\"column-4\"><\/td>\n<\/tr>\n<tr class=\"row-18 even\">\n\t<td class=\"column-1\">Kongressavgift f\u00f6r seniorer\/pension\u00e4rer(SOF medlem)<\/td><td class=\"column-2\"><\/td><td class=\"column-3\"><\/td><td class=\"column-4\"><\/td>\n<\/tr>\n<tr class=\"row-19 odd\">\n\t<td class=\"column-1\"><\/td><td class=\"column-2\">Anm\u00e4lan t.o.m. 24 juni<\/td><td class=\"column-3\">Anm\u00e4lan 25 juni- 20 augusti<\/td><td class=\"column-4\">Anm\u00e4lan fr.o.m. 21 augusti och p\u00e5 plats<\/td>\n<\/tr>\n<tr class=\"row-20 even\">\n\t<td class=\"column-1\">1 dag<\/td><td class=\"column-2\">500 kr<\/td><td class=\"column-3\">500 kr<\/td><td class=\"column-4\">500 kr<\/td>\n<\/tr>\n<tr class=\"row-21 odd\">\n\t<td class=\"column-1\">2 dagar<\/td><td class=\"column-2\">1 000 kr<\/td><td class=\"column-3\">1 000 kr<\/td><td class=\"column-4\">1 000 kr<\/td>\n<\/tr>\n<tr class=\"row-22 even\">\n\t<td class=\"column-1\">Hela veckan<\/td><td class=\"column-2\">2 000 kr<\/td><td class=\"column-3\">2 000 kr<\/td><td class=\"column-4\">2 000 kr<\/td>\n<\/tr>\n<tr class=\"row-23 odd\">\n\t<td class=\"column-1\"><\/td><td class=\"column-2\"><\/td><td class=\"column-3\"><\/td><td class=\"column-4\"><\/td>\n<\/tr>\n<tr class=\"row-24 even\">\n\t<td class=\"column-1\">\u00d6vriga priser<\/td><td class=\"column-2\"><\/td><td class=\"column-3\"><\/td><td class=\"column-4\"><\/td>\n<\/tr>\n<tr class=\"row-25 odd\">\n\t<td class=\"column-1\"><\/td><td class=\"column-2\"><\/td><td class=\"column-3\"><\/td><td class=\"column-4\"><\/td>\n<\/tr>\n<tr class=\"row-26 even\">\n\t<td class=\"column-1\">Kurser<\/td><td class=\"column-2\">750 kr<\/td><td class=\"column-3\">750 kr<\/td><td class=\"column-4\">750 kr<\/td>\n<\/tr>\n<tr class=\"row-27 odd\">\n\t<td class=\"column-1\">Ink\u00f6pare mfl.  1 dag<\/td><td class=\"column-2\">1 500 kr<\/td><td class=\"column-3\">2 000 kr<\/td><td class=\"column-4\">3 000 kr<\/td>\n<\/tr>\n<tr class=\"row-28 even\">\n\t<td class=\"column-1\">Ink\u00f6pare mfl   2 dagar<\/td><td class=\"column-2\">3 000 kr<\/td><td class=\"column-3\">4 000 kr <\/td><td class=\"column-4\">6 000 kr<\/td>\n<\/tr>\n<\/tbody>\n<\/table>\n<!-- #tablepress-2 from cache -->\n<p>&nbsp;<\/p>\n<p>[\/et_pb_text][et_pb_text _builder_version=&#8221;3.0.72&#8243;]<\/p>\n<p>AVBOKNING<\/p>\n<p>Vid avbokning kontakta SOF:s kansli Lena G\u00f6the: <a href=\"mailto:sofkansli@ortopedi.se\">sofkansli@ortopedi.se<\/a><br \/> <strong>Avbokning gjord f\u00f6re den 6 augusti 2018 \u00e5terbetalas med 100%. Ingen \u00e5terbetalning kan ske f\u00f6r avbokning gjord efter den 6 augusti men platsen kan \u00f6verl\u00e5tas p\u00e5 annan person (namnbyte).<\/strong><\/p>\n<p>[\/et_pb_text][\/et_pb_column][\/et_pb_row][\/et_pb_section][et_pb_section bb_built=&#8221;1&#8243; fullwidth=&#8221;on&#8221; _builder_version=&#8221;3.0.47&#8243; prev_background_color=&#8221;#000000&#8243;][et_pb_fullwidth_image src=&#8221;http:\/\/www.ortopediveckan.se\/wp-content\/uploads\/sites\/37\/2018\/01\/sof_wave_high_res.png&#8221; _builder_version=&#8221;3.0.72&#8243; global_module=&#8221;445&#8243; saved_tabs=&#8221;all&#8221; \/][\/et_pb_section]<\/p>\n","protected":false},"excerpt":{"rendered":"<p>[et_pb_section bb_built=&#8221;1&#8243; _builder_version=&#8221;3.0.47&#8243; next_background_color=&#8221;#000000&#8243;][et_pb_row _builder_version=&#8221;3.0.72&#8243;][et_pb_column type=&#8221;1_3&#8243;][et_pb_text admin_label=&#8221;Anm\u00e4lan konferens &#8221; text_orientation=&#8221;justified&#8221; _builder_version=&#8221;3.0.72&#8243;] [\/et_pb_text][\/et_pb_column][et_pb_column type=&#8221;1_3&#8243;][et_pb_text admin_label=&#8221;Anm\u00e4lan socialt program &#8221; text_orientation=&#8221;justified&#8221; _builder_version=&#8221;3.0.72&#8243;] [\/et_pb_text][et_pb_text admin_label=&#8221;Anm\u00e4lan socialt program &#8221; text_orientation=&#8221;justified&#8221; _builder_version=&#8221;3.2.2&#8243;] [\/et_pb_text][\/et_pb_column][et_pb_column type=&#8221;1_3&#8243;][et_pb_text admin_label=&#8221;Anm\u00e4lan inbjuden f\u00f6rel\u00e4sare &#8221; text_orientation=&#8221;justified&#8221; _builder_version=&#8221;3.0.72&#8243;] [\/et_pb_text][\/et_pb_column][\/et_pb_row][et_pb_row _builder_version=&#8221;3.0.47&#8243; background_size=&#8221;initial&#8221; background_position=&#8221;top_left&#8221; background_repeat=&#8221;repeat&#8221;][et_pb_column type=&#8221;4_4&#8243;][et_pb_post_title meta=&#8221;off&#8221; featured_image=&#8221;off&#8221; _builder_version=&#8221;3.0.72&#8243; parallax_method=&#8221;off&#8221; \/][et_pb_text admin_label=&#8221;Tabell&#8221; _builder_version=&#8221;3.0.72&#8243;] &nbsp; [\/et_pb_text][et_pb_text _builder_version=&#8221;3.0.72&#8243;] AVBOKNING Vid avbokning kontakta SOF:s [&hellip;]<\/p>\n","protected":false},"author":1,"featured_media":0,"parent":0,"menu_order":0,"comment_status":"closed","ping_status":"closed","template":"","meta":{"_et_pb_use_builder":"on","_et_pb_old_content":"","_et_gb_content_width":""},"_links":{"self":[{"href":"https:\/\/appsinmed.com\/ortopediveckan2018\/wp-json\/wp\/v2\/pages\/369"}],"collection":[{"href":"https:\/\/appsinmed.com\/ortopediveckan2018\/wp-json\/wp\/v2\/pages"}],"about":[{"href":"https:\/\/appsinmed.com\/ortopediveckan2018\/wp-json\/wp\/v2\/types\/page"}],"author":[{"embeddable":true,"href":"https:\/\/appsinmed.com\/ortopediveckan2018\/wp-json\/wp\/v2\/users\/1"}],"replies":[{"embeddable":true,"href":"https:\/\/appsinmed.com\/ortopediveckan2018\/wp-json\/wp\/v2\/comments?post=369"}],"version-history":[{"count":13,"href":"https:\/\/appsinmed.com\/ortopediveckan2018\/wp-json\/wp\/v2\/pages\/369\/revisions"}],"predecessor-version":[{"id":1224,"href":"https:\/\/appsinmed.com\/ortopediveckan2018\/wp-json\/wp\/v2\/pages\/369\/revisions\/1224"}],"wp:attachment":[{"href":"https:\/\/appsinmed.com\/ortopediveckan2018\/wp-json\/wp\/v2\/media?parent=369"}],"curies":[{"name":"wp","href":"https:\/\/api.w.org\/{rel}","templated":true}]}}