
{"id":361,"date":"2018-01-18T12:39:00","date_gmt":"2018-01-18T12:39:00","guid":{"rendered":"http:\/\/appsinmed.com\/sof2018\/?page_id=361"},"modified":"2018-07-06T07:13:16","modified_gmt":"2018-07-06T07:13:16","slug":"abstracts","status":"publish","type":"page","link":"https:\/\/appsinmed.com\/ortopediveckan2018\/abstracts\/","title":{"rendered":"Abstracts"},"content":{"rendered":"<p>[et_pb_section bb_built=&#8221;1&#8243; fullwidth=&#8221;off&#8221; specialty=&#8221;off&#8221; _builder_version=&#8221;3.0.72&#8243; next_background_color=&#8221;#000000&#8243;][et_pb_row][et_pb_column type=&#8221;4_4&#8243;][et_pb_post_title _builder_version=&#8221;3.0.72&#8243; title=&#8221;on&#8221; meta=&#8221;off&#8221; author=&#8221;on&#8221; date=&#8221;on&#8221; categories=&#8221;on&#8221; comments=&#8221;on&#8221; featured_image=&#8221;off&#8221; featured_placement=&#8221;below&#8221; parallax_method=&#8221;on&#8221; text_orientation=&#8221;left&#8221; text_color=&#8221;dark&#8221; text_background=&#8221;off&#8221; border_style=&#8221;solid&#8221; \/][et_pb_text _builder_version=&#8221;3.2.2&#8243;]<\/p>\n<h3><strong>Datum:<\/strong><\/h3>\n<p><span lang=\"EN-US\">1 mars 2018 &#8211; Call for abstracts<br \/>\n<u><\/u><\/span><span lang=\"EN-US\">1 maj 2018 &#8211; Deadline Abstract submission<br \/>\n<span style=\"color: #ff0000;\">15 maj 2018 &#8211; F\u00f6rl\u00e4ngd deadline Abstract submission<br \/>\n<\/span>15 juni 2018 &#8211; Meddelande om godk\u00e4nda abstracts<strong><span style=\"color: #ff0000;\"><br \/>\n<\/span><\/strong><u><\/u><\/span><\/p>\n<h3><strong>Instruktioner:<\/strong><\/h3>\n<ul>\n<li><span style=\"color: red; font-size: 14pt;\">The written language should be English. Accepted abstracts, as Oral or Poster, may be presented in Swedish.<\/span><\/li>\n<li>The abstract text should contain a maximum of 250 words.<\/li>\n<li>The abstract does not allow any attached images \/ tables.<br \/>\nIt is the author&#8217;s responsibility to submit a complete and correct abstract. Any errors in spelling, grammar or scientific facts will be published as written by the author.<\/li>\n<li>All correspondence regarding the abstract takes place with the submitting party who is responsible for information with the co-authors.<\/li>\n<\/ul>\n<h3><\/h3>\n<h3><strong>Beh\u00f6ver du hj\u00e4lp:<\/strong><\/h3>\n<p>Skicka ett mail till <a href=\"mailto:abstracts.sof2018@appinconf.com\">abstracts.sof2018@appinconf.com<\/a><\/p>\n<p>[\/et_pb_text][\/et_pb_column][\/et_pb_row][\/et_pb_section][et_pb_section bb_built=&#8221;1&#8243; fullwidth=&#8221;on&#8221; specialty=&#8221;off&#8221; prev_background_color=&#8221;#000000&#8243;][et_pb_fullwidth_image _builder_version=&#8221;3.0.72&#8243; src=&#8221;http:\/\/appsinmed.com\/sof2018\/wp-content\/uploads\/sites\/37\/2018\/01\/sof_wave_footer.png&#8221; show_in_lightbox=&#8221;off&#8221; url_new_window=&#8221;off&#8221; use_overlay=&#8221;off&#8221; border_style=&#8221;solid&#8221; saved_tabs=&#8221;all&#8221; global_module=&#8221;445&#8243; \/][\/et_pb_section]<\/p>\n","protected":false},"excerpt":{"rendered":"<p>[et_pb_section bb_built=&#8221;1&#8243; fullwidth=&#8221;off&#8221; specialty=&#8221;off&#8221; _builder_version=&#8221;3.0.72&#8243; next_background_color=&#8221;#000000&#8243;][et_pb_row][et_pb_column type=&#8221;4_4&#8243;][et_pb_post_title _builder_version=&#8221;3.0.72&#8243; title=&#8221;on&#8221; meta=&#8221;off&#8221; author=&#8221;on&#8221; date=&#8221;on&#8221; categories=&#8221;on&#8221; comments=&#8221;on&#8221; featured_image=&#8221;off&#8221; featured_placement=&#8221;below&#8221; parallax_method=&#8221;on&#8221; text_orientation=&#8221;left&#8221; text_color=&#8221;dark&#8221; text_background=&#8221;off&#8221; border_style=&#8221;solid&#8221; \/][et_pb_text _builder_version=&#8221;3.2.2&#8243;] Datum: 1 mars 2018 &#8211; Call for abstracts 1 maj 2018 &#8211; Deadline Abstract submission 15 maj 2018 &#8211; F\u00f6rl\u00e4ngd deadline Abstract submission 15 juni 2018 &#8211; Meddelande om godk\u00e4nda abstracts Instruktioner: [&hellip;]<\/p>\n","protected":false},"author":1,"featured_media":0,"parent":0,"menu_order":0,"comment_status":"closed","ping_status":"closed","template":"","meta":{"_et_pb_use_builder":"on","_et_pb_old_content":"","_et_gb_content_width":""},"_links":{"self":[{"href":"https:\/\/appsinmed.com\/ortopediveckan2018\/wp-json\/wp\/v2\/pages\/361"}],"collection":[{"href":"https:\/\/appsinmed.com\/ortopediveckan2018\/wp-json\/wp\/v2\/pages"}],"about":[{"href":"https:\/\/appsinmed.com\/ortopediveckan2018\/wp-json\/wp\/v2\/types\/page"}],"author":[{"embeddable":true,"href":"https:\/\/appsinmed.com\/ortopediveckan2018\/wp-json\/wp\/v2\/users\/1"}],"replies":[{"embeddable":true,"href":"https:\/\/appsinmed.com\/ortopediveckan2018\/wp-json\/wp\/v2\/comments?post=361"}],"version-history":[{"count":9,"href":"https:\/\/appsinmed.com\/ortopediveckan2018\/wp-json\/wp\/v2\/pages\/361\/revisions"}],"predecessor-version":[{"id":1280,"href":"https:\/\/appsinmed.com\/ortopediveckan2018\/wp-json\/wp\/v2\/pages\/361\/revisions\/1280"}],"wp:attachment":[{"href":"https:\/\/appsinmed.com\/ortopediveckan2018\/wp-json\/wp\/v2\/media?parent=361"}],"curies":[{"name":"wp","href":"https:\/\/api.w.org\/{rel}","templated":true}]}}