
{"id":264,"date":"2018-01-17T09:43:45","date_gmt":"2018-01-17T09:43:45","guid":{"rendered":"http:\/\/appsinmed.com\/sof2018\/?page_id=264"},"modified":"2018-08-31T11:21:41","modified_gmt":"2018-08-31T11:21:41","slug":"hem","status":"publish","type":"page","link":"https:\/\/appsinmed.com\/ortopediveckan2018\/","title":{"rendered":"Hem"},"content":{"rendered":"<p>[et_pb_section fb_built=&#8221;1&#8243; module_id=&#8221;countdown-holder&#8221; _builder_version=&#8221;3.0.72&#8243; background_image=&#8221;http:\/\/www.ortopediveckan.se\/wp-content\/uploads\/sites\/37\/2018\/01\/stenbron-1-1.jpg&#8221; custom_padding=&#8221;54px||180px||false|false&#8221; custom_css_main_element=&#8221;height: 500px;&#8221;][et_pb_row use_custom_width=&#8221;on&#8221; width_unit=&#8221;off&#8221; custom_width_percent=&#8221;60%&#8221; background_repeat_1=&#8221;no-repeat&#8221; _builder_version=&#8221;3.0.72&#8243;][et_pb_column type=&#8221;4_4&#8243; _builder_version=&#8221;3.0.47&#8243; parallax=&#8221;off&#8221; parallax_method=&#8221;on&#8221; background_repeat=&#8221;no-repeat&#8221;][et_pb_code _builder_version=&#8221;3.2.2&#8243;]&lt;div style=&quot;margin-left: auto; &lt;!&#8211; [et_pb_line_break_holder] &#8211;&gt;margin-right: auto; text-align: center; &lt;!&#8211; [et_pb_line_break_holder] &#8211;&gt;background-color: rgba(255,255,255,0.6);&lt;!&#8211; [et_pb_line_break_holder] &#8211;&gt; padding: 25px;&lt;!&#8211; [et_pb_line_break_holder] &#8211;&gt; -webkit-box-shadow: 0 4px 4px -2px #000000;&lt;!&#8211; [et_pb_line_break_holder] &#8211;&gt; -moz-box-shadow: 0 4px 4px -2px #000000;&lt;!&#8211; [et_pb_line_break_holder] &#8211;&gt; box-shadow: 0 15px 44px -1px #000000;&lt;!&#8211; [et_pb_line_break_holder] &#8211;&gt; width: 800px;&lt;!&#8211; [et_pb_line_break_holder] &#8211;&gt; max-width: 70%;&lt;!&#8211; [et_pb_line_break_holder] &#8211;&gt;border-radius: 25px;&quot;&gt;&lt;!&#8211; [et_pb_line_break_holder] &#8211;&gt;&lt;div style=&quot;text-align: center;&quot;&gt;&lt;!&#8211; [et_pb_line_break_holder] &#8211;&gt;&lt;img src=&quot;http:\/\/appsinmed.com\/sof2018\/wp-content\/uploads\/sites\/37\/2018\/01\/ortopedi-countdowntext1.png&quot; &lt;!&#8211; [et_pb_line_break_holder] &#8211;&gt;style=&quot;width: 660px; max-width: 99%;&quot;\/&gt;&lt;!&#8211; [et_pb_line_break_holder] &#8211;&gt;&lt;p&gt;&lt;\/p&gt;&lt;!&#8211; [et_pb_line_break_holder] &#8211;&gt;&lt;\/div&gt;&lt;!&#8211; [et_pb_line_break_holder] &#8211;&gt;&lt;\/div&gt;&lt;!&#8211; [et_pb_line_break_holder] &#8211;&gt;[\/et_pb_code][et_pb_countdown_timer date_time=&#8221;08\/27\/2018 07:00&#8243; module_id=&#8221;countdown&#8221; module_class=&#8221;custom-countdown-1&#8243; _builder_version=&#8221;3.0.72&#8243; header_font=&#8221;Arvo||||&#8221; header_text_color=&#8221;rgba(12,113,195,0.8)&#8221; header_font_size_tablet=&#8221;15&#8243; header_font_size_phone=&#8221;12&#8243; header_font_size_last_edited=&#8221;on|phone&#8221; header_line_height=&#8221;1.3em&#8221; numbers_font=&#8221;Arvo|on|||&#8221; numbers_text_color=&#8221;rgba(12,113,195,0.8)&#8221; numbers_font_size=&#8221;30px&#8221; numbers_font_size_tablet=&#8221;32px&#8221; numbers_font_size_phone=&#8221;22px&#8221; numbers_font_size_last_edited=&#8221;on|phone&#8221; numbers_letter_spacing=&#8221;1px&#8221; numbers_line_height=&#8221;16px&#8221; numbers_line_height_tablet=&#8221;0px&#8221; numbers_line_height_phone=&#8221;1px&#8221; numbers_line_height_last_edited=&#8221;on|phone&#8221; label_font=&#8221;|on|||&#8221; label_text_color=&#8221;rgba(12,113,195,0.8)&#8221; label_font_size=&#8221;11&#8243; label_font_size_last_edited=&#8221;on|tablet&#8221; label_line_height=&#8221;10px&#8221; label_line_height_tablet=&#8221;9px&#8221; label_line_height_phone=&#8221;2px&#8221; label_line_height_last_edited=&#8221;on|phone&#8221; use_background_color=&#8221;off&#8221; custom_margin=&#8221;20px|||&#8221; custom_css_main_element=&#8221;width: 550px; ||max-width: 60%;||margin-left: auto;||margin-right: auto;||text-align: center;&#8221; custom_css_container=&#8221;padding: 25px;&#8221;][\/et_pb_countdown_timer][\/et_pb_column][\/et_pb_row][\/et_pb_section][et_pb_section fb_built=&#8221;1&#8243; _builder_version=&#8221;3.0.47&#8243; custom_padding=&#8221;54px|0px|20px|0px|false|false&#8221;][et_pb_row _builder_version=&#8221;3.0.47&#8243; background_size=&#8221;initial&#8221; background_position=&#8221;top_left&#8221; background_repeat=&#8221;repeat&#8221;][et_pb_column type=&#8221;4_4&#8243; _builder_version=&#8221;3.0.47&#8243; parallax=&#8221;off&#8221; parallax_method=&#8221;on&#8221;][et_pb_video src=&#8221;https:\/\/www.youtube.com\/watch?v=oIiD3yJx50Y&#8221; _builder_version=&#8221;3.0.72&#8243;][\/et_pb_video][\/et_pb_column][\/et_pb_row][et_pb_row _builder_version=&#8221;3.0.47&#8243; background_size=&#8221;initial&#8221; background_position=&#8221;top_left&#8221; background_repeat=&#8221;repeat&#8221;][et_pb_column type=&#8221;1_3&#8243; _builder_version=&#8221;3.0.47&#8243; parallax=&#8221;off&#8221; parallax_method=&#8221;on&#8221;][et_pb_video src=&#8221;https:\/\/youtu.be\/EdvbANTFmvE&#8221; _builder_version=&#8221;3.2.2&#8243;][\/et_pb_video][\/et_pb_column][et_pb_column type=&#8221;1_3&#8243; _builder_version=&#8221;3.0.47&#8243; parallax=&#8221;off&#8221; parallax_method=&#8221;on&#8221;][et_pb_video src=&#8221;https:\/\/youtu.be\/MZsDKk9sbWY&#8221; _builder_version=&#8221;3.2.2&#8243;][\/et_pb_video][\/et_pb_column][et_pb_column type=&#8221;1_3&#8243; _builder_version=&#8221;3.0.47&#8243; parallax=&#8221;off&#8221; parallax_method=&#8221;on&#8221;][et_pb_video src=&#8221;https:\/\/www.youtube.com\/watch?v=ShDCljFHcPQ&#8221; _builder_version=&#8221;3.12.1&#8243;][\/et_pb_video][\/et_pb_column][\/et_pb_row][et_pb_row _builder_version=&#8221;3.0.47&#8243; background_size=&#8221;initial&#8221; background_position=&#8221;top_left&#8221; background_repeat=&#8221;repeat&#8221;][et_pb_column type=&#8221;1_3&#8243; _builder_version=&#8221;3.0.47&#8243; parallax=&#8221;off&#8221; parallax_method=&#8221;on&#8221;][et_pb_video src=&#8221;https:\/\/www.youtube.com\/watch?v=SDHndjHvHjQ&#8221; _builder_version=&#8221;3.12.1&#8243;][\/et_pb_video][\/et_pb_column][et_pb_column type=&#8221;1_3&#8243; _builder_version=&#8221;3.0.47&#8243; parallax=&#8221;off&#8221; parallax_method=&#8221;on&#8221;][et_pb_video src=&#8221;https:\/\/www.youtube.com\/watch?v=pY1Zwlv1o94&#8243; _builder_version=&#8221;3.12.1&#8243;][\/et_pb_video][\/et_pb_column][et_pb_column type=&#8221;1_3&#8243; _builder_version=&#8221;3.0.47&#8243; parallax=&#8221;off&#8221; parallax_method=&#8221;on&#8221;][et_pb_video src=&#8221;https:\/\/www.youtube.com\/watch?v=uLTB4LucUqA&#8221; _builder_version=&#8221;3.12.1&#8243;][\/et_pb_video][\/et_pb_column][\/et_pb_row][et_pb_row _builder_version=&#8221;3.0.72&#8243;][et_pb_column type=&#8221;4_4&#8243; _builder_version=&#8221;3.0.47&#8243; parallax=&#8221;off&#8221; parallax_method=&#8221;on&#8221;][et_pb_text _builder_version=&#8221;3.0.74&#8243;]<\/p>\n<p style=\"text-align: center\"><span class=\"header\" style=\"font-size: 15pt\">SENASTE NYTT<\/span><\/p>\n<p>[\/et_pb_text][et_pb_text _builder_version=&#8221;3.0.74&#8243;]<\/p>\n<p>\u00a0180831:<\/p>\n<p>Ortopediveckan 2018 \u00e4r avslutad. Vi vill tacka alla bes\u00f6kare och utst\u00e4llare f\u00f6r att ni har hj\u00e4lpt till att g\u00f6ra den h\u00e4r veckan till det den blev. Vi har haft otroligt roligt med er och vi hoppas att ni har haft en bra vecka och att ni tar med er m\u00e5nga positiva minnen och erfarenheter hem.<\/p>\n<p>Stort tack fr\u00e5n oss i arrang\u00f6rsgruppen! P\u00e5 \u00e5terseende i Norrk\u00f6ping p\u00e5 Ortopediveckan 2019!<\/p>\n<p>&nbsp;<\/p>\n<p>&#8212;&#8212;&#8212;&#8212;&#8212;&#8212;&#8212;&#8212;&#8212;&#8212;&#8212;&#8212;&#8212;&#8212;&#8212;&#8212;&#8212;&#8212;&#8212;&#8212;&#8212;&#8212;&#8212;&#8212;&#8212;&#8212;&#8212;&#8212;&#8212;&#8212;&#8212;&#8211;<\/p>\n<p>&nbsp;<\/p>\n<p>180824:<\/p>\n<p>Vi har nu st\u00e4ngt anm\u00e4lningssidan till \u00e5rets Ortopedivecka. Det \u00e4r fulltecknat och Karlstad CCC rymmer inte fler bes\u00f6kare \u00e4n de som redan \u00e4r anm\u00e4lda. Ut\u00f6ver det s\u00e5 finns inga lediga hotellrum kvar i Karlstad n\u00e4sta vecka. Ett synnerligen angen\u00e4mt bekymmer! Vi \u00e4r otroligt glada att s\u00e5 m\u00e5nga kommer till Karlstad!<\/p>\n<p>&nbsp;<\/p>\n<p style=\"text-align: center\">&#8212;&#8212;&#8212;&#8212;&#8212;&#8212;&#8212;&#8212;&#8212;&#8212;&#8212;&#8212;&#8212;&#8212;&#8212;&#8212;&#8212;&#8212;&#8212;&#8212;&#8212;&#8212;&#8212;&#8212;&#8212;&#8212;&#8212;&#8212;&#8212;&#8212;&#8212;&#8211;<\/p>\n<p>&nbsp;<\/p>\n<p>Vi har f\u00e5tt flera fr\u00e5gor om f\u00f6rel\u00e4sningen &#8220;Vill du verkligen bli ortoped?&#8221; med Victoria Warkander som var planerad till torsdag f\u00f6rmiddag. Tyv\u00e4rr m\u00e5ste vi meddela att den f\u00f6rel\u00e4sningen utg\u00e5r eftersom Victoria Warkander kommer att befinna sig i Hong Kong p\u00e5 kurs med L\u00e4kare Utan Gr\u00e4nser som har bett om hennes hj\u00e4lp. Vi har d\u00e4remot sett till att Victoria Warkander kommer att h\u00e5lla sin f\u00f6rel\u00e4sning p\u00e5 Ortopediveckan 2019 i Norrk\u00f6ping ist\u00e4llet. Redan nu en anledning att planera in det m\u00f6tet allts\u00e5!<\/p>\n<p>[\/et_pb_text][\/et_pb_column][\/et_pb_row][et_pb_row _builder_version=&#8221;3.0.72&#8243;][et_pb_column type=&#8221;4_4&#8243; _builder_version=&#8221;3.0.47&#8243; parallax=&#8221;off&#8221; parallax_method=&#8221;on&#8221;][et_pb_text _builder_version=&#8221;3.0.74&#8243;]<\/p>\n<p style=\"text-align: center\"><span class=\"header\" style=\"font-size: 15pt\">SOF 2018 &#8211; ORTOPEDI I FRAMTIDEN<\/span><\/p>\n<p>[\/et_pb_text][et_pb_text _builder_version=&#8221;3.0.74&#8243;] Nu har turen \u00e5ter kommit till V\u00e4rmland att anordna \u00e5rets stora kongress. Ortopediveckan 2018 serverar dig ett brett program vi hoppas du skall finna stimulerande oavsett niv\u00e5 eller inriktning. Det \u00e4r \u00e5terigen ett stort m\u00f6te d\u00e4r vi v\u00e4lkomnar sjuksk\u00f6terskor, v\u00e5rdadministrat\u00f6rer, fysioterapeuter, arbetsterapeuter, med flera genom riktade f\u00f6rel\u00e4sningar i det vetenskapliga programmet d\u00e4r flera av sessionerna v\u00e4nder sig gr\u00e4ns\u00f6verskridande till olika kategorier deltagare inom ortopedin.<\/p>\n<p>I \u00e5r g\u00f6r vi \u00e4ven en tydlig satsning p\u00e5 v\u00e5ra yngre kollegor d\u00e4r du som ST-l\u00e4kare eller nybliven specialist skall k\u00e4nna dig lite extra v\u00e4lkommen. Genom ortopedexamen, kurser som uppfyller delm\u00e5l i ST och med handfasta, praktiskt inriktade kurser vill vi understryka denna ambition. Med nya programinslag som bilddiagnostik och e-h\u00e4lsa vill vi po\u00e4ngtera att m\u00f6tet ligger i tiden samtidigt som den kliniska unders\u00f6kningen f\u00e5r ett stort utrymme. Veckan ger \u00e4ven stora m\u00f6jligheter att knyta kontakter med b\u00e5de svenska och utl\u00e4ndska f\u00f6rel\u00e4sare och deltagare, b\u00e5de under vetenskaplig programtid men \u00e4ven under kv\u00e4llstid d\u00e4r ett rikt socialt program st\u00e5r till buds. Get together, bankett och andra trevligheter v\u00e4ntar p\u00e5 dig d\u00e4r vi tillsammans g\u00f6r veckan till en trevlig och minnesv\u00e4rd tid i Solas och ortopedins tecken.<\/p>\n<p><strong>Varmt v\u00e4lkommen till Karlstad v35!<\/strong><\/p>\n<p>Markus Lundmark, M\u00f6tesgeneral Ortopediveckan 2018 [\/et_pb_text][\/et_pb_column][\/et_pb_row][\/et_pb_section][et_pb_section fb_built=&#8221;1&#8243; disabled_on=&#8221;on|on|on&#8221; _builder_version=&#8221;3.0.72&#8243; disabled=&#8221;on&#8221;][et_pb_row _builder_version=&#8221;3.0.72&#8243;][et_pb_column type=&#8221;4_4&#8243; _builder_version=&#8221;3.0.47&#8243; parallax=&#8221;off&#8221; parallax_method=&#8221;on&#8221;][et_pb_text _builder_version=&#8221;3.0.74&#8243;]<\/p>\n<p style=\"text-align: center\"><span class=\"header\" style=\"font-size: 15pt\"> ORTOPEDIVECKAN 2018 <\/span><\/p>\n<p>[\/et_pb_text][\/et_pb_column][\/et_pb_row][et_pb_row _builder_version=&#8221;3.0.47&#8243; background_size=&#8221;initial&#8221; background_position=&#8221;top_left&#8221; background_repeat=&#8221;repeat&#8221;][et_pb_column type=&#8221;1_3&#8243; _builder_version=&#8221;3.0.47&#8243; parallax=&#8221;off&#8221; parallax_method=&#8221;on&#8221;][et_pb_text _builder_version=&#8221;3.0.74&#8243;]<\/p>\n<h3><strong>TEMA\u00a0<span class=\"il\">SOF<\/span>\u00a02018 \u2013 Ortopedi i framtiden<\/strong><\/h3>\n<p>I \u00e5r har vi \u00e5terigen ett STORT m\u00f6te med specialprogram f\u00f6r sjuksk\u00f6terskor, operationssk\u00f6terskor, medicinska sekreterare och fysioterapeuter<\/p>\n<p>V\u00e4lkommen till Karlstad<\/p>\n<p><em>M\u00f6tesgeneral Markus Lundmark<\/em> [\/et_pb_text][\/et_pb_column][et_pb_column type=&#8221;2_3&#8243; _builder_version=&#8221;3.0.47&#8243; parallax=&#8221;off&#8221; parallax_method=&#8221;on&#8221;][et_pb_text _builder_version=&#8221;3.0.74&#8243;][\/et_pb_text][\/et_pb_column][\/et_pb_row][\/et_pb_section][et_pb_section fb_built=&#8221;1&#8243; _builder_version=&#8221;3.0.74&#8243; background_color=&#8221;#236ab3&#8243; custom_padding=&#8221;0px|0px|0px|0px&#8221;][et_pb_row custom_padding=&#8221;0px|0px|0px|0px&#8221; _builder_version=&#8221;3.0.47&#8243; background_size=&#8221;initial&#8221; background_position=&#8221;top_left&#8221; background_repeat=&#8221;repeat&#8221;][et_pb_column type=&#8221;4_4&#8243; _builder_version=&#8221;3.0.47&#8243; parallax=&#8221;off&#8221; parallax_method=&#8221;on&#8221;][et_pb_text _builder_version=&#8221;3.0.72&#8243; text_orientation=&#8221;center&#8221; background_layout=&#8221;dark&#8221; module_alignment=&#8221;center&#8221;]<\/p>\n<h2><strong style=\"line-height: 1.2\">Instagram<\/strong><\/h2>\n<p>[\/et_pb_text][\/et_pb_column][\/et_pb_row][\/et_pb_section][et_pb_section fb_built=&#8221;1&#8243; disabled_on=&#8221;off|off|off&#8221; _builder_version=&#8221;3.0.72&#8243;][et_pb_row _builder_version=&#8221;3.0.47&#8243; background_size=&#8221;initial&#8221; background_position=&#8221;top_left&#8221; background_repeat=&#8221;repeat&#8221;][et_pb_column type=&#8221;4_4&#8243; _builder_version=&#8221;3.0.47&#8243; parallax=&#8221;off&#8221; parallax_method=&#8221;on&#8221;][et_pb_text disabled_on=&#8221;on|on|on&#8221; admin_label=&#8221;Instagram follow&#8221; _builder_version=&#8221;3.0.87&#8243; border_style=&#8221;solid&#8221; disabled=&#8221;on&#8221;]         <div id=\"sbi_mod_error\" >\r\n            <span>This error message is only visible to WordPress admins<\/span><br \/>\r\n            <p><b>Error: No connected account.<\/b>\r\n            <p>Please go to the Instagram Feed settings page to connect an account.<\/p>\r\n        <\/div>\r\n\t\t [\/et_pb_text][et_pb_text admin_label=&#8221;Instagram #ortopediveckan2018&#8243; _builder_version=&#8221;3.0.87&#8243; border_style=&#8221;solid&#8221;]         <div id=\"sbi_mod_error\" >\r\n            <span>This error message is only visible to WordPress admins<\/span><br \/>\r\n            <p><b>Error: No connected account.<\/b>\r\n            <p>Please go to the Instagram Feed settings page to connect an account.<\/p>\r\n        <\/div>\r\n\t\t [\/et_pb_text][\/et_pb_column][\/et_pb_row][\/et_pb_section][et_pb_section fb_built=&#8221;1&#8243; fullwidth=&#8221;on&#8221; _builder_version=&#8221;3.0.47&#8243;][et_pb_fullwidth_image src=&#8221;\/wp-content\/uploads\/sites\/37\/2018\/01\/sof_wave_high_res.png&#8221; _builder_version=&#8221;3.2.2&#8243; border_style=&#8221;solid&#8221; global_module=&#8221;445&#8243; saved_tabs=&#8221;all&#8221;][\/et_pb_fullwidth_image][\/et_pb_section]<\/p>\n","protected":false},"excerpt":{"rendered":"<p>[et_pb_section fb_built=&#8221;1&#8243; module_id=&#8221;countdown-holder&#8221; _builder_version=&#8221;3.0.72&#8243; background_image=&#8221;http:\/\/www.ortopediveckan.se\/wp-content\/uploads\/sites\/37\/2018\/01\/stenbron-1-1.jpg&#8221; custom_padding=&#8221;54px||180px||false|false&#8221; custom_css_main_element=&#8221;height: 500px;&#8221;][et_pb_row use_custom_width=&#8221;on&#8221; width_unit=&#8221;off&#8221; custom_width_percent=&#8221;60%&#8221; background_repeat_1=&#8221;no-repeat&#8221; _builder_version=&#8221;3.0.72&#8243;][et_pb_column type=&#8221;4_4&#8243; _builder_version=&#8221;3.0.47&#8243; parallax=&#8221;off&#8221; parallax_method=&#8221;on&#8221; background_repeat=&#8221;no-repeat&#8221;][et_pb_code _builder_version=&#8221;3.2.2&#8243;]&lt;div style=&quot;margin-left: auto; &lt;!&#8211; [et_pb_line_break_holder] &#8211;&gt;margin-right: auto; text-align: center; &lt;!&#8211; [et_pb_line_break_holder] &#8211;&gt;background-color: rgba(255,255,255,0.6);&lt;!&#8211; [et_pb_line_break_holder] &#8211;&gt; padding: 25px;&lt;!&#8211; [et_pb_line_break_holder] &#8211;&gt; -webkit-box-shadow: 0 4px 4px -2px #000000;&lt;!&#8211; [et_pb_line_break_holder] &#8211;&gt; -moz-box-shadow: 0 4px 4px -2px #000000;&lt;!&#8211; [et_pb_line_break_holder] &#8211;&gt; box-shadow: 0 [&hellip;]<\/p>\n","protected":false},"author":1,"featured_media":0,"parent":0,"menu_order":0,"comment_status":"closed","ping_status":"closed","template":"","meta":{"_et_pb_use_builder":"on","_et_pb_old_content":"","_et_gb_content_width":""},"_links":{"self":[{"href":"https:\/\/appsinmed.com\/ortopediveckan2018\/wp-json\/wp\/v2\/pages\/264"}],"collection":[{"href":"https:\/\/appsinmed.com\/ortopediveckan2018\/wp-json\/wp\/v2\/pages"}],"about":[{"href":"https:\/\/appsinmed.com\/ortopediveckan2018\/wp-json\/wp\/v2\/types\/page"}],"author":[{"embeddable":true,"href":"https:\/\/appsinmed.com\/ortopediveckan2018\/wp-json\/wp\/v2\/users\/1"}],"replies":[{"embeddable":true,"href":"https:\/\/appsinmed.com\/ortopediveckan2018\/wp-json\/wp\/v2\/comments?post=264"}],"version-history":[{"count":94,"href":"https:\/\/appsinmed.com\/ortopediveckan2018\/wp-json\/wp\/v2\/pages\/264\/revisions"}],"predecessor-version":[{"id":1403,"href":"https:\/\/appsinmed.com\/ortopediveckan2018\/wp-json\/wp\/v2\/pages\/264\/revisions\/1403"}],"wp:attachment":[{"href":"https:\/\/appsinmed.com\/ortopediveckan2018\/wp-json\/wp\/v2\/media?parent=264"}],"curies":[{"name":"wp","href":"https:\/\/api.w.org\/{rel}","templated":true}]}}