
{"id":1265,"date":"2018-07-04T11:50:24","date_gmt":"2018-07-04T11:50:24","guid":{"rendered":"http:\/\/www.ortopediveckan.se\/?page_id=1265"},"modified":"2018-08-27T07:08:16","modified_gmt":"2018-08-27T07:08:16","slug":"anmalda-utstallare","status":"publish","type":"page","link":"https:\/\/appsinmed.com\/ortopediveckan2018\/utstallning-sponsorskap\/anmalda-utstallare\/","title":{"rendered":"Anm\u00e4lda utst\u00e4llare"},"content":{"rendered":"<p>[et_pb_section bb_built=&#8221;1&#8243; fullwidth=&#8221;off&#8221; specialty=&#8221;off&#8221;][et_pb_row][et_pb_column type=&#8221;4_4&#8243;][et_pb_text admin_label=&#8221;Anm\u00e4lda utst\u00e4llare&#8221; _builder_version=&#8221;3.2.2&#8243; border_style=&#8221;solid&#8221;]<\/p>\n<h3 style=\"text-align: center;\"><span style=\"font-size: 24pt;\">Anm\u00e4lda utst\u00e4llare<\/span><\/h3>\n<p>[\/et_pb_text][\/et_pb_column][\/et_pb_row][et_pb_row][et_pb_column type=&#8221;1_2&#8243;][et_pb_text admin_label=&#8221;Utst\u00e4llare&#8221; _builder_version=&#8221;3.12.1&#8243; custom_padding=&#8221;|||120px&#8221; custom_padding_tablet=&#8221;|||0px&#8221; custom_padding_last_edited=&#8221;on|phone&#8221;]<\/p>\n<p><a href=\"http:\/\/www.abigo.se\" target=\"_blank\" rel=\"noopener\">ABIGO Medical<\/a><br \/>\n<a href=\"http:\/\/www.aktivortopedteknik.se\" target=\"_blank\" rel=\"noopener\">Aktivortopedteknik<\/a><br \/>\n<a href=\"http:\/\/www.anatomica.se\/\" target=\"_blank\" rel=\"noopener\">Anatomica<\/a><br \/>\n<a href=\"http:\/\/www.arthrex.com\" target=\"_blank\" rel=\"noopener\">Arthrex Sverige<\/a><br \/>\n<a href=\"http:\/\/bendent.se\" target=\"_blank\" rel=\"noopener\">Bendent<\/a><br \/>\n<a href=\"http:\/\/www.bkultrasound.com\" target=\"_blank\" rel=\"noopener\">BK Ultrasound<\/a><br \/>\n<a href=\"http:\/\/www.bonesupport.com\" target=\"_blank\" rel=\"noopener\">BONESUPPORT \/ ImplantScan <\/a><br \/>\n<a href=\"http:\/\/camp.se\" target=\"_blank\" rel=\"noopener\">Camp Scandinavia<\/a><br \/>\n<a href=\"http:\/\/www.conmed.com\" target=\"_blank\" rel=\"noopener\">ConMed<\/a><br \/>\n<a href=\"http:\/\/www.convatec.se\" target=\"_blank\" rel=\"noopener\">ConvaTec<\/a><br \/>\n<a href=\"http:\/\/www.depuysynthes.com\" target=\"_blank\" rel=\"noopener\">DePuy Synthes<\/a><br \/>\n<a href=\"http:\/\/www.DJOglobal.se\" target=\"_blank\" rel=\"noopener\">DJO Nordic<\/a><br \/>\n<a href=\"http:\/\/www.ortopedi.se\/index1.asp?siteid=2&amp;pageid=21&amp;s1id=7\" target=\"_blank\" rel=\"noopener\">Epiphysen <\/a><br \/>\n<a href=\"http:\/\/www.epsurf.com\" target=\"_blank\" rel=\"noopener\">Episurf Medical<\/a><br \/>\n<a href=\"http:\/\/www.erimed.se\" target=\"_blank\" rel=\"noopener\">Erimed International <\/a><br \/>\n<a href=\"http:\/\/www.forsvarsmakten.se\/medicinalrekrytering\" target=\"_blank\" rel=\"noopener\">F\u00f6rsvarsmakten<\/a><br \/>\nF\u00f6rs\u00e4kringskassan<br \/>\n<a href=\"http:\/\/Grunenthal.com \" target=\"_blank\" rel=\"noopener\">Gr\u00fcnenthal<\/a><br \/>\nGSK<br \/>\n<a href=\"http:\/\/www.heraeus-medical.com\" target=\"_blank\" rel=\"noopener\">Heraeus Medical <\/a><br \/>\n<a href=\"http:\/\/www.im-medico.se\" target=\"_blank\" rel=\"noopener\">IM Medico<\/a><br \/>\n<a href=\"http:\/\/www.intervnordic.com\" target=\"_blank\" rel=\"noopener\">InterVene &amp; Nova Life Medical <\/a><br \/>\n<a href=\"http:\/\/www.irradia.se\" target=\"_blank\" rel=\"noopener\">Irradia &#8211; medicinsk laser<\/a><br \/>\n<a href=\"http:\/\/www.jhinova.se\" target=\"_blank\" rel=\"noopener\">JHInova<\/a><br \/>\n<a href=\"http:\/\/jointacademy.com\" target=\"_blank\" rel=\"noopener\">Joint Academy<\/a><br \/>\n<a href=\"http:\/\/klaveness.se\" target=\"_blank\" rel=\"noopener\">Klaveness Footwear<\/a><br \/>\n<a href=\"http:\/\/www.linksweden.se\" target=\"_blank\" rel=\"noopener\">LINK SWEDEN<\/a><br \/>\n<a href=\"http:\/\/www.lakarjouren.se\" target=\"_blank\" rel=\"noopener\">L\u00e4karjouren<\/a><br \/>\n<a href=\"http:\/\/materialise.com\" target=\"_blank\" rel=\"noopener\">Materialise<\/a><\/p>\n<p>[\/et_pb_text][\/et_pb_column][et_pb_column type=&#8221;1_2&#8243;][et_pb_text admin_label=&#8221;Utst\u00e4llare&#8221; _builder_version=&#8221;3.2.2&#8243; custom_padding=&#8221;|||90px&#8221; custom_padding_tablet=&#8221;|||0px&#8221; custom_padding_last_edited=&#8221;on|phone&#8221;]<\/p>\n<p><a href=\"http:\/\/www.mediq.se\" target=\"_blank\" rel=\"noopener\">MEDIQ<\/a><br \/>\n<a href=\"http:\/\/www.molnlycke.se\" target=\"_blank\" rel=\"noopener\">M\u00f6lnlycke<\/a><br \/>\n<a href=\"http:\/\/www.neovitalis.dk\" target=\"_blank\" rel=\"noopener\">Neovitalis Aps<\/a><br \/>\n<a href=\"http:\/\/nordicare.se\/\" target=\"_blank\" rel=\"noopener\">NordiCare<\/a><br \/>\n<a href=\"http:\/\/novortex.com\" target=\"_blank\" rel=\"noopener\">Novortex<\/a><br \/>\n<a href=\"http:\/\/www.ccc.se\" target=\"_blank\" rel=\"noopener\">Octopus Limedic<\/a><br \/>\n<a href=\"http:\/\/www.ortotech.com\" target=\"_blank\" rel=\"noopener\">Ortotech<\/a><br \/>\n<a href=\"http:\/\/www.ottobock.se\" target=\"_blank\" rel=\"noopener\">Ottobock<\/a><br \/>\n<a href=\"http:\/\/www.preciis.se\" target=\"_blank\" rel=\"noopener\">PRECIIS<\/a><br \/>\nRegion \u00d6stergotland<br \/>\n<a href=\"http:\/\/www.rsabiomedical.com\" target=\"_blank\" rel=\"noopener\">RSA Biomedical<\/a><br \/>\n<a href=\"http:\/\/www.sanofi.se\" target=\"_blank\" rel=\"noopener\">Sanofi<\/a><br \/>\n<a href=\"http:\/\/www.airamb.se\" target=\"_blank\" rel=\"noopener\">Scandinavian AirAmbulance<\/a><br \/>\n<a href=\"http:\/\/sectra.com\/medical\/solutionarea\/orthopaedics\/\" target=\"_blank\" rel=\"noopener\">Sectra<\/a><br \/>\n<a href=\"http:\/\/www.smith-nephew.com\" target=\"_blank\" rel=\"noopener\">Smith &amp; Nephew<\/a><br \/>\n<a href=\"http:\/\/www.sobi.com\" target=\"_blank\" rel=\"noopener\">Sobi<\/a><br \/>\n<a href=\"http:\/\/www.steripolar.se\" target=\"_blank\" rel=\"noopener\">Steripolar<\/a><br \/>\n<a href=\"http:\/\/www.stille.se\" target=\"_blank\" rel=\"noopener\">Stille<\/a><br \/>\n<a href=\"http:\/\/www.stryker.com\" target=\"_blank\" rel=\"noopener\">Stryker AB<\/a><br \/>\n<a href=\"http:\/\/studentlitteratur.se\" target=\"_blank\" rel=\"noopener\">Studentlitteratur<\/a><br \/>\n<a href=\"http:\/\/www.swemac.com\" target=\"_blank\" rel=\"noopener\">Swemac Orthopaedics<\/a><br \/>\n<a href=\"http:\/\/www.swemac.com\" target=\"_blank\" rel=\"noopener\">Swemac Vision<\/a><br \/>\n<a href=\"http:\/\/www.swemacimaging.com\" target=\"_blank\" rel=\"noopener\">Swemacimaging<\/a><br \/>\n<a href=\"http:\/\/www.virtamed.com\" target=\"_blank\" rel=\"noopener\">VirtaMed<\/a><br \/>\n<a href=\"http:\/\/vavnad.se\" target=\"_blank\" rel=\"noopener\">VOG-Ben<\/a><br \/>\n<a href=\"http:\/\/www.ovid.com\" target=\"_blank\" rel=\"noopener\">Wolters Kluwer | Ovid<\/a><br \/>\n<a href=\"http:\/\/www.zimmerbiomet.com\" target=\"_blank\" rel=\"noopener\">Zimmer Biomet<\/a><br \/>\n<a href=\"http:\/\/www.ossur.se\" target=\"_blank\" rel=\"noopener\">\u00d6ssur Nordic<\/a><\/p>\n<p>[\/et_pb_text][\/et_pb_column][\/et_pb_row][\/et_pb_section]<\/p>\n","protected":false},"excerpt":{"rendered":"<p>[et_pb_section bb_built=&#8221;1&#8243; fullwidth=&#8221;off&#8221; specialty=&#8221;off&#8221;][et_pb_row][et_pb_column type=&#8221;4_4&#8243;][et_pb_text admin_label=&#8221;Anm\u00e4lda utst\u00e4llare&#8221; _builder_version=&#8221;3.2.2&#8243; border_style=&#8221;solid&#8221;] Anm\u00e4lda utst\u00e4llare [\/et_pb_text][\/et_pb_column][\/et_pb_row][et_pb_row][et_pb_column type=&#8221;1_2&#8243;][et_pb_text admin_label=&#8221;Utst\u00e4llare&#8221; _builder_version=&#8221;3.12.1&#8243; custom_padding=&#8221;|||120px&#8221; custom_padding_tablet=&#8221;|||0px&#8221; custom_padding_last_edited=&#8221;on|phone&#8221;] ABIGO Medical Aktivortopedteknik Anatomica Arthrex Sverige Bendent BK Ultrasound BONESUPPORT \/ ImplantScan Camp Scandinavia ConMed ConvaTec DePuy Synthes DJO Nordic Epiphysen Episurf Medical Erimed International F\u00f6rsvarsmakten F\u00f6rs\u00e4kringskassan Gr\u00fcnenthal GSK Heraeus Medical IM Medico InterVene &amp; Nova Life [&hellip;]<\/p>\n","protected":false},"author":1,"featured_media":0,"parent":1131,"menu_order":0,"comment_status":"closed","ping_status":"closed","template":"","meta":{"_et_pb_use_builder":"on","_et_pb_old_content":"","_et_gb_content_width":""},"_links":{"self":[{"href":"https:\/\/appsinmed.com\/ortopediveckan2018\/wp-json\/wp\/v2\/pages\/1265"}],"collection":[{"href":"https:\/\/appsinmed.com\/ortopediveckan2018\/wp-json\/wp\/v2\/pages"}],"about":[{"href":"https:\/\/appsinmed.com\/ortopediveckan2018\/wp-json\/wp\/v2\/types\/page"}],"author":[{"embeddable":true,"href":"https:\/\/appsinmed.com\/ortopediveckan2018\/wp-json\/wp\/v2\/users\/1"}],"replies":[{"embeddable":true,"href":"https:\/\/appsinmed.com\/ortopediveckan2018\/wp-json\/wp\/v2\/comments?post=1265"}],"version-history":[{"count":6,"href":"https:\/\/appsinmed.com\/ortopediveckan2018\/wp-json\/wp\/v2\/pages\/1265\/revisions"}],"predecessor-version":[{"id":1275,"href":"https:\/\/appsinmed.com\/ortopediveckan2018\/wp-json\/wp\/v2\/pages\/1265\/revisions\/1275"}],"up":[{"embeddable":true,"href":"https:\/\/appsinmed.com\/ortopediveckan2018\/wp-json\/wp\/v2\/pages\/1131"}],"wp:attachment":[{"href":"https:\/\/appsinmed.com\/ortopediveckan2018\/wp-json\/wp\/v2\/media?parent=1265"}],"curies":[{"name":"wp","href":"https:\/\/api.w.org\/{rel}","templated":true}]}}