
{"id":1007,"date":"2018-03-21T14:01:11","date_gmt":"2018-03-21T14:01:11","guid":{"rendered":"http:\/\/www.ortopediveckan.se\/?page_id=1007"},"modified":"2018-08-21T12:25:33","modified_gmt":"2018-08-21T12:25:33","slug":"skador-och-infektiosa-tillstand-i-rorelseapparaten-hos-barn","status":"publish","type":"page","link":"https:\/\/appsinmed.com\/ortopediveckan2018\/kurser\/skador-och-infektiosa-tillstand-i-rorelseapparaten-hos-barn\/","title":{"rendered":"Skador och infekti\u00f6sa tillst\u00e5nd i r\u00f6relseapparaten hos barn"},"content":{"rendered":"<p>[et_pb_section fb_built=&#8221;1&#8243; _builder_version=&#8221;3.0.47&#8243;][et_pb_row _builder_version=&#8221;3.0.47&#8243; background_size=&#8221;initial&#8221; background_position=&#8221;top_left&#8221; background_repeat=&#8221;repeat&#8221;][et_pb_column type=&#8221;4_4&#8243; _builder_version=&#8221;3.0.47&#8243; parallax=&#8221;off&#8221; parallax_method=&#8221;on&#8221;][et_pb_post_title meta=&#8221;off&#8221; featured_image=&#8221;off&#8221; _builder_version=&#8221;3.0.74&#8243; title_font_size=&#8221;35px&#8221;][\/et_pb_post_title][et_pb_text _builder_version=&#8221;3.0.74&#8243;]<\/p>\n<p><strong style=\"font-size: 14px\">Titel:<\/strong><\/p>\n<p>Skador och infekti\u00f6sa tillst\u00e5nd i r\u00f6relseapparaten hos barn<\/p>\n<p><strong>Delm\u00e5l:<\/strong><\/p>\n<p>Del av delm\u00e5l c5.<\/p>\n<p><strong>Omfattning:<\/strong><\/p>\n<p>4+3,5 timmar<\/p>\n<p><strong>Tid:<\/strong>\u00a0<\/p>\n<p>Instruktionskursen \u201dExtremitetsfrakturer hos barn\u201d.<strong>\u00a0<\/strong>Tisdag 28\/8, kl 08.00\u201312.00<\/p>\n<p>Sessionerna &#8220;Barnortopediska infektioner&#8221; och &#8220;Sm\u00e4rtlindring barn&#8221;. Onsdag 29\/8, kl 13:00-15:00<\/p>\n<p>Svensk barnortopedisk f\u00f6renings f\u00f6rel\u00e4sning &#8220;Det svullna barnkn\u00e4t&#8221;. Fredag 31\/8, kl 10:15-11:45<\/p>\n<p><strong style=\"font-size: 14px\">Inneh\u00e5ll:<\/strong><\/p>\n<p>Extremitetsfrakturer hos barn i teori och praktik. F\u00f6rel\u00e4sningar om olika \u00f6vre och nedre extremitetsfrakturer hos barn. Fokus f\u00f6r kursen ligger p\u00e5 det praktiskt kirurgiska samt tips och tricks att ta med dig hem och applicera i din kliniska vardag.<\/p>\n<p>I samarbete med DePuySynthes erbjuder kursen \u00e4ven workshop i form av elastisk intramedull\u00e4r spik (TEN).<\/p>\n<p>&#8220;Barnortopediska infektioner&#8221;<em>\u00a0<\/em>och &#8220;Sm\u00e4rtlindring hos barn&#8221; samt\u00a0&#8220;Det svullna barnkn\u00e4t&#8221; avhandlas i separata sessioner onsdag 28\/9 respektive 31\/8 och kompletterar kursen.<\/p>\n<p>Vi v\u00e4nder oss med denna kurs i f\u00f6rsta hand till ST-l\u00e4kare och nyblivna specialister, men inneh\u00e5llet passar \u00e4ven utm\u00e4rkt f\u00f6r mer erfarna kollegor som vill uppdatera sina kunskaper i barnfrakturkirurgi.<\/p>\n<p>ST-l\u00e4kare erh\u00e5ller med denna kurs i kombination med deltagande i ovan beskrivna sessionerna &#8220;Barnortopediska infektioner&#8221;, &#8220;Sm\u00e4rtlindring hos barn&#8221; samt f\u00f6rel\u00e4sningen &#8220;Det svullna barnkn\u00e4t&#8221; ett intyg f\u00f6r del av delm\u00e5l c5.<\/p>\n<p><strong>Pris:<\/strong><\/p>\n<p>750 kr exkl moms<\/p>\n<p><strong>Kurssponsor:<\/strong><\/p>\n<p>DePuySynthes<\/p>\n<p>[\/et_pb_text][\/et_pb_column][\/et_pb_row][\/et_pb_section][et_pb_section fb_built=&#8221;1&#8243; fullwidth=&#8221;on&#8221; _builder_version=&#8221;3.0.47&#8243;][et_pb_fullwidth_image src=&#8221;\/wp-content\/uploads\/sites\/37\/2018\/01\/sof_wave_high_res.png&#8221; _builder_version=&#8221;3.2.2&#8243; global_module=&#8221;445&#8243; saved_tabs=&#8221;all&#8221;][\/et_pb_fullwidth_image][\/et_pb_section]<\/p>\n","protected":false},"excerpt":{"rendered":"<p>[et_pb_section fb_built=&#8221;1&#8243; _builder_version=&#8221;3.0.47&#8243;][et_pb_row _builder_version=&#8221;3.0.47&#8243; background_size=&#8221;initial&#8221; background_position=&#8221;top_left&#8221; background_repeat=&#8221;repeat&#8221;][et_pb_column type=&#8221;4_4&#8243; _builder_version=&#8221;3.0.47&#8243; parallax=&#8221;off&#8221; parallax_method=&#8221;on&#8221;][et_pb_post_title meta=&#8221;off&#8221; featured_image=&#8221;off&#8221; _builder_version=&#8221;3.0.74&#8243; title_font_size=&#8221;35px&#8221;][\/et_pb_post_title][et_pb_text _builder_version=&#8221;3.0.74&#8243;] Titel: Skador och infekti\u00f6sa tillst\u00e5nd i r\u00f6relseapparaten hos barn Delm\u00e5l: Del av delm\u00e5l c5. Omfattning: 4+3,5 timmar Tid:\u00a0 Instruktionskursen \u201dExtremitetsfrakturer hos barn\u201d.\u00a0Tisdag 28\/8, kl 08.00\u201312.00 Sessionerna &#8220;Barnortopediska infektioner&#8221; och &#8220;Sm\u00e4rtlindring barn&#8221;. Onsdag 29\/8, kl 13:00-15:00 Svensk barnortopedisk f\u00f6renings f\u00f6rel\u00e4sning [&hellip;]<\/p>\n","protected":false},"author":1,"featured_media":0,"parent":724,"menu_order":0,"comment_status":"closed","ping_status":"closed","template":"","meta":{"_et_pb_use_builder":"on","_et_pb_old_content":"","_et_gb_content_width":""},"_links":{"self":[{"href":"https:\/\/appsinmed.com\/ortopediveckan2018\/wp-json\/wp\/v2\/pages\/1007"}],"collection":[{"href":"https:\/\/appsinmed.com\/ortopediveckan2018\/wp-json\/wp\/v2\/pages"}],"about":[{"href":"https:\/\/appsinmed.com\/ortopediveckan2018\/wp-json\/wp\/v2\/types\/page"}],"author":[{"embeddable":true,"href":"https:\/\/appsinmed.com\/ortopediveckan2018\/wp-json\/wp\/v2\/users\/1"}],"replies":[{"embeddable":true,"href":"https:\/\/appsinmed.com\/ortopediveckan2018\/wp-json\/wp\/v2\/comments?post=1007"}],"version-history":[{"count":9,"href":"https:\/\/appsinmed.com\/ortopediveckan2018\/wp-json\/wp\/v2\/pages\/1007\/revisions"}],"predecessor-version":[{"id":1353,"href":"https:\/\/appsinmed.com\/ortopediveckan2018\/wp-json\/wp\/v2\/pages\/1007\/revisions\/1353"}],"up":[{"embeddable":true,"href":"https:\/\/appsinmed.com\/ortopediveckan2018\/wp-json\/wp\/v2\/pages\/724"}],"wp:attachment":[{"href":"https:\/\/appsinmed.com\/ortopediveckan2018\/wp-json\/wp\/v2\/media?parent=1007"}],"curies":[{"name":"wp","href":"https:\/\/api.w.org\/{rel}","templated":true}]}}