
{"id":1004,"date":"2018-03-21T13:59:33","date_gmt":"2018-03-21T13:59:33","guid":{"rendered":"http:\/\/www.ortopediveckan.se\/?page_id=1004"},"modified":"2018-03-22T13:40:41","modified_gmt":"2018-03-22T13:40:41","slug":"patientsakerhet-for-st-lakare","status":"publish","type":"page","link":"https:\/\/appsinmed.com\/ortopediveckan2018\/kurser\/patientsakerhet-for-st-lakare\/","title":{"rendered":"Patients\u00e4kerhet f\u00f6r ST-l\u00e4kare"},"content":{"rendered":"<p>[et_pb_section fb_built=&#8221;1&#8243; _builder_version=&#8221;3.0.47&#8243;][et_pb_row _builder_version=&#8221;3.0.47&#8243; background_size=&#8221;initial&#8221; background_position=&#8221;top_left&#8221; background_repeat=&#8221;repeat&#8221;][et_pb_column type=&#8221;4_4&#8243; _builder_version=&#8221;3.0.47&#8243; parallax=&#8221;off&#8221; parallax_method=&#8221;on&#8221;][et_pb_post_title meta=&#8221;off&#8221; featured_image=&#8221;off&#8221; _builder_version=&#8221;3.0.72&#8243; title_font_size=&#8221;35px&#8221;][\/et_pb_post_title][et_pb_text _builder_version=&#8221;3.0.72&#8243;]<\/p>\n<p><strong>Titel:<\/strong><\/p>\n<p>Patients\u00e4kerhet f\u00f6r ST-l\u00e4kare<\/p>\n<p><strong>Delm\u00e5l:<\/strong><\/p>\n<p>Delar av delm\u00e5l a3, a4, och c13.<\/p>\n<p><strong>Omfattning:<\/strong><\/p>\n<p>8 timmar<\/p>\n<p><strong>T<span style=\"font-size: 14px\">id<\/span><\/strong><span style=\"background-color: #ffffff;font-size: 14px\"><strong>:<\/strong>\u00a0<\/span><\/p>\n<p><span style=\"font-size: 14px\">Kurs &#8220;Patients\u00e4kerhet f\u00f6r ST-l\u00e4kare&#8221;. Tisdag 28\/8 kl 08.00\u201312.00 och 13:00\u201317.00. (Se Vetenskapligt program f\u00f6r detaljer.)<\/span><\/p>\n<p><span style=\"font-size: 14px\"><strong>Ansvarig:<\/strong><\/span><\/p>\n<p><span style=\"font-size: 14px\">Kursansvarig:\u00a0Pelle Gustafson, chefl\u00e4kare, L\u00f6f, Stockholm<\/span><\/p>\n<p><span style=\"font-size: 14px\">F\u00f6rel\u00e4sare:\u00a0Per Wiger, chefl\u00e4kare, VG-regionen, Alings\u00e5s<\/span><\/p>\n<p><strong style=\"font-size: 14px\">Inneh\u00e5ll:<\/strong><\/p>\n<p>Svensk Ortopedisk F\u00f6rening och L\u00f6f (Landstingens \u00d6msesidiga F\u00f6rs\u00e4kringsbolag) anordnar en SK-kurs i patients\u00e4kerhet under Ortopediveckan i Karlstad. Under kursen kommer \u00e4mnet patients\u00e4kerhet att avhandlas brett i form av teori och diskussioner runt faktiska h\u00e4ndelser.<\/p>\n<p>ST-l\u00e4kare i ortopedi har f\u00f6retr\u00e4de, men kursinneh\u00e5llet \u00e4r \u00e4ven av intresse f\u00f6r ST-l\u00e4kare i andra specialiteter och andra professioner som arbetar med patients\u00e4kerhet. Max antal kursdeltagare \u00e4r 16 stycken. Kursen uppfyller teoretiska delar av delm\u00e5l a3, a4, och c13 enligt nya f\u00f6reskrifterna SOSFS 2015:8, eller teoretiska delar av delm\u00e5l 14, 15, 17 och 20 enligt de gamla f\u00f6reskrifterna SOSFS 2008:17. Anm\u00e4lan beh\u00f6vs.<\/p>\n<p><strong>Pris:<\/strong><\/p>\n<p>750 :- exkl moms<\/p>\n<p>[\/et_pb_text][\/et_pb_column][\/et_pb_row][\/et_pb_section][et_pb_section fb_built=&#8221;1&#8243; fullwidth=&#8221;on&#8221; _builder_version=&#8221;3.0.47&#8243;][et_pb_fullwidth_image src=&#8221;http:\/\/www.ortopediveckan.se\/wp-content\/uploads\/sites\/37\/2018\/01\/sof_wave_high_res.png&#8221; _builder_version=&#8221;3.0.72&#8243; global_module=&#8221;445&#8243; saved_tabs=&#8221;all&#8221;][\/et_pb_fullwidth_image][\/et_pb_section]<\/p>\n","protected":false},"excerpt":{"rendered":"<p>[et_pb_section fb_built=&#8221;1&#8243; _builder_version=&#8221;3.0.47&#8243;][et_pb_row _builder_version=&#8221;3.0.47&#8243; background_size=&#8221;initial&#8221; background_position=&#8221;top_left&#8221; background_repeat=&#8221;repeat&#8221;][et_pb_column type=&#8221;4_4&#8243; _builder_version=&#8221;3.0.47&#8243; parallax=&#8221;off&#8221; parallax_method=&#8221;on&#8221;][et_pb_post_title meta=&#8221;off&#8221; featured_image=&#8221;off&#8221; _builder_version=&#8221;3.0.72&#8243; title_font_size=&#8221;35px&#8221;][\/et_pb_post_title][et_pb_text _builder_version=&#8221;3.0.72&#8243;] Titel: Patients\u00e4kerhet f\u00f6r ST-l\u00e4kare Delm\u00e5l: Delar av delm\u00e5l a3, a4, och c13. Omfattning: 8 timmar Tid:\u00a0 Kurs &#8220;Patients\u00e4kerhet f\u00f6r ST-l\u00e4kare&#8221;. Tisdag 28\/8 kl 08.00\u201312.00 och 13:00\u201317.00. (Se Vetenskapligt program f\u00f6r detaljer.) Ansvarig: Kursansvarig:\u00a0Pelle Gustafson, chefl\u00e4kare, L\u00f6f, Stockholm F\u00f6rel\u00e4sare:\u00a0Per Wiger, [&hellip;]<\/p>\n","protected":false},"author":1,"featured_media":0,"parent":724,"menu_order":0,"comment_status":"closed","ping_status":"closed","template":"","meta":{"_et_pb_use_builder":"on","_et_pb_old_content":"","_et_gb_content_width":""},"_links":{"self":[{"href":"https:\/\/appsinmed.com\/ortopediveckan2018\/wp-json\/wp\/v2\/pages\/1004"}],"collection":[{"href":"https:\/\/appsinmed.com\/ortopediveckan2018\/wp-json\/wp\/v2\/pages"}],"about":[{"href":"https:\/\/appsinmed.com\/ortopediveckan2018\/wp-json\/wp\/v2\/types\/page"}],"author":[{"embeddable":true,"href":"https:\/\/appsinmed.com\/ortopediveckan2018\/wp-json\/wp\/v2\/users\/1"}],"replies":[{"embeddable":true,"href":"https:\/\/appsinmed.com\/ortopediveckan2018\/wp-json\/wp\/v2\/comments?post=1004"}],"version-history":[{"count":4,"href":"https:\/\/appsinmed.com\/ortopediveckan2018\/wp-json\/wp\/v2\/pages\/1004\/revisions"}],"predecessor-version":[{"id":1112,"href":"https:\/\/appsinmed.com\/ortopediveckan2018\/wp-json\/wp\/v2\/pages\/1004\/revisions\/1112"}],"up":[{"embeddable":true,"href":"https:\/\/appsinmed.com\/ortopediveckan2018\/wp-json\/wp\/v2\/pages\/724"}],"wp:attachment":[{"href":"https:\/\/appsinmed.com\/ortopediveckan2018\/wp-json\/wp\/v2\/media?parent=1004"}],"curies":[{"name":"wp","href":"https:\/\/api.w.org\/{rel}","templated":true}]}}